{"id":2662,"date":"2024-11-11T10:24:59","date_gmt":"2024-11-11T10:24:59","guid":{"rendered":"https:\/\/sinkwithfaucet.com\/?post_type=product&#038;p=2662"},"modified":"2024-11-11T10:24:59","modified_gmt":"2024-11-11T10:24:59","slug":"single-hole-kitchen-sink-faucet-1203","status":"publish","type":"product","link":"https:\/\/sinkwithfaucet.com\/hu\/single-hole-kitchen-sink-faucet-1203\/","title":{"rendered":"Egyny\u00edl\u00e1s\u00fa mosogat\u00f3csaptelep 1203"},"content":{"rendered":"<p data-sourcepos=\"1:1-1:198\">Az egyny\u00edl\u00e1s\u00fa mosogat\u00f3csaptelep a modern konyh\u00e1k n\u00e9pszer\u0171 v\u00e1laszt\u00e1sa, mivel eleg\u00e1ns \u00e9s minimalista kialak\u00edt\u00e1s\u00fa. \u00dagy tervezt\u00e9k, hogy egyetlen lyukba illeszkedjen a munkalapon, \u00edgy a beszerel\u00e9s gyerekj\u00e1t\u00e9k.<\/p>\n<h2 data-sourcepos=\"3:1-3:48\">Az egylyuk\u00fa konyhai mosogat\u00f3csaptelepek f\u0151 jellemz\u0151i:<\/h2>\n<ul data-sourcepos=\"5:1-10:0\">\n<li data-sourcepos=\"5:1-5:81\"><strong>Eleg\u00e1ns kialak\u00edt\u00e1s:<\/strong> Az egylyuk\u00fa kialak\u00edt\u00e1s letisztult \u00e9s modern megjelen\u00e9st biztos\u00edt.<\/li>\n<li data-sourcepos=\"6:1-6:66\"><strong>Egyszer\u0171 telep\u00edt\u00e9s:<\/strong> Egyszer\u0171en telep\u00edthet\u0151, k\u00fcl\u00f6n\u00f6sen bark\u00e1csol\u00f3k sz\u00e1m\u00e1ra.<\/li>\n<li data-sourcepos=\"7:1-7:119\"><strong>St\u00edlusok sokf\u00e9les\u00e9ge:<\/strong> K\u00fcl\u00f6nb\u00f6z\u0151 st\u00edlusokban kaphat\u00f3, a modernt\u0151l a hagyom\u00e1nyosig, hogy megfeleljen a k\u00fcl\u00f6nb\u00f6z\u0151 konyhai eszt\u00e9tik\u00e1nak.<\/li>\n<li data-sourcepos=\"8:1-8:111\"><strong>Tart\u00f3ss\u00e1g:<\/strong> Kiv\u00e1l\u00f3 min\u0151s\u00e9g\u0171 anyagokb\u00f3l, p\u00e9ld\u00e1ul s\u00e1rgar\u00e9zb\u0151l \u00e9s rozsdamentes ac\u00e9lb\u00f3l k\u00e9sz\u00fclt a hossz\u00fa \u00e9lettartam \u00e9rdek\u00e9ben.<\/li>\n<li data-sourcepos=\"9:1-10:0\"><strong>K\u00f6nny\u0171 karbantart\u00e1s:<\/strong> Egyszer\u0171en tiszt\u00edthat\u00f3 \u00e9s karbantarthat\u00f3.<\/li>\n<\/ul>\n<h2 data-sourcepos=\"11:1-11:41\">T\u00edpusai egylyuk\u00fa konyhai mosogat\u00f3 csaptelepek:<\/h2>\n<ul data-sourcepos=\"13:1-16:0\">\n<li data-sourcepos=\"13:1-13:108\"><strong>Egykaros csaptelepek:<\/strong> A v\u00edzh\u0151m\u00e9rs\u00e9klet \u00e9s az \u00e1raml\u00e1si sebess\u00e9g egyszer\u0171 szab\u00e1lyoz\u00e1sa egyetlen karral.<\/li>\n<li data-sourcepos=\"14:1-14:106\"><strong>H\u00fazhat\u00f3 csaptelepek:<\/strong> Rugalmas kifoly\u00f3cs\u0151vel rendelkezik, amely leh\u00fazhat\u00f3 a tov\u00e1bbi el\u00e9r\u00e9s \u00e9s sokoldal\u00fas\u00e1g \u00e9rdek\u00e9ben.<\/li>\n<li data-sourcepos=\"15:1-16:0\"><strong>\u00c9rint\u00e9s n\u00e9lk\u00fcli csaptelepek:<\/strong> K\u00e9z n\u00e9lk\u00fcli m\u0171k\u00f6dtet\u00e9s a jobb higi\u00e9nia \u00e9rdek\u00e9ben.<\/li>\n<\/ul>\n<h2 data-sourcepos=\"17:1-17:59\">Az egyny\u00edl\u00e1s\u00fa csaptelep kiv\u00e1laszt\u00e1sakor figyelembe veend\u0151 t\u00e9nyez\u0151k:<\/h2>\n<ul data-sourcepos=\"19:1-23:0\">\n<li data-sourcepos=\"19:1-19:114\"><strong>Ki\u00f6nt\u0151 magass\u00e1ga:<\/strong> Gy\u0151z\u0151dj\u00f6n meg arr\u00f3l, hogy a kifoly\u00f3cs\u0151 magass\u00e1ga megfelel a mosogat\u00f3 m\u00e9lys\u00e9g\u00e9nek \u00e9s az \u00d6n \u00e1ltal haszn\u00e1lt ed\u00e9nyek m\u00e9ret\u00e9nek.<\/li>\n<li data-sourcepos=\"20:1-20:116\"><strong>Befejez\u00e9s:<\/strong> V\u00e1lasszon a konyh\u00e1ja st\u00edlus\u00e1hoz ill\u0151 kivitelez\u00e9st, p\u00e9ld\u00e1ul kr\u00f3mot, csiszolt nikkelt vagy matt feket\u00e9t.<\/li>\n<li data-sourcepos=\"21:1-21:78\"><strong>V\u00edznyom\u00e1s:<\/strong> Gy\u0151z\u0151dj\u00f6n meg r\u00f3la, hogy a csaptelep k\u00e9pes kezelni az otthoni v\u00edznyom\u00e1st.<\/li>\n<li data-sourcepos=\"22:1-23:0\"><strong>Telep\u00edt\u00e9s:<\/strong> Vegye figyelembe a telep\u00edt\u00e9si m\u00f3dszert \u00e9s a sz\u00fcks\u00e9ges v\u00edzvezet\u00e9k-csatlakoz\u00e1sokat.<\/li>\n<\/ul>\n<p data-sourcepos=\"24:1-24:147\">Ha gondosan m\u00e9rlegeli ezeket a t\u00e9nyez\u0151ket, olyan egyny\u00edl\u00e1s\u00fa konyhai csaptelepet v\u00e1laszthat, amely fokozza konyh\u00e1ja funkcionalit\u00e1s\u00e1t \u00e9s st\u00edlus\u00e1t egyar\u00e1nt.<\/p>","protected":false},"excerpt":{"rendered":"<table style=\"height: 407px;\" width=\"704\">\n<tbody>\n<tr>\n<td width=\"808\">1 Csaptelep m\u00e9retei Teljes m\u00e9ret<\/td>\n<td width=\"1177\">380*225mm<\/td>\n<\/tr>\n<tr>\n<td width=\"808\">2 Csaptelep nett\u00f3 s\u00falya<\/td>\n<td width=\"1177\">2kg<\/td>\n<\/tr>\n<tr>\n<td width=\"808\">3 csaptelep dobozos brutt\u00f3 s\u00faly<\/td>\n<td width=\"1177\">2.5kgs<\/td>\n<\/tr>\n<tr>\n<td width=\"808\">4 doboz m\u00e9rete<\/td>\n<td width=\"1177\">54*32*26mm<\/td>\n<\/tr>\n<tr>\n<td width=\"808\">5 Csomagol\u00e1s<\/td>\n<td width=\"1177\">4DB\/CTN;10DB\/CTN;12DB\/CTN<\/td>\n<\/tr>\n<tr>\n<td width=\"808\">6 Bemeneti t\u00f6ml\u0151 hossza<\/td>\n<td width=\"1177\">60mm<\/td>\n<\/tr>\n<tr>\n<td width=\"808\">7 V\u00edzvezet\u00e9k anya m\u00e9rete<\/td>\n<td width=\"1177\">3\/8\u2033 vagy 1\/2\u2033 vagy 9\/16\u2033<\/td>\n<\/tr>\n<tr>\n<td width=\"808\">8 Szerel\u0151ny\u00edl\u00e1s v\u00e1gott m\u00e9rete<\/td>\n<td width=\"1177\">35mm<\/td>\n<\/tr>\n<tr>\n<td width=\"808\">9 Csaptelep anyagok<\/td>\n<td width=\"1177\">\u00d3lommentes pr\u00e9mium 304 America Standard rozsdamentes<br \/>\nac\u00e9l<\/td>\n<\/tr>\n<\/tbody>\n<\/table>","protected":false},"featured_media":2663,"template":"","meta":[],"product_brand":[],"product_cat":[57],"product_tag":[],"class_list":{"0":"post-2662","1":"product","2":"type-product","3":"status-publish","4":"has-post-thumbnail","6":"product_cat-stainless-steel-faucet","8":"first","9":"instock","10":"shipping-taxable","11":"product-type-simple"},"_links":{"self":[{"href":"https:\/\/sinkwithfaucet.com\/hu\/wp-json\/wp\/v2\/product\/2662","targetHints":{"allow":["GET"]}}],"collection":[{"href":"https:\/\/sinkwithfaucet.com\/hu\/wp-json\/wp\/v2\/product"}],"about":[{"href":"https:\/\/sinkwithfaucet.com\/hu\/wp-json\/wp\/v2\/types\/product"}],"wp:featuredmedia":[{"embeddable":true,"href":"https:\/\/sinkwithfaucet.com\/hu\/wp-json\/wp\/v2\/media\/2663"}],"wp:attachment":[{"href":"https:\/\/sinkwithfaucet.com\/hu\/wp-json\/wp\/v2\/media?parent=2662"}],"wp:term":[{"taxonomy":"product_brand","embeddable":true,"href":"https:\/\/sinkwithfaucet.com\/hu\/wp-json\/wp\/v2\/product_brand?post=2662"},{"taxonomy":"product_cat","embeddable":true,"href":"https:\/\/sinkwithfaucet.com\/hu\/wp-json\/wp\/v2\/product_cat?post=2662"},{"taxonomy":"product_tag","embeddable":true,"href":"https:\/\/sinkwithfaucet.com\/hu\/wp-json\/wp\/v2\/product_tag?post=2662"}],"curies":[{"name":"wp","href":"https:\/\/api.w.org\/{rel}","templated":true}]}}