{"id":2660,"date":"2024-11-11T10:19:02","date_gmt":"2024-11-11T10:19:02","guid":{"rendered":"https:\/\/sinkwithfaucet.com\/?post_type=product&#038;p=2660"},"modified":"2024-12-27T03:10:06","modified_gmt":"2024-12-27T03:10:06","slug":"single-handle-pull-out-sprayer-kitchen-faucet","status":"publish","type":"product","link":"https:\/\/sinkwithfaucet.com\/hu\/single-handle-pull-out-sprayer-kitchen-faucet\/","title":{"rendered":"Egyfoganty\u00fas kih\u00fazhat\u00f3 konyhai csaptelep 1107"},"content":{"rendered":"<h2 class=\"a-size-base-plus a-text-bold\"><strong>Az egykar\u00fa kih\u00fazhat\u00f3 konyhai csaptelepr\u0151l<\/strong><\/h2>\n<ul class=\"a-unordered-list a-vertical a-spacing-mini\">\n<li class=\"a-spacing-mini\"><span class=\"a-list-item\"><strong>HOSSZ\u00da \u00c9LETTARTAM\u00da \u00c9S TART\u00d3S: <\/strong>Ez a kih\u00fazhat\u00f3 konyhai csaptelep kiv\u00e1l\u00f3 min\u0151s\u00e9g\u0171 rozsdamentes ac\u00e9lb\u00f3l k\u00e9sz\u00fclt, szil\u00e1rd szerkezet\u0171, \u00e9s a fel\u00fclet magas h\u0151m\u00e9rs\u00e9klet\u0171 s\u00fct\u0151fest\u00e9k-technol\u00f3gi\u00e1t alkalmaz, amely kop\u00e1s\u00e1ll\u00f3 \u00e9s tart\u00f3s, nem k\u00f6nny\u0171 rozsd\u00e1sodni \u00e9s fakulni, \u00e9s hossz\u00fa ideig haszn\u00e1lhat\u00f3.<\/span><\/li>\n<li class=\"a-spacing-mini\"><span class=\"a-list-item\"><strong>KETT\u0150S KI\u00d6NT\u0150 \u00dcZEMM\u00d3D: <\/strong>A konyhai mosogat\u00f3 csaptelep kett\u0151s kifoly\u00f3 funkci\u00f3val is fel van szerelve, amely k\u00f6nnyen \u00e1tkapcsolhat\u00f3 a norm\u00e1l v\u00edzoszlop \u00e9s az er\u0151teljes zuhanyoz\u00e1si lehet\u0151s\u00e9gek k\u00f6z\u00f6tt, hogy megfeleljen a k\u00fcl\u00f6nb\u00f6z\u0151 ig\u00e9nyeknek.<\/span><\/li>\n<li class=\"a-spacing-mini\"><span class=\"a-list-item\"><strong>H\u0150M\u00c9RS\u00c9KLET BE\u00c1LL\u00cdT\u00c1SA: <\/strong>A <a href=\"https:\/\/kitchensink.us\/stainless-steel-kitchen-faucet\/\" target=\"_blank\" rel=\"noopener\">mosogat\u00f3 csaptelep<\/a> h\u0151m\u00e9rs\u00e9klet-be\u00e1ll\u00edt\u00f3 funkci\u00f3val is fel van szerelve, \u00edgy tetsz\u00e9s szerint be\u00e1ll\u00edthatja a k\u00edv\u00e1nt h\u0151m\u00e9rs\u00e9kletet, megsp\u00f3rolva ezzel a hideg \u00e9s meleg v\u00edz k\u00e9zi kever\u00e9s\u00e9nek gondj\u00e1t.<\/span><\/li>\n<li class=\"a-spacing-mini\"><span class=\"a-list-item\"><strong>360 FOKOS FORG\u00c1S: <\/strong>A 360 fokos forg\u00e1si funkci\u00f3 teljes mozg\u00e1startom\u00e1nyt \u00e9s rugalmass\u00e1got tesz lehet\u0151v\u00e9, \u00edgy a v\u00edz\u00e1ram rugalmasan el\u00e9ri a mosogat\u00f3 minden sark\u00e1t, \u00e9s b\u0151s\u00e9ges helyet biztos\u00edt az ed\u00e9nyek \u00e9s t\u00e1lak tiszt\u00edt\u00e1s\u00e1hoz.<\/span><\/li>\n<li class=\"a-spacing-mini\"><span class=\"a-list-item\"><strong>KIV\u00c1L\u00d3 MIN\u0150S\u00c9G\u0170 F\u00daV\u00d3KA: <\/strong>A puha b\u0151rhabos\u00edt\u00f3 nemcsak a v\u00edzfoly\u00e1st teszi habban gazdagg\u00e1, puh\u00e1v\u00e1 \u00e9s nem fr\u00f6ccsen\u0151v\u00e9, k\u00e9nyelmes tapint\u00e1s\u00fav\u00e1, hanem a szennyez\u0151d\u00e9seket is megsz\u0171ri, \u00e9s seg\u00edt a v\u00edz megtakar\u00edt\u00e1s\u00e1ban a mindennapi \u00e9letben.<\/span><\/li>\n<\/ul>\n<p>&nbsp;<\/p>\n<h2><strong>T\u00edpusai Pull Out konyhai csaptelepek<\/strong><\/h2>\n<ul>\n<li><strong>Egyfoganty\u00fas:<\/strong><\/li>\n<\/ul>\n<p>A leggyakoribb t\u00edpus.Egyetlen karral rendelkezik, amely a v\u00edz h\u0151m\u00e9rs\u00e9klet\u00e9t \u00e9s \u00e1raml\u00e1s\u00e1t is szab\u00e1lyozza.  K\u00f6nny\u0171 \u00e9s intuit\u00edv m\u0171k\u00f6d\u00e9st biztos\u00edt.<\/p>\n<ul>\n<li><strong>Professzion\u00e1lis st\u00edlus:<\/strong><\/li>\n<\/ul>\n<p>Gyakran magas \u00edv\u0171 kifoly\u00f3cs\u0151vel rendelkeznek, hogy a csaptelep alatt jobban elf\u00e9rjenek.  Jellemz\u0151en er\u0151teljes sz\u00f3r\u00e1ssal \u00e9s tart\u00f3s konstrukci\u00f3val rendelkeznek, ez\u00e9rt n\u00e9pszer\u0171ek a szak\u00e1csok \u00e9s a komoly otthoni szak\u00e1csok k\u00f6r\u00e9ben.<\/p>\n<ul>\n<li><strong>S\u00falyozott:<\/strong><\/li>\n<\/ul>\n<p>A sz\u00f3r\u00f3fej t\u00f6v\u00e9be \u00e9p\u00edtsen be egy s\u00falyt, hogy seg\u00edtse a z\u00f6kken\u0151mentes visszah\u00faz\u00f3d\u00e1st \u00e9s megakad\u00e1lyozza a l\u00f3g\u00e1st.Ez eleg\u00e1nsabb \u00e9s felhaszn\u00e1l\u00f3bar\u00e1tabb \u00e9lm\u00e9nyt biztos\u00edt.<\/p>\n<ul>\n<li><strong>Tavaszi t\u00f6lt\u00e9s\u0171:<\/strong><\/li>\n<\/ul>\n<p>Haszn\u00e1lja a rug\u00f3s mechanizmust a sz\u00f3r\u00f3fej gyors \u00e9s k\u00f6nnyed visszah\u00faz\u00e1s\u00e1hoz.  Ezzel id\u0151t \u00e9s energi\u00e1t takar\u00edthat meg a haszn\u00e1lat sor\u00e1n.<\/p>\n<p>&nbsp;<\/p>\n<h2 data-sourcepos=\"16:1-16:57\"><strong>T\u00e9nyez\u0151ket kell figyelembe venni, amikor kiv\u00e1lasztja a Single Handle Pull Out Sprayer konyhai csaptelep<\/strong><\/h2>\n<ul data-sourcepos=\"18:1-22:0\">\n<li data-sourcepos=\"18:1-18:114\"><strong>Ki\u00f6nt\u0151 magass\u00e1ga:<\/strong>\u00a0Gy\u0151z\u0151dj\u00f6n meg arr\u00f3l, hogy a kifoly\u00f3cs\u0151 magass\u00e1ga megfelel a mosogat\u00f3 m\u00e9lys\u00e9g\u00e9nek \u00e9s az \u00d6n \u00e1ltal haszn\u00e1lt ed\u00e9nyek m\u00e9ret\u00e9nek.<\/li>\n<li data-sourcepos=\"19:1-19:116\"><strong>Befejez\u00e9s:<\/strong>\u00a0V\u00e1lasszon a konyh\u00e1ja st\u00edlus\u00e1hoz ill\u0151 kivitelez\u00e9st, p\u00e9ld\u00e1ul kr\u00f3mot, csiszolt nikkelt vagy mattfeket\u00e9t.<\/li>\n<li data-sourcepos=\"20:1-20:91\"><strong>Telep\u00edt\u00e9s:<\/strong>\u00a0Vegye figyelembe a telep\u00edt\u00e9si m\u00f3dszert \u00e9s a sz\u00fcks\u00e9ges v\u00edzvezet\u00e9k-csatlakoz\u00e1sokat.<\/li>\n<li data-sourcepos=\"21:1-22:0\"><strong>V\u00edznyom\u00e1s:<\/strong>\u00a0Gy\u0151z\u0151dj\u00f6n meg r\u00f3la, hogy a csaptelep k\u00e9pes kezelni az otthoni v\u00edznyom\u00e1st.<\/li>\n<\/ul>\n<p>&nbsp;<\/p>\n<h2><strong>A kih\u00fazhat\u00f3 konyhai csaptelep jellemz\u0151i \u00e9s el\u0151nyei<\/strong><\/h2>\n<ul>\n<li>Egyfuratos be\u00e9p\u00edt\u00e9s - 1,75\" maxim\u00e1lis fed\u00e9lzetvastags\u00e1g<\/li>\n<li>ADA-kompatibilis - Egykaros foganty\u00fa teszi egyszer\u0171v\u00e9 a vez\u00e9rl\u00e9st<\/li>\n<li>F\u00fcgg\u0151leges foganty\u00fa kialak\u00edt\u00e1sa a f\u0151testhez, 90\u00b0-kal el\u0151refel\u00e9 forgathat\u00f3, lehet\u0151v\u00e9 t\u00e9ve a sz\u0171k helyeken val\u00f3 m\u0171k\u00f6d\u00e9st, h\u00e1ts\u00f3 csaptelepekkel egy\u00fctt<\/li>\n<li>Kett\u0151s funkci\u00f3j\u00fa sz\u00f3r\u00f3fej - 1,8 GPM v\u00edz\u00e1ram v\u00e1ltakozik az er\u0151teljes sz\u00f3r\u00e1s \u00e9s a leveg\u0151ztetett \u00e1raml\u00e1s k\u00f6z\u00f6tt: T\u00f6k\u00e9letes er\u0151teljes s\u00farol\u00e1shoz, k\u00edm\u00e9letes \u00f6bl\u00edt\u00e9shez \u00e9s ed\u00e9nyt\u00f6lt\u00e9shez.<\/li>\n<li>\u00d3lommentes CALGreen Kaliforniai szabv\u00e1nynak megfelel\u0151 tart\u00f3s s\u00e1rgar\u00e9z konstrukci\u00f3<\/li>\n<li>A 360\u00b0-os p\u00f6rg\u0151 kifoly\u00f3cs\u0151 z\u00f6kken\u0151mentesen tartja a lefel\u00e9 h\u00faz\u00e1st<\/li>\n<li>A magas \u00edv\u0171 kifoly\u00f3cs\u0151 kialak\u00edt\u00e1sa b\u0151s\u00e9ges helyet biztos\u00edt az ed\u00e9nyek t\u00f6lt\u00e9s\u00e9hez \u00e9s a nagyobb ed\u00e9nyek tiszt\u00edt\u00e1s\u00e1hoz<\/li>\n<li>Ker\u00e1mia patron - a legmagasabb min\u0151s\u00e9g\u0171 \"cseppmentes\" precizit\u00e1s<\/li>\n<li>Nagy hat\u00e9konys\u00e1g\u00fa leveg\u0151ztet\u0151, gyeng\u00e9d, fr\u00f6ccsen\u00e9smentes v\u00edzsug\u00e1rz\u00e1st biztos\u00edt<\/li>\n<li>A kih\u00fazhat\u00f3, kih\u00fazhat\u00f3 sz\u00f3r\u00f3fej 60\" nylon fonott t\u00f6ml\u0151vel lehet\u0151v\u00e9 teszi, hogy a mosogat\u00f3 minden sark\u00e1ban le\u00f6bl\u00edtse a mosogat\u00f3t.<\/li>\n<li>A gumib\u00f3l k\u00e9sz\u00fclt sz\u00f3r\u00f3fej f\u00fav\u00f3k\u00e1k k\u00f6nnyen tiszt\u00edthat\u00f3k az \u00e1sv\u00e1nyi lerak\u00f3d\u00e1sokt\u00f3l a hossz\u00fa \u00e9lettartam \u00e9rdek\u00e9ben.<\/li>\n<li>T\u00f6bbr\u00e9teg\u0171, korr\u00f3zi\u00f3\u00e1ll\u00f3 bevonat, amely az id\u0151 m\u00fal\u00e1s\u00e1val nem mattul \u00e9s nem fakul ki.<\/li>\n<li>El\u0151re telep\u00edtett szerel\u0151anyag \u00e9s anti-burst forr\u00f3\/hideg v\u00edzvezet\u00e9kek tartoz\u00e9kk\u00e9nt<\/li>\n<\/ul>\n<p>&nbsp;<\/p>\n<p>Klasszikus kialak\u00edt\u00e1s\u00e1val \u00e9s egyszer\u0171 vonalvezet\u00e9s\u00e9vel ez az eleg\u00e1ns csaptelep minden konyh\u00e1ban j\u00f3l mutat. A kih\u00fazhat\u00f3 csaptelep k\u00e9t tart\u00f3s kivitelben kaphat\u00f3, hogy kieg\u00e9sz\u00edtse konyh\u00e1ja sz\u00ednpalett\u00e1j\u00e1t. Kett\u0151s m\u0171k\u00f6d\u00e9s\u0171 sz\u00f3r\u00f3fej\u00e9vel \u00e9s egyenesen beh\u00fazhat\u00f3 t\u00f6ml\u0151j\u00e9vel a mos\u00e1s \u00e9s \u00f6bl\u00edt\u00e9s gyerekj\u00e1t\u00e9k lesz. Ez a szak\u00e9rtelemmel megmunk\u00e1lt csaptelep a legmagasabb min\u0151s\u00e9g\u0171 anyagokb\u00f3l k\u00e9sz\u00fcl, \u00e9s hossz\u00fa \u00e9vekig gondoz\u00e1smentes haszn\u00e1latot biztos\u00edt.<\/p>\n<p>&nbsp;<\/p>\n<p>&nbsp;<\/p>\n<p>&nbsp;<\/p>\n<p>&nbsp;<\/p>\n<p>&nbsp;<\/p>\n<p>&nbsp;<\/p>","protected":false},"excerpt":{"rendered":"<table style=\"height: 407px;\" width=\"704\">\n<tbody>\n<tr>\n<td width=\"808\">1 Csaptelep m\u00e9retei Teljes m\u00e9ret<\/td>\n<td width=\"1177\">380*225mm<\/td>\n<\/tr>\n<tr>\n<td width=\"808\">2 Csaptelep nett\u00f3 s\u00falya<\/td>\n<td width=\"1177\">2.5kgs<\/td>\n<\/tr>\n<tr>\n<td width=\"808\">3 csaptelep dobozos brutt\u00f3 s\u00faly<\/td>\n<td width=\"1177\">2.8kgs<\/td>\n<\/tr>\n<tr>\n<td width=\"808\">4 doboz m\u00e9rete<\/td>\n<td width=\"1177\">54*32*26mm<\/td>\n<\/tr>\n<tr>\n<td width=\"808\">5 Csomagol\u00e1s<\/td>\n<td width=\"1177\">4DB\/CTN;10DB\/CTN;12DB\/CTN<\/td>\n<\/tr>\n<tr>\n<td width=\"808\">6 Bemeneti t\u00f6ml\u0151 hossza<\/td>\n<td width=\"1177\">60mm<\/td>\n<\/tr>\n<tr>\n<td width=\"808\">7 V\u00edzvezet\u00e9k anya m\u00e9rete<\/td>\n<td width=\"1177\">3\/8\u2033 vagy 1\/2\u2033 vagy 9\/16\u2033<\/td>\n<\/tr>\n<tr>\n<td width=\"808\">8 Szerel\u0151ny\u00edl\u00e1s v\u00e1gott m\u00e9rete<\/td>\n<td width=\"1177\">35mm<\/td>\n<\/tr>\n<tr>\n<td width=\"808\">9 Csaptelep anyagok<\/td>\n<td width=\"1177\">\u00d3lommentes pr\u00e9mium 304 America Standard rozsdamentes<br \/>\nac\u00e9l<\/td>\n<\/tr>\n<\/tbody>\n<\/table>","protected":false},"featured_media":2661,"template":"","meta":[],"product_brand":[],"product_cat":[57],"product_tag":[],"class_list":{"0":"post-2660","1":"product","2":"type-product","3":"status-publish","4":"has-post-thumbnail","6":"product_cat-stainless-steel-faucet","8":"first","9":"instock","10":"shipping-taxable","11":"product-type-simple"},"_links":{"self":[{"href":"https:\/\/sinkwithfaucet.com\/hu\/wp-json\/wp\/v2\/product\/2660","targetHints":{"allow":["GET"]}}],"collection":[{"href":"https:\/\/sinkwithfaucet.com\/hu\/wp-json\/wp\/v2\/product"}],"about":[{"href":"https:\/\/sinkwithfaucet.com\/hu\/wp-json\/wp\/v2\/types\/product"}],"wp:featuredmedia":[{"embeddable":true,"href":"https:\/\/sinkwithfaucet.com\/hu\/wp-json\/wp\/v2\/media\/2661"}],"wp:attachment":[{"href":"https:\/\/sinkwithfaucet.com\/hu\/wp-json\/wp\/v2\/media?parent=2660"}],"wp:term":[{"taxonomy":"product_brand","embeddable":true,"href":"https:\/\/sinkwithfaucet.com\/hu\/wp-json\/wp\/v2\/product_brand?post=2660"},{"taxonomy":"product_cat","embeddable":true,"href":"https:\/\/sinkwithfaucet.com\/hu\/wp-json\/wp\/v2\/product_cat?post=2660"},{"taxonomy":"product_tag","embeddable":true,"href":"https:\/\/sinkwithfaucet.com\/hu\/wp-json\/wp\/v2\/product_tag?post=2660"}],"curies":[{"name":"wp","href":"https:\/\/api.w.org\/{rel}","templated":true}]}}