{"id":2656,"date":"2024-11-11T10:04:28","date_gmt":"2024-11-11T10:04:28","guid":{"rendered":"https:\/\/sinkwithfaucet.com\/?post_type=product&#038;p=2656"},"modified":"2024-11-11T10:10:09","modified_gmt":"2024-11-11T10:10:09","slug":"single-lever-kitchen-faucet-1005","status":"publish","type":"product","link":"https:\/\/sinkwithfaucet.com\/hu\/single-lever-kitchen-faucet-1005\/","title":{"rendered":"Egykaros konyhai csaptelep 1005"},"content":{"rendered":"<h2 data-sourcepos=\"1:1-1:49\">Egykaros konyhai csaptelepek: Modern klasszikus<\/h2>\n<p data-sourcepos=\"3:1-3:124\">Az egykaros konyhai csaptelepek n\u00e9pszer\u0171 v\u00e1laszt\u00e1ss\u00e1 v\u00e1ltak eleg\u00e1ns kialak\u00edt\u00e1suk, egyszer\u0171 haszn\u00e1latuk \u00e9s hat\u00e9kony v\u00edzszab\u00e1lyoz\u00e1suk miatt.<\/p>\n<p data-sourcepos=\"5:1-5:18\"><strong>Hogyan m\u0171k\u00f6dnek:<\/strong><\/p>\n<p data-sourcepos=\"7:1-7:213\">Az egykaros csaptelep egyetlen foganty\u00faval szab\u00e1lyozza mind a v\u00edz h\u0151m\u00e9rs\u00e9klet\u00e9t, mind az \u00e1raml\u00e1si sebess\u00e9get. A foganty\u00fa fel-le mozgat\u00e1s\u00e1val a v\u00edzh\u0151m\u00e9rs\u00e9kletet, m\u00edg az oldalir\u00e1ny\u00fa mozgat\u00e1ssal a v\u00edz\u00e1raml\u00e1st szab\u00e1lyozhatja.<\/p>\n<p data-sourcepos=\"9:1-9:49\"><strong>Az egykaros konyhai csaptelepek legfontosabb el\u0151nyei:<\/strong><\/p>\n<ul data-sourcepos=\"11:1-16:0\">\n<li data-sourcepos=\"11:1-11:88\"><strong>K\u00f6nny\u0171 haszn\u00e1lat:<\/strong> Egyetlen foganty\u00faval egyszer\u0171en be\u00e1ll\u00edthat\u00f3 a v\u00edzh\u0151m\u00e9rs\u00e9klet \u00e9s az \u00e1raml\u00e1s.<\/li>\n<li data-sourcepos=\"12:1-12:80\"><strong>Eleg\u00e1ns kialak\u00edt\u00e1s:<\/strong> A minimalista kialak\u00edt\u00e1s kieg\u00e9sz\u00edti a modern konyha eszt\u00e9tik\u00e1j\u00e1t.<\/li>\n<li data-sourcepos=\"13:1-13:136\"><strong>V\u00edzhat\u00e9konys\u00e1g:<\/strong> Sok egykaros csaptelep WaterSense tan\u00fas\u00edtv\u00e1nnyal rendelkezik, ami azt jelenti, hogy kevesebb vizet haszn\u00e1lnak a teljes\u00edtm\u00e9ny fel\u00e1ldoz\u00e1sa n\u00e9lk\u00fcl.<\/li>\n<li data-sourcepos=\"14:1-14:117\"><strong>Tart\u00f3ss\u00e1g:<\/strong> Kiv\u00e1l\u00f3 min\u0151s\u00e9g\u0171 anyagokb\u00f3l, p\u00e9ld\u00e1ul s\u00e1rgar\u00e9zb\u0151l \u00e9s rozsdamentes ac\u00e9lb\u00f3l k\u00e9sz\u00fclt, hossz\u00fa \u00e9lettartamot biztos\u00edtva.<\/li>\n<li data-sourcepos=\"15:1-16:0\"><strong>St\u00edlusok sokf\u00e9les\u00e9ge:<\/strong> K\u00fcl\u00f6nb\u00f6z\u0151 kivitelben kaphat\u00f3, a kr\u00f3mt\u00f3l a matt feket\u00e9ig, hogy megfeleljen a k\u00fcl\u00f6nb\u00f6z\u0151 preferenci\u00e1knak.<\/li>\n<\/ul>\n<p data-sourcepos=\"17:1-17:60\"><strong>Az egykaros csaptelep kiv\u00e1laszt\u00e1sakor figyelembe veend\u0151 t\u00e9nyez\u0151k:<\/strong><\/p>\n<ul data-sourcepos=\"19:1-24:0\">\n<li data-sourcepos=\"19:1-19:102\"><strong>Ki\u00f6nt\u0151 magass\u00e1ga:<\/strong> Vegye figyelembe a mosogat\u00f3 magass\u00e1g\u00e1t \u00e9s a nagy ed\u00e9nyek \u00e9s serpeny\u0151k sz\u00e1m\u00e1ra sz\u00fcks\u00e9ges t\u00e1vols\u00e1got.<\/li>\n<li data-sourcepos=\"20:1-20:88\"><strong>Permetez\u0151fej:<\/strong> A leh\u00fazhat\u00f3 vagy kih\u00fazhat\u00f3 sz\u00f3r\u00f3fej rugalmass\u00e1got \u00e9s k\u00e9nyelmet biztos\u00edt.<\/li>\n<li data-sourcepos=\"21:1-21:83\"><strong>Befejez\u00e9s:<\/strong> V\u00e1lasszon olyan fel\u00fcletet, amely tart\u00f3s \u00e9s kieg\u00e9sz\u00edti konyh\u00e1ja st\u00edlus\u00e1t.<\/li>\n<li data-sourcepos=\"22:1-22:78\"><strong>V\u00edznyom\u00e1s:<\/strong> Gy\u0151z\u0151dj\u00f6n meg r\u00f3la, hogy a csaptelep k\u00e9pes kezelni az otthoni v\u00edznyom\u00e1st.<\/li>\n<li data-sourcepos=\"23:1-24:0\"><strong>Telep\u00edt\u00e9s:<\/strong> Vegye figyelembe a be\u00e9p\u00edt\u00e9si t\u00edpust, hogy fed\u00e9lzeti vagy falra szerelhet\u0151 csaptelepr\u0151l van-e sz\u00f3.<\/li>\n<\/ul>\n<p data-sourcepos=\"25:1-25:148\">Ha gondosan m\u00e9rlegeli ezeket a t\u00e9nyez\u0151ket, olyan egykaros konyhai csaptelepet v\u00e1laszthat, amely fokozza konyh\u00e1ja funkcionalit\u00e1s\u00e1t \u00e9s st\u00edlus\u00e1t egyar\u00e1nt.<\/p>","protected":false},"excerpt":{"rendered":"<table style=\"height: 407px;\" width=\"704\">\n<tbody>\n<tr>\n<td width=\"808\">1 Csaptelep m\u00e9retei Teljes m\u00e9ret<\/td>\n<td width=\"1177\">380*225mm<\/td>\n<\/tr>\n<tr>\n<td width=\"808\">2 Csaptelep nett\u00f3 s\u00falya<\/td>\n<td width=\"1177\">2.5kgs<\/td>\n<\/tr>\n<tr>\n<td width=\"808\">3 csaptelep dobozos brutt\u00f3 s\u00faly<\/td>\n<td width=\"1177\">2.8kgs<\/td>\n<\/tr>\n<tr>\n<td width=\"808\">4 doboz m\u00e9rete<\/td>\n<td width=\"1177\">54*32*26mm<\/td>\n<\/tr>\n<tr>\n<td width=\"808\">5 Csomagol\u00e1s<\/td>\n<td width=\"1177\">4DB\/CTN;10DB\/CTN;12DB\/CTN<\/td>\n<\/tr>\n<tr>\n<td width=\"808\">6 Bemeneti t\u00f6ml\u0151 hossza<\/td>\n<td width=\"1177\">60mm<\/td>\n<\/tr>\n<tr>\n<td width=\"808\">7 V\u00edzvezet\u00e9k anya m\u00e9rete<\/td>\n<td width=\"1177\">3\/8\u2033 vagy 1\/2\u2033 vagy 9\/16\u2033<\/td>\n<\/tr>\n<tr>\n<td width=\"808\">8 Szerel\u0151ny\u00edl\u00e1s v\u00e1gott m\u00e9rete<\/td>\n<td width=\"1177\">35mm<\/td>\n<\/tr>\n<tr>\n<td width=\"808\">9 Csaptelep anyagok<\/td>\n<td width=\"1177\">\u00d3lommentes pr\u00e9mium 304 America Standard rozsdamentes<br \/>\nac\u00e9l<\/td>\n<\/tr>\n<\/tbody>\n<\/table>","protected":false},"featured_media":2657,"template":"","meta":[],"product_brand":[],"product_cat":[57],"product_tag":[],"class_list":{"0":"post-2656","1":"product","2":"type-product","3":"status-publish","4":"has-post-thumbnail","6":"product_cat-stainless-steel-faucet","8":"first","9":"instock","10":"shipping-taxable","11":"product-type-simple"},"_links":{"self":[{"href":"https:\/\/sinkwithfaucet.com\/hu\/wp-json\/wp\/v2\/product\/2656","targetHints":{"allow":["GET"]}}],"collection":[{"href":"https:\/\/sinkwithfaucet.com\/hu\/wp-json\/wp\/v2\/product"}],"about":[{"href":"https:\/\/sinkwithfaucet.com\/hu\/wp-json\/wp\/v2\/types\/product"}],"wp:featuredmedia":[{"embeddable":true,"href":"https:\/\/sinkwithfaucet.com\/hu\/wp-json\/wp\/v2\/media\/2657"}],"wp:attachment":[{"href":"https:\/\/sinkwithfaucet.com\/hu\/wp-json\/wp\/v2\/media?parent=2656"}],"wp:term":[{"taxonomy":"product_brand","embeddable":true,"href":"https:\/\/sinkwithfaucet.com\/hu\/wp-json\/wp\/v2\/product_brand?post=2656"},{"taxonomy":"product_cat","embeddable":true,"href":"https:\/\/sinkwithfaucet.com\/hu\/wp-json\/wp\/v2\/product_cat?post=2656"},{"taxonomy":"product_tag","embeddable":true,"href":"https:\/\/sinkwithfaucet.com\/hu\/wp-json\/wp\/v2\/product_tag?post=2656"}],"curies":[{"name":"wp","href":"https:\/\/api.w.org\/{rel}","templated":true}]}}