{"id":2653,"date":"2024-11-11T09:53:20","date_gmt":"2024-11-11T09:53:20","guid":{"rendered":"https:\/\/sinkwithfaucet.com\/?post_type=product&#038;p=2653"},"modified":"2024-11-11T10:14:00","modified_gmt":"2024-11-11T10:14:00","slug":"spring-pull-down-kitchen-faucet-1003","status":"publish","type":"product","link":"https:\/\/sinkwithfaucet.com\/hu\/spring-pull-down-kitchen-faucet-1003\/","title":{"rendered":"Tavaszi leh\u00fazhat\u00f3 konyhai csaptelep 1003"},"content":{"rendered":"<h2 data-sourcepos=\"1:1-1:57\">Tavaszi leh\u00fazhat\u00f3 konyhai csaptelepek: Modern k\u00e9nyelem<\/h2>\n<p data-sourcepos=\"3:1-3:174\">A rug\u00f3s leh\u00fazhat\u00f3 konyhai csaptelep a modern konyh\u00e1k n\u00e9pszer\u0171 v\u00e1laszt\u00e1sa. Egyes\u00edti a st\u00edlust, a funkcionalit\u00e1st \u00e9s a k\u00f6nny\u0171 haszn\u00e1latot. \u00cdme a jellemz\u0151inek \u00e9s el\u0151nyeinek bont\u00e1sa:<\/p>\n<h3 data-sourcepos=\"5:1-5:21\">Hogyan m\u0171k\u00f6dik?<\/h3>\n<p data-sourcepos=\"6:1-6:227\">A rug\u00f3s leh\u00fazhat\u00f3 csaptelep rugalmas kifoly\u00f3cs\u0151vel rendelkezik, amely leh\u00fazhat\u00f3 \u00e9s kih\u00fazhat\u00f3, hogy el\u00e9rje a mosogat\u00f3 k\u00fcl\u00f6nb\u00f6z\u0151 r\u00e9szeit. Amikor a kifoly\u00f3cs\u00f6vet elengeded, a be\u00e9p\u00edtett rug\u00f3s mechanizmusnak k\u00f6sz\u00f6nhet\u0151en sim\u00e1n visszah\u00faz\u00f3dik a hely\u00e9re.<\/p>\n<h3 data-sourcepos=\"8:1-8:44\">A tavaszi leh\u00fazhat\u00f3 csaptelepek legfontosabb el\u0151nyei<\/h3>\n<ul data-sourcepos=\"9:1-13:0\">\n<li data-sourcepos=\"9:1-9:128\"><strong>Rugalmass\u00e1g:<\/strong> A leh\u00fazhat\u00f3 kialak\u00edt\u00e1s lehet\u0151v\u00e9 teszi, hogy k\u00f6nnyed\u00e9n megt\u00f6ltse a nagy ed\u00e9nyeket \u00e9s serpeny\u0151ket, vagy megtiszt\u00edtsa a mosogat\u00f3 nehezen hozz\u00e1f\u00e9rhet\u0151 ter\u00fcleteit.<\/li>\n<li data-sourcepos=\"10:1-10:136\"><strong>Sokoldal\u00fas\u00e1g:<\/strong> Sok modell t\u00f6bbf\u00e9le sz\u00f3r\u00e1sbe\u00e1ll\u00edt\u00e1st k\u00edn\u00e1l, p\u00e9ld\u00e1ul szell\u0151ztetett sug\u00e1r \u00e9s er\u0151teljes sz\u00f3r\u00e1s, a k\u00fcl\u00f6nb\u00f6z\u0151 feladatok elv\u00e9gz\u00e9s\u00e9hez.<\/li>\n<li data-sourcepos=\"11:1-11:91\"><strong>K\u00f6nny\u0171 haszn\u00e1lat:<\/strong> A rug\u00f3s mechanizmus biztos\u00edtja a sima m\u0171k\u00f6d\u00e9st \u00e9s a k\u00f6nnyed visszah\u00faz\u00e1st.<\/li>\n<li data-sourcepos=\"12:1-13:0\"><strong>St\u00edlusos kialak\u00edt\u00e1s:<\/strong> K\u00fcl\u00f6nb\u00f6z\u0151 kivitelben \u00e9s st\u00edlusban kaphat\u00f3, hogy kieg\u00e9sz\u00edtse a konyhai dekor\u00e1ci\u00f3t.<\/li>\n<\/ul>\n<p data-sourcepos=\"21:1-21:143\">Ha gondosan m\u00e9rlegeli ezeket a t\u00e9nyez\u0151ket, olyan rug\u00f3s leh\u00faz\u00f3s konyhai csaptelepet v\u00e1laszthat, amely n\u00f6veli konyh\u00e1ja funkcionalit\u00e1s\u00e1t \u00e9s st\u00edlus\u00e1t.<\/p>","protected":false},"excerpt":{"rendered":"<table style=\"height: 407px;\" width=\"704\">\n<tbody>\n<tr>\n<td width=\"808\">1 Csaptelep m\u00e9retei Teljes m\u00e9ret<\/td>\n<td width=\"1177\">405*225mm<\/td>\n<\/tr>\n<tr>\n<td width=\"808\">2 Csaptelep nett\u00f3 s\u00falya<\/td>\n<td width=\"1177\">2.5kgs<\/td>\n<\/tr>\n<tr>\n<td width=\"808\">3 csaptelep dobozos brutt\u00f3 s\u00faly<\/td>\n<td width=\"1177\">2.8kgs<\/td>\n<\/tr>\n<tr>\n<td width=\"808\">4 doboz m\u00e9rete<\/td>\n<td width=\"1177\">54*32*26mm<\/td>\n<\/tr>\n<tr>\n<td width=\"808\">5 Csomagol\u00e1s<\/td>\n<td width=\"1177\">4DB\/CTN;10DB\/CTN;12DB\/CTN<\/td>\n<\/tr>\n<tr>\n<td width=\"808\">6 Bemeneti t\u00f6ml\u0151 hossza<\/td>\n<td width=\"1177\">60mm<\/td>\n<\/tr>\n<tr>\n<td width=\"808\">7 V\u00edzvezet\u00e9k anya m\u00e9rete<\/td>\n<td width=\"1177\">3\/8\u2033 vagy 1\/2\u2033 vagy 9\/16\u2033<\/td>\n<\/tr>\n<tr>\n<td width=\"808\">8 Szerel\u0151ny\u00edl\u00e1s v\u00e1gott m\u00e9rete<\/td>\n<td width=\"1177\">35mm<\/td>\n<\/tr>\n<tr>\n<td width=\"808\">9 Csaptelep anyagok<\/td>\n<td width=\"1177\">\u00d3lommentes pr\u00e9mium 304 America Standard rozsdamentes<br \/>\nac\u00e9l<\/td>\n<\/tr>\n<\/tbody>\n<\/table>","protected":false},"featured_media":2654,"template":"","meta":[],"product_brand":[],"product_cat":[57],"product_tag":[],"class_list":{"0":"post-2653","1":"product","2":"type-product","3":"status-publish","4":"has-post-thumbnail","6":"product_cat-stainless-steel-faucet","8":"first","9":"instock","10":"shipping-taxable","11":"product-type-simple"},"_links":{"self":[{"href":"https:\/\/sinkwithfaucet.com\/hu\/wp-json\/wp\/v2\/product\/2653","targetHints":{"allow":["GET"]}}],"collection":[{"href":"https:\/\/sinkwithfaucet.com\/hu\/wp-json\/wp\/v2\/product"}],"about":[{"href":"https:\/\/sinkwithfaucet.com\/hu\/wp-json\/wp\/v2\/types\/product"}],"wp:featuredmedia":[{"embeddable":true,"href":"https:\/\/sinkwithfaucet.com\/hu\/wp-json\/wp\/v2\/media\/2654"}],"wp:attachment":[{"href":"https:\/\/sinkwithfaucet.com\/hu\/wp-json\/wp\/v2\/media?parent=2653"}],"wp:term":[{"taxonomy":"product_brand","embeddable":true,"href":"https:\/\/sinkwithfaucet.com\/hu\/wp-json\/wp\/v2\/product_brand?post=2653"},{"taxonomy":"product_cat","embeddable":true,"href":"https:\/\/sinkwithfaucet.com\/hu\/wp-json\/wp\/v2\/product_cat?post=2653"},{"taxonomy":"product_tag","embeddable":true,"href":"https:\/\/sinkwithfaucet.com\/hu\/wp-json\/wp\/v2\/product_tag?post=2653"}],"curies":[{"name":"wp","href":"https:\/\/api.w.org\/{rel}","templated":true}]}}