{"id":2650,"date":"2024-11-11T09:47:41","date_gmt":"2024-11-11T09:47:41","guid":{"rendered":"https:\/\/sinkwithfaucet.com\/?post_type=product&#038;p=2650"},"modified":"2024-11-11T09:50:38","modified_gmt":"2024-11-11T09:50:38","slug":"commercial-sink-faucet-1101","status":"publish","type":"product","link":"https:\/\/sinkwithfaucet.com\/hu\/commercial-sink-faucet-1101\/","title":{"rendered":"Kereskedelmi mosogat\u00f3csaptelep 1101"},"content":{"rendered":"<h2 data-sourcepos=\"1:1-1:61\">Kereskedelmi mosogat\u00f3csaptelepek: A Guide to Choosing the Right One<\/h2>\n<p data-sourcepos=\"3:1-3:194\">A kereskedelmi mosogat\u00f3csapokat \u00fagy tervezt\u00e9k, hogy ellen\u00e1lljanak a nagy ig\u00e9nybev\u00e9telnek, a nagynyom\u00e1s\u00fa v\u00edznek \u00e9s a kem\u00e9ny tiszt\u00edt\u00f3szereknek. Tart\u00f3san k\u00e9sz\u00fclnek, \u00e9s megb\u00edzhat\u00f3 teljes\u00edtm\u00e9nyt ny\u00fajtanak ig\u00e9nyes k\u00f6rnyezetben.<\/p>\n<h3 data-sourcepos=\"5:1-5:43\">A kereskedelmi mosogat\u00f3csapok f\u0151 jellemz\u0151i<\/h3>\n<ul data-sourcepos=\"7:1-12:0\">\n<li data-sourcepos=\"7:1-7:88\"><strong>Tart\u00f3ss\u00e1g:<\/strong> Kiv\u00e1l\u00f3 min\u0151s\u00e9g\u0171 anyagokb\u00f3l, p\u00e9ld\u00e1ul s\u00e1rgar\u00e9zb\u0151l vagy rozsdamentes ac\u00e9lb\u00f3l k\u00e9sz\u00fclt.<\/li>\n<li data-sourcepos=\"8:1-8:78\"><strong>Nagy \u00e1raml\u00e1si sebess\u00e9g:<\/strong> Er\u0151teljes v\u00edzsugarat biztos\u00edt a hat\u00e9kony tiszt\u00edt\u00e1shoz.<\/li>\n<li data-sourcepos=\"9:1-9:51\"><strong>K\u00f6nny\u0171 karbantart\u00e1s:<\/strong> Egyszer\u0171en tiszt\u00edthat\u00f3 \u00e9s jav\u00edthat\u00f3.<\/li>\n<li data-sourcepos=\"10:1-10:89\"><strong>St\u00edlusok sokf\u00e9les\u00e9ge:<\/strong> K\u00fcl\u00f6nb\u00f6z\u0151 st\u00edlusokban kaphat\u00f3, hogy illeszkedjen konyh\u00e1ja eszt\u00e9tik\u00e1j\u00e1hoz.<\/li>\n<li data-sourcepos=\"11:1-12:0\"><strong>K\u00fcl\u00f6nleges jellemz\u0151k:<\/strong> Egyes csaptelepek olyan kieg\u00e9sz\u00edt\u0151 funkci\u00f3kat k\u00edn\u00e1lnak, mint a sz\u00f3r\u00f3fejek, a h\u0151m\u00e9rs\u00e9kletszab\u00e1lyoz\u00e1s \u00e9s az \u00e9rint\u00e9smentes m\u0171k\u00f6d\u00e9s.<\/li>\n<\/ul>\n<h3 data-sourcepos=\"13:1-13:36\">A kereskedelmi mosogat\u00f3csapok t\u00edpusai<\/h3>\n<ol data-sourcepos=\"15:1-34:0\">\n<li data-sourcepos=\"15:1-18:3\">\n<p data-sourcepos=\"15:4-15:28\"><strong>Fali csaptelepek:<\/strong><\/p>\n<ul data-sourcepos=\"16:4-18:3\">\n<li data-sourcepos=\"16:4-16:45\">Ide\u00e1lis a k\u00f6nny\u0171 tiszt\u00edt\u00e1shoz \u00e9s karbantart\u00e1shoz.<\/li>\n<li data-sourcepos=\"17:4-18:3\">Rugalmas elhelyez\u00e9st \u00e9s kialak\u00edt\u00e1st biztos\u00edt.<\/li>\n<\/ul>\n<\/li>\n<li data-sourcepos=\"19:1-22:3\">\n<p data-sourcepos=\"19:4-19:28\"><strong>Fed\u00e9lre szerelhet\u0151 csaptelepek:<\/strong><\/p>\n<ul data-sourcepos=\"20:4-22:3\">\n<li data-sourcepos=\"20:4-20:42\">K\u00f6zvetlen\u00fcl a munkalapra szerelve.<\/li>\n<li data-sourcepos=\"21:4-22:3\">K\u00fcl\u00f6nb\u00f6z\u0151 konfigur\u00e1ci\u00f3kban kaphat\u00f3, bele\u00e9rtve az egy- \u00e9s k\u00e9tfoganty\u00fas modelleket is.<\/li>\n<\/ul>\n<\/li>\n<li data-sourcepos=\"23:1-26:3\">\n<p data-sourcepos=\"23:4-23:25\"><strong>Csaptelepek:<\/strong><\/p>\n<ul data-sourcepos=\"24:4-26:3\">\n<li data-sourcepos=\"24:4-24:70\">Magas \u00edv\u0171 kifoly\u00f3val rendelkezik a nagy ed\u00e9nyek \u00e9s serpeny\u0151k k\u00f6nny\u0171 el\u00e9r\u00e9s\u00e9hez.<\/li>\n<li data-sourcepos=\"25:4-26:3\">Sokoldal\u00fas\u00e1guk miatt gyakran haszn\u00e1lj\u00e1k kereskedelmi konyh\u00e1kban.<\/li>\n<\/ul>\n<\/li>\n<li data-sourcepos=\"27:1-30:3\">\n<p data-sourcepos=\"27:4-27:25\"><strong>El\u0151\u00f6bl\u00edt\u0151 csaptelepek:<\/strong><\/p>\n<ul data-sourcepos=\"28:4-30:3\">\n<li data-sourcepos=\"28:4-28:85\">Neh\u00e9z tiszt\u00edt\u00e1si feladatokra tervezt\u00e9k, p\u00e9ld\u00e1ul az \u00e9telmarad\u00e9kok le\u00f6bl\u00edt\u00e9s\u00e9re az ed\u00e9nyekr\u0151l.<\/li>\n<li data-sourcepos=\"29:4-30:3\">\u00c1ltal\u00e1ban nagynyom\u00e1s\u00fa sz\u00f3r\u00f3fejjel rendelkezik.<\/li>\n<\/ul>\n<\/li>\n<li data-sourcepos=\"31:1-34:0\">\n<p data-sourcepos=\"31:4-31:25\"><strong>\u00c9rint\u00e9s n\u00e9lk\u00fcli csaptelepek:<\/strong><\/p>\n<ul data-sourcepos=\"32:4-34:0\">\n<li data-sourcepos=\"32:4-32:81\">El\u0151seg\u00edti a higi\u00e9ni\u00e1t az\u00e1ltal, hogy kik\u00fcsz\u00f6b\u00f6li a csap k\u00e9zi \u00e9rintkez\u00e9st.<\/li>\n<li data-sourcepos=\"33:4-34:0\">Ide\u00e1lis nagy forgalm\u00fa helyis\u00e9gekbe, p\u00e9ld\u00e1ul kereskedelmi konyh\u00e1kba \u00e9s mosd\u00f3kba.<\/li>\n<\/ul>\n<\/li>\n<\/ol>\n<p data-sourcepos=\"44:1-44:135\">Ha gondosan m\u00e9rlegeli ezeket a t\u00e9nyez\u0151ket, kiv\u00e1laszthatja a t\u00f6k\u00e9letes kereskedelmi mosogat\u00f3csapot, amely megfelel az \u00d6n v\u00e1llalkoz\u00e1s\u00e1nak egyedi ig\u00e9nyeinek.<\/p>","protected":false},"excerpt":{"rendered":"<h3 data-sourcepos=\"35:1-35:62\">A kereskedelmi mosogat\u00f3csap kiv\u00e1laszt\u00e1sakor figyelembe veend\u0151 t\u00e9nyez\u0151k<\/h3>\n<ul data-sourcepos=\"37:1-43:0\">\n<li data-sourcepos=\"37:1-37:94\"><strong>\u00c1raml\u00e1si sebess\u00e9g:<\/strong> Gy\u0151z\u0151dj\u00f6n meg arr\u00f3l, hogy a csaptelep k\u00e9pes kezelni az \u00d6n egyedi ig\u00e9nyeinek megfelel\u0151 v\u00edz\u00e1raml\u00e1st.<\/li>\n<li data-sourcepos=\"38:1-38:96\"><strong>Tart\u00f3ss\u00e1g:<\/strong> V\u00e1lasszon kiv\u00e1l\u00f3 min\u0151s\u00e9g\u0171 anyagokb\u00f3l k\u00e9sz\u00fclt csaptelepet, amely ellen\u00e1ll a nagy ig\u00e9nybev\u00e9telnek.<\/li>\n<li data-sourcepos=\"39:1-39:79\"><strong>Befejez\u00e9s:<\/strong> V\u00e1lasszon olyan fel\u00fcletet, amely ellen\u00e1ll a korr\u00f3zi\u00f3nak \u00e9s k\u00f6nnyen tiszt\u00edthat\u00f3.<\/li>\n<li data-sourcepos=\"40:1-40:91\"><strong>Telep\u00edt\u00e9s:<\/strong> Vegye figyelembe a telep\u00edt\u00e9si m\u00f3dszert \u00e9s a sz\u00fcks\u00e9ges v\u00edzvezet\u00e9k-csatlakoz\u00e1sokat.<\/li>\n<li data-sourcepos=\"41:1-41:97\"><strong>Karbantart\u00e1s:<\/strong> Keresse a k\u00f6nnyen cser\u00e9lhet\u0151 alkatr\u00e9szekkel \u00e9s egyszer\u0171 karbantart\u00e1si elj\u00e1r\u00e1sokkal rendelkez\u0151 csaptelepeket.<\/li>\n<li data-sourcepos=\"42:1-43:0\"><strong>Szab\u00e1lyzatnak val\u00f3 megfelel\u00e9s:<\/strong> Gy\u0151z\u0151dj\u00f6n meg arr\u00f3l, hogy a csaptelep megfelel a helyi v\u00edzvezet\u00e9k-szerel\u00e9si szab\u00e1lyoknak \u00e9s el\u0151\u00edr\u00e1soknak.<\/li>\n<\/ul>","protected":false},"featured_media":2651,"template":"","meta":[],"product_brand":[],"product_cat":[57],"product_tag":[],"class_list":{"0":"post-2650","1":"product","2":"type-product","3":"status-publish","4":"has-post-thumbnail","6":"product_cat-stainless-steel-faucet","8":"first","9":"instock","10":"shipping-taxable","11":"product-type-simple"},"_links":{"self":[{"href":"https:\/\/sinkwithfaucet.com\/hu\/wp-json\/wp\/v2\/product\/2650","targetHints":{"allow":["GET"]}}],"collection":[{"href":"https:\/\/sinkwithfaucet.com\/hu\/wp-json\/wp\/v2\/product"}],"about":[{"href":"https:\/\/sinkwithfaucet.com\/hu\/wp-json\/wp\/v2\/types\/product"}],"wp:featuredmedia":[{"embeddable":true,"href":"https:\/\/sinkwithfaucet.com\/hu\/wp-json\/wp\/v2\/media\/2651"}],"wp:attachment":[{"href":"https:\/\/sinkwithfaucet.com\/hu\/wp-json\/wp\/v2\/media?parent=2650"}],"wp:term":[{"taxonomy":"product_brand","embeddable":true,"href":"https:\/\/sinkwithfaucet.com\/hu\/wp-json\/wp\/v2\/product_brand?post=2650"},{"taxonomy":"product_cat","embeddable":true,"href":"https:\/\/sinkwithfaucet.com\/hu\/wp-json\/wp\/v2\/product_cat?post=2650"},{"taxonomy":"product_tag","embeddable":true,"href":"https:\/\/sinkwithfaucet.com\/hu\/wp-json\/wp\/v2\/product_tag?post=2650"}],"curies":[{"name":"wp","href":"https:\/\/api.w.org\/{rel}","templated":true}]}}