{"id":2647,"date":"2024-11-11T09:41:51","date_gmt":"2024-11-11T09:41:51","guid":{"rendered":"https:\/\/sinkwithfaucet.com\/?post_type=product&#038;p=2647"},"modified":"2024-11-11T09:41:51","modified_gmt":"2024-11-11T09:41:51","slug":"lead-free-kitchen-faucet-1021","status":"publish","type":"product","link":"https:\/\/sinkwithfaucet.com\/hu\/lead-free-kitchen-faucet-1021\/","title":{"rendered":"\u00d3lommentes konyhai csaptelep 1021"},"content":{"rendered":"<h2 data-sourcepos=\"1:1-1:57\">\u00d3lommentes konyhai csaptelepek: A biztons\u00e1gos v\u00e1laszt\u00e1s az \u00d6n otthon\u00e1ban<\/h2>\n<p data-sourcepos=\"3:1-3:288\">Az \u00f3lommentes konyhai csaptelep az iv\u00f3v\u00edz biztons\u00e1g\u00e1nak \u00e9s min\u0151s\u00e9g\u00e9nek biztos\u00edt\u00e1sa szempontj\u00e1b\u00f3l kulcsfontoss\u00e1g\u00fa. Az \u00f3lomnak val\u00f3 kitetts\u00e9g, k\u00fcl\u00f6n\u00f6sen a gyermekek eset\u00e9ben, s\u00falyos eg\u00e9szs\u00e9g\u00fcgyi k\u00f6vetkezm\u00e9nyekkel j\u00e1rhat. Az \u00f3lommentes csaptelep v\u00e1laszt\u00e1s\u00e1val \u00d6n proakt\u00edv l\u00e9p\u00e9st tesz csal\u00e1dja j\u00f3l\u00e9t\u00e9nek v\u00e9delme \u00e9rdek\u00e9ben.<\/p>\n<h3 data-sourcepos=\"5:1-5:34\">Mi\u00e9rt v\u00e1lasszon \u00f3lommentes csaptelepet?<\/h3>\n<ul data-sourcepos=\"7:1-10:0\">\n<li data-sourcepos=\"7:1-7:152\"><strong>Eg\u00e9szs\u00e9g\u00fcgyi el\u0151ny\u00f6k:<\/strong> Az \u00f3lomnak val\u00f3 kitetts\u00e9g k\u00fcl\u00f6nb\u00f6z\u0151 eg\u00e9szs\u00e9g\u00fcgyi probl\u00e9m\u00e1khoz vezethet, bele\u00e9rtve a fejl\u0151d\u00e9si k\u00e9sedelmeket, tanul\u00e1si zavarokat \u00e9s viselked\u00e9si probl\u00e9m\u00e1kat.<\/li>\n<li data-sourcepos=\"8:1-8:110\"><strong>Szab\u00e1lyoz\u00e1si megfelel\u00e9s:<\/strong> Sz\u00e1mos r\u00e9gi\u00f3ban szigor\u00fa el\u0151\u00edr\u00e1sok vonatkoznak a v\u00edzvezet\u00e9k-szerelv\u00e9nyek \u00f3lomtartalm\u00e1ra.<\/li>\n<li data-sourcepos=\"9:1-10:0\"><strong>Nyugalom:<\/strong> Megnyugv\u00e1st jelenthet, ha tudja, hogy vize mentes a k\u00e1ros szennyez\u0151d\u00e9sekt\u0151l.<\/li>\n<\/ul>\n<h3 data-sourcepos=\"11:1-11:38\">Hogyan lehet azonos\u00edtani az \u00f3lommentes csaptelepeket?<\/h3>\n<p data-sourcepos=\"13:1-13:49\">Keresse a k\u00f6vetkez\u0151 tan\u00fas\u00edtv\u00e1nyokat \u00e9s c\u00edmk\u00e9ket:<\/p>\n<ul data-sourcepos=\"15:1-17:0\">\n<li data-sourcepos=\"15:1-15:102\"><strong>NSF\/ANSI 61:<\/strong> Ez a tan\u00fas\u00edtv\u00e1ny biztos\u00edtja, hogy a csaptelep megfelel az \u00f3lomtartalomra vonatkoz\u00f3 szigor\u00fa el\u0151\u00edr\u00e1soknak.<\/li>\n<li data-sourcepos=\"16:1-17:0\"><strong>WaterSense:<\/strong> Ez a c\u00edmke azt jelzi, hogy a csaptelep v\u00edztakar\u00e9kos.<\/li>\n<\/ul>\n<p data-sourcepos=\"25:1-25:119\">Ha t\u00e1j\u00e9kozott d\u00f6nt\u00e9st hoz, olyan \u00f3lommentes konyhai csaptelepet v\u00e1laszthat, amely egyes\u00edti a st\u00edlust, a funkcionalit\u00e1st \u00e9s a biztons\u00e1got.<\/p>","protected":false},"excerpt":{"rendered":"<h3 data-sourcepos=\"18:1-18:48\">Kiv\u00e1laszt\u00e1sa egy \u00f3lommentes konyhai csaptelep<\/h3>\n<ol data-sourcepos=\"20:1-24:0\">\n<li data-sourcepos=\"20:1-20:125\"><strong>Ellen\u0151rizze az anyagot:<\/strong> V\u00e1lassza az olyan anyagokb\u00f3l, p\u00e9ld\u00e1ul rozsdamentes ac\u00e9lb\u00f3l vagy s\u00e1rgar\u00e9zb\u0151l k\u00e9sz\u00fclt csaptelepeket, amelyeknek eredend\u0151en alacsony az \u00f3lomtartalmuk.<\/li>\n<li data-sourcepos=\"21:1-21:99\"><strong>Olvassa el a term\u00e9k c\u00edmk\u00e9j\u00e9t:<\/strong> Keressen konkr\u00e9t inform\u00e1ci\u00f3kat az \u00f3lomtartalomr\u00f3l \u00e9s a tan\u00fas\u00edtv\u00e1nyokr\u00f3l.<\/li>\n<li data-sourcepos=\"22:1-22:143\"><strong>Tekints\u00fck a c\u00e9lt:<\/strong> B\u00e1r a kivitel nem befoly\u00e1solja k\u00f6zvetlen\u00fcl az \u00f3lomtartalmat, befoly\u00e1solhatja a csaptelep \u00e1ltal\u00e1nos megjelen\u00e9s\u00e9t \u00e9s tart\u00f3ss\u00e1g\u00e1t.<\/li>\n<li data-sourcepos=\"23:1-24:0\"><strong>V\u00e1lasszon j\u00f3 h\u00edr\u0171 m\u00e1rk\u00e1t:<\/strong> A j\u00f3l ismert m\u00e1rk\u00e1k gyakran a min\u0151s\u00e9get \u00e9s a biztons\u00e1got helyezik el\u0151t\u00e9rbe.<\/li>\n<\/ol>","protected":false},"featured_media":2648,"template":"","meta":[],"product_brand":[],"product_cat":[57],"product_tag":[],"class_list":{"0":"post-2647","1":"product","2":"type-product","3":"status-publish","4":"has-post-thumbnail","6":"product_cat-stainless-steel-faucet","8":"first","9":"instock","10":"shipping-taxable","11":"product-type-simple"},"_links":{"self":[{"href":"https:\/\/sinkwithfaucet.com\/hu\/wp-json\/wp\/v2\/product\/2647","targetHints":{"allow":["GET"]}}],"collection":[{"href":"https:\/\/sinkwithfaucet.com\/hu\/wp-json\/wp\/v2\/product"}],"about":[{"href":"https:\/\/sinkwithfaucet.com\/hu\/wp-json\/wp\/v2\/types\/product"}],"wp:featuredmedia":[{"embeddable":true,"href":"https:\/\/sinkwithfaucet.com\/hu\/wp-json\/wp\/v2\/media\/2648"}],"wp:attachment":[{"href":"https:\/\/sinkwithfaucet.com\/hu\/wp-json\/wp\/v2\/media?parent=2647"}],"wp:term":[{"taxonomy":"product_brand","embeddable":true,"href":"https:\/\/sinkwithfaucet.com\/hu\/wp-json\/wp\/v2\/product_brand?post=2647"},{"taxonomy":"product_cat","embeddable":true,"href":"https:\/\/sinkwithfaucet.com\/hu\/wp-json\/wp\/v2\/product_cat?post=2647"},{"taxonomy":"product_tag","embeddable":true,"href":"https:\/\/sinkwithfaucet.com\/hu\/wp-json\/wp\/v2\/product_tag?post=2647"}],"curies":[{"name":"wp","href":"https:\/\/api.w.org\/{rel}","templated":true}]}}