{"id":2599,"date":"2024-11-09T07:20:10","date_gmt":"2024-11-09T07:20:10","guid":{"rendered":"https:\/\/sinkwithfaucet.com\/?post_type=product&#038;p=2599"},"modified":"2024-11-09T07:20:10","modified_gmt":"2024-11-09T07:20:10","slug":"kitchen-one-handle-faucet-1001","status":"publish","type":"product","link":"https:\/\/sinkwithfaucet.com\/hu\/kitchen-one-handle-faucet-1001\/","title":{"rendered":"Konyhai egykaros csaptelep 1001"},"content":{"rendered":"<h2 data-sourcepos=\"1:1-1:50\">Konyhai egykaros csaptelepek: Modern klasszikus<\/h2>\n<p data-sourcepos=\"1:1-1:50\">Konyhai egy foganty\u00fas csaptelepek <span style=\"font-size: 14.4px;\">n\u00e9pszer\u0171 v\u00e1laszt\u00e1snak sz\u00e1m\u00edtanak eleg\u00e1ns kialak\u00edt\u00e1suk \u00e9s egyszer\u0171 haszn\u00e1latuk miatt. A v\u00edzh\u0151m\u00e9rs\u00e9kletet \u00e9s a v\u00edz\u00e1raml\u00e1st is egyetlen karral szab\u00e1lyozhatja, \u00edgy a konyhai csaptelepek \u00e1ramvonalas \u00e9s hat\u00e9kony kezel\u00e9si m\u00f3dot k\u00edn\u00e1lnak.<\/span><\/p>\n<p data-sourcepos=\"5:1-5:50\"><strong>A konyhai egyfoganty\u00fas csaptelepek f\u0151 jellemz\u0151i:<\/strong><\/p>\n<ul data-sourcepos=\"7:1-11:0\">\n<li data-sourcepos=\"7:1-7:89\"><strong>Eleg\u00e1ns kialak\u00edt\u00e1s:<\/strong> Modern \u00e9s minimalista megjelen\u00e9s, amely kieg\u00e9sz\u00edti a k\u00fcl\u00f6nb\u00f6z\u0151 konyhai st\u00edlusokat.<\/li>\n<li data-sourcepos=\"8:1-8:91\"><strong>K\u00f6nnyen haszn\u00e1lhat\u00f3:<\/strong> Egyetlen karral pontosan szab\u00e1lyozhat\u00f3 a v\u00edz\u00e1raml\u00e1s \u00e9s a h\u0151m\u00e9rs\u00e9klet.<\/li>\n<li data-sourcepos=\"9:1-9:116\"><strong>Tart\u00f3ss\u00e1g:<\/strong> Kiv\u00e1l\u00f3 min\u0151s\u00e9g\u0171 anyagokb\u00f3l, p\u00e9ld\u00e1ul rozsdamentes ac\u00e9lb\u00f3l vagy s\u00e1rgar\u00e9zb\u0151l k\u00e9sz\u00fclt, hossz\u00fa \u00e9lettartamot biztos\u00edtva.<\/li>\n<li data-sourcepos=\"10:1-11:0\"><strong>St\u00edlusok sokf\u00e9les\u00e9ge:<\/strong> A k\u00fcl\u00f6nb\u00f6z\u0151 st\u00edlusok, kivitelek \u00e9s kifoly\u00f3magass\u00e1gok sz\u00e9les v\u00e1laszt\u00e9k\u00e1ban kaphat\u00f3, hogy megfeleljen a k\u00fcl\u00f6nb\u00f6z\u0151 preferenci\u00e1knak.<\/li>\n<\/ul>\n<p data-sourcepos=\"12:1-12:43\"><strong>T\u00edpusai egykaros konyhai csaptelepek:<\/strong><\/p>\n<ul data-sourcepos=\"14:1-17:0\">\n<li data-sourcepos=\"14:1-14:99\"><strong>H\u00fazhat\u00f3 csaptelepek:<\/strong> Visszah\u00fazhat\u00f3 sz\u00f3r\u00f3fejjel rendelkezik a tov\u00e1bbi sokoldal\u00fas\u00e1g \u00e9s tiszt\u00edt\u00f3er\u0151 \u00e9rdek\u00e9ben.<\/li>\n<li data-sourcepos=\"15:1-15:97\"><strong>Kih\u00fazhat\u00f3 csaptelepek:<\/strong> Hasonl\u00f3 a leh\u00fazhat\u00f3 csaptelepekhez, de rugalmas t\u00f6ml\u0151vel a nagyobb el\u00e9r\u00e9s \u00e9rdek\u00e9ben.<\/li>\n<li data-sourcepos=\"16:1-17:0\"><strong>\u00c9rint\u00e9s n\u00e9lk\u00fcli csaptelepek:<\/strong> K\u00e9z n\u00e9lk\u00fcli m\u0171k\u00f6d\u00e9s a tov\u00e1bbi k\u00e9nyelem \u00e9s higi\u00e9nia \u00e9rdek\u00e9ben.<\/li>\n<\/ul>\n<p data-sourcepos=\"18:1-18:64\"><strong>Megfontol\u00e1sok az egykaros konyhai csaptelep kiv\u00e1laszt\u00e1sakor:<\/strong><\/p>\n<ul data-sourcepos=\"20:1-25:0\">\n<li data-sourcepos=\"20:1-20:75\"><strong>St\u00edlus:<\/strong> V\u00e1lasszon olyan st\u00edlust, amely kieg\u00e9sz\u00edti a konyha \u00e1ltal\u00e1nos kialak\u00edt\u00e1s\u00e1t.<\/li>\n<li data-sourcepos=\"21:1-21:113\"><strong>Befejez\u00e9s:<\/strong> V\u00e1lasszon olyan kivitelez\u00e9st, amely egyszerre eleg\u00e1ns \u00e9s praktikus, p\u00e9ld\u00e1ul csiszolt nikkel, kr\u00f3m vagy matt fekete.<\/li>\n<li data-sourcepos=\"22:1-22:131\"><strong>Ki\u00f6nt\u0151 magass\u00e1ga:<\/strong> Vegye figyelembe a kifoly\u00f3cs\u0151 magass\u00e1g\u00e1t, hogy biztos\u00edtsa, hogy illeszkedjen a mosogat\u00f3hoz, \u00e9s megfelel\u0151 helyet biztos\u00edtson az ed\u00e9nyeknek.<\/li>\n<li data-sourcepos=\"23:1-23:96\"><strong>V\u00edz\u00e1raml\u00e1s:<\/strong> A v\u00edz\u00e1raml\u00e1si sebess\u00e9gnek elegend\u0151nek kell lennie az \u00d6n ig\u00e9nyeihez, de nem t\u00fal er\u0151snek.<\/li>\n<li data-sourcepos=\"24:1-25:0\"><strong>Telep\u00edt\u00e9s:<\/strong> A sziv\u00e1rg\u00e1s \u00e9s a k\u00e1rok megel\u0151z\u00e9se \u00e9rdek\u00e9ben gondoskodjon a megfelel\u0151 beszerel\u00e9sr\u0151l.<\/li>\n<\/ul>\n<p data-sourcepos=\"26:1-26:147\">Ha gondosan m\u00e9rlegeli ezeket a t\u00e9nyez\u0151ket, kiv\u00e1laszthatja a t\u00f6k\u00e9letes egykaros konyhai csaptelepet, amely fokozza konyh\u00e1ja funkcionalit\u00e1s\u00e1t \u00e9s st\u00edlus\u00e1t.<\/p>","protected":false},"excerpt":{"rendered":"<p data-sourcepos=\"7:1-7:39\">Egyny\u00edl\u00e1s\u00fa kih\u00fazhat\u00f3 csaptelep\u00fcnk:<\/p>\n<ul data-sourcepos=\"9:1-13:0\">\n<li data-sourcepos=\"9:1-9:53\"><strong>Eleg\u00e1ns kialak\u00edt\u00e1s:<\/strong> St\u00edlusos kieg\u00e9sz\u00edt\u0151je minden konyh\u00e1nak<\/li>\n<li data-sourcepos=\"10:1-10:60\"><strong>K\u00f6nny\u0171 tiszt\u00edt\u00e1s:<\/strong> Kih\u00fazhat\u00f3 permetez\u0151 a hat\u00e9kony tiszt\u00edt\u00e1shoz<\/li>\n<li data-sourcepos=\"11:1-11:72\"><strong>Tart\u00f3s kivitel:<\/strong> Rozsdamentes \u00e9s korr\u00f3zi\u00f3\u00e1ll\u00f3 csiszolt nikkel kivitelben<\/li>\n<li data-sourcepos=\"12:1-13:0\"><strong>Optimaliz\u00e1lt t\u00e9r:<\/strong> A kompakt kialak\u00edt\u00e1s maximaliz\u00e1lja a pult hely\u00e9t<\/li>\n<\/ul>","protected":false},"featured_media":2600,"template":"","meta":[],"product_brand":[],"product_cat":[57],"product_tag":[],"class_list":{"0":"post-2599","1":"product","2":"type-product","3":"status-publish","4":"has-post-thumbnail","6":"product_cat-stainless-steel-faucet","8":"first","9":"instock","10":"shipping-taxable","11":"product-type-simple"},"_links":{"self":[{"href":"https:\/\/sinkwithfaucet.com\/hu\/wp-json\/wp\/v2\/product\/2599","targetHints":{"allow":["GET"]}}],"collection":[{"href":"https:\/\/sinkwithfaucet.com\/hu\/wp-json\/wp\/v2\/product"}],"about":[{"href":"https:\/\/sinkwithfaucet.com\/hu\/wp-json\/wp\/v2\/types\/product"}],"wp:featuredmedia":[{"embeddable":true,"href":"https:\/\/sinkwithfaucet.com\/hu\/wp-json\/wp\/v2\/media\/2600"}],"wp:attachment":[{"href":"https:\/\/sinkwithfaucet.com\/hu\/wp-json\/wp\/v2\/media?parent=2599"}],"wp:term":[{"taxonomy":"product_brand","embeddable":true,"href":"https:\/\/sinkwithfaucet.com\/hu\/wp-json\/wp\/v2\/product_brand?post=2599"},{"taxonomy":"product_cat","embeddable":true,"href":"https:\/\/sinkwithfaucet.com\/hu\/wp-json\/wp\/v2\/product_cat?post=2599"},{"taxonomy":"product_tag","embeddable":true,"href":"https:\/\/sinkwithfaucet.com\/hu\/wp-json\/wp\/v2\/product_tag?post=2599"}],"curies":[{"name":"wp","href":"https:\/\/api.w.org\/{rel}","templated":true}]}}