{"id":2580,"date":"2024-11-09T06:33:57","date_gmt":"2024-11-09T06:33:57","guid":{"rendered":"https:\/\/sinkwithfaucet.com\/?post_type=product&#038;p=2580"},"modified":"2024-11-09T06:33:57","modified_gmt":"2024-11-09T06:33:57","slug":"drainboard-kitchen-sink-6844","status":"publish","type":"product","link":"https:\/\/sinkwithfaucet.com\/hu\/drainboard-kitchen-sink-6844\/","title":{"rendered":"Drainboard konyhai mosogat\u00f3 6844"},"content":{"rendered":"<h2 data-sourcepos=\"1:1-1:56\">K\u00e9toldali lefoly\u00f3szekr\u00e9nyes konyhai mosogat\u00f3k: Gyakorlati v\u00e1laszt\u00e1s<\/h2>\n<p data-sourcepos=\"3:1-3:212\">A k\u00e9toldali lefoly\u00f3szekr\u00e9nyes mosogat\u00f3 funkcion\u00e1lis \u00e9s st\u00edlusos kieg\u00e9sz\u00edt\u0151je minden konyh\u00e1nak. A mosogat\u00f3 mindk\u00e9t oldal\u00e1n v\u00edzelvezet\u0151 lapok tal\u00e1lhat\u00f3k, amelyek elegend\u0151 helyet biztos\u00edtanak az ed\u00e9nyek, ed\u00e9nyek \u00e9s egy\u00e9b konyhai eszk\u00f6z\u00f6k sz\u00e1r\u00edt\u00e1s\u00e1hoz.<\/p>\n<p data-sourcepos=\"5:1-5:54\"><strong>Kulcsfontoss\u00e1g\u00fa jellemz\u0151k:<\/strong><\/p>\n<ul data-sourcepos=\"7:1-11:0\">\n<li data-sourcepos=\"7:1-7:102\"><strong>Fokozott funkcionalit\u00e1s:<\/strong> A kett\u0151s lefoly\u00f3t\u00e1bl\u00e1k t\u00f6bb helyet biztos\u00edtanak az ed\u00e9nyek sz\u00e1r\u00edt\u00e1s\u00e1hoz \u00e9s rendszerez\u00e9s\u00e9hez.<\/li>\n<li data-sourcepos=\"8:1-8:109\"><strong>Jav\u00edtott hat\u00e9konys\u00e1g:<\/strong> A tiszta \u00e9s a piszkos ed\u00e9nyek sz\u00e1m\u00e1ra elk\u00fcl\u00f6n\u00edtett lefoly\u00f3t\u00e1bl\u00e1k seg\u00edthetnek a konyhai feladatok racionaliz\u00e1l\u00e1s\u00e1ban.<\/li>\n<li data-sourcepos=\"9:1-9:105\"><strong>Modern design:<\/strong> K\u00fcl\u00f6nb\u00f6z\u0151 st\u00edlusokban \u00e9s kivitelben kaphat\u00f3, hogy kieg\u00e9sz\u00edtse a k\u00fcl\u00f6nb\u00f6z\u0151 konyhai eszt\u00e9tik\u00e1t.<\/li>\n<li data-sourcepos=\"10:1-11:0\"><strong>Tart\u00f3s anyagok:<\/strong> Jellemz\u0151en rozsdamentes ac\u00e9lb\u00f3l k\u00e9sz\u00fcl, ami hossz\u00fa \u00e9lettartamot biztos\u00edt.<\/li>\n<\/ul>\n<p data-sourcepos=\"12:1-12:68\"><strong>Megfontol\u00e1sok a k\u00e9toldali lefoly\u00f3szekr\u00e9nyes mosogat\u00f3 kiv\u00e1laszt\u00e1sakor:<\/strong><\/p>\n<ul data-sourcepos=\"14:1-18:0\">\n<li data-sourcepos=\"14:1-14:73\"><strong>M\u00e9ret:<\/strong> V\u00e1lasszon olyan m\u00e9retet, amely megfelel a konyha elrendez\u00e9s\u00e9nek \u00e9s az \u00d6n ig\u00e9nyeinek.<\/li>\n<li data-sourcepos=\"15:1-15:85\"><strong>Anyag:<\/strong> V\u00e1lasszon tart\u00f3s \u00e9s k\u00f6nnyen tiszt\u00edthat\u00f3 anyagot, p\u00e9ld\u00e1ul rozsdamentes ac\u00e9lt.<\/li>\n<li data-sourcepos=\"16:1-16:105\"><strong>Drainboard m\u00e9ret:<\/strong> Vegye figyelembe a lefoly\u00f3t\u00e1bl\u00e1k m\u00e9ret\u00e9t, hogy biztos\u00edtsa, hogy elf\u00e9rjenek az ed\u00e9nyek.<\/li>\n<li data-sourcepos=\"17:1-18:0\"><strong>Telep\u00edt\u00e9s:<\/strong> A sziv\u00e1rg\u00e1s \u00e9s a k\u00e1rok megel\u0151z\u00e9se \u00e9rdek\u00e9ben gondoskodjon a megfelel\u0151 beszerel\u00e9sr\u0151l.<\/li>\n<\/ul>\n<p data-sourcepos=\"19:1-19:150\">Ha gondosan m\u00e9rlegeli ezeket a t\u00e9nyez\u0151ket, kiv\u00e1laszthatja a t\u00f6k\u00e9letes k\u00e9toldali lefoly\u00f3szekr\u00e9nyes mosogat\u00f3t, amely fokozza konyh\u00e1ja funkcionalit\u00e1s\u00e1t \u00e9s st\u00edlus\u00e1t.<\/p>","protected":false},"excerpt":{"rendered":"<p>Teljes m\u00e9ret : 1000*500*150 mm<\/p>\n<p>Kiv\u00e1g\u00e1s m\u00e9rete : 980*480 mm<\/p>\n<p>Anyag : Rozsdamentes ac\u00e9l<\/p>","protected":false},"featured_media":2581,"template":"","meta":[],"product_brand":[],"product_cat":[56],"product_tag":[],"class_list":{"0":"post-2580","1":"product","2":"type-product","3":"status-publish","4":"has-post-thumbnail","6":"product_cat-pressing-kitchen-sink","8":"first","9":"instock","10":"shipping-taxable","11":"product-type-simple"},"_links":{"self":[{"href":"https:\/\/sinkwithfaucet.com\/hu\/wp-json\/wp\/v2\/product\/2580","targetHints":{"allow":["GET"]}}],"collection":[{"href":"https:\/\/sinkwithfaucet.com\/hu\/wp-json\/wp\/v2\/product"}],"about":[{"href":"https:\/\/sinkwithfaucet.com\/hu\/wp-json\/wp\/v2\/types\/product"}],"wp:featuredmedia":[{"embeddable":true,"href":"https:\/\/sinkwithfaucet.com\/hu\/wp-json\/wp\/v2\/media\/2581"}],"wp:attachment":[{"href":"https:\/\/sinkwithfaucet.com\/hu\/wp-json\/wp\/v2\/media?parent=2580"}],"wp:term":[{"taxonomy":"product_brand","embeddable":true,"href":"https:\/\/sinkwithfaucet.com\/hu\/wp-json\/wp\/v2\/product_brand?post=2580"},{"taxonomy":"product_cat","embeddable":true,"href":"https:\/\/sinkwithfaucet.com\/hu\/wp-json\/wp\/v2\/product_cat?post=2580"},{"taxonomy":"product_tag","embeddable":true,"href":"https:\/\/sinkwithfaucet.com\/hu\/wp-json\/wp\/v2\/product_tag?post=2580"}],"curies":[{"name":"wp","href":"https:\/\/api.w.org\/{rel}","templated":true}]}}