{"id":2570,"date":"2024-11-09T06:21:01","date_gmt":"2024-11-09T06:21:01","guid":{"rendered":"https:\/\/sinkwithfaucet.com\/?post_type=product&#038;p=2570"},"modified":"2024-11-09T06:21:01","modified_gmt":"2024-11-09T06:21:01","slug":"large-kitchen-sink-7548d","status":"publish","type":"product","link":"https:\/\/sinkwithfaucet.com\/hu\/large-kitchen-sink-7548d\/","title":{"rendered":"nagy mosogat\u00f3 7548D"},"content":{"rendered":"<h2 data-sourcepos=\"1:1-1:56\">Nagym\u00e9ret\u0171 konyhai mosogat\u00f3k: T\u00e1gas \u00e9s funkcion\u00e1lis v\u00e1laszt\u00e1s<\/h2>\n<p data-sourcepos=\"3:1-3:253\">A nagym\u00e9ret\u0171, jellemz\u0151en 36 h\u00fcvelykes vagy ann\u00e1l nagyobb mosogat\u00f3k b\u0151s\u00e9ges helyet k\u00edn\u00e1lnak a k\u00fcl\u00f6nb\u00f6z\u0151 feladatokhoz, bele\u00e9rtve az ed\u00e9nyek mosogat\u00e1s\u00e1t, az \u00e9telek elk\u00e9sz\u00edt\u00e9s\u00e9t \u00e9s a nagym\u00e9ret\u0171 t\u00e1rgyak \u00e1ztat\u00e1s\u00e1t. Ezek n\u00e9pszer\u0171 v\u00e1laszt\u00e1snak sz\u00e1m\u00edtanak azon lak\u00e1stulajdonosok sz\u00e1m\u00e1ra, akik t\u00e1gas \u00e9s funkcion\u00e1lis munkater\u00fcletet ig\u00e9nyelnek.<\/p>\n<p data-sourcepos=\"5:1-5:36\"><strong>A nagym\u00e9ret\u0171 konyhai mosogat\u00f3k el\u0151nyei:<\/strong><\/p>\n<ul data-sourcepos=\"7:1-10:0\">\n<li data-sourcepos=\"7:1-7:111\"><strong>Fokozott funkcionalit\u00e1s:<\/strong> A nagy mosogat\u00f3k b\u0151s\u00e9ges helyet biztos\u00edtanak a t\u00f6bbfeladatos munkav\u00e9gz\u00e9shez \u00e9s a nagyobb t\u00e1rgyak elhelyez\u00e9s\u00e9hez.<\/li>\n<li data-sourcepos=\"8:1-8:133\"><strong>Sokoldal\u00fas\u00e1g:<\/strong> Sz\u00e1mos feladatra haszn\u00e1lhat\u00f3k, az ed\u00e9nyek mosogat\u00e1s\u00e1t\u00f3l kezdve az \u00e9telek elk\u00e9sz\u00edt\u00e9s\u00e9n \u00e1t a gy\u00fcm\u00f6lcs\u00f6k \u00e9s z\u00f6lds\u00e9gek tiszt\u00edt\u00e1s\u00e1ig.<\/li>\n<li data-sourcepos=\"9:1-10:0\"><strong>Modern eszt\u00e9tika:<\/strong> A nagym\u00e9ret\u0171 mosogat\u00f3k eleg\u00e1ns \u00e9s modern megjelen\u00e9st k\u00f6lcs\u00f6n\u00f6zhetnek konyh\u00e1j\u00e1nak.<\/li>\n<\/ul>\n<p data-sourcepos=\"11:1-11:33\"><strong>Nagym\u00e9ret\u0171 konyhai mosogat\u00f3k t\u00edpusai:<\/strong><\/p>\n<ul data-sourcepos=\"13:1-17:0\">\n<li data-sourcepos=\"13:1-13:110\"><strong>Be\u00e9p\u00edtett mosogat\u00f3k:<\/strong> Ezek a mosogat\u00f3k a munkalap al\u00e1 ker\u00fclnek be\u00e9p\u00edt\u00e9sre, \u00edgy z\u00f6kken\u0151mentes \u00e9s modern megjelen\u00e9st biztos\u00edtanak.<\/li>\n<li data-sourcepos=\"14:1-14:104\"><strong>Fel\u00fclre szerelhet\u0151 mosogat\u00f3k:<\/strong> Ezek a mosogat\u00f3k a munkalap tetej\u00e9re vannak szerelve, hagyom\u00e1nyos megjelen\u00e9st biztos\u00edtva.<\/li>\n<li data-sourcepos=\"15:1-15:109\"><strong>Paraszth\u00e1zi mosogat\u00f3k:<\/strong> Nagy, m\u00e9ly mosogat\u00f3k k\u00f6t\u00e9nyes el\u0151lappal, amelyek rusztikus \u00e9s paraszth\u00e1zi st\u00edlus\u00fa eszt\u00e9tik\u00e1t k\u00edn\u00e1lnak.<\/li>\n<li data-sourcepos=\"16:1-17:0\"><strong>Kereskedelmi mosogat\u00f3k:<\/strong> Nagy ig\u00e9nybev\u00e9telre tervezett, ipari min\u0151s\u00e9g\u0171 mosogat\u00f3k, gyakran t\u00f6bb medenc\u00e9vel \u00e9s m\u00e9ly t\u00e1lakkal.<\/li>\n<\/ul>\n<p data-sourcepos=\"18:1-18:54\"><strong>Megfontol\u00e1sok a nagym\u00e9ret\u0171 mosogat\u00f3 kiv\u00e1laszt\u00e1sakor:<\/strong><\/p>\n<ul data-sourcepos=\"20:1-24:0\">\n<li data-sourcepos=\"20:1-20:107\"><strong>M\u00e9ret:<\/strong> Gy\u0151z\u0151dj\u00f6n meg arr\u00f3l, hogy a mosogat\u00f3 megfelel\u0151 m\u00e9ret\u0171 a konyhai helyis\u00e9ghez, \u00e9s kieg\u00e9sz\u00edti a t\u00f6bbi k\u00e9sz\u00fcl\u00e9ket.<\/li>\n<li data-sourcepos=\"21:1-21:88\"><strong>Anyag:<\/strong> V\u00e1lasszon tart\u00f3s anyagot, p\u00e9ld\u00e1ul rozsdamentes ac\u00e9lt, kompozitot vagy \u00f6nt\u00f6ttvasat.<\/li>\n<li data-sourcepos=\"22:1-22:112\"><strong>Csapfuratok:<\/strong> Vegye figyelembe a csaptelepfuratok sz\u00e1m\u00e1t \u00e9s elhelyez\u00e9s\u00e9t a k\u00edv\u00e1nt konfigur\u00e1ci\u00f3nak megfelel\u0151en.<\/li>\n<li data-sourcepos=\"23:1-24:0\"><strong>Telep\u00edt\u00e9s:<\/strong> A nagym\u00e9ret\u0171 mosogat\u00f3k m\u00e9ret\u00fck \u00e9s s\u00falyuk miatt szakszer\u0171 be\u00e9p\u00edt\u00e9st ig\u00e9nyelhetnek.<\/li>\n<\/ul>\n<p data-sourcepos=\"25:1-25:202\"><strong>A nagym\u00e9ret\u0171 konyhai mosogat\u00f3k n\u00e9pszer\u0171 v\u00e1laszt\u00e1snak sz\u00e1m\u00edtanak a t\u00e1gas \u00e9s funkcion\u00e1lis munkater\u00fcletre v\u00e1gy\u00f3 lak\u00e1stulajdonosok k\u00f6r\u00e9ben.<\/strong> Sokoldal\u00fas\u00e1got k\u00edn\u00e1lnak, \u00e9s n\u00f6velhetik konyh\u00e1ja \u00e1ltal\u00e1nos hat\u00e9konys\u00e1g\u00e1t \u00e9s eszt\u00e9tik\u00e1j\u00e1t.<\/p>","protected":false},"excerpt":{"rendered":"<p>Teljes m\u00e9ret: 680*450*210 mm<\/p>\n<p>Kiv\u00e1g\u00e1s m\u00e9rete : 6600*430 mm<\/p>\n<p>Anyag : Rozsdamentes ac\u00e9l<\/p>","protected":false},"featured_media":2573,"template":"","meta":[],"product_brand":[],"product_cat":[56],"product_tag":[],"class_list":{"0":"post-2570","1":"product","2":"type-product","3":"status-publish","4":"has-post-thumbnail","6":"product_cat-pressing-kitchen-sink","8":"first","9":"instock","10":"shipping-taxable","11":"product-type-simple"},"_links":{"self":[{"href":"https:\/\/sinkwithfaucet.com\/hu\/wp-json\/wp\/v2\/product\/2570","targetHints":{"allow":["GET"]}}],"collection":[{"href":"https:\/\/sinkwithfaucet.com\/hu\/wp-json\/wp\/v2\/product"}],"about":[{"href":"https:\/\/sinkwithfaucet.com\/hu\/wp-json\/wp\/v2\/types\/product"}],"wp:featuredmedia":[{"embeddable":true,"href":"https:\/\/sinkwithfaucet.com\/hu\/wp-json\/wp\/v2\/media\/2573"}],"wp:attachment":[{"href":"https:\/\/sinkwithfaucet.com\/hu\/wp-json\/wp\/v2\/media?parent=2570"}],"wp:term":[{"taxonomy":"product_brand","embeddable":true,"href":"https:\/\/sinkwithfaucet.com\/hu\/wp-json\/wp\/v2\/product_brand?post=2570"},{"taxonomy":"product_cat","embeddable":true,"href":"https:\/\/sinkwithfaucet.com\/hu\/wp-json\/wp\/v2\/product_cat?post=2570"},{"taxonomy":"product_tag","embeddable":true,"href":"https:\/\/sinkwithfaucet.com\/hu\/wp-json\/wp\/v2\/product_tag?post=2570"}],"curies":[{"name":"wp","href":"https:\/\/api.w.org\/{rel}","templated":true}]}}