{"id":2434,"date":"2024-11-04T06:57:38","date_gmt":"2024-11-04T06:57:38","guid":{"rendered":"https:\/\/sinkwithfaucet.com\/?post_type=product&#038;p=2434"},"modified":"2024-11-04T06:57:38","modified_gmt":"2024-11-04T06:57:38","slug":"undermount-sink-3322dsa","status":"publish","type":"product","link":"https:\/\/sinkwithfaucet.com\/hu\/undermount-sink-3322dsa\/","title":{"rendered":"Be\u00e9p\u00edtett mosogat\u00f3 3322DSA"},"content":{"rendered":"<h2 data-sourcepos=\"1:1-1:46\">Be\u00e9p\u00edtett mosogat\u00f3k: A sima \u00e9s modern v\u00e1laszt\u00e1s<\/h2>\n<p data-sourcepos=\"3:1-3:210\"><strong>Be\u00e9p\u00edtett mosogat\u00f3k<\/strong> n\u00e9pszer\u0171 v\u00e1laszt\u00e1s a konyh\u00e1juk tiszta \u00e9s modern megjelen\u00e9s\u00e9t keres\u0151 lak\u00e1stulajdonosok sz\u00e1m\u00e1ra. Ezeket a mosogat\u00f3kat a munkalap al\u00e1 \u00e9p\u00edtik be, \u00edgy z\u00f6kken\u0151mentes \u00e9s integr\u00e1lt megjelen\u00e9st biztos\u00edtanak.<\/p>\n<p data-sourcepos=\"5:1-5:37\"><strong>Kulcsfontoss\u00e1g\u00fa jellemz\u0151k:<\/strong><\/p>\n<ul data-sourcepos=\"7:1-11:0\">\n<li data-sourcepos=\"7:1-7:144\"><strong>Eleg\u00e1ns kialak\u00edt\u00e1s:<\/strong> A be\u00e9p\u00edt\u00e9s alatti be\u00e9p\u00edt\u00e9s kik\u00fcsz\u00f6b\u00f6li a mosogat\u00f3 \u00e9s a munkalap k\u00f6z\u00f6tti r\u00e9seket, ami minimalista \u00e9s modern eszt\u00e9tik\u00e1t eredm\u00e9nyez.<\/li>\n<li data-sourcepos=\"8:1-8:125\"><strong>K\u00f6nnyen tiszt\u00edthat\u00f3:<\/strong> A z\u00f6kken\u0151mentes kialak\u00edt\u00e1snak k\u00f6sz\u00f6nhet\u0151en a tiszt\u00edt\u00e1s gyerekj\u00e1t\u00e9k, mivel nincsenek r\u00e9sek, ahol a szennyez\u0151d\u00e9s \u00e9s a t\u00f6rmel\u00e9k felhalmoz\u00f3dhat.<\/li>\n<li data-sourcepos=\"9:1-9:140\"><strong>Megn\u00f6velt munkater\u00fclet:<\/strong> A be\u00e9p\u00edt\u00e9s alatti kialak\u00edt\u00e1s maximaliz\u00e1lja a munkalap hely\u00e9t, \u00edgy t\u00f6bb helyet biztos\u00edt az \u00e9telk\u00e9sz\u00edt\u00e9shez \u00e9s egy\u00e9b feladatokhoz.<\/li>\n<li data-sourcepos=\"10:1-11:0\"><strong>Tart\u00f3ss\u00e1g:<\/strong> A be\u00e9p\u00edthet\u0151 mosogat\u00f3k jellemz\u0151en tart\u00f3s anyagokb\u00f3l, p\u00e9ld\u00e1ul rozsdamentes ac\u00e9lb\u00f3l vagy kompozitb\u00f3l k\u00e9sz\u00fclnek, biztos\u00edtva a hossz\u00fa \u00e9lettartamot.<\/li>\n<\/ul>\n<p data-sourcepos=\"19:1-19:52\"><strong>Megfontol\u00e1sok a be\u00e9p\u00edthet\u0151 mosogat\u00f3 kiv\u00e1laszt\u00e1sakor:<\/strong><\/p>\n<ul data-sourcepos=\"21:1-25:0\">\n<li data-sourcepos=\"21:1-21:69\"><strong>M\u00e9ret:<\/strong> Gy\u0151z\u0151dj\u00f6n meg arr\u00f3l, hogy a mosogat\u00f3 megfelel\u0151 m\u00e9ret\u0171 a konyhai helyis\u00e9ghez.<\/li>\n<li data-sourcepos=\"22:1-22:98\"><strong>Anyag:<\/strong> V\u00e1lasszon tart\u00f3s \u00e9s k\u00f6nnyen tiszt\u00edthat\u00f3 anyagot, p\u00e9ld\u00e1ul rozsdamentes ac\u00e9lt vagy kompozitot.<\/li>\n<li data-sourcepos=\"23:1-23:112\"><strong>Csapfuratok:<\/strong> Vegye figyelembe a csaptelepfuratok sz\u00e1m\u00e1t \u00e9s elhelyez\u00e9s\u00e9t a k\u00edv\u00e1nt konfigur\u00e1ci\u00f3nak megfelel\u0151en.<\/li>\n<li data-sourcepos=\"24:1-25:0\"><strong>Telep\u00edt\u00e9s:<\/strong> A be\u00e9p\u00edthet\u0151 mosogat\u00f3k szakszer\u0171 be\u00e9p\u00edt\u00e9st ig\u00e9nyelnek a megfelel\u0151 \u00e9s biztons\u00e1gos illeszked\u00e9s biztos\u00edt\u00e1sa \u00e9rdek\u00e9ben.<\/li>\n<\/ul>\n<p data-sourcepos=\"26:1-26:139\">Ha gondosan m\u00e9rlegeli ezeket a t\u00e9nyez\u0151ket, kiv\u00e1laszthatja a t\u00f6k\u00e9letes be\u00e9p\u00edthet\u0151 mosogat\u00f3t, amely feldobja konyh\u00e1ja st\u00edlus\u00e1t \u00e9s funkcionalit\u00e1s\u00e1t.<\/p>","protected":false},"excerpt":{"rendered":"<p>Teljes m\u00e9ret: 33*22*10 inch \/ 838*559*254 mm<\/p>\n<p>T\u00e1l m\u00e9rete : 430*452\/330*452 mm<\/p>\n<p>Kiv\u00e1g\u00e1s m\u00e9rete : 839*560 mm<\/p>\n<p>Radi\u00e1n sarok : R10<\/p>","protected":false},"featured_media":2435,"template":"","meta":[],"product_brand":[],"product_cat":[54],"product_tag":[],"class_list":{"0":"post-2434","1":"product","2":"type-product","3":"status-publish","4":"has-post-thumbnail","6":"product_cat-apron-sink-1","8":"first","9":"instock","10":"shipping-taxable","11":"product-type-simple"},"_links":{"self":[{"href":"https:\/\/sinkwithfaucet.com\/hu\/wp-json\/wp\/v2\/product\/2434","targetHints":{"allow":["GET"]}}],"collection":[{"href":"https:\/\/sinkwithfaucet.com\/hu\/wp-json\/wp\/v2\/product"}],"about":[{"href":"https:\/\/sinkwithfaucet.com\/hu\/wp-json\/wp\/v2\/types\/product"}],"wp:featuredmedia":[{"embeddable":true,"href":"https:\/\/sinkwithfaucet.com\/hu\/wp-json\/wp\/v2\/media\/2435"}],"wp:attachment":[{"href":"https:\/\/sinkwithfaucet.com\/hu\/wp-json\/wp\/v2\/media?parent=2434"}],"wp:term":[{"taxonomy":"product_brand","embeddable":true,"href":"https:\/\/sinkwithfaucet.com\/hu\/wp-json\/wp\/v2\/product_brand?post=2434"},{"taxonomy":"product_cat","embeddable":true,"href":"https:\/\/sinkwithfaucet.com\/hu\/wp-json\/wp\/v2\/product_cat?post=2434"},{"taxonomy":"product_tag","embeddable":true,"href":"https:\/\/sinkwithfaucet.com\/hu\/wp-json\/wp\/v2\/product_tag?post=2434"}],"curies":[{"name":"wp","href":"https:\/\/api.w.org\/{rel}","templated":true}]}}