{"id":2432,"date":"2024-11-04T06:50:40","date_gmt":"2024-11-04T06:50:40","guid":{"rendered":"https:\/\/sinkwithfaucet.com\/?post_type=product&#038;p=2432"},"modified":"2024-11-11T02:44:49","modified_gmt":"2024-11-11T02:44:49","slug":"30-inch-kitchen-sink-3022ssa","status":"publish","type":"product","link":"https:\/\/sinkwithfaucet.com\/hu\/30-inch-kitchen-sink-3022ssa\/","title":{"rendered":"30 h\u00fcvelykes mosogat\u00f3 3022SSA"},"content":{"rendered":"<p data-sourcepos=\"1:1-1:227\">A 30 h\u00fcvelykes konyhai mosogat\u00f3k sok lak\u00e1stulajdonos sz\u00e1m\u00e1ra n\u00e9pszer\u0171 v\u00e1laszt\u00e1snak sz\u00e1m\u00edtanak, mivel a m\u00e9ret \u00e9s a funkcionalit\u00e1s egyens\u00faly\u00e1t k\u00edn\u00e1lj\u00e1k. K\u00fcl\u00f6nb\u00f6z\u0151 st\u00edlusokban, anyagokban \u00e9s konfigur\u00e1ci\u00f3kban kaphat\u00f3k, hogy megfeleljenek a k\u00fcl\u00f6nb\u00f6z\u0151 konyhai kialak\u00edt\u00e1soknak \u00e9s ig\u00e9nyeknek.<\/p>\n<h3 data-sourcepos=\"3:1-3:42\">A 30 h\u00fcvelykes konyhai mosogat\u00f3k f\u0151bb jellemz\u0151i:<\/h3>\n<ul data-sourcepos=\"5:1-9:0\">\n<li data-sourcepos=\"5:1-5:107\"><strong>B\u0151s\u00e9ges hely:<\/strong> Elegend\u0151 helyet biztos\u00edt az ed\u00e9nyek mosogat\u00e1s\u00e1hoz, az \u00e9telek elk\u00e9sz\u00edt\u00e9s\u00e9hez \u00e9s a nagym\u00e9ret\u0171 ed\u00e9nyek \u00e1ztat\u00e1s\u00e1hoz.<\/li>\n<li data-sourcepos=\"6:1-6:94\"><strong>Sokoldal\u00fa kialak\u00edt\u00e1s:<\/strong> Egy- \u00e9s k\u00e9tt\u00e1lc\u00e1s, valamint munka\u00e1llom\u00e1s-konfigur\u00e1ci\u00f3ban kaphat\u00f3.<\/li>\n<li data-sourcepos=\"7:1-7:80\"><strong>Tart\u00f3s anyagok:<\/strong> Gyakran rozsdamentes ac\u00e9lb\u00f3l, kompozitb\u00f3l vagy ker\u00e1mi\u00e1b\u00f3l k\u00e9sz\u00fcl.<\/li>\n<li data-sourcepos=\"8:1-9:0\"><strong>St\u00edlusos lehet\u0151s\u00e9gek:<\/strong> T\u00f6bbf\u00e9le kivitelben \u00e9s st\u00edlusban kaphat\u00f3, hogy kieg\u00e9sz\u00edtse a k\u00fcl\u00f6nb\u00f6z\u0151 konyhai eszt\u00e9tik\u00e1t.<\/li>\n<\/ul>\n<h3 data-sourcepos=\"10:1-10:35\">T\u00edpusai 30 h\u00fcvelykes konyhai mosogat\u00f3k:<\/h3>\n<ul data-sourcepos=\"12:1-15:0\">\n<li data-sourcepos=\"12:1-12:85\"><strong><a href=\"https:\/\/sinkwithfaucet.com\/hu\/undermount-sink-1\/\">Be\u00e9p\u00edtett mosogat\u00f3k<\/a>:<\/strong> A munkalap al\u00e1 szerelve eleg\u00e1ns \u00e9s modern megjelen\u00e9st biztos\u00edt.<\/li>\n<li data-sourcepos=\"13:1-13:93\"><strong><a href=\"https:\/\/sinkwithfaucet.com\/hu\/topmount-sink-1\/\">Top-Mount mosogat\u00f3k<\/a>:<\/strong> A munkalap tetej\u00e9re szerelve, hagyom\u00e1nyos megjelen\u00e9st biztos\u00edt.<\/li>\n<li data-sourcepos=\"14:1-15:0\"><strong><a href=\"https:\/\/sinkwithfaucet.com\/hu\/apron-sink-1\/\">paraszth\u00e1z mosogat\u00f3k<\/a>:<\/strong> Nagy, m\u00e9ly mosd\u00f3kagyl\u00f3k k\u00f6t\u00e9nyes el\u0151lappal, rusztikus \u00e9s funkcion\u00e1lis kialak\u00edt\u00e1ssal.<\/li>\n<\/ul>\n<h3 data-sourcepos=\"16:1-16:56\">Megfontol\u00e1sok a 30 h\u00fcvelykes mosogat\u00f3 kiv\u00e1laszt\u00e1sakor:<\/h3>\n<ul data-sourcepos=\"18:1-23:0\">\n<li data-sourcepos=\"18:1-18:94\"><strong>Anyag:<\/strong> V\u00e1lasszon tart\u00f3s \u00e9s k\u00f6nnyen tiszt\u00edthat\u00f3 anyagot, p\u00e9ld\u00e1ul rozsdamentes ac\u00e9lt vagy kompozitot.<\/li>\n<li data-sourcepos=\"19:1-19:91\"><strong>T\u00e1l konfigur\u00e1ci\u00f3:<\/strong> V\u00e1lasszon egy- vagy k\u00e9tt\u00e1las konfigur\u00e1ci\u00f3t ig\u00e9nyei szerint.<\/li>\n<li data-sourcepos=\"20:1-20:78\"><strong>M\u00e9lys\u00e9g:<\/strong> Vegye figyelembe a t\u00e1l m\u00e9lys\u00e9g\u00e9t a nagyobb ed\u00e9nyek elhelyez\u00e9s\u00e9hez.<\/li>\n<li data-sourcepos=\"21:1-21:105\"><strong>Befejez\u00e9s:<\/strong> V\u00e1lasszon a konyh\u00e1ja st\u00edlus\u00e1hoz ill\u0151 fel\u00fcletet, p\u00e9ld\u00e1ul csiszolt, f\u00e9nyezett vagy matt fel\u00fcletet.<\/li>\n<li data-sourcepos=\"22:1-23:0\"><strong>Telep\u00edt\u00e9s:<\/strong> Gondoskodjon a megfelel\u0151 be\u00e9p\u00edt\u00e9sr\u0151l, ak\u00e1r alulr\u00f3l, ak\u00e1r fel\u00fclr\u0151l szerelhet\u0151.<\/li>\n<\/ul>\n<p data-sourcepos=\"24:1-24:139\">Ha gondosan figyelembe veszi ezeket a t\u00e9nyez\u0151ket, kiv\u00e1laszthatja a t\u00f6k\u00e9letes 30 h\u00fcvelykes mosogat\u00f3t, amely fokozza konyh\u00e1ja funkcionalit\u00e1s\u00e1t \u00e9s st\u00edlus\u00e1t.<\/p>","protected":false},"excerpt":{"rendered":"<p>Teljes m\u00e9ret : 30*22*10 inch \/ 762*559*254 mm<\/p>\n<p>T\u00e1l m\u00e9rete : 712*451 mm<\/p>\n<p>Kiv\u00e1g\u00e1s m\u00e9rete : 763*503 mm<\/p>\n<p>Radi\u00e1n sarok : R10<\/p>","protected":false},"featured_media":2433,"template":"","meta":[],"product_brand":[],"product_cat":[54],"product_tag":[],"class_list":{"0":"post-2432","1":"product","2":"type-product","3":"status-publish","4":"has-post-thumbnail","6":"product_cat-apron-sink-1","8":"first","9":"instock","10":"shipping-taxable","11":"product-type-simple"},"_links":{"self":[{"href":"https:\/\/sinkwithfaucet.com\/hu\/wp-json\/wp\/v2\/product\/2432","targetHints":{"allow":["GET"]}}],"collection":[{"href":"https:\/\/sinkwithfaucet.com\/hu\/wp-json\/wp\/v2\/product"}],"about":[{"href":"https:\/\/sinkwithfaucet.com\/hu\/wp-json\/wp\/v2\/types\/product"}],"wp:featuredmedia":[{"embeddable":true,"href":"https:\/\/sinkwithfaucet.com\/hu\/wp-json\/wp\/v2\/media\/2433"}],"wp:attachment":[{"href":"https:\/\/sinkwithfaucet.com\/hu\/wp-json\/wp\/v2\/media?parent=2432"}],"wp:term":[{"taxonomy":"product_brand","embeddable":true,"href":"https:\/\/sinkwithfaucet.com\/hu\/wp-json\/wp\/v2\/product_brand?post=2432"},{"taxonomy":"product_cat","embeddable":true,"href":"https:\/\/sinkwithfaucet.com\/hu\/wp-json\/wp\/v2\/product_cat?post=2432"},{"taxonomy":"product_tag","embeddable":true,"href":"https:\/\/sinkwithfaucet.com\/hu\/wp-json\/wp\/v2\/product_tag?post=2432"}],"curies":[{"name":"wp","href":"https:\/\/api.w.org\/{rel}","templated":true}]}}