{"id":2429,"date":"2024-11-04T06:26:45","date_gmt":"2024-11-04T06:26:45","guid":{"rendered":"https:\/\/sinkwithfaucet.com\/?post_type=product&#038;p=2429"},"modified":"2024-11-04T06:27:51","modified_gmt":"2024-11-04T06:27:51","slug":"stainless-apron-sink-3322da","status":"publish","type":"product","link":"https:\/\/sinkwithfaucet.com\/hu\/stainless-apron-sink-3322da\/","title":{"rendered":"Rozsdamentes k\u00f6t\u00e9nyes mosogat\u00f3 3322DA"},"content":{"rendered":"<h2><strong><b>Rozsdamentes k\u00f6t\u00e9nyes mosd\u00f3k: Klasszikusok: Egy tart\u00f3s klasszikus<\/b><\/strong><\/h2>\n<p>A rozsdamentes k\u00f6t\u00e9nymosd\u00f3k nagy vonzer\u0151vel b\u00edrnak azon lak\u00e1stulajdonosok sz\u00e1m\u00e1ra, akik olyan konyh\u00e1t keresnek, amely egyszerre eleg\u00e1ns \u00e9s rendk\u00edv\u00fcl funkcion\u00e1lis. Ezek a m\u00e9retes \u00e9s m\u00e9ly mosogat\u00f3k, amelyeket gyakran \"paraszti mosogat\u00f3k\u00e9nt\" is emlegetnek, egyedi k\u00f6t\u00e9nyes el\u0151lappal b\u00fcszk\u00e9lkedhetnek, amely t\u00falny\u00falik a munkalapon.<\/p>\n<p>&nbsp;<\/p>\n<p><strong>A rozsdamentes ac\u00e9l k\u00f6t\u00e9nyes mosogat\u00f3k f\u0151bb jellemz\u0151i:<\/strong><\/p>\n<ul>\n<li>T\u00e1gas t\u00e1l: B\u0151s\u00e9ges helyet k\u00edn\u00e1l a nagy ed\u00e9nyek mosogat\u00e1s\u00e1hoz.<\/li>\n<li>St\u00edlusos kialak\u00edt\u00e1s: Klasszikus \u00e9s kifinomult megjelen\u00e9st k\u00f6lcs\u00f6n\u00f6z a konyh\u00e1nak.<\/li>\n<li>Tart\u00f3ss\u00e1g: Kiv\u00e1l\u00f3 min\u0151s\u00e9g\u0171 rozsdamentes ac\u00e9lb\u00f3l k\u00e9sz\u00fclt, garant\u00e1lva a hossz\u00fa t\u00e1v\u00fa teljes\u00edtm\u00e9nyt.<\/li>\n<li>K\u00f6nnyen tiszt\u00edthat\u00f3: A sima fel\u00fcletet k\u00f6nny\u0171 karbantartani \u00e9s fert\u0151tlen\u00edteni.<\/li>\n<\/ul>\n<p><strong><b>Megfontol\u00e1sok rozsdamentes ac\u00e9l k\u00f6t\u00e9nyes mosogat\u00f3 kiv\u00e1laszt\u00e1sakor:<\/b><\/strong><\/p>\n<ul>\n<li>M\u00e9ret: V\u00e1lasszon olyan m\u00e9retet, amely megfelel a konyha elrendez\u00e9s\u00e9nek \u00e9s az \u00d6n egyedi ig\u00e9nyeinek.<\/li>\n<li>T\u00e1l konfigur\u00e1ci\u00f3: V\u00e1lasszon egy- vagy k\u00e9tt\u00e1las be\u00e1ll\u00edt\u00e1s k\u00f6z\u00f6tt, az \u00d6n preferenci\u00e1i szerint.<\/li>\n<li>M\u00e9r\u0151m\u0171szer: A vastagabb nyomt\u00e1v tart\u00f3sabb mosogat\u00f3t jelent.<\/li>\n<li>Fel\u00fclet: V\u00e1lasszon a konyh\u00e1ja st\u00edlus\u00e1val harmoniz\u00e1l\u00f3 fel\u00fcletet, p\u00e9ld\u00e1ul csiszolt vagy pol\u00edrozott rozsdamentes ac\u00e9lt.<\/li>\n<\/ul>\n<p><strong><b>Telep\u00edt\u00e9s:<\/b><\/strong><\/p>\n<p>E t\u00e9nyez\u0151k gondos m\u00e9rlegel\u00e9s\u00e9vel kiv\u00e1laszthatja az ide\u00e1lis rozsdamentes ac\u00e9l k\u00f6t\u00e9nyes mosogat\u00f3t, amely feldobja konyh\u00e1ja st\u00edlus\u00e1t \u00e9s funkcionalit\u00e1s\u00e1t.<\/p>","protected":false},"excerpt":{"rendered":"<p>Teljes m\u00e9ret: 33*22*10 inch \/ 838*559*254 mm<\/p>\n<p>T\u00e1l m\u00e9rete : 788*420\/330*452 mm<\/p>\n<p>Kiv\u00e1g\u00e1s m\u00e9rete : 839*503 mm<\/p>\n<p>Radi\u00e1n sarok : R10<\/p>","protected":false},"featured_media":2430,"template":"","meta":[],"product_brand":[],"product_cat":[54],"product_tag":[],"class_list":{"0":"post-2429","1":"product","2":"type-product","3":"status-publish","4":"has-post-thumbnail","6":"product_cat-apron-sink-1","8":"first","9":"instock","10":"shipping-taxable","11":"product-type-simple"},"_links":{"self":[{"href":"https:\/\/sinkwithfaucet.com\/hu\/wp-json\/wp\/v2\/product\/2429","targetHints":{"allow":["GET"]}}],"collection":[{"href":"https:\/\/sinkwithfaucet.com\/hu\/wp-json\/wp\/v2\/product"}],"about":[{"href":"https:\/\/sinkwithfaucet.com\/hu\/wp-json\/wp\/v2\/types\/product"}],"wp:featuredmedia":[{"embeddable":true,"href":"https:\/\/sinkwithfaucet.com\/hu\/wp-json\/wp\/v2\/media\/2430"}],"wp:attachment":[{"href":"https:\/\/sinkwithfaucet.com\/hu\/wp-json\/wp\/v2\/media?parent=2429"}],"wp:term":[{"taxonomy":"product_brand","embeddable":true,"href":"https:\/\/sinkwithfaucet.com\/hu\/wp-json\/wp\/v2\/product_brand?post=2429"},{"taxonomy":"product_cat","embeddable":true,"href":"https:\/\/sinkwithfaucet.com\/hu\/wp-json\/wp\/v2\/product_cat?post=2429"},{"taxonomy":"product_tag","embeddable":true,"href":"https:\/\/sinkwithfaucet.com\/hu\/wp-json\/wp\/v2\/product_tag?post=2429"}],"curies":[{"name":"wp","href":"https:\/\/api.w.org\/{rel}","templated":true}]}}