{"id":2427,"date":"2024-11-04T06:16:23","date_gmt":"2024-11-04T06:16:23","guid":{"rendered":"https:\/\/sinkwithfaucet.com\/?post_type=product&#038;p=2427"},"modified":"2024-11-04T06:16:23","modified_gmt":"2024-11-04T06:16:23","slug":"stainless-steel-apron-sink-3022sa","status":"publish","type":"product","link":"https:\/\/sinkwithfaucet.com\/hu\/stainless-steel-apron-sink-3022sa\/","title":{"rendered":"Rozsdamentes ac\u00e9l k\u00f6t\u00e9nyes mosogat\u00f3 3022SA"},"content":{"rendered":"<h2 data-sourcepos=\"1:1-1:56\">Rozsdamentes ac\u00e9l k\u00f6t\u00e9nyes mosd\u00f3k: A Timeless Classic<\/h2>\n<p data-sourcepos=\"3:1-3:252\">A rozsdamentes ac\u00e9l k\u00f6t\u00e9nyes mosogat\u00f3k n\u00e9pszer\u0171 v\u00e1laszt\u00e1snak sz\u00e1m\u00edtanak azon lak\u00e1stulajdonosok sz\u00e1m\u00e1ra, akik st\u00edlusos \u00e9s funkcion\u00e1lis konyh\u00e1t szeretn\u00e9nek. Ezek a nagy, m\u00e9ly mosogat\u00f3k, amelyeket gyakran \"paraszti mosogat\u00f3k\u00e9nt\" emlegetnek, jellegzetes k\u00f6t\u00e9nyes el\u00fcls\u0151 r\u00e9sszel rendelkeznek, amely t\u00falny\u00falik a munkalapon.<\/p>\n<p data-sourcepos=\"5:1-5:54\"><strong>A rozsdamentes ac\u00e9l k\u00f6t\u00e9nyes mosogat\u00f3k f\u0151bb jellemz\u0151i:<\/strong><\/p>\n<ul data-sourcepos=\"7:1-11:0\">\n<li data-sourcepos=\"7:1-7:64\"><strong>T\u00e1gas t\u00e1l:<\/strong> B\u0151s\u00e9ges hely a nagy ed\u00e9nyek mos\u00e1s\u00e1hoz.<\/li>\n<li data-sourcepos=\"8:1-8:86\"><strong>St\u00edlusos kialak\u00edt\u00e1s:<\/strong> A k\u00f6t\u00e9nyes el\u0151lap klasszikus \u00e9s eleg\u00e1ns megjelen\u00e9st k\u00f6lcs\u00f6n\u00f6z konyh\u00e1j\u00e1nak.<\/li>\n<li data-sourcepos=\"9:1-9:92\"><strong>Tart\u00f3ss\u00e1g:<\/strong> Kiv\u00e1l\u00f3 min\u0151s\u00e9g\u0171 rozsdamentes ac\u00e9lb\u00f3l k\u00e9sz\u00fclt, hossz\u00fa \u00e9lettartamot biztos\u00edtva.<\/li>\n<li data-sourcepos=\"10:1-11:0\"><strong>K\u00f6nnyen tiszt\u00edthat\u00f3:<\/strong> A sima fel\u00fclet k\u00f6nnyen karbantarthat\u00f3 \u00e9s fert\u0151tlen\u00edthet\u0151.<\/li>\n<\/ul>\n<p data-sourcepos=\"12:1-12:68\"><strong>Megfontol\u00e1sok rozsdamentes ac\u00e9l k\u00f6t\u00e9nyes mosogat\u00f3 kiv\u00e1laszt\u00e1sakor:<\/strong><\/p>\n<ul data-sourcepos=\"14:1-19:0\">\n<li data-sourcepos=\"14:1-14:73\"><strong>M\u00e9ret:<\/strong> V\u00e1lasszon olyan m\u00e9retet, amely megfelel a konyha elrendez\u00e9s\u00e9nek \u00e9s az \u00d6n ig\u00e9nyeinek.<\/li>\n<li data-sourcepos=\"15:1-15:97\"><strong>T\u00e1l konfigur\u00e1ci\u00f3:<\/strong> V\u00e1lasszon egy- vagy k\u00e9tt\u00e1las konfigur\u00e1ci\u00f3t az \u00d6n preferenci\u00e1i alapj\u00e1n.<\/li>\n<li data-sourcepos=\"16:1-16:59\"><strong>M\u00e9r\u0151m\u0171szer:<\/strong> A vastagabb vastags\u00e1g tart\u00f3sabb mosogat\u00f3t jelez.<\/li>\n<li data-sourcepos=\"17:1-17:113\"><strong>Befejez\u00e9s:<\/strong> V\u00e1lasszon a konyh\u00e1ja st\u00edlus\u00e1hoz illeszked\u0151 kivitelez\u00e9st, p\u00e9ld\u00e1ul csiszolt vagy pol\u00edrozott rozsdamentes ac\u00e9lb\u00f3l.<\/li>\n<li data-sourcepos=\"18:1-19:0\"><strong>Telep\u00edt\u00e9s:<\/strong> Fontolja meg az alulra vagy fel\u00fclre szerel\u00e9st.<\/li>\n<\/ul>\n<p data-sourcepos=\"20:1-20:150\">Ha gondosan m\u00e9rlegeli ezeket a t\u00e9nyez\u0151ket, kiv\u00e1laszthatja a t\u00f6k\u00e9letes rozsdamentes ac\u00e9l k\u00f6t\u00e9nyes mosogat\u00f3t, amely fokozza konyh\u00e1ja st\u00edlus\u00e1t \u00e9s funkcionalit\u00e1s\u00e1t.<\/p>","protected":false},"excerpt":{"rendered":"<p>Teljes m\u00e9ret : 30*22*10 inch \/ 762*559*254 mm<\/p>\n<p>T\u00e1l m\u00e9rete : 712*451 mm<\/p>\n<p>Kiv\u00e1g\u00e1s m\u00e9rete : 763*503 mm<\/p>\n<p>Radi\u00e1n sarok : R10<\/p>","protected":false},"featured_media":2428,"template":"","meta":[],"product_brand":[],"product_cat":[54],"product_tag":[],"class_list":{"0":"post-2427","1":"product","2":"type-product","3":"status-publish","4":"has-post-thumbnail","6":"product_cat-apron-sink-1","8":"first","9":"instock","10":"shipping-taxable","11":"product-type-simple"},"_links":{"self":[{"href":"https:\/\/sinkwithfaucet.com\/hu\/wp-json\/wp\/v2\/product\/2427","targetHints":{"allow":["GET"]}}],"collection":[{"href":"https:\/\/sinkwithfaucet.com\/hu\/wp-json\/wp\/v2\/product"}],"about":[{"href":"https:\/\/sinkwithfaucet.com\/hu\/wp-json\/wp\/v2\/types\/product"}],"wp:featuredmedia":[{"embeddable":true,"href":"https:\/\/sinkwithfaucet.com\/hu\/wp-json\/wp\/v2\/media\/2428"}],"wp:attachment":[{"href":"https:\/\/sinkwithfaucet.com\/hu\/wp-json\/wp\/v2\/media?parent=2427"}],"wp:term":[{"taxonomy":"product_brand","embeddable":true,"href":"https:\/\/sinkwithfaucet.com\/hu\/wp-json\/wp\/v2\/product_brand?post=2427"},{"taxonomy":"product_cat","embeddable":true,"href":"https:\/\/sinkwithfaucet.com\/hu\/wp-json\/wp\/v2\/product_cat?post=2427"},{"taxonomy":"product_tag","embeddable":true,"href":"https:\/\/sinkwithfaucet.com\/hu\/wp-json\/wp\/v2\/product_tag?post=2427"}],"curies":[{"name":"wp","href":"https:\/\/api.w.org\/{rel}","templated":true}]}}