{"id":2425,"date":"2024-11-04T06:09:13","date_gmt":"2024-11-04T06:09:13","guid":{"rendered":"https:\/\/sinkwithfaucet.com\/?post_type=product&#038;p=2425"},"modified":"2024-11-04T06:09:28","modified_gmt":"2024-11-04T06:09:28","slug":"matte-black-kitchen-sink-9246","status":"publish","type":"product","link":"https:\/\/sinkwithfaucet.com\/hu\/matte-black-kitchen-sink-9246\/","title":{"rendered":"Matt fekete mosogat\u00f3 9246"},"content":{"rendered":"<h2 data-sourcepos=\"1:1-1:55\">Matt fekete konyhai mosogat\u00f3k: Modern \u00e9s eleg\u00e1ns v\u00e1laszt\u00e1s<\/h2>\n<p data-sourcepos=\"3:1-3:165\">A matt fekete konyhai mosogat\u00f3k st\u00edlusos \u00e9s modern megjelen\u00e9s\u00fck miatt egyre n\u00e9pszer\u0171bbek. B\u00e1rmilyen konyhai kialak\u00edt\u00e1shoz hozz\u00e1adhatnak egy csipetnyi kifinomults\u00e1got.<\/p>\n<p data-sourcepos=\"5:1-5:46\"><strong>Kulcsfontoss\u00e1g\u00fa jellemz\u0151k:<\/strong><\/p>\n<ul data-sourcepos=\"7:1-11:0\">\n<li data-sourcepos=\"7:1-7:100\"><strong>Eleg\u00e1ns \u00e9s modern eszt\u00e9tika:<\/strong> A matt fekete kivitel korszer\u0171 \u00e9s minimalista megjelen\u00e9st k\u00f6lcs\u00f6n\u00f6z.<\/li>\n<li data-sourcepos=\"8:1-8:107\"><strong>Ujjlenyomat-ellen\u00e1ll\u00f3:<\/strong> A matt fel\u00fclet seg\u00edt minimaliz\u00e1lni az ujjlenyomatok \u00e9s foltok l\u00e1that\u00f3s\u00e1g\u00e1t.<\/li>\n<li data-sourcepos=\"9:1-9:99\"><strong>Tart\u00f3s \u00e9s hossz\u00fa \u00e9lettartam\u00fa:<\/strong> Kiv\u00e1l\u00f3 min\u0151s\u00e9g\u0171 anyagokb\u00f3l, p\u00e9ld\u00e1ul rozsdamentes ac\u00e9lb\u00f3l vagy kompozitb\u00f3l k\u00e9sz\u00fclt.<\/li>\n<li data-sourcepos=\"10:1-11:0\"><strong>Sokoldal\u00fa:<\/strong> T\u00f6bbf\u00e9le st\u00edlusban kaphat\u00f3, bele\u00e9rtve a be\u00e9p\u00edthet\u0151, a fel\u00fclre szerelhet\u0151 \u00e9s a paraszth\u00e1zi szekr\u00e9nyeket.<\/li>\n<\/ul>\n<p data-sourcepos=\"12:1-12:60\"><strong>Megfontol\u00e1sok a matt fekete konyhai mosogat\u00f3 kiv\u00e1laszt\u00e1sakor:<\/strong><\/p>\n<ul data-sourcepos=\"14:1-19:0\">\n<li data-sourcepos=\"14:1-14:76\"><strong>Anyag:<\/strong> V\u00e1lasszon tart\u00f3s anyagot, p\u00e9ld\u00e1ul rozsdamentes ac\u00e9lt vagy kompozitot.<\/li>\n<li data-sourcepos=\"15:1-15:78\"><strong>Befejez\u00e9s:<\/strong> Biztos\u00edtsa, hogy a matt fekete fel\u00fclet egyenletes \u00e9s kiv\u00e1l\u00f3 min\u0151s\u00e9g\u0171 legyen.<\/li>\n<li data-sourcepos=\"16:1-16:86\"><strong>M\u00e9ret \u00e9s forma:<\/strong> V\u00e1lassza ki a konyha elrendez\u00e9s\u00e9hez \u00e9s ig\u00e9nyeihez illeszked\u0151 m\u00e9retet \u00e9s form\u00e1t.<\/li>\n<li data-sourcepos=\"17:1-17:91\"><strong>Telep\u00edt\u00e9s:<\/strong> Vegye figyelembe a be\u00e9p\u00edt\u00e9si m\u00f3dot, ak\u00e1r alulr\u00f3l, ak\u00e1r fel\u00fclr\u0151l szerelhet\u0151.<\/li>\n<li data-sourcepos=\"18:1-19:0\"><strong>Karbantart\u00e1s:<\/strong> B\u00e1r a matt fekete mosogat\u00f3k tart\u00f3sak, megjelen\u00e9s\u00fck meg\u0151rz\u00e9s\u00e9hez elengedhetetlen a rendszeres tiszt\u00edt\u00e1s.<\/li>\n<\/ul>\n<p data-sourcepos=\"20:1-20:143\">Ha gondosan m\u00e9rlegeli ezeket a t\u00e9nyez\u0151ket, kiv\u00e1laszthatja a t\u00f6k\u00e9letes matt fekete mosogat\u00f3t, amely feldobja konyh\u00e1ja st\u00edlus\u00e1t \u00e9s funkcionalit\u00e1s\u00e1t.<\/p>","protected":false},"excerpt":{"rendered":"<p>Teljes m\u00e9ret : 9200*460*230 mm<\/p>\n<p>T\u00e1l m\u00e9rete : 700*363 mm<\/p>\n<p>Kiv\u00e1g\u00e1s m\u00e9rete : 896*436 mm<\/p>\n<p>Radi\u00e1n sarok : R10<\/p>","protected":false},"featured_media":2426,"template":"","meta":[],"product_brand":[],"product_cat":[53],"product_tag":[],"class_list":{"0":"post-2425","1":"product","2":"type-product","3":"status-publish","4":"has-post-thumbnail","6":"product_cat-topmount-sink-1","8":"first","9":"instock","10":"shipping-taxable","11":"product-type-simple"},"_links":{"self":[{"href":"https:\/\/sinkwithfaucet.com\/hu\/wp-json\/wp\/v2\/product\/2425","targetHints":{"allow":["GET"]}}],"collection":[{"href":"https:\/\/sinkwithfaucet.com\/hu\/wp-json\/wp\/v2\/product"}],"about":[{"href":"https:\/\/sinkwithfaucet.com\/hu\/wp-json\/wp\/v2\/types\/product"}],"wp:featuredmedia":[{"embeddable":true,"href":"https:\/\/sinkwithfaucet.com\/hu\/wp-json\/wp\/v2\/media\/2426"}],"wp:attachment":[{"href":"https:\/\/sinkwithfaucet.com\/hu\/wp-json\/wp\/v2\/media?parent=2425"}],"wp:term":[{"taxonomy":"product_brand","embeddable":true,"href":"https:\/\/sinkwithfaucet.com\/hu\/wp-json\/wp\/v2\/product_brand?post=2425"},{"taxonomy":"product_cat","embeddable":true,"href":"https:\/\/sinkwithfaucet.com\/hu\/wp-json\/wp\/v2\/product_cat?post=2425"},{"taxonomy":"product_tag","embeddable":true,"href":"https:\/\/sinkwithfaucet.com\/hu\/wp-json\/wp\/v2\/product_tag?post=2425"}],"curies":[{"name":"wp","href":"https:\/\/api.w.org\/{rel}","templated":true}]}}