{"id":2423,"date":"2024-11-04T06:01:20","date_gmt":"2024-11-04T06:01:20","guid":{"rendered":"https:\/\/sinkwithfaucet.com\/?post_type=product&#038;p=2423"},"modified":"2024-11-04T06:01:20","modified_gmt":"2024-11-04T06:01:20","slug":"flush-mount-sink-7948","status":"publish","type":"product","link":"https:\/\/sinkwithfaucet.com\/hu\/flush-mount-sink-7948\/","title":{"rendered":"S\u00fcllyesztett mosogat\u00f3 7948"},"content":{"rendered":"<h2 data-sourcepos=\"1:1-1:50\">S\u00fcllyesztett mosd\u00f3k: A modern \u00e9s higi\u00e9nikus v\u00e1laszt\u00e1s<\/h2>\n<p data-sourcepos=\"3:1-3:186\">A s\u00fcllyesztett mosogat\u00f3k modern \u00e9s st\u00edlusos megold\u00e1st jelentenek a konyh\u00e1k sz\u00e1m\u00e1ra. Ezeket \u00fagy szerelik be, hogy a mosogat\u00f3 pereme a munkalapba simul, \u00edgy z\u00f6kken\u0151mentes \u00e9s higi\u00e9nikus fel\u00fcletet k\u00e9peznek.<\/p>\n<p data-sourcepos=\"5:1-5:38\"><strong>Kulcsfontoss\u00e1g\u00fa jellemz\u0151k:<\/strong><\/p>\n<ul data-sourcepos=\"7:1-11:0\">\n<li data-sourcepos=\"7:1-7:81\"><strong>Eleg\u00e1ns kialak\u00edt\u00e1s:<\/strong> A s\u00fcllyesztett kialak\u00edt\u00e1s letisztult \u00e9s minimalista megjelen\u00e9st biztos\u00edt.<\/li>\n<li data-sourcepos=\"8:1-8:127\"><strong>K\u00f6nnyen tiszt\u00edthat\u00f3:<\/strong> A munkalapba val\u00f3 z\u00f6kken\u0151mentes integr\u00e1ci\u00f3 megakad\u00e1lyozza a t\u00f6rmel\u00e9k beszorul\u00e1s\u00e1t, megk\u00f6nny\u00edtve ezzel a tiszt\u00edt\u00e1st.<\/li>\n<li data-sourcepos=\"9:1-9:72\"><strong>Higi\u00e9nikus:<\/strong> A h\u00e9zagok hi\u00e1nya cs\u00f6kkenti a bakt\u00e9riumok elszaporod\u00e1s\u00e1nak kock\u00e1zat\u00e1t.<\/li>\n<li data-sourcepos=\"10:1-11:0\"><strong>Modern eszt\u00e9tika:<\/strong> Kieg\u00e9sz\u00edti a kort\u00e1rs konyhai kialak\u00edt\u00e1sokat.<\/li>\n<\/ul>\n<p data-sourcepos=\"12:1-12:52\"><strong>Megfontol\u00e1sok a s\u00fcllyesztett mosogat\u00f3 kiv\u00e1laszt\u00e1sakor:<\/strong><\/p>\n<ul data-sourcepos=\"14:1-18:0\">\n<li data-sourcepos=\"14:1-14:76\"><strong>Anyag:<\/strong> V\u00e1lasszon tart\u00f3s anyagot, p\u00e9ld\u00e1ul rozsdamentes ac\u00e9lt vagy kompozitot.<\/li>\n<li data-sourcepos=\"15:1-15:86\"><strong>M\u00e9ret \u00e9s forma:<\/strong> V\u00e1lassza ki a konyha elrendez\u00e9s\u00e9hez \u00e9s ig\u00e9nyeihez illeszked\u0151 m\u00e9retet \u00e9s form\u00e1t.<\/li>\n<li data-sourcepos=\"16:1-16:93\"><strong>Telep\u00edt\u00e9s:<\/strong> A megfelel\u0151 illeszked\u00e9s \u00e9s t\u00f6m\u00edt\u00e9s biztos\u00edt\u00e1sa \u00e9rdek\u00e9ben szakszer\u0171 beszerel\u00e9s aj\u00e1nlott.<\/li>\n<li data-sourcepos=\"17:1-18:0\"><strong>Munkalap anyaga:<\/strong> A munkalap anyag\u00e1nak kompatibilisnek kell lennie a s\u00fcllyesztett mosogat\u00f3 be\u00e9p\u00edt\u00e9si m\u00f3dj\u00e1val.<\/li>\n<\/ul>\n<p data-sourcepos=\"19:1-19:135\">Ha gondosan m\u00e9rlegeli ezeket a t\u00e9nyez\u0151ket, kiv\u00e1laszthatja a t\u00f6k\u00e9letes s\u00fcllyesztett mosogat\u00f3t, amely feldobja konyh\u00e1ja st\u00edlus\u00e1t \u00e9s funkcionalit\u00e1s\u00e1t.<\/p>","protected":false},"excerpt":{"rendered":"<p>Teljes m\u00e9ret : 787*480*230 mm<\/p>\n<p>T\u00e1l m\u00e9rete : 736*362 mm<\/p>\n<p>Kiv\u00e1g\u00e1s m\u00e9rete : 763*456 mm<\/p>\n<p>Radi\u00e1n sarok : R10<\/p>","protected":false},"featured_media":2424,"template":"","meta":[],"product_brand":[],"product_cat":[53],"product_tag":[],"class_list":{"0":"post-2423","1":"product","2":"type-product","3":"status-publish","4":"has-post-thumbnail","6":"product_cat-topmount-sink-1","8":"first","9":"instock","10":"shipping-taxable","11":"product-type-simple"},"_links":{"self":[{"href":"https:\/\/sinkwithfaucet.com\/hu\/wp-json\/wp\/v2\/product\/2423","targetHints":{"allow":["GET"]}}],"collection":[{"href":"https:\/\/sinkwithfaucet.com\/hu\/wp-json\/wp\/v2\/product"}],"about":[{"href":"https:\/\/sinkwithfaucet.com\/hu\/wp-json\/wp\/v2\/types\/product"}],"wp:featuredmedia":[{"embeddable":true,"href":"https:\/\/sinkwithfaucet.com\/hu\/wp-json\/wp\/v2\/media\/2424"}],"wp:attachment":[{"href":"https:\/\/sinkwithfaucet.com\/hu\/wp-json\/wp\/v2\/media?parent=2423"}],"wp:term":[{"taxonomy":"product_brand","embeddable":true,"href":"https:\/\/sinkwithfaucet.com\/hu\/wp-json\/wp\/v2\/product_brand?post=2423"},{"taxonomy":"product_cat","embeddable":true,"href":"https:\/\/sinkwithfaucet.com\/hu\/wp-json\/wp\/v2\/product_cat?post=2423"},{"taxonomy":"product_tag","embeddable":true,"href":"https:\/\/sinkwithfaucet.com\/hu\/wp-json\/wp\/v2\/product_tag?post=2423"}],"curies":[{"name":"wp","href":"https:\/\/api.w.org\/{rel}","templated":true}]}}