{"id":2421,"date":"2024-11-04T03:43:55","date_gmt":"2024-11-04T03:43:55","guid":{"rendered":"https:\/\/sinkwithfaucet.com\/?post_type=product&#038;p=2421"},"modified":"2024-11-04T03:43:55","modified_gmt":"2024-11-04T03:43:55","slug":"30-inch-sink-7046-a","status":"publish","type":"product","link":"https:\/\/sinkwithfaucet.com\/hu\/30-inch-sink-7046-a\/","title":{"rendered":"30 h\u00fcvelykes mosogat\u00f3 7046-A"},"content":{"rendered":"<h2 data-sourcepos=\"1:1-1:45\">30 h\u00fcvelykes mosogat\u00f3k: Sokoldal\u00fa v\u00e1laszt\u00e1s<\/h2>\n<p data-sourcepos=\"3:1-3:203\">A 30 h\u00fcvelykes mosogat\u00f3 n\u00e9pszer\u0171 m\u00e9ret, amely a hely \u00e9s a funkcionalit\u00e1s egyens\u00faly\u00e1t k\u00edn\u00e1lja. K\u00fcl\u00f6nb\u00f6z\u0151 st\u00edlusokban, anyagokban \u00e9s konfigur\u00e1ci\u00f3kban kaphat\u00f3k, hogy megfeleljenek a k\u00fcl\u00f6nb\u00f6z\u0151 konyhai kialak\u00edt\u00e1soknak \u00e9s ig\u00e9nyeknek.<\/p>\n<p data-sourcepos=\"5:1-5:42\"><strong>A 30 h\u00fcvelykes mosogat\u00f3k f\u0151bb jellemz\u0151i:<\/strong><\/p>\n<ul data-sourcepos=\"7:1-11:0\">\n<li data-sourcepos=\"7:1-7:107\"><strong>B\u0151s\u00e9ges hely:<\/strong> Elegend\u0151 helyet biztos\u00edt az ed\u00e9nyek mosogat\u00e1s\u00e1hoz, az \u00e9telek elk\u00e9sz\u00edt\u00e9s\u00e9hez \u00e9s a nagym\u00e9ret\u0171 ed\u00e9nyek \u00e1ztat\u00e1s\u00e1hoz.<\/li>\n<li data-sourcepos=\"8:1-8:94\"><strong>Sokoldal\u00fa kialak\u00edt\u00e1s:<\/strong> Egy- \u00e9s k\u00e9tt\u00e1lc\u00e1s, valamint munka\u00e1llom\u00e1s-konfigur\u00e1ci\u00f3ban kaphat\u00f3.<\/li>\n<li data-sourcepos=\"9:1-9:92\"><strong>Tart\u00f3s anyagok:<\/strong> Gyakran rozsdamentes ac\u00e9lb\u00f3l, \u00f6nt\u00f6ttvasb\u00f3l vagy kompozit anyagokb\u00f3l k\u00e9sz\u00fcl.<\/li>\n<li data-sourcepos=\"10:1-11:0\"><strong>Modern eszt\u00e9tika:<\/strong> Eleg\u00e1ns \u00e9s modern formatervez\u00e9s, amely kieg\u00e9sz\u00edti a k\u00fcl\u00f6nb\u00f6z\u0151 konyhai st\u00edlusokat.<\/li>\n<\/ul>\n<p data-sourcepos=\"12:1-12:35\"><strong>T\u00edpusai 30 h\u00fcvelykes konyhai mosogat\u00f3k:<\/strong><\/p>\n<ul data-sourcepos=\"14:1-17:0\">\n<li data-sourcepos=\"14:1-14:77\"><strong>Be\u00e9p\u00edtett mosogat\u00f3k:<\/strong> A munkalap al\u00e1 telep\u00edtve a z\u00f6kken\u0151mentes megjelen\u00e9s \u00e9rdek\u00e9ben.<\/li>\n<li data-sourcepos=\"15:1-15:93\"><strong>Fel\u00fclre szerelhet\u0151 mosogat\u00f3k:<\/strong> A munkalap tetej\u00e9re szerelve, hagyom\u00e1nyos megjelen\u00e9st biztos\u00edt.<\/li>\n<li data-sourcepos=\"16:1-17:0\"><strong>Paraszth\u00e1zi mosogat\u00f3k:<\/strong> Nagy, m\u00e9ly mosd\u00f3kagyl\u00f3k k\u00f6t\u00e9nyes el\u0151lappal, rusztikus \u00e9s funkcion\u00e1lis kialak\u00edt\u00e1ssal.<\/li>\n<\/ul>\n<p data-sourcepos=\"18:1-18:73\"><strong>A 30 h\u00fcvelykes mosogat\u00f3 kiv\u00e1laszt\u00e1sakor vegye figyelembe a k\u00f6vetkez\u0151 t\u00e9nyez\u0151ket:<\/strong><\/p>\n<ul data-sourcepos=\"20:1-25:0\">\n<li data-sourcepos=\"20:1-20:94\"><strong>Anyag:<\/strong> V\u00e1lasszon tart\u00f3s \u00e9s k\u00f6nnyen tiszt\u00edthat\u00f3 anyagot, p\u00e9ld\u00e1ul rozsdamentes ac\u00e9lt vagy kompozitot.<\/li>\n<li data-sourcepos=\"21:1-21:100\"><strong>T\u00e1l konfigur\u00e1ci\u00f3:<\/strong> V\u00e1lasszon egy, k\u00e9t vagy h\u00e1rom t\u00e1las konfigur\u00e1ci\u00f3t ig\u00e9nyei szerint.<\/li>\n<li data-sourcepos=\"22:1-22:64\"><strong>M\u00e9lys\u00e9g:<\/strong> A m\u00e9lyebb t\u00e1lban nagyobb ed\u00e9nyek is elf\u00e9rnek.<\/li>\n<li data-sourcepos=\"23:1-23:105\"><strong>Befejez\u00e9s:<\/strong> V\u00e1lasszon a konyh\u00e1ja st\u00edlus\u00e1hoz illeszked\u0151 fel\u00fcletet, p\u00e9ld\u00e1ul csiszolt, pol\u00edrozott vagy szat\u00e9n sz\u00edn\u0171t.<\/li>\n<li data-sourcepos=\"24:1-25:0\"><strong>Telep\u00edt\u00e9s:<\/strong> Vegye figyelembe a be\u00e9p\u00edt\u00e9si m\u00f3dot, ak\u00e1r alulr\u00f3l, ak\u00e1r fel\u00fclr\u0151l szerelhet\u0151.<\/li>\n<\/ul>\n<p data-sourcepos=\"26:1-26:138\">Az al\u00e1bbi t\u00e9nyez\u0151k gondos m\u00e9rlegel\u00e9s\u00e9vel kiv\u00e1laszthatja a t\u00f6k\u00e9letes 30 h\u00fcvelykes mosogat\u00f3t.<\/p>","protected":false},"excerpt":{"rendered":"<p>Teljes m\u00e9ret : 700*460*230 mm<\/p>\n<p>T\u00e1l m\u00e9rete : 660*363 mm<\/p>\n<p>Kiv\u00e1g\u00e1s m\u00e9rete : 676*436 mm<\/p>\n<p>Radi\u00e1n sarok : R10<\/p>","protected":false},"featured_media":2422,"template":"","meta":[],"product_brand":[],"product_cat":[53],"product_tag":[],"class_list":{"0":"post-2421","1":"product","2":"type-product","3":"status-publish","4":"has-post-thumbnail","6":"product_cat-topmount-sink-1","8":"first","9":"instock","10":"shipping-taxable","11":"product-type-simple"},"_links":{"self":[{"href":"https:\/\/sinkwithfaucet.com\/hu\/wp-json\/wp\/v2\/product\/2421","targetHints":{"allow":["GET"]}}],"collection":[{"href":"https:\/\/sinkwithfaucet.com\/hu\/wp-json\/wp\/v2\/product"}],"about":[{"href":"https:\/\/sinkwithfaucet.com\/hu\/wp-json\/wp\/v2\/types\/product"}],"wp:featuredmedia":[{"embeddable":true,"href":"https:\/\/sinkwithfaucet.com\/hu\/wp-json\/wp\/v2\/media\/2422"}],"wp:attachment":[{"href":"https:\/\/sinkwithfaucet.com\/hu\/wp-json\/wp\/v2\/media?parent=2421"}],"wp:term":[{"taxonomy":"product_brand","embeddable":true,"href":"https:\/\/sinkwithfaucet.com\/hu\/wp-json\/wp\/v2\/product_brand?post=2421"},{"taxonomy":"product_cat","embeddable":true,"href":"https:\/\/sinkwithfaucet.com\/hu\/wp-json\/wp\/v2\/product_cat?post=2421"},{"taxonomy":"product_tag","embeddable":true,"href":"https:\/\/sinkwithfaucet.com\/hu\/wp-json\/wp\/v2\/product_tag?post=2421"}],"curies":[{"name":"wp","href":"https:\/\/api.w.org\/{rel}","templated":true}]}}