{"id":2415,"date":"2024-11-04T03:25:25","date_gmt":"2024-11-04T03:25:25","guid":{"rendered":"https:\/\/sinkwithfaucet.com\/?post_type=product&#038;p=2415"},"modified":"2024-11-04T03:25:25","modified_gmt":"2024-11-04T03:25:25","slug":"undermount-kitchen-sink-7848","status":"publish","type":"product","link":"https:\/\/sinkwithfaucet.com\/hu\/undermount-kitchen-sink-7848\/","title":{"rendered":"Be\u00e9p\u00edtett mosogat\u00f3 7848"},"content":{"rendered":"<h2 data-sourcepos=\"1:1-1:54\">Be\u00e9p\u00edtett konyhai mosogat\u00f3k: A Sleek \u00e9s modern v\u00e1laszt\u00e1s<\/h2>\n<p data-sourcepos=\"3:1-3:200\">A konyhai mosogat\u00f3k a letisztult \u00e9s modern megjelen\u00e9st keres\u0151 lak\u00e1stulajdonosok k\u00f6r\u00e9ben n\u00e9pszer\u0171 v\u00e1laszt\u00e1snak sz\u00e1m\u00edtanak. Ezeket a mosogat\u00f3kat a munkalap al\u00e1 \u00e9p\u00edtik be, \u00edgy z\u00f6kken\u0151mentes \u00e9s integr\u00e1lt megjelen\u00e9st biztos\u00edtanak.<\/p>\n<p data-sourcepos=\"5:1-5:45\"><strong>A be\u00e9p\u00edthet\u0151 konyhai mosogat\u00f3k f\u0151 jellemz\u0151i:<\/strong><\/p>\n<ul data-sourcepos=\"7:1-11:0\">\n<li data-sourcepos=\"7:1-7:122\"><strong>Eleg\u00e1ns kialak\u00edt\u00e1s:<\/strong> A be\u00e9p\u00edthet\u0151 mosogat\u00f3k minimalista \u00e9s modern eszt\u00e9tik\u00e1t k\u00edn\u00e1lnak, amely kieg\u00e9sz\u00edti a kort\u00e1rs konyhai st\u00edlusokat.<\/li>\n<li data-sourcepos=\"8:1-8:142\"><strong>K\u00f6nnyen tiszt\u00edthat\u00f3:<\/strong> A z\u00f6kken\u0151mentes be\u00e9p\u00edt\u00e9s kik\u00fcsz\u00f6b\u00f6li a r\u00e9sek \u00e9s r\u00e9seket, ahol a szennyez\u0151d\u00e9s \u00e9s a t\u00f6rmel\u00e9k felhalmoz\u00f3dhat, \u00edgy k\u00f6nnyebben tiszt\u00edthat\u00f3.<\/li>\n<li data-sourcepos=\"9:1-9:152\"><strong>Megn\u00f6velt munkater\u00fclet:<\/strong> A be\u00e9p\u00edthet\u0151 mosogat\u00f3k nagyobb, \u00f6sszef\u00fcgg\u0151 munkalapfel\u00fcletet biztos\u00edtanak, t\u00e1gasabb \u00e9s funkcion\u00e1lisabb munkater\u00fcletet teremtve.<\/li>\n<li data-sourcepos=\"10:1-11:0\"><strong>Tart\u00f3ss\u00e1g:<\/strong> A kiv\u00e1l\u00f3 min\u0151s\u00e9g\u0171 anyagokb\u00f3l, p\u00e9ld\u00e1ul rozsdamentes ac\u00e9lb\u00f3l vagy kompozitb\u00f3l k\u00e9sz\u00fclt, be\u00e9p\u00edthet\u0151 mosogat\u00f3k tart\u00f3sak \u00e9s hossz\u00fa \u00e9lettartam\u00faak.<\/li>\n<\/ul>\n<p data-sourcepos=\"12:1-12:38\"><strong>T\u00edpusai Undermount konyhai mosogat\u00f3k:<\/strong><\/p>\n<ul data-sourcepos=\"14:1-18:0\">\n<li data-sourcepos=\"14:1-14:57\"><strong>Egyetlen t\u00e1l:<\/strong> Egyetlen, nagy medence \u00e1ltal\u00e1nos haszn\u00e1latra.<\/li>\n<li data-sourcepos=\"15:1-15:95\"><strong>Dupla t\u00e1l:<\/strong> K\u00e9t azonos vagy egyenl\u0151tlen m\u00e9ret\u0171 medence, amely rugalmass\u00e1got biztos\u00edt a t\u00f6bbfeladat\u00fa munkav\u00e9gz\u00e9shez.<\/li>\n<li data-sourcepos=\"16:1-16:91\"><strong>Triple Bowl:<\/strong> H\u00e1rom mosogat\u00f3t\u00e1lca a tov\u00e1bbi funkcionalit\u00e1s \u00e9rdek\u00e9ben, gyakran haszn\u00e1lj\u00e1k kereskedelmi konyh\u00e1kban.<\/li>\n<li data-sourcepos=\"17:1-18:0\"><strong>Tanyasi mosogat\u00f3:<\/strong> Nagy, m\u00e9ly mosogat\u00f3k k\u00f6t\u00e9nyes el\u0151lappal, amelyek rusztikus \u00e9s paraszth\u00e1zi st\u00edlus\u00fa eszt\u00e9tik\u00e1t k\u00edn\u00e1lnak.<\/li>\n<\/ul>\n<p data-sourcepos=\"19:1-19:60\"><strong>Megfontol\u00e1sok a be\u00e9p\u00edthet\u0151 mosogat\u00f3 kiv\u00e1laszt\u00e1sakor:<\/strong><\/p>\n<ul data-sourcepos=\"21:1-25:0\">\n<li data-sourcepos=\"21:1-21:69\"><strong>M\u00e9ret:<\/strong> Gy\u0151z\u0151dj\u00f6n meg arr\u00f3l, hogy a mosogat\u00f3 megfelel\u0151 m\u00e9ret\u0171 a konyhai helyis\u00e9ghez.<\/li>\n<li data-sourcepos=\"22:1-22:99\"><strong>Anyag:<\/strong> V\u00e1lasszon olyan anyagot, amely tart\u00f3s, k\u00f6nnyen tiszt\u00edthat\u00f3, \u00e9s illeszkedik konyh\u00e1ja st\u00edlus\u00e1hoz.<\/li>\n<li data-sourcepos=\"23:1-23:112\"><strong>Csapfuratok:<\/strong> Vegye figyelembe a csaptelepfuratok sz\u00e1m\u00e1t \u00e9s elhelyez\u00e9s\u00e9t a k\u00edv\u00e1nt konfigur\u00e1ci\u00f3nak megfelel\u0151en.<\/li>\n<li data-sourcepos=\"24:1-25:0\"><strong>Telep\u00edt\u00e9s:<\/strong> A be\u00e9p\u00edthet\u0151 mosogat\u00f3k szakszer\u0171 be\u00e9p\u00edt\u00e9st ig\u00e9nyelnek a megfelel\u0151 \u00e9s biztons\u00e1gos illeszked\u00e9s biztos\u00edt\u00e1sa \u00e9rdek\u00e9ben.<\/li>\n<\/ul>\n<p data-sourcepos=\"26:1-26:239\">A be\u00e9p\u00edthet\u0151 konyhai mosogat\u00f3k n\u00e9pszer\u0171 v\u00e1laszt\u00e1snak sz\u00e1m\u00edtanak a modern \u00e9s st\u00edlusos konyh\u00e1ra v\u00e1gy\u00f3 lak\u00e1stulajdonosok k\u00f6r\u00e9ben. Karcs\u00fa kialak\u00edt\u00e1suk, k\u00f6nny\u0171 tiszt\u00edthat\u00f3s\u00e1guk \u00e9s megn\u00f6velt munkalapter\u00fclet\u00fck miatt funkcion\u00e1lis \u00e9s vizu\u00e1lisan vonz\u00f3 kieg\u00e9sz\u00edt\u0151i b\u00e1rmely otthonnak.<\/p>","protected":false},"excerpt":{"rendered":"<p>Teljes m\u00e9ret: 780*480*220 mm<\/p>\n<p>T\u00e1l m\u00e9rete : 740*385 mm<\/p>\n<p>Kiv\u00e1g\u00e1s m\u00e9rete : 750*450 mm<\/p>\n<p>Radi\u00e1n sarok : R10<\/p>","protected":false},"featured_media":2416,"template":"","meta":[],"product_brand":[],"product_cat":[53],"product_tag":[],"class_list":{"0":"post-2415","1":"product","2":"type-product","3":"status-publish","4":"has-post-thumbnail","6":"product_cat-topmount-sink-1","8":"first","9":"instock","10":"shipping-taxable","11":"product-type-simple"},"_links":{"self":[{"href":"https:\/\/sinkwithfaucet.com\/hu\/wp-json\/wp\/v2\/product\/2415","targetHints":{"allow":["GET"]}}],"collection":[{"href":"https:\/\/sinkwithfaucet.com\/hu\/wp-json\/wp\/v2\/product"}],"about":[{"href":"https:\/\/sinkwithfaucet.com\/hu\/wp-json\/wp\/v2\/types\/product"}],"wp:featuredmedia":[{"embeddable":true,"href":"https:\/\/sinkwithfaucet.com\/hu\/wp-json\/wp\/v2\/media\/2416"}],"wp:attachment":[{"href":"https:\/\/sinkwithfaucet.com\/hu\/wp-json\/wp\/v2\/media?parent=2415"}],"wp:term":[{"taxonomy":"product_brand","embeddable":true,"href":"https:\/\/sinkwithfaucet.com\/hu\/wp-json\/wp\/v2\/product_brand?post=2415"},{"taxonomy":"product_cat","embeddable":true,"href":"https:\/\/sinkwithfaucet.com\/hu\/wp-json\/wp\/v2\/product_cat?post=2415"},{"taxonomy":"product_tag","embeddable":true,"href":"https:\/\/sinkwithfaucet.com\/hu\/wp-json\/wp\/v2\/product_tag?post=2415"}],"curies":[{"name":"wp","href":"https:\/\/api.w.org\/{rel}","templated":true}]}}