{"id":2413,"date":"2024-11-04T03:17:48","date_gmt":"2024-11-04T03:17:48","guid":{"rendered":"https:\/\/sinkwithfaucet.com\/?post_type=product&#038;p=2413"},"modified":"2024-11-04T06:17:09","modified_gmt":"2024-11-04T06:17:09","slug":"stainless-sink-3322so","status":"publish","type":"product","link":"https:\/\/sinkwithfaucet.com\/hu\/stainless-sink-3322so\/","title":{"rendered":"Rozsdamentes mosogat\u00f3 3322SO"},"content":{"rendered":"<h2 data-sourcepos=\"1:1-1:44\">Rozsdamentes mosogat\u00f3k: Klasszikusok: Id\u0151tlen klasszikusok<\/h2>\n<p data-sourcepos=\"3:1-3:251\">A rozsdamentes mosogat\u00f3k tart\u00f3ss\u00e1guk, higi\u00e9ni\u00e1juk \u00e9s modern eszt\u00e9tik\u00e1juk miatt n\u00e9pszer\u0171ek a konyh\u00e1kban. Olyan f\u00e9m\u00f6tv\u00f6zetb\u0151l k\u00e9sz\u00fclnek, amely ellen\u00e1ll a rozsd\u00e1nak, a korr\u00f3zi\u00f3nak \u00e9s a foltoknak, \u00edgy hossz\u00fa \u00e9lettartam\u00fa \u00e9s k\u00f6nnyen tiszt\u00edthat\u00f3 v\u00e1laszt\u00e1s.<\/p>\n<p data-sourcepos=\"18:1-18:38\"><strong>A rozsdamentes ac\u00e9l mosogat\u00f3k el\u0151nyei:<\/strong><\/p>\n<ul data-sourcepos=\"20:1-24:0\">\n<li data-sourcepos=\"20:1-20:57\"><strong>Tart\u00f3ss\u00e1g:<\/strong> Rozsda-, korr\u00f3zi\u00f3- \u00e9s h\u0151\u00e1ll\u00f3.<\/li>\n<li data-sourcepos=\"21:1-21:42\"><strong>Higi\u00e9nia:<\/strong> K\u00f6nnyen tiszt\u00edthat\u00f3 \u00e9s fert\u0151tlen\u00edthet\u0151.<\/li>\n<li data-sourcepos=\"22:1-22:86\"><strong>St\u00edlus:<\/strong> T\u00f6bbf\u00e9le kivitelben \u00e9s st\u00edlusban kaphat\u00f3, hogy b\u00e1rmilyen konyhai dekor\u00e1ci\u00f3hoz illeszkedjen.<\/li>\n<li data-sourcepos=\"23:1-24:0\"><strong>Sokoldal\u00fas\u00e1g:<\/strong> Lakoss\u00e1gi \u00e9s kereskedelmi konyh\u00e1khoz egyar\u00e1nt alkalmas.<\/li>\n<\/ul>\n<p data-sourcepos=\"25:1-25:56\"><strong>Megfontol\u00e1sok rozsdamentes ac\u00e9l mosogat\u00f3 kiv\u00e1laszt\u00e1sakor:<\/strong><\/p>\n<ul data-sourcepos=\"27:1-31:0\">\n<li data-sourcepos=\"27:1-27:90\"><strong>M\u00e9r\u0151m\u0171szer:<\/strong> A rozsdamentes ac\u00e9l vastags\u00e1ga, a vastagabb m\u00e9retek tart\u00f3sabbak.<\/li>\n<li data-sourcepos=\"28:1-28:85\"><strong>Befejez\u00e9s:<\/strong> V\u00e1lasszon a k\u00fcl\u00f6nb\u00f6z\u0151 kivitelek k\u00f6z\u00fcl, mint p\u00e9ld\u00e1ul csiszolt, pol\u00edrozott vagy szat\u00e9n.<\/li>\n<li data-sourcepos=\"29:1-29:73\"><strong>M\u00e9ret:<\/strong> V\u00e1lassza ki a konyha elrendez\u00e9s\u00e9hez \u00e9s az \u00d6n ig\u00e9nyeihez illeszked\u0151 m\u00e9retet.<\/li>\n<li data-sourcepos=\"30:1-31:0\"><strong>Telep\u00edt\u00e9s:<\/strong> Fontolja meg, hogy alul- vagy fel\u00fclre szerelhet\u0151 mosogat\u00f3t szeretne-e.<\/li>\n<\/ul>\n<p data-sourcepos=\"32:1-32:143\">Ha gondosan m\u00e9rlegeli ezeket a t\u00e9nyez\u0151ket, kiv\u00e1laszthatja a t\u00f6k\u00e9letes rozsdamentes ac\u00e9l mosogat\u00f3t, amely fokozza konyh\u00e1ja funkcionalit\u00e1s\u00e1t \u00e9s st\u00edlus\u00e1t.<\/p>","protected":false},"excerpt":{"rendered":"<p>Teljes m\u00e9ret: 33*22*10 inch \/ 838*559*254 mm<\/p>\n<p>T\u00e1l m\u00e9rete : 768*394 mm<\/p>\n<p>Kiv\u00e1g\u00e1s m\u00e9rete : 814*535 mm<\/p>\n<p>Radi\u00e1n sarok : R0<\/p>","protected":false},"featured_media":2414,"template":"","meta":[],"product_brand":[],"product_cat":[53],"product_tag":[],"class_list":{"0":"post-2413","1":"product","2":"type-product","3":"status-publish","4":"has-post-thumbnail","6":"product_cat-topmount-sink-1","8":"first","9":"instock","10":"shipping-taxable","11":"product-type-simple"},"_links":{"self":[{"href":"https:\/\/sinkwithfaucet.com\/hu\/wp-json\/wp\/v2\/product\/2413","targetHints":{"allow":["GET"]}}],"collection":[{"href":"https:\/\/sinkwithfaucet.com\/hu\/wp-json\/wp\/v2\/product"}],"about":[{"href":"https:\/\/sinkwithfaucet.com\/hu\/wp-json\/wp\/v2\/types\/product"}],"wp:featuredmedia":[{"embeddable":true,"href":"https:\/\/sinkwithfaucet.com\/hu\/wp-json\/wp\/v2\/media\/2414"}],"wp:attachment":[{"href":"https:\/\/sinkwithfaucet.com\/hu\/wp-json\/wp\/v2\/media?parent=2413"}],"wp:term":[{"taxonomy":"product_brand","embeddable":true,"href":"https:\/\/sinkwithfaucet.com\/hu\/wp-json\/wp\/v2\/product_brand?post=2413"},{"taxonomy":"product_cat","embeddable":true,"href":"https:\/\/sinkwithfaucet.com\/hu\/wp-json\/wp\/v2\/product_cat?post=2413"},{"taxonomy":"product_tag","embeddable":true,"href":"https:\/\/sinkwithfaucet.com\/hu\/wp-json\/wp\/v2\/product_tag?post=2413"}],"curies":[{"name":"wp","href":"https:\/\/api.w.org\/{rel}","templated":true}]}}