{"id":2411,"date":"2024-11-04T03:09:36","date_gmt":"2024-11-04T03:09:36","guid":{"rendered":"https:\/\/sinkwithfaucet.com\/?post_type=product&#038;p=2411"},"modified":"2024-11-04T03:09:36","modified_gmt":"2024-11-04T03:09:36","slug":"deep-sink-3120do","status":"publish","type":"product","link":"https:\/\/sinkwithfaucet.com\/hu\/deep-sink-3120do\/","title":{"rendered":"M\u00e9ly mosogat\u00f3 3120DO"},"content":{"rendered":"<h2 data-sourcepos=\"1:1-1:53\">M\u00e9ly mosogat\u00f3k: Praktikus \u00e9s st\u00edlusos v\u00e1laszt\u00e1s<\/h2>\n<p data-sourcepos=\"3:1-3:266\">A m\u00e9ly mosogat\u00f3k sz\u00e1mos el\u0151nyt k\u00edn\u00e1lnak, t\u00f6bbek k\u00f6z\u00f6tt nagyobb funkcionalit\u00e1st, jobb eszt\u00e9tik\u00e1t \u00e9s jobb tiszt\u00edt\u00e1si lehet\u0151s\u00e9geket. K\u00fcl\u00f6n\u00f6sen hasznosak a nagy ed\u00e9nyek \u00e9s serpeny\u0151k elhelyez\u00e9s\u00e9hez, a terjedelmes t\u00e1rgyak \u00e1ztat\u00e1s\u00e1hoz \u00e9s egy\u00e9b konyhai feladatok elv\u00e9gz\u00e9s\u00e9hez.<\/p>\n<p data-sourcepos=\"5:1-5:39\"><strong>A m\u00e9ly konyhai mosogat\u00f3k f\u0151 jellemz\u0151i:<\/strong><\/p>\n<ul data-sourcepos=\"7:1-11:0\">\n<li data-sourcepos=\"7:1-7:87\"><strong>B\u0151s\u00e9ges m\u00e9lys\u00e9g:<\/strong> Rengeteg helyet biztos\u00edt a nagym\u00e9ret\u0171 ed\u00e9nyek \u00e9s terjedelmes t\u00e1rgyak mos\u00e1s\u00e1hoz.<\/li>\n<li data-sourcepos=\"8:1-8:97\"><strong>Cs\u00f6kkentett fr\u00f6ccsen\u00e9s:<\/strong> A m\u00e9lyebb kialak\u00edt\u00e1s seg\u00edt minimaliz\u00e1lni a pultra fr\u00f6ccsen\u0151 v\u00edz mennyis\u00e9g\u00e9t.<\/li>\n<li data-sourcepos=\"9:1-9:112\"><strong>Tov\u00e1bbfejlesztett funkcionalit\u00e1s:<\/strong> K\u00fcl\u00f6nf\u00e9le konyhai feladatok elv\u00e9gz\u00e9s\u00e9re alkalmas, az ed\u00e9nyek mosogat\u00e1s\u00e1t\u00f3l az \u00e9telek elk\u00e9sz\u00edt\u00e9s\u00e9ig.<\/li>\n<li data-sourcepos=\"10:1-11:0\"><strong>St\u00edlusos kialak\u00edt\u00e1s:<\/strong> K\u00fcl\u00f6nb\u00f6z\u0151 st\u00edlusokban \u00e9s kivitelben kaphat\u00f3, hogy b\u00e1rmilyen konyhai dekor\u00e1ci\u00f3t kieg\u00e9sz\u00edtsen.<\/li>\n<\/ul>\n<p data-sourcepos=\"12:1-12:32\"><strong>A m\u00e9ly konyhai mosogat\u00f3k t\u00edpusai:<\/strong><\/p>\n<ul data-sourcepos=\"14:1-17:0\">\n<li data-sourcepos=\"14:1-14:85\"><strong>Be\u00e9p\u00edtett mosogat\u00f3k:<\/strong> A munkalap al\u00e1 szerelve eleg\u00e1ns \u00e9s modern megjelen\u00e9st biztos\u00edt.<\/li>\n<li data-sourcepos=\"15:1-15:105\"><strong>Fel\u00fclre szerelhet\u0151 mosogat\u00f3k:<\/strong> A pult tetej\u00e9re szerelve, klasszikus \u00e9s hagyom\u00e1nyos megjelen\u00e9st biztos\u00edt.<\/li>\n<li data-sourcepos=\"16:1-17:0\"><strong>Paraszth\u00e1zi mosogat\u00f3k:<\/strong> Nagy, m\u00e9ly mosd\u00f3kagyl\u00f3k k\u00f6t\u00e9nyes el\u0151lappal, rusztikus \u00e9s funkcion\u00e1lis kialak\u00edt\u00e1ssal.<\/li>\n<\/ul>\n<p data-sourcepos=\"18:1-18:53\"><strong>Megfontol\u00e1sok a m\u00e9ly konyhai mosogat\u00f3 kiv\u00e1laszt\u00e1sakor:<\/strong><\/p>\n<ul data-sourcepos=\"20:1-24:0\">\n<li data-sourcepos=\"20:1-20:94\"><strong>M\u00e9lys\u00e9g:<\/strong> V\u00e1lassza ki az ig\u00e9nyeinek megfelel\u0151 m\u00e9lys\u00e9get, figyelembe v\u00e9ve az ed\u00e9nyek m\u00e9ret\u00e9t.<\/li>\n<li data-sourcepos=\"21:1-21:89\"><strong>Anyag:<\/strong> A rozsdamentes ac\u00e9l n\u00e9pszer\u0171 v\u00e1laszt\u00e1s a tart\u00f3ss\u00e1ga \u00e9s k\u00f6nny\u0171 tiszt\u00edthat\u00f3s\u00e1ga miatt.<\/li>\n<li data-sourcepos=\"22:1-22:78\"><strong>M\u00e9ret:<\/strong> V\u00e1lassza ki a konyh\u00e1ja elrendez\u00e9s\u00e9nek \u00e9s a rendelkez\u00e9sre \u00e1ll\u00f3 helynek megfelel\u0151 m\u00e9retet.<\/li>\n<li data-sourcepos=\"23:1-24:0\"><strong>St\u00edlus:<\/strong> V\u00e1lasszon olyan st\u00edlust, amely kieg\u00e9sz\u00edti konyh\u00e1ja \u00e1ltal\u00e1nos kialak\u00edt\u00e1s\u00e1t.<\/li>\n<\/ul>\n<p data-sourcepos=\"25:1-25:136\">Ha gondosan m\u00e9rlegeli ezeket a t\u00e9nyez\u0151ket, kiv\u00e1laszthatja a t\u00f6k\u00e9letes m\u00e9ly konyhai mosogat\u00f3t, amely feldobja konyh\u00e1ja funkcionalit\u00e1s\u00e1t \u00e9s st\u00edlus\u00e1t.<\/p>","protected":false},"excerpt":{"rendered":"<p>Teljes m\u00e9ret : 31 * 20 * 9 h\u00fcvelyk \/ 810 * 510 * 510 * 220 mm<\/p>\n<p>T\u00e1l m\u00e9rete : 350*398\/350*398 mm<\/p>\n<p>Kiv\u00e1g\u00e1s m\u00e9rete : 767*488 mm<\/p>\n<p>Radi\u00e1n sarok : R10<\/p>","protected":false},"featured_media":2412,"template":"","meta":[],"product_brand":[],"product_cat":[53],"product_tag":[],"class_list":{"0":"post-2411","1":"product","2":"type-product","3":"status-publish","4":"has-post-thumbnail","6":"product_cat-topmount-sink-1","8":"first","9":"instock","10":"shipping-taxable","11":"product-type-simple"},"_links":{"self":[{"href":"https:\/\/sinkwithfaucet.com\/hu\/wp-json\/wp\/v2\/product\/2411","targetHints":{"allow":["GET"]}}],"collection":[{"href":"https:\/\/sinkwithfaucet.com\/hu\/wp-json\/wp\/v2\/product"}],"about":[{"href":"https:\/\/sinkwithfaucet.com\/hu\/wp-json\/wp\/v2\/types\/product"}],"wp:featuredmedia":[{"embeddable":true,"href":"https:\/\/sinkwithfaucet.com\/hu\/wp-json\/wp\/v2\/media\/2412"}],"wp:attachment":[{"href":"https:\/\/sinkwithfaucet.com\/hu\/wp-json\/wp\/v2\/media?parent=2411"}],"wp:term":[{"taxonomy":"product_brand","embeddable":true,"href":"https:\/\/sinkwithfaucet.com\/hu\/wp-json\/wp\/v2\/product_brand?post=2411"},{"taxonomy":"product_cat","embeddable":true,"href":"https:\/\/sinkwithfaucet.com\/hu\/wp-json\/wp\/v2\/product_cat?post=2411"},{"taxonomy":"product_tag","embeddable":true,"href":"https:\/\/sinkwithfaucet.com\/hu\/wp-json\/wp\/v2\/product_tag?post=2411"}],"curies":[{"name":"wp","href":"https:\/\/api.w.org\/{rel}","templated":true}]}}