{"id":2409,"date":"2024-11-04T03:03:16","date_gmt":"2024-11-04T03:03:16","guid":{"rendered":"https:\/\/sinkwithfaucet.com\/?post_type=product&#038;p=2409"},"modified":"2024-11-04T03:03:16","modified_gmt":"2024-11-04T03:03:16","slug":"double-kitchen-sink-1160ddo","status":"publish","type":"product","link":"https:\/\/sinkwithfaucet.com\/hu\/double-kitchen-sink-1160ddo\/","title":{"rendered":"Dupla mosogat\u00f3 1160DDO"},"content":{"rendered":"<h2 data-sourcepos=\"1:1-1:48\">Dupla konyhai mosogat\u00f3: Sokoldal\u00fa v\u00e1laszt\u00e1s<\/h2>\n<p data-sourcepos=\"3:1-3:237\">A dupla konyhai mosogat\u00f3 praktikus \u00e9s hat\u00e9kony megold\u00e1st k\u00edn\u00e1l az elfoglalt h\u00e1ztart\u00e1sok sz\u00e1m\u00e1ra. K\u00e9t k\u00fcl\u00f6n\u00e1ll\u00f3 mosogat\u00f3medenc\u00e9vel elegend\u0151 helyet biztos\u00edtanak a k\u00fcl\u00f6nb\u00f6z\u0151 feladatokhoz, p\u00e9ld\u00e1ul az ed\u00e9nyek mosogat\u00e1s\u00e1hoz, az \u00e9telk\u00e9sz\u00edt\u00e9shez, valamint a gy\u00fcm\u00f6lcs\u00f6k \u00e9s z\u00f6lds\u00e9gek tiszt\u00edt\u00e1s\u00e1hoz.<\/p>\n<p data-sourcepos=\"5:1-5:46\"><strong>Legfontosabb el\u0151ny\u00f6k:<\/strong><\/p>\n<ul data-sourcepos=\"7:1-11:0\">\n<li data-sourcepos=\"7:1-7:97\"><strong>Fokozott funkcionalit\u00e1s:<\/strong> A k\u00e9t mosogat\u00f3 lehet\u0151v\u00e9 teszi a t\u00f6bbfeladatos munk\u00e1t \u00e9s a konyha rendben tart\u00e1s\u00e1t.<\/li>\n<li data-sourcepos=\"8:1-8:135\"><strong>Hat\u00e9konys\u00e1g:<\/strong> A k\u00fcl\u00f6n\u00e1ll\u00f3 medenc\u00e9k k\u00fcl\u00f6nb\u00f6z\u0151 feladatokra haszn\u00e1lhat\u00f3k, p\u00e9ld\u00e1ul az egyikben mosogathatunk, a m\u00e1sikban pedig \u00e9telt k\u00e9sz\u00edthet\u00fcnk.<\/li>\n<li data-sourcepos=\"9:1-9:126\"><strong>Rugalmass\u00e1g:<\/strong> A dupla mosogat\u00f3k rugalmasan alak\u00edthat\u00f3k ki \u00e9s tervezhet\u0151k, \u00e9s k\u00fcl\u00f6nb\u00f6z\u0151 konyhai konfigur\u00e1ci\u00f3khoz alkalmazkodnak.<\/li>\n<li data-sourcepos=\"10:1-11:0\"><strong>St\u00edlus:<\/strong> A dupla mosogat\u00f3k kifinomults\u00e1got \u00e9s funkcionalit\u00e1st k\u00f6lcs\u00f6n\u00f6zhetnek konyh\u00e1j\u00e1nak.<\/li>\n<\/ul>\n<p data-sourcepos=\"12:1-12:39\"><strong>T\u00edpusai Double Bowl konyhai mosogat\u00f3k:<\/strong><\/p>\n<ul data-sourcepos=\"14:1-18:0\">\n<li data-sourcepos=\"14:1-14:100\"><strong>Side-by-Side:<\/strong> A k\u00e9t mosd\u00f3kagyl\u00f3 egym\u00e1s mellett helyezkedik el, \u00edgy klasszikus \u00e9s hagyom\u00e1nyos megjelen\u00e9st biztos\u00edt.<\/li>\n<li data-sourcepos=\"15:1-15:105\"><strong>Egyenetlen m\u00e9ret\u0171 t\u00e1lak:<\/strong> Az egyik medence nagyobb, mint a m\u00e1sik, ami rugalmass\u00e1got biztos\u00edt a k\u00fcl\u00f6nb\u00f6z\u0151 feladatokhoz.<\/li>\n<li data-sourcepos=\"16:1-16:95\"><strong>Oszd meg \u00e9s uralkodj:<\/strong> Egyetlen medence, amely k\u00e9t k\u00fcl\u00f6n\u00e1ll\u00f3 rekeszt hoz l\u00e9tre egy elv\u00e1laszt\u00f3val.<\/li>\n<li data-sourcepos=\"17:1-18:0\"><strong>Al\u00e1\u00e9p\u00edt\u00e9s:<\/strong> A dupla, alulra szerelt mosogat\u00f3k a munkalap al\u00e1 be\u00e9p\u00edtve z\u00f6kken\u0151mentes \u00e9s modern megjelen\u00e9st biztos\u00edtanak.<\/li>\n<\/ul>\n<p data-sourcepos=\"19:1-19:60\"><strong>Megfontol\u00e1sok a dupla t\u00e1las mosogat\u00f3 kiv\u00e1laszt\u00e1sakor:<\/strong><\/p>\n<ul data-sourcepos=\"21:1-25:0\">\n<li data-sourcepos=\"21:1-21:69\"><strong>M\u00e9ret:<\/strong> Gy\u0151z\u0151dj\u00f6n meg arr\u00f3l, hogy a mosogat\u00f3 megfelel\u0151 m\u00e9ret\u0171 a konyhai helyis\u00e9ghez.<\/li>\n<li data-sourcepos=\"22:1-22:74\"><strong>St\u00edlus:<\/strong> V\u00e1lasszon olyan mosogat\u00f3t, amely kieg\u00e9sz\u00edti a konyha \u00e1ltal\u00e1nos kialak\u00edt\u00e1s\u00e1t.<\/li>\n<li data-sourcepos=\"23:1-23:76\"><strong>Anyag:<\/strong> V\u00e1lasszon tart\u00f3s anyagot, p\u00e9ld\u00e1ul rozsdamentes ac\u00e9lt vagy kompozitot.<\/li>\n<li data-sourcepos=\"24:1-25:0\"><strong>Csapfuratok:<\/strong> Vegye figyelembe a csaptelepfuratok sz\u00e1m\u00e1t \u00e9s elhelyez\u00e9s\u00e9t a k\u00edv\u00e1nt konfigur\u00e1ci\u00f3nak megfelel\u0151en.<\/li>\n<\/ul>\n<p data-sourcepos=\"26:1-26:185\"><strong>A dupla konyhai mosogat\u00f3 praktikus \u00e9s sokoldal\u00fa v\u00e1laszt\u00e1s az elfoglalt h\u00e1ztart\u00e1sok sz\u00e1m\u00e1ra.<\/strong> Tart\u00f3ss\u00e1guk, higi\u00e9ni\u00e1juk \u00e9s modern eszt\u00e9tik\u00e1juk miatt minden m\u00e9ret\u0171 konyh\u00e1ban n\u00e9pszer\u0171 v\u00e1laszt\u00e1snak sz\u00e1m\u00edtanak.<\/p>","protected":false},"excerpt":{"rendered":"<p>Teljes m\u00e9ret : 1160*510*220 mm<\/p>\n<p>T\u00e1l m\u00e9rete : 400*400\/335*400 mm<\/p>\n<p>Kiv\u00e1g\u00e1s m\u00e9rete : 1135*485 mm<\/p>\n<p>Radi\u00e1n sarok : R10<\/p>","protected":false},"featured_media":2410,"template":"","meta":[],"product_brand":[],"product_cat":[53],"product_tag":[],"class_list":{"0":"post-2409","1":"product","2":"type-product","3":"status-publish","4":"has-post-thumbnail","6":"product_cat-topmount-sink-1","8":"first","9":"instock","10":"shipping-taxable","11":"product-type-simple"},"_links":{"self":[{"href":"https:\/\/sinkwithfaucet.com\/hu\/wp-json\/wp\/v2\/product\/2409","targetHints":{"allow":["GET"]}}],"collection":[{"href":"https:\/\/sinkwithfaucet.com\/hu\/wp-json\/wp\/v2\/product"}],"about":[{"href":"https:\/\/sinkwithfaucet.com\/hu\/wp-json\/wp\/v2\/types\/product"}],"wp:featuredmedia":[{"embeddable":true,"href":"https:\/\/sinkwithfaucet.com\/hu\/wp-json\/wp\/v2\/media\/2410"}],"wp:attachment":[{"href":"https:\/\/sinkwithfaucet.com\/hu\/wp-json\/wp\/v2\/media?parent=2409"}],"wp:term":[{"taxonomy":"product_brand","embeddable":true,"href":"https:\/\/sinkwithfaucet.com\/hu\/wp-json\/wp\/v2\/product_brand?post=2409"},{"taxonomy":"product_cat","embeddable":true,"href":"https:\/\/sinkwithfaucet.com\/hu\/wp-json\/wp\/v2\/product_cat?post=2409"},{"taxonomy":"product_tag","embeddable":true,"href":"https:\/\/sinkwithfaucet.com\/hu\/wp-json\/wp\/v2\/product_tag?post=2409"}],"curies":[{"name":"wp","href":"https:\/\/api.w.org\/{rel}","templated":true}]}}