{"id":2407,"date":"2024-11-04T02:52:17","date_gmt":"2024-11-04T02:52:17","guid":{"rendered":"https:\/\/sinkwithfaucet.com\/?post_type=product&#038;p=2407"},"modified":"2024-11-04T02:52:17","modified_gmt":"2024-11-04T02:52:17","slug":"top-mount-kitchen-sink-1200sdo","status":"publish","type":"product","link":"https:\/\/sinkwithfaucet.com\/hu\/top-mount-kitchen-sink-1200sdo\/","title":{"rendered":"Top-Mount mosogat\u00f3 1200SDO"},"content":{"rendered":"<h2 data-sourcepos=\"1:1-1:44\">Top-Mount konyhai mosogat\u00f3k: Klasszikus v\u00e1laszt\u00e1s<\/h2>\n<p data-sourcepos=\"3:1-3:206\">A fel\u00fclre szerelhet\u0151 konyhai mosogat\u00f3k, m\u00e1s n\u00e9ven bedobhat\u00f3 mosogat\u00f3k klasszikus \u00e9s sokoldal\u00fa megold\u00e1st jelentenek sok konyha sz\u00e1m\u00e1ra. Ezek a munkalap tetej\u00e9re ker\u00fclnek be\u00e9p\u00edt\u00e9sre, hagyom\u00e1nyos \u00e9s k\u00f6nnyen telep\u00edthet\u0151 megjelen\u00e9st biztos\u00edtva.<\/p>\n<p data-sourcepos=\"5:1-5:44\"><strong>Kulcsfontoss\u00e1g\u00fa jellemz\u0151k:<\/strong><\/p>\n<ul data-sourcepos=\"7:1-11:0\">\n<li data-sourcepos=\"7:1-7:70\"><strong>Egyszer\u0171 telep\u00edt\u00e9s:<\/strong> Egyszer\u0171en telep\u00edthet\u0151 b\u00e1rmilyen munkalap anyag\u00e1ra.<\/li>\n<li data-sourcepos=\"8:1-8:112\"><strong>St\u00edlusok sz\u00e9les v\u00e1laszt\u00e9ka:<\/strong> K\u00fcl\u00f6nb\u00f6z\u0151 form\u00e1kban, m\u00e9retekben \u00e9s anyagokban kaphat\u00f3, hogy megfeleljen a k\u00fcl\u00f6nb\u00f6z\u0151 konyhai kialak\u00edt\u00e1soknak.<\/li>\n<li data-sourcepos=\"9:1-9:127\"><strong>Tart\u00f3s \u00e9s higi\u00e9nikus:<\/strong> Olyan anyagokb\u00f3l k\u00e9sz\u00fclt, mint a rozsdamentes ac\u00e9l, ker\u00e1mia vagy kompozit, amelyek hossz\u00fa \u00e9lettartamot biztos\u00edtanak.<\/li>\n<li data-sourcepos=\"10:1-11:0\"><strong>K\u00f6lts\u00e9ghat\u00e9kony:<\/strong> Gyakran megfizethet\u0151bb, mint a be\u00e9p\u00edthet\u0151 mosogat\u00f3k.<\/li>\n<\/ul>\n<p data-sourcepos=\"12:1-12:37\"><strong>Top-Mount konyhai mosogat\u00f3k t\u00edpusai:<\/strong><\/p>\n<ul data-sourcepos=\"14:1-18:0\">\n<li data-sourcepos=\"14:1-14:57\"><strong>Egyetlen t\u00e1l:<\/strong> Egyetlen, nagy medence \u00e1ltal\u00e1nos haszn\u00e1latra.<\/li>\n<li data-sourcepos=\"15:1-15:56\"><strong>Dupla t\u00e1l:<\/strong> K\u00e9t k\u00fcl\u00f6n\u00e1ll\u00f3 medence a multitaskinghoz.<\/li>\n<li data-sourcepos=\"16:1-16:92\"><strong>Triple Bowl:<\/strong> H\u00e1rom mosogat\u00f3t\u00e1lca a hozz\u00e1adott funkcionalit\u00e1s \u00e9rdek\u00e9ben, gyakran megtal\u00e1lhat\u00f3 a kereskedelmi konyh\u00e1kban.<\/li>\n<li data-sourcepos=\"17:1-18:0\"><strong>Tanyasi mosogat\u00f3:<\/strong> Nagym\u00e9ret\u0171, m\u00e9ly mosogat\u00f3 k\u00f6t\u00e9nyes el\u00fcls\u0151vel, amely rusztikus \u00e9s hagyom\u00e1nyos megjelen\u00e9st biztos\u00edt.<\/li>\n<\/ul>\n<p data-sourcepos=\"19:1-19:75\"><strong>A fel\u00fclre szerelhet\u0151 mosogat\u00f3 kiv\u00e1laszt\u00e1sakor vegye figyelembe a k\u00f6vetkez\u0151 t\u00e9nyez\u0151ket:<\/strong><\/p>\n<ul data-sourcepos=\"21:1-25:0\">\n<li data-sourcepos=\"21:1-21:70\"><strong>M\u00e9ret:<\/strong> Gy\u0151z\u0151dj\u00f6n meg r\u00f3la, hogy a mosogat\u00f3 illik a munkalaphoz \u00e9s megfelel az \u00d6n ig\u00e9nyeinek.<\/li>\n<li data-sourcepos=\"22:1-22:98\"><strong>Anyag:<\/strong> V\u00e1lasszon tart\u00f3s \u00e9s k\u00f6nnyen tiszt\u00edthat\u00f3 anyagot, p\u00e9ld\u00e1ul rozsdamentes ac\u00e9lt vagy kompozitot.<\/li>\n<li data-sourcepos=\"23:1-23:75\"><strong>St\u00edlus:<\/strong> V\u00e1lasszon olyan st\u00edlust, amely kieg\u00e9sz\u00edti a konyha \u00e1ltal\u00e1nos kialak\u00edt\u00e1s\u00e1t.<\/li>\n<li data-sourcepos=\"24:1-25:0\"><strong>Telep\u00edt\u00e9s:<\/strong> A sziv\u00e1rg\u00e1s \u00e9s a k\u00e1rok megel\u0151z\u00e9se \u00e9rdek\u00e9ben gondoskodjon a megfelel\u0151 beszerel\u00e9sr\u0151l.<\/li>\n<\/ul>\n<p data-sourcepos=\"26:1-26:141\">Ha gondosan m\u00e9rlegeli ezeket a t\u00e9nyez\u0151ket, kiv\u00e1laszthatja a t\u00f6k\u00e9letes fels\u0151konyhai mosogat\u00f3t, amely fokozza konyh\u00e1ja funkcionalit\u00e1s\u00e1t \u00e9s st\u00edlus\u00e1t.<\/p>","protected":false},"excerpt":{"rendered":"<p>Teljes m\u00e9ret : 1200*510*220 mm<\/p>\n<p>T\u00e1l m\u00e9rete : 440*400 mm<\/p>\n<p>Kiv\u00e1g\u00e1s m\u00e9rete : 1175*485 mm<\/p>\n<p>Radi\u00e1n sarok : R10<\/p>","protected":false},"featured_media":2408,"template":"","meta":[],"product_brand":[],"product_cat":[53],"product_tag":[],"class_list":{"0":"post-2407","1":"product","2":"type-product","3":"status-publish","4":"has-post-thumbnail","6":"product_cat-topmount-sink-1","8":"first","9":"instock","10":"shipping-taxable","11":"product-type-simple"},"_links":{"self":[{"href":"https:\/\/sinkwithfaucet.com\/hu\/wp-json\/wp\/v2\/product\/2407","targetHints":{"allow":["GET"]}}],"collection":[{"href":"https:\/\/sinkwithfaucet.com\/hu\/wp-json\/wp\/v2\/product"}],"about":[{"href":"https:\/\/sinkwithfaucet.com\/hu\/wp-json\/wp\/v2\/types\/product"}],"wp:featuredmedia":[{"embeddable":true,"href":"https:\/\/sinkwithfaucet.com\/hu\/wp-json\/wp\/v2\/media\/2408"}],"wp:attachment":[{"href":"https:\/\/sinkwithfaucet.com\/hu\/wp-json\/wp\/v2\/media?parent=2407"}],"wp:term":[{"taxonomy":"product_brand","embeddable":true,"href":"https:\/\/sinkwithfaucet.com\/hu\/wp-json\/wp\/v2\/product_brand?post=2407"},{"taxonomy":"product_cat","embeddable":true,"href":"https:\/\/sinkwithfaucet.com\/hu\/wp-json\/wp\/v2\/product_cat?post=2407"},{"taxonomy":"product_tag","embeddable":true,"href":"https:\/\/sinkwithfaucet.com\/hu\/wp-json\/wp\/v2\/product_tag?post=2407"}],"curies":[{"name":"wp","href":"https:\/\/api.w.org\/{rel}","templated":true}]}}