{"id":2405,"date":"2024-11-04T02:44:36","date_gmt":"2024-11-04T02:44:36","guid":{"rendered":"https:\/\/sinkwithfaucet.com\/?post_type=product&#038;p=2405"},"modified":"2024-11-04T02:45:56","modified_gmt":"2024-11-04T02:45:56","slug":"above-counter-sink-8151sdo","status":"publish","type":"product","link":"https:\/\/sinkwithfaucet.com\/hu\/above-counter-sink-8151sdo\/","title":{"rendered":"Pult feletti mosogat\u00f3 8151SDO"},"content":{"rendered":"<h2 data-sourcepos=\"1:1-1:51\">Pult feletti mosogat\u00f3k: St\u00edlusos \u00e9s modern v\u00e1laszt\u00e1s<\/h2>\n<p data-sourcepos=\"3:1-3:194\"><strong>Pult feletti mosogat\u00f3k<\/strong>, m\u00e1s n\u00e9ven ed\u00e9nymosd\u00f3k, n\u00e9pszer\u0171 v\u00e1laszt\u00e1s mind a f\u00fcrd\u0151szobai, mind a konyhai kialak\u00edt\u00e1sban. A munkalap tetej\u00e9n \u00fclnek, egyedi \u00e9s figyelemfelkelt\u0151 f\u00f3kuszpontot teremtve.<\/p>\n<p data-sourcepos=\"5:1-5:40\"><strong>A pult feletti mosogat\u00f3k f\u0151 jellemz\u0151i:<\/strong><\/p>\n<ul data-sourcepos=\"7:1-11:0\">\n<li data-sourcepos=\"7:1-7:88\"><strong>St\u00edlusos kialak\u00edt\u00e1s:<\/strong> A klasszikus \u00e9s a kort\u00e1rs st\u00edlusok sz\u00e9les v\u00e1laszt\u00e9k\u00e1ban kaphat\u00f3.<\/li>\n<li data-sourcepos=\"8:1-8:78\"><strong>Egyszer\u0171 telep\u00edt\u00e9s:<\/strong> Egyszer\u0171en felszerelhet\u0151 a megl\u00e9v\u0151 pult tetej\u00e9re.<\/li>\n<li data-sourcepos=\"9:1-9:72\"><strong>K\u00fcl\u00f6nb\u00f6z\u0151 anyagok:<\/strong> V\u00e1lasszon ker\u00e1mia, \u00fcveg, k\u0151 vagy f\u00e9m k\u00f6z\u00fcl.<\/li>\n<li data-sourcepos=\"10:1-11:0\"><strong>Testreszab\u00e1s:<\/strong> Testre szabhat\u00f3, hogy megfeleljen az \u00d6n egyedi ig\u00e9nyeinek \u00e9s preferenci\u00e1inak.<\/li>\n<\/ul>\n<p data-sourcepos=\"12:1-12:55\"><strong>Megfontol\u00e1sok a pult feletti mosogat\u00f3 kiv\u00e1laszt\u00e1sakor:<\/strong><\/p>\n<ul data-sourcepos=\"14:1-18:0\">\n<li data-sourcepos=\"14:1-14:144\"><strong>M\u00e9ret \u00e9s forma:<\/strong> Vegye figyelembe a mosogat\u00f3 m\u00e9ret\u00e9t \u00e9s form\u00e1j\u00e1t, hogy biztos\u00edtsa, hogy illeszkedjen a munkalaphoz, \u00e9s kieg\u00e9sz\u00edtse a f\u00fcrd\u0151szoba vagy a konyha kialak\u00edt\u00e1s\u00e1t.<\/li>\n<li data-sourcepos=\"15:1-15:82\"><strong>Anyag:<\/strong> V\u00e1lasszon a st\u00edlus\u00e1hoz ill\u0151, tart\u00f3s \u00e9s k\u00f6nnyen tiszt\u00edthat\u00f3 anyagot.<\/li>\n<li data-sourcepos=\"16:1-16:87\"><strong>Csap:<\/strong> V\u00e1lasszon a mosogat\u00f3 magass\u00e1g\u00e1hoz \u00e9s st\u00edlus\u00e1hoz illeszked\u0151 csaptelepet.<\/li>\n<li data-sourcepos=\"17:1-18:0\"><strong>Telep\u00edt\u00e9s:<\/strong> A v\u00edzk\u00e1rok megel\u0151z\u00e9se \u00e9s az optim\u00e1lis m\u0171k\u00f6d\u00e9s biztos\u00edt\u00e1sa \u00e9rdek\u00e9ben gondoskodjon a megfelel\u0151 be\u00e9p\u00edt\u00e9sr\u0151l.<\/li>\n<\/ul>\n<p data-sourcepos=\"19:1-19:143\"><strong>Ha gondosan m\u00e9rlegeli ezeket a t\u00e9nyez\u0151ket, kiv\u00e1laszthatja a t\u00f6k\u00e9letes pult feletti mosogat\u00f3t, amely feldobja a t\u00e9r st\u00edlus\u00e1t \u00e9s funkcionalit\u00e1s\u00e1t.<\/strong><\/p>","protected":false},"excerpt":{"rendered":"<p>Teljes m\u00e9ret: 810*510*220 mm<\/p>\n<p>T\u00e1l m\u00e9rete : 400*400 mm<\/p>\n<p>Kiv\u00e1g\u00e1s m\u00e9rete : 785*485 mm<\/p>\n<p>Radi\u00e1n sarok : R10<\/p>","protected":false},"featured_media":2406,"template":"","meta":[],"product_brand":[],"product_cat":[53],"product_tag":[],"class_list":{"0":"post-2405","1":"product","2":"type-product","3":"status-publish","4":"has-post-thumbnail","6":"product_cat-topmount-sink-1","8":"first","9":"instock","10":"shipping-taxable","11":"product-type-simple"},"_links":{"self":[{"href":"https:\/\/sinkwithfaucet.com\/hu\/wp-json\/wp\/v2\/product\/2405","targetHints":{"allow":["GET"]}}],"collection":[{"href":"https:\/\/sinkwithfaucet.com\/hu\/wp-json\/wp\/v2\/product"}],"about":[{"href":"https:\/\/sinkwithfaucet.com\/hu\/wp-json\/wp\/v2\/types\/product"}],"wp:featuredmedia":[{"embeddable":true,"href":"https:\/\/sinkwithfaucet.com\/hu\/wp-json\/wp\/v2\/media\/2406"}],"wp:attachment":[{"href":"https:\/\/sinkwithfaucet.com\/hu\/wp-json\/wp\/v2\/media?parent=2405"}],"wp:term":[{"taxonomy":"product_brand","embeddable":true,"href":"https:\/\/sinkwithfaucet.com\/hu\/wp-json\/wp\/v2\/product_brand?post=2405"},{"taxonomy":"product_cat","embeddable":true,"href":"https:\/\/sinkwithfaucet.com\/hu\/wp-json\/wp\/v2\/product_cat?post=2405"},{"taxonomy":"product_tag","embeddable":true,"href":"https:\/\/sinkwithfaucet.com\/hu\/wp-json\/wp\/v2\/product_tag?post=2405"}],"curies":[{"name":"wp","href":"https:\/\/api.w.org\/{rel}","templated":true}]}}