{"id":2403,"date":"2024-11-04T02:39:18","date_gmt":"2024-11-04T02:39:18","guid":{"rendered":"https:\/\/sinkwithfaucet.com\/?post_type=product&#038;p=2403"},"modified":"2024-11-04T02:39:18","modified_gmt":"2024-11-04T02:39:18","slug":"black-stainless-steel-kitchen-sink-7843","status":"publish","type":"product","link":"https:\/\/sinkwithfaucet.com\/hu\/black-stainless-steel-kitchen-sink-7843\/","title":{"rendered":"Fekete rozsdamentes ac\u00e9lb\u00f3l k\u00e9sz\u00fclt mosogat\u00f3 7843"},"content":{"rendered":"<h2 data-sourcepos=\"1:1-1:57\">Fekete rozsdamentes ac\u00e9l konyhai mosogat\u00f3k: Modern \u00e9s eleg\u00e1ns v\u00e1laszt\u00e1s<\/h2>\n<p data-sourcepos=\"3:1-3:231\">A fekete rozsdamentes ac\u00e9lb\u00f3l k\u00e9sz\u00fclt konyhai mosogat\u00f3k az ut\u00f3bbi \u00e9vekben egyre n\u00e9pszer\u0171bb\u00e9 v\u00e1ltak, mivel st\u00edlusos \u00e9s modern alternat\u00edv\u00e1t k\u00edn\u00e1lnak a hagyom\u00e1nyos rozsdamentes ac\u00e9lhoz k\u00e9pest. Ez az egyedi kivitelez\u00e9s kifinomults\u00e1got \u00e9s eleganci\u00e1t k\u00f6lcs\u00f6n\u00f6z b\u00e1rmelyik konyh\u00e1nak.<\/p>\n<p data-sourcepos=\"5:1-5:48\"><strong>A fekete rozsdamentes ac\u00e9l mosogat\u00f3k f\u0151bb jellemz\u0151i:<\/strong><\/p>\n<ul data-sourcepos=\"7:1-11:0\">\n<li data-sourcepos=\"7:1-7:93\"><strong>Modern eszt\u00e9tika:<\/strong> A s\u00f6t\u00e9t, sima kivitel korszer\u0171 \u00e9s kifinomult megjelen\u00e9st k\u00f6lcs\u00f6n\u00f6z.<\/li>\n<li data-sourcepos=\"8:1-8:92\"><strong>Tart\u00f3ss\u00e1g:<\/strong> Kiv\u00e1l\u00f3 min\u0151s\u00e9g\u0171 rozsdamentes ac\u00e9lb\u00f3l k\u00e9sz\u00fclt, hossz\u00fa \u00e9lettartamot biztos\u00edtva.<\/li>\n<li data-sourcepos=\"9:1-9:113\"><strong>Ujjlenyomat-ellen\u00e1ll\u00e1s:<\/strong> A speci\u00e1lis bevonatok seg\u00edtenek minimaliz\u00e1lni az ujjlenyomatokat \u00e9s a foltokat, megk\u00f6nny\u00edtve ezzel a tiszt\u00edt\u00e1st.<\/li>\n<li data-sourcepos=\"10:1-11:0\"><strong>St\u00edlusok sokf\u00e9les\u00e9ge:<\/strong> K\u00fcl\u00f6nb\u00f6z\u0151 st\u00edlusokban kaphat\u00f3, bele\u00e9rtve a be\u00e9p\u00edthet\u0151, a fel\u00fclre szerelhet\u0151 \u00e9s a paraszth\u00e1zi mosogat\u00f3kat.<\/li>\n<\/ul>\n<p data-sourcepos=\"12:1-12:62\"><strong>Megfontol\u00e1sok a fekete rozsdamentes ac\u00e9l mosogat\u00f3 kiv\u00e1laszt\u00e1sakor:<\/strong><\/p>\n<ul data-sourcepos=\"14:1-18:0\">\n<li data-sourcepos=\"14:1-14:120\"><strong>Befejez\u00e9s:<\/strong> V\u00e1lasszon olyan fel\u00fcletet, amely kieg\u00e9sz\u00edti konyh\u00e1ja \u00e1ltal\u00e1nos st\u00edlus\u00e1t, p\u00e9ld\u00e1ul matt fekete vagy csiszolt fekete ac\u00e9l.<\/li>\n<li data-sourcepos=\"15:1-15:75\"><strong>M\u00e9ret:<\/strong> V\u00e1lassza ki az \u00d6n egyedi ig\u00e9nyeinek \u00e9s konyhai elrendez\u00e9s\u00e9nek megfelel\u0151 m\u00e9retet.<\/li>\n<li data-sourcepos=\"16:1-16:91\"><strong>Telep\u00edt\u00e9s:<\/strong> Vegye figyelembe a be\u00e9p\u00edt\u00e9si m\u00f3dot, ak\u00e1r alulr\u00f3l, ak\u00e1r fel\u00fclr\u0151l szerelhet\u0151.<\/li>\n<li data-sourcepos=\"17:1-18:0\"><strong>Karbantart\u00e1s:<\/strong> B\u00e1r a fekete rozsdamentes ac\u00e9l tart\u00f3s, megjelen\u00e9s\u00e9nek meg\u0151rz\u00e9s\u00e9hez elengedhetetlen a rendszeres tiszt\u00edt\u00e1s.<\/li>\n<\/ul>\n<p data-sourcepos=\"19:1-19:149\">Ha gondosan m\u00e9rlegeli ezeket a t\u00e9nyez\u0151ket, kiv\u00e1laszthatja a t\u00f6k\u00e9letes fekete rozsdamentes ac\u00e9l mosogat\u00f3t, amely feldobja konyh\u00e1ja st\u00edlus\u00e1t \u00e9s funkcionalit\u00e1s\u00e1t.<\/p>","protected":false},"excerpt":{"rendered":"<p>Teljes m\u00e9ret: 780*430*220 mm<\/p>\n<p>T\u00e1l m\u00e9rete : 740*381 mm<\/p>\n<p>Kiv\u00e1g\u00e1s m\u00e9rete : 740*381 mm<\/p>\n<p>Radi\u00e1n sarok : R10<\/p>","protected":false},"featured_media":2404,"template":"","meta":[],"product_brand":[],"product_cat":[52],"product_tag":[],"class_list":{"0":"post-2403","1":"product","2":"type-product","3":"status-publish","4":"has-post-thumbnail","6":"product_cat-undermount-sink-1","8":"first","9":"instock","10":"shipping-taxable","11":"product-type-simple"},"_links":{"self":[{"href":"https:\/\/sinkwithfaucet.com\/hu\/wp-json\/wp\/v2\/product\/2403","targetHints":{"allow":["GET"]}}],"collection":[{"href":"https:\/\/sinkwithfaucet.com\/hu\/wp-json\/wp\/v2\/product"}],"about":[{"href":"https:\/\/sinkwithfaucet.com\/hu\/wp-json\/wp\/v2\/types\/product"}],"wp:featuredmedia":[{"embeddable":true,"href":"https:\/\/sinkwithfaucet.com\/hu\/wp-json\/wp\/v2\/media\/2404"}],"wp:attachment":[{"href":"https:\/\/sinkwithfaucet.com\/hu\/wp-json\/wp\/v2\/media?parent=2403"}],"wp:term":[{"taxonomy":"product_brand","embeddable":true,"href":"https:\/\/sinkwithfaucet.com\/hu\/wp-json\/wp\/v2\/product_brand?post=2403"},{"taxonomy":"product_cat","embeddable":true,"href":"https:\/\/sinkwithfaucet.com\/hu\/wp-json\/wp\/v2\/product_cat?post=2403"},{"taxonomy":"product_tag","embeddable":true,"href":"https:\/\/sinkwithfaucet.com\/hu\/wp-json\/wp\/v2\/product_tag?post=2403"}],"curies":[{"name":"wp","href":"https:\/\/api.w.org\/{rel}","templated":true}]}}