{"id":2401,"date":"2024-11-04T02:18:10","date_gmt":"2024-11-04T02:18:10","guid":{"rendered":"https:\/\/sinkwithfaucet.com\/?post_type=product&#038;p=2401"},"modified":"2024-11-04T02:18:10","modified_gmt":"2024-11-04T02:18:10","slug":"flat-sink-8348dr","status":"publish","type":"product","link":"https:\/\/sinkwithfaucet.com\/hu\/flat-sink-8348dr\/","title":{"rendered":"Lapos mosogat\u00f3 8348DR"},"content":{"rendered":"<h2 data-sourcepos=\"1:1-1:45\">Lapos mosogat\u00f3k: Minimalista \u00e9s modern v\u00e1laszt\u00e1s<\/h2>\n<p data-sourcepos=\"3:1-3:191\">A lapos mosogat\u00f3k minimalista \u00e9s kort\u00e1rs diz\u00e1jnv\u00e1laszt\u00e1st jelentenek a konyh\u00e1k \u00e9s a f\u00fcrd\u0151szob\u00e1k sz\u00e1m\u00e1ra. Lapos, akad\u00e1lytalan medenc\u00e9vel rendelkeznek, \u00e9s gyakran olyan anyagokb\u00f3l k\u00e9sz\u00fclnek, mint a rozsdamentes ac\u00e9l vagy a ker\u00e1mia.<\/p>\n<p data-sourcepos=\"5:1-5:31\"><strong>Kulcsfontoss\u00e1g\u00fa jellemz\u0151k:<\/strong><\/p>\n<ul data-sourcepos=\"7:1-11:0\">\n<li data-sourcepos=\"7:1-7:83\"><strong>Minimalista eszt\u00e9tika:<\/strong> A letisztult, lapos kialak\u00edt\u00e1s eleg\u00e1ns \u00e9s modern megjelen\u00e9st biztos\u00edt.<\/li>\n<li data-sourcepos=\"8:1-8:96\"><strong>K\u00f6nnyen tiszt\u00edthat\u00f3:<\/strong> A sima fel\u00fclet k\u00f6nnyen let\u00f6r\u00f6lhet\u0151, cs\u00f6kkentve a bakt\u00e9riumok felszaporod\u00e1s\u00e1t.<\/li>\n<li data-sourcepos=\"9:1-9:61\"><strong>Helytakar\u00e9kos:<\/strong> A kompakt kialak\u00edt\u00e1s optimaliz\u00e1lja a kis tereket.<\/li>\n<li data-sourcepos=\"10:1-11:0\"><strong>Egyedi st\u00edlus:<\/strong> K\u00fcl\u00f6nlegess\u00e9 teszi f\u00fcrd\u0151szob\u00e1j\u00e1t vagy konyh\u00e1j\u00e1t.<\/li>\n<\/ul>\n<p data-sourcepos=\"12:1-12:45\"><strong>Megfontol\u00e1sok a lapos mosogat\u00f3 kiv\u00e1laszt\u00e1sakor:<\/strong><\/p>\n<ul data-sourcepos=\"14:1-18:0\">\n<li data-sourcepos=\"14:1-14:79\"><strong>V\u00edzelvezet\u00e9s:<\/strong> Biztos\u00edtsa, hogy a mosogat\u00f3 megfelel\u0151 v\u00edzelvezet\u00e9ssel rendelkezzen, hogy megakad\u00e1lyozza a v\u00edz felgy\u00fcleml\u00e9s\u00e9t.<\/li>\n<li data-sourcepos=\"15:1-15:92\"><strong>Anyag:<\/strong> V\u00e1lasszon tart\u00f3s \u00e9s k\u00f6nnyen tiszt\u00edthat\u00f3 anyagot, p\u00e9ld\u00e1ul rozsdamentes ac\u00e9lt vagy ker\u00e1mi\u00e1t.<\/li>\n<li data-sourcepos=\"16:1-16:89\"><strong>Telep\u00edt\u00e9s:<\/strong> Vegye figyelembe a be\u00e9p\u00edt\u00e9si m\u00f3dot, legyen az alulr\u00f3l be\u00e9p\u00edthet\u0151 vagy be\u00e9p\u00edthet\u0151.<\/li>\n<li data-sourcepos=\"17:1-18:0\"><strong>Csap:<\/strong> V\u00e1lasszon olyan csaptelepet, amely kieg\u00e9sz\u00edti a mosogat\u00f3 minimalista kialak\u00edt\u00e1s\u00e1t.<\/li>\n<\/ul>","protected":false},"excerpt":{"rendered":"<p>Teljes m\u00e9ret : 33*19*10\/838*483*254 mm<\/p>\n<p>T\u00e1l m\u00e9rete : 381*397\/381*397 mm<\/p>\n<p>Kiv\u00e1g\u00e1s m\u00e9rete : 788*433 mm<\/p>\n<p>Radi\u00e1n sarok : R10<\/p>","protected":false},"featured_media":2402,"template":"","meta":[],"product_brand":[],"product_cat":[52],"product_tag":[],"class_list":{"0":"post-2401","1":"product","2":"type-product","3":"status-publish","4":"has-post-thumbnail","6":"product_cat-undermount-sink-1","8":"first","9":"instock","10":"shipping-taxable","11":"product-type-simple"},"_links":{"self":[{"href":"https:\/\/sinkwithfaucet.com\/hu\/wp-json\/wp\/v2\/product\/2401","targetHints":{"allow":["GET"]}}],"collection":[{"href":"https:\/\/sinkwithfaucet.com\/hu\/wp-json\/wp\/v2\/product"}],"about":[{"href":"https:\/\/sinkwithfaucet.com\/hu\/wp-json\/wp\/v2\/types\/product"}],"wp:featuredmedia":[{"embeddable":true,"href":"https:\/\/sinkwithfaucet.com\/hu\/wp-json\/wp\/v2\/media\/2402"}],"wp:attachment":[{"href":"https:\/\/sinkwithfaucet.com\/hu\/wp-json\/wp\/v2\/media?parent=2401"}],"wp:term":[{"taxonomy":"product_brand","embeddable":true,"href":"https:\/\/sinkwithfaucet.com\/hu\/wp-json\/wp\/v2\/product_brand?post=2401"},{"taxonomy":"product_cat","embeddable":true,"href":"https:\/\/sinkwithfaucet.com\/hu\/wp-json\/wp\/v2\/product_cat?post=2401"},{"taxonomy":"product_tag","embeddable":true,"href":"https:\/\/sinkwithfaucet.com\/hu\/wp-json\/wp\/v2\/product_tag?post=2401"}],"curies":[{"name":"wp","href":"https:\/\/api.w.org\/{rel}","templated":true}]}}