{"id":2398,"date":"2024-11-04T02:02:40","date_gmt":"2024-11-04T02:02:40","guid":{"rendered":"https:\/\/sinkwithfaucet.com\/?post_type=product&#038;p=2398"},"modified":"2024-11-04T02:11:06","modified_gmt":"2024-11-04T02:11:06","slug":"ultimate-kitchen-sink-2519st","status":"publish","type":"product","link":"https:\/\/sinkwithfaucet.com\/hu\/ultimate-kitchen-sink-2519st\/","title":{"rendered":"V\u00e9gs\u0151 konyhai mosogat\u00f3 2519ST"},"content":{"rendered":"<h2 data-sourcepos=\"1:1-1:58\">A v\u00e9gs\u0151 konyhai mosogat\u00f3: A forma \u00e9s a funkci\u00f3 kever\u00e9ke<\/h2>\n<p data-sourcepos=\"3:1-3:219\">A v\u00e9gs\u0151 mosogat\u00f3 t\u00f6bb, mint egy hely az ed\u00e9nyek mosogat\u00e1s\u00e1ra; ez egy funkcion\u00e1lis \u00e9s st\u00edlusos k\u00f6zponti elem, amely feldobhatja a konyhai \u00e9lm\u00e9nyt. \u00cdme n\u00e9h\u00e1ny kulcsfontoss\u00e1g\u00fa tulajdons\u00e1g, amelyet a t\u00f6k\u00e9letes mosogat\u00f3ban keresni kell:<\/p>\n<h3 data-sourcepos=\"5:1-5:13\">Anyag:<\/h3>\n<ul data-sourcepos=\"7:1-10:0\">\n<li data-sourcepos=\"7:1-7:97\"><strong>Rozsdamentes ac\u00e9l:<\/strong> Klasszikus v\u00e1laszt\u00e1s, amely tart\u00f3ss\u00e1g\u00e1r\u00f3l, higi\u00e9ni\u00e1j\u00e1r\u00f3l \u00e9s modern eszt\u00e9tik\u00e1j\u00e1r\u00f3l ismert.<\/li>\n<li data-sourcepos=\"8:1-8:94\"><strong>\u00d6nt\u00f6ttvas:<\/strong> Rusztikus \u00e9s vintage megjelen\u00e9st biztos\u00edt, gyakran p\u00e1rosul paraszth\u00e1z st\u00edlus\u00fa konyh\u00e1kkal.<\/li>\n<li data-sourcepos=\"9:1-10:0\"><strong>\u00d6sszetett:<\/strong> Olyan anyagok kever\u00e9ke, mint a gr\u00e1nit vagy a kvarc, amely st\u00edlusos \u00e9s tart\u00f3s lehet\u0151s\u00e9get biztos\u00edt.<\/li>\n<\/ul>\n<h3 data-sourcepos=\"11:1-11:21\">St\u00edlus \u00e9s design:<\/h3>\n<ul data-sourcepos=\"13:1-19:0\">\n<li data-sourcepos=\"13:1-13:81\"><strong>Al\u00e1\u00e9p\u00edt\u00e9s:<\/strong> Eleg\u00e1ns \u00e9s modern, a munkalaphoz illeszked\u0151, z\u00f6kken\u0151mentes megjelen\u00e9st biztos\u00edt.<\/li>\n<li data-sourcepos=\"14:1-14:75\"><strong>Top-Mount:<\/strong> Hagyom\u00e1nyos \u00e9s k\u00f6nnyen telep\u00edthet\u0151, klasszikus megjelen\u00e9st biztos\u00edt.<\/li>\n<li data-sourcepos=\"15:1-15:93\"><strong>Tanyasi h\u00e1z:<\/strong> Nagy, m\u00e9ly \u00e9s gyakran k\u00f6t\u00e9nyes, rusztikus \u00e9s funkcion\u00e1lis kialak\u00edt\u00e1s\u00fa.<\/li>\n<li data-sourcepos=\"16:1-16:70\"><strong>Egyetlen t\u00e1l:<\/strong> Egyszer\u0171 \u00e9s hat\u00e9kony, t\u00f6k\u00e9letes kisebb konyh\u00e1kba.<\/li>\n<li data-sourcepos=\"17:1-17:71\"><strong>Dupla t\u00e1l:<\/strong> Sokoldal\u00fa \u00e9s funkcion\u00e1lis, lehet\u0151v\u00e9 teszi a t\u00f6bbfeladatos munkav\u00e9gz\u00e9st.<\/li>\n<li data-sourcepos=\"18:1-19:0\"><strong>Triple Bowl:<\/strong> Ide\u00e1lis nagy h\u00e1ztart\u00e1sokba vagy azok sz\u00e1m\u00e1ra, akik gyakran f\u0151znek \u00e9s vend\u00e9geket fogadnak.<\/li>\n<\/ul>\n<h3 data-sourcepos=\"20:1-20:24\">Tov\u00e1bbi jellemz\u0151k:<\/h3>\n<ul data-sourcepos=\"22:1-26:0\">\n<li data-sourcepos=\"22:1-22:64\"><strong>V\u00edzelvezet\u0151 deszka:<\/strong> K\u00e9nyelmes helyet biztos\u00edt az ed\u00e9nyek sz\u00e1r\u00edt\u00e1s\u00e1hoz.<\/li>\n<li data-sourcepos=\"23:1-23:86\"><strong>V\u00e1g\u00f3deszka:<\/strong> A be\u00e9p\u00edtett v\u00e1g\u00f3deszka helyet takar\u00edt meg a pulton \u00e9s cs\u00f6kkenti a rendetlens\u00e9get.<\/li>\n<li data-sourcepos=\"24:1-24:87\"><strong>Sz\u0171r\u0151ed\u00e9ny:<\/strong> A be\u00e9p\u00edtett sz\u0171r\u0151 hat\u00e9konyabb\u00e1 teszi az \u00e9telk\u00e9sz\u00edt\u00e9st \u00e9s a tiszt\u00edt\u00e1st.<\/li>\n<li data-sourcepos=\"25:1-26:0\"><strong>Szappanadagol\u00f3:<\/strong> K\u00e9nyelmes m\u00f3dja a szappan adagol\u00e1s\u00e1nak, \u00edgy nincs sz\u00fcks\u00e9g k\u00fcl\u00f6n szappantart\u00f3ra.<\/li>\n<\/ul>\n<p data-sourcepos=\"27:1-27:76\"><strong>A v\u00e9gs\u0151 mosogat\u00f3 kiv\u00e1laszt\u00e1sakor vegye figyelembe a k\u00f6vetkez\u0151 t\u00e9nyez\u0151ket:<\/strong><\/p>\n<ul data-sourcepos=\"29:1-34:0\">\n<li data-sourcepos=\"29:1-29:70\"><strong>M\u00e9ret:<\/strong> Gy\u0151z\u0151dj\u00f6n meg r\u00f3la, hogy a mosogat\u00f3 illeszkedik a konyha elrendez\u00e9s\u00e9hez \u00e9s az \u00d6n ig\u00e9nyeihez.<\/li>\n<li data-sourcepos=\"30:1-30:61\"><strong>M\u00e9lys\u00e9g:<\/strong> A m\u00e9lyebb mosogat\u00f3 ide\u00e1lis a nagyobb ed\u00e9nyek \u00e9s serpeny\u0151k sz\u00e1m\u00e1ra.<\/li>\n<li data-sourcepos=\"31:1-31:105\"><strong>Befejez\u00e9s:<\/strong> V\u00e1lasszon a konyh\u00e1ja st\u00edlus\u00e1hoz illeszked\u0151 fel\u00fcletet, p\u00e9ld\u00e1ul csiszolt, pol\u00edrozott vagy szat\u00e9n sz\u00edn\u0171t.<\/li>\n<li data-sourcepos=\"32:1-32:109\"><strong>Telep\u00edt\u00e9s:<\/strong> Vegye figyelembe a be\u00e9p\u00edt\u00e9si m\u00f3dot, legyen az alulra szerelt, fel\u00fclre szerelt vagy paraszth\u00e1zi st\u00edlus\u00fa.<\/li>\n<li data-sourcepos=\"33:1-34:0\"><strong>K\u00f6lts\u00e9gvet\u00e9s:<\/strong> \u00c1ll\u00edtson fel egy k\u00f6lts\u00e9gvet\u00e9st, \u00e9s keressen olyan lehet\u0151s\u00e9geket, amelyek az \u00e1rkateg\u00f3ri\u00e1j\u00e1ba illeszkednek.<\/li>\n<\/ul>\n<p data-sourcepos=\"35:1-35:152\">Ha gondosan m\u00e9rlegeli ezeket a t\u00e9nyez\u0151ket, kiv\u00e1laszthatja a t\u00f6k\u00e9letes mosogat\u00f3t, amely mind a konyh\u00e1ja funkcionalit\u00e1s\u00e1t, mind az eszt\u00e9tik\u00e1j\u00e1t jav\u00edtja.<\/p>","protected":false},"excerpt":{"rendered":"<table style=\"border-collapse: collapse; width: 501.02pt;\" border=\"0\" width=\"668\" cellspacing=\"0\" cellpadding=\"0\">\n<tbody>\n<tr style=\"height: 25.00pt;\">\n<td class=\"et2\" style=\"height: 25pt; width: 54pt; text-align: center;\" width=\"72\" height=\"33\"><strong>Modell<\/strong><\/td>\n<td class=\"et2\" style=\"width: 112.5pt; text-align: center;\" width=\"150\"><strong>Teljes m\u00e9ret\uff08mm\uff09<\/strong><\/td>\n<td class=\"et2\" style=\"width: 122.25pt; text-align: center;\" width=\"163\"><strong>T\u00e1l m\u00e9rete\uff08mm\uff09<\/strong><\/td>\n<td class=\"et2\" style=\"width: 121.5pt; text-align: center;\" width=\"162\"><strong>Kiv\u00e1g\u00e1s m\u00e9rete\uff08mm\uff09<\/strong><\/td>\n<td class=\"et2\" style=\"width: 90.75pt; text-align: center;\" width=\"121\"><strong>Radi\u00e1n sarok<\/strong><\/td>\n<\/tr>\n<tr style=\"height: 30.00pt;\">\n<td class=\"et3\" style=\"height: 30pt; text-align: center;\" height=\"40\">2519ST<\/td>\n<td class=\"et4\" style=\"width: 112.5pt; text-align: center;\" width=\"150\">25*19*10<br \/>\n635*483*254<\/td>\n<td class=\"et3\" style=\"text-align: center;\">585*397<\/td>\n<td class=\"et3\" style=\"text-align: center;\">585*433<\/td>\n<td class=\"et5\" style=\"text-align: center;\">R0+R10<\/td>\n<\/tr>\n<tr style=\"height: 30.00pt;\">\n<td class=\"et3\" style=\"height: 30pt; text-align: center;\" height=\"40\">2719ST<\/td>\n<td class=\"et4\" style=\"width: 112.5pt; text-align: center;\" width=\"150\">27*19*10<br \/>\n686*483*254<\/td>\n<td class=\"et3\" style=\"text-align: center;\">636*397<\/td>\n<td class=\"et3\" style=\"text-align: center;\">636*433<\/td>\n<td class=\"et5\" style=\"text-align: center;\">R0+R10<\/td>\n<\/tr>\n<tr style=\"height: 30.00pt;\">\n<td class=\"et3\" style=\"height: 30pt; text-align: center;\" height=\"40\">3019ST<\/td>\n<td class=\"et4\" style=\"width: 112.5pt; text-align: center;\" width=\"150\">30*19*10<br \/>\n762*483*254<\/td>\n<td class=\"et3\" style=\"text-align: center;\">712*397<\/td>\n<td class=\"et3\" style=\"text-align: center;\">712*433<\/td>\n<td class=\"et5\" style=\"text-align: center;\">R0+R10<\/td>\n<\/tr>\n<tr style=\"height: 30.00pt;\">\n<td class=\"et3\" style=\"height: 30pt; text-align: center;\" height=\"40\">3319ST<\/td>\n<td class=\"et4\" style=\"width: 112.5pt; text-align: center;\" width=\"150\">33*19*10<br \/>\n838*483*254<\/td>\n<td class=\"et3\" style=\"text-align: center;\">788*397<\/td>\n<td class=\"et3\" style=\"text-align: center;\">788*433<\/td>\n<td class=\"et5\" style=\"text-align: center;\">R0+R10<\/td>\n<\/tr>\n<\/tbody>\n<\/table>","protected":false},"featured_media":2399,"template":"","meta":[],"product_brand":[],"product_cat":[52],"product_tag":[],"class_list":{"0":"post-2398","1":"product","2":"type-product","3":"status-publish","4":"has-post-thumbnail","6":"product_cat-undermount-sink-1","8":"first","9":"instock","10":"shipping-taxable","11":"product-type-simple"},"_links":{"self":[{"href":"https:\/\/sinkwithfaucet.com\/hu\/wp-json\/wp\/v2\/product\/2398","targetHints":{"allow":["GET"]}}],"collection":[{"href":"https:\/\/sinkwithfaucet.com\/hu\/wp-json\/wp\/v2\/product"}],"about":[{"href":"https:\/\/sinkwithfaucet.com\/hu\/wp-json\/wp\/v2\/types\/product"}],"wp:featuredmedia":[{"embeddable":true,"href":"https:\/\/sinkwithfaucet.com\/hu\/wp-json\/wp\/v2\/media\/2399"}],"wp:attachment":[{"href":"https:\/\/sinkwithfaucet.com\/hu\/wp-json\/wp\/v2\/media?parent=2398"}],"wp:term":[{"taxonomy":"product_brand","embeddable":true,"href":"https:\/\/sinkwithfaucet.com\/hu\/wp-json\/wp\/v2\/product_brand?post=2398"},{"taxonomy":"product_cat","embeddable":true,"href":"https:\/\/sinkwithfaucet.com\/hu\/wp-json\/wp\/v2\/product_cat?post=2398"},{"taxonomy":"product_tag","embeddable":true,"href":"https:\/\/sinkwithfaucet.com\/hu\/wp-json\/wp\/v2\/product_tag?post=2398"}],"curies":[{"name":"wp","href":"https:\/\/api.w.org\/{rel}","templated":true}]}}