{"id":2394,"date":"2024-11-04T01:54:04","date_gmt":"2024-11-04T01:54:04","guid":{"rendered":"https:\/\/sinkwithfaucet.com\/?post_type=product&#038;p=2394"},"modified":"2024-11-04T01:55:37","modified_gmt":"2024-11-04T01:55:37","slug":"undermount-bar-sink-1144ddu","status":"publish","type":"product","link":"https:\/\/sinkwithfaucet.com\/hu\/undermount-bar-sink-1144ddu\/","title":{"rendered":"Be\u00e9p\u00edtett mosogat\u00f3 1144DDU"},"content":{"rendered":"<h2 data-sourcepos=\"1:1-1:50\">Al\u00e1\u00e9p\u00edtett b\u00e1rmosd\u00f3k: Modern \u00e9s eleg\u00e1ns v\u00e1laszt\u00e1s<\/h2>\n<p data-sourcepos=\"3:1-3:193\"><strong>Al\u00e1\u00e9p\u00edtett b\u00e1rmosd\u00f3k<\/strong> n\u00e9pszer\u0171 v\u00e1laszt\u00e1s otthoni b\u00e1rok, nedves b\u00e1rok \u00e9s kisebb konyhai ter\u00fcletek sz\u00e1m\u00e1ra. \u00dagy tervezt\u00e9k \u0151ket, hogy a munkalap al\u00e1 szerelhet\u0151k legyenek, \u00edgy z\u00f6kken\u0151mentes \u00e9s modern megjelen\u00e9st biztos\u00edtanak.<\/p>\n<p data-sourcepos=\"5:1-5:41\"><strong>Kulcsfontoss\u00e1g\u00fa jellemz\u0151k:<\/strong><\/p>\n<ul data-sourcepos=\"7:1-11:0\">\n<li data-sourcepos=\"7:1-7:92\"><strong>Eleg\u00e1ns kialak\u00edt\u00e1s:<\/strong> Az alulra szerelt be\u00e9p\u00edt\u00e9s tiszta \u00e9s modern eszt\u00e9tik\u00e1t biztos\u00edt.<\/li>\n<li data-sourcepos=\"8:1-8:119\"><strong>K\u00f6nnyen tiszt\u00edthat\u00f3:<\/strong> A munkalapba val\u00f3 z\u00f6kken\u0151mentes integr\u00e1ci\u00f3 kik\u00fcsz\u00f6b\u00f6li azokat a r\u00e9seket, ahol a szennyez\u0151d\u00e9s \u00e9s a t\u00f6rmel\u00e9k felhalmoz\u00f3dhat.<\/li>\n<li data-sourcepos=\"9:1-9:58\"><strong>Helytakar\u00e9kos:<\/strong> Kompakt m\u00e9ret, ide\u00e1lis kisebb helyis\u00e9gekbe.<\/li>\n<li data-sourcepos=\"10:1-11:0\"><strong>Tart\u00f3ss\u00e1g:<\/strong> Jellemz\u0151en kiv\u00e1l\u00f3 min\u0151s\u00e9g\u0171 rozsdamentes ac\u00e9lb\u00f3l k\u00e9sz\u00fcl, ami hossz\u00fa \u00e9lettartamot biztos\u00edt.<\/li>\n<\/ul>\n<p data-sourcepos=\"12:1-12:56\"><strong>Megfontol\u00e1sok a be\u00e9p\u00edthet\u0151 mosogat\u00f3 kiv\u00e1laszt\u00e1sakor:<\/strong><\/p>\n<ul data-sourcepos=\"14:1-18:0\">\n<li data-sourcepos=\"14:1-14:66\"><strong>M\u00e9ret:<\/strong> V\u00e1lassza ki az adott helynek \u00e9s ig\u00e9nyeknek megfelel\u0151 m\u00e9retet.<\/li>\n<li data-sourcepos=\"15:1-15:109\"><strong>M\u00e9lys\u00e9g:<\/strong> Vegye figyelembe a mosogat\u00f3 m\u00e9lys\u00e9g\u00e9t a k\u00fcl\u00f6nb\u00f6z\u0151 feladatokhoz, p\u00e9ld\u00e1ul az \u00fcvegek mos\u00e1s\u00e1hoz vagy az italok elk\u00e9sz\u00edt\u00e9s\u00e9hez.<\/li>\n<li data-sourcepos=\"16:1-16:92\"><strong>Anyag:<\/strong> A rozsdamentes ac\u00e9l n\u00e9pszer\u0171 v\u00e1laszt\u00e1s a tart\u00f3ss\u00e1ga \u00e9s k\u00f6nny\u0171 karbantarthat\u00f3s\u00e1ga miatt.<\/li>\n<li data-sourcepos=\"17:1-18:0\"><strong>Csapfuratok:<\/strong> Gy\u0151z\u0151dj\u00f6n meg arr\u00f3l, hogy a mosogat\u00f3 a k\u00edv\u00e1nt konfigur\u00e1ci\u00f3nak megfelel\u0151 sz\u00e1m\u00fa csaptelepfurattal rendelkezik.<\/li>\n<\/ul>\n<p data-sourcepos=\"19:1-20:30\">Ha gondosan m\u00e9rlegeli ezeket a t\u00e9nyez\u0151ket, kiv\u00e1laszthatja a t\u00f6k\u00e9letes be\u00e9p\u00edthet\u0151 mosogat\u00f3t, amely kieg\u00e9sz\u00edti konyh\u00e1j\u00e1t vagy b\u00e1rter\u00fclet\u00e9t.<\/p>","protected":false},"excerpt":{"rendered":"<p>Teljes m\u00e9ret \uff1a 1150*440*220 mm<\/p>\n<p>T\u00e1l m\u00e9rete \uff1a400*400\/300*400 mm<\/p>\n<p>Kiv\u00e1g\u00e1s m\u00e9rete \uff1a1110*400 mm<\/p>\n<p>Radi\u00e1n sarok \uff1aR10<\/p>","protected":false},"featured_media":2397,"template":"","meta":[],"product_brand":[],"product_cat":[52],"product_tag":[],"class_list":{"0":"post-2394","1":"product","2":"type-product","3":"status-publish","4":"has-post-thumbnail","6":"product_cat-undermount-sink-1","8":"first","9":"instock","10":"shipping-taxable","11":"product-type-simple"},"_links":{"self":[{"href":"https:\/\/sinkwithfaucet.com\/hu\/wp-json\/wp\/v2\/product\/2394","targetHints":{"allow":["GET"]}}],"collection":[{"href":"https:\/\/sinkwithfaucet.com\/hu\/wp-json\/wp\/v2\/product"}],"about":[{"href":"https:\/\/sinkwithfaucet.com\/hu\/wp-json\/wp\/v2\/types\/product"}],"wp:featuredmedia":[{"embeddable":true,"href":"https:\/\/sinkwithfaucet.com\/hu\/wp-json\/wp\/v2\/media\/2397"}],"wp:attachment":[{"href":"https:\/\/sinkwithfaucet.com\/hu\/wp-json\/wp\/v2\/media?parent=2394"}],"wp:term":[{"taxonomy":"product_brand","embeddable":true,"href":"https:\/\/sinkwithfaucet.com\/hu\/wp-json\/wp\/v2\/product_brand?post=2394"},{"taxonomy":"product_cat","embeddable":true,"href":"https:\/\/sinkwithfaucet.com\/hu\/wp-json\/wp\/v2\/product_cat?post=2394"},{"taxonomy":"product_tag","embeddable":true,"href":"https:\/\/sinkwithfaucet.com\/hu\/wp-json\/wp\/v2\/product_tag?post=2394"}],"curies":[{"name":"wp","href":"https:\/\/api.w.org\/{rel}","templated":true}]}}