{"id":2665,"date":"2024-11-11T10:29:22","date_gmt":"2024-11-11T10:29:22","guid":{"rendered":"https:\/\/sinkwithfaucet.com\/?post_type=product&#038;p=2665"},"modified":"2024-11-11T10:29:22","modified_gmt":"2024-11-11T10:29:22","slug":"modern-sink-faucet-1008","status":"publish","type":"product","link":"https:\/\/sinkwithfaucet.com\/fr\/modern-sink-faucet-1008\/","title":{"rendered":"Robinet d'\u00e9vier moderne 1008"},"content":{"rendered":"<h2 data-sourcepos=\"1:1-1:52\">Robinetterie d'\u00e9vier moderne : Un m\u00e9lange de forme et de fonction<\/h2>\n<p data-sourcepos=\"3:1-3:211\">Un robinet d'\u00e9vier moderne est plus qu'un simple accessoire de plomberie fonctionnel. C'est un \u00e9l\u00e9ment de design qui peut rehausser l'esth\u00e9tique de votre cuisine ou de votre salle de bains. Voici quelques caract\u00e9ristiques cl\u00e9s des robinets d'\u00e9vier modernes :<\/p>\n<h3 data-sourcepos=\"5:1-5:40\">Caract\u00e9ristiques principales des robinets d'\u00e9vier modernes :<\/h3>\n<ul data-sourcepos=\"7:1-13:0\">\n<li data-sourcepos=\"7:1-7:87\"><strong>Design minimaliste :<\/strong> Des lignes \u00e9pur\u00e9es, des formes simples et un accent mis sur les \u00e9l\u00e9ments essentiels.<\/li>\n<li data-sourcepos=\"8:1-8:87\"><strong>Finitions \u00e9pur\u00e9es :<\/strong> Les finitions les plus courantes sont le noir mat, le nickel bross\u00e9 et le chrome.<\/li>\n<li data-sourcepos=\"9:1-9:65\"><strong>Goutti\u00e8res \u00e0 haut arc :<\/strong> Permet de remplir facilement les r\u00e9cipients de grande taille.<\/li>\n<li data-sourcepos=\"10:1-10:72\"><strong>Pulv\u00e9risateurs extractibles ou coulissants :<\/strong> Offrir flexibilit\u00e9 et commodit\u00e9.<\/li>\n<li data-sourcepos=\"11:1-11:70\"><strong>Technologie sans contact :<\/strong> Fonctionnement mains libres pour une meilleure hygi\u00e8ne.<\/li>\n<li data-sourcepos=\"12:1-13:0\"><strong>Conception \u00e9conome en eau :<\/strong> R\u00e9duire la consommation d'eau sans compromettre les performances.<\/li>\n<\/ul>\n<h3 data-sourcepos=\"14:1-14:33\">Types de robinets d'\u00e9vier modernes :<\/h3>\n<ul data-sourcepos=\"16:1-20:0\">\n<li data-sourcepos=\"16:1-16:104\"><strong>Robinets \u00e0 une poign\u00e9e :<\/strong> Facile \u00e0 utiliser, un seul levier permet de contr\u00f4ler la temp\u00e9rature et le d\u00e9bit de l'eau.<\/li>\n<li data-sourcepos=\"17:1-17:70\"><strong>Robinets \u00e0 deux poign\u00e9es :<\/strong> Offre un contr\u00f4le pr\u00e9cis de l'eau chaude et de l'eau froide.<\/li>\n<li data-sourcepos=\"18:1-18:86\"><strong>Robinetterie de pont :<\/strong> Un style classique avec deux poign\u00e9es s\u00e9par\u00e9es reli\u00e9es par un pont.<\/li>\n<li data-sourcepos=\"19:1-20:0\"><strong>Robinetterie murale :<\/strong> Cr\u00e9ez un look minimaliste et contemporain.<\/li>\n<\/ul>\n<h3 data-sourcepos=\"21:1-21:59\">Facteurs \u00e0 prendre en compte lors du choix d'un robinet d'\u00e9vier moderne :<\/h3>\n<ul data-sourcepos=\"23:1-29:0\">\n<li data-sourcepos=\"23:1-23:85\"><strong>Style :<\/strong> Choisissez un style qui s'harmonise avec l'ensemble de votre cuisine ou de votre salle de bains.<\/li>\n<li data-sourcepos=\"24:1-24:72\"><strong>Finition :<\/strong> Choisissez une finition durable et assortie \u00e0 votre quincaillerie.<\/li>\n<li data-sourcepos=\"25:1-25:88\"><strong>Fonctionnalit\u00e9 :<\/strong> Pensez \u00e0 des caract\u00e9ristiques telles qu'un pulv\u00e9risateur \u00e0 tirette ou une technologie sans contact.<\/li>\n<li data-sourcepos=\"26:1-26:78\"><strong>Pression de l'eau :<\/strong> Assurez-vous que le robinet peut supporter la pression d'eau de votre maison.<\/li>\n<li data-sourcepos=\"27:1-27:99\"><strong>Installation :<\/strong> Choisissez un robinet facile \u00e0 installer ou consultez un plombier professionnel.<\/li>\n<li data-sourcepos=\"28:1-29:0\"><strong>Budget :<\/strong> Fixez un budget et recherchez des options dans votre fourchette de prix.<\/li>\n<\/ul>\n<p data-sourcepos=\"30:1-30:137\">En tenant compte de ces facteurs, vous pouvez choisir un robinet d'\u00e9vier moderne qui rehaussera le style et la fonctionnalit\u00e9 de votre espace.<\/p>","protected":false},"excerpt":{"rendered":"<table style=\"height: 407px;\" width=\"704\">\n<tbody>\n<tr>\n<td width=\"808\">1 Dimensions du robinet (hors tout)<\/td>\n<td width=\"1177\">300*225mm<\/td>\n<\/tr>\n<tr>\n<td width=\"808\">2 Poids net du robinet<\/td>\n<td width=\"1177\">2kgs<\/td>\n<\/tr>\n<tr>\n<td width=\"808\">3 Robinet avec bo\u00eete Poids brut<\/td>\n<td width=\"1177\">2,5 kg<\/td>\n<\/tr>\n<tr>\n<td width=\"808\">4 Dimensions de la bo\u00eete<\/td>\n<td width=\"1177\">54*32*26mm<\/td>\n<\/tr>\n<tr>\n<td width=\"808\">5 Emballage<\/td>\n<td width=\"1177\">4PCS\/CTN;10PCS\/CTN;12PCS\/CTN<\/td>\n<\/tr>\n<tr>\n<td width=\"808\">6 Longueur du tuyau d'entr\u00e9e<\/td>\n<td width=\"1177\">60 mm<\/td>\n<\/tr>\n<tr>\n<td width=\"808\">7 Taille de l'\u00e9crou de la conduite d'eau<\/td>\n<td width=\"1177\">3\/8\u2033or 1\/2\u2033or 9\/16\u2033<\/td>\n<\/tr>\n<tr>\n<td width=\"808\">8 Trou de montage Taille de coupe<\/td>\n<td width=\"1177\">35 mm<\/td>\n<\/tr>\n<tr>\n<td width=\"808\">9 Mat\u00e9riaux de robinetterie<\/td>\n<td width=\"1177\">Sans plomb Premium 304 America Standard Stainless<br \/>\nacier<\/td>\n<\/tr>\n<\/tbody>\n<\/table>","protected":false},"featured_media":2666,"template":"","meta":[],"product_brand":[],"product_cat":[57],"product_tag":[],"class_list":{"0":"post-2665","1":"product","2":"type-product","3":"status-publish","4":"has-post-thumbnail","6":"product_cat-stainless-steel-faucet","8":"first","9":"instock","10":"shipping-taxable","11":"product-type-simple"},"_links":{"self":[{"href":"https:\/\/sinkwithfaucet.com\/fr\/wp-json\/wp\/v2\/product\/2665","targetHints":{"allow":["GET"]}}],"collection":[{"href":"https:\/\/sinkwithfaucet.com\/fr\/wp-json\/wp\/v2\/product"}],"about":[{"href":"https:\/\/sinkwithfaucet.com\/fr\/wp-json\/wp\/v2\/types\/product"}],"wp:featuredmedia":[{"embeddable":true,"href":"https:\/\/sinkwithfaucet.com\/fr\/wp-json\/wp\/v2\/media\/2666"}],"wp:attachment":[{"href":"https:\/\/sinkwithfaucet.com\/fr\/wp-json\/wp\/v2\/media?parent=2665"}],"wp:term":[{"taxonomy":"product_brand","embeddable":true,"href":"https:\/\/sinkwithfaucet.com\/fr\/wp-json\/wp\/v2\/product_brand?post=2665"},{"taxonomy":"product_cat","embeddable":true,"href":"https:\/\/sinkwithfaucet.com\/fr\/wp-json\/wp\/v2\/product_cat?post=2665"},{"taxonomy":"product_tag","embeddable":true,"href":"https:\/\/sinkwithfaucet.com\/fr\/wp-json\/wp\/v2\/product_tag?post=2665"}],"curies":[{"name":"wp","href":"https:\/\/api.w.org\/{rel}","templated":true}]}}