{"id":2662,"date":"2024-11-11T10:24:59","date_gmt":"2024-11-11T10:24:59","guid":{"rendered":"https:\/\/sinkwithfaucet.com\/?post_type=product&#038;p=2662"},"modified":"2024-11-11T10:24:59","modified_gmt":"2024-11-11T10:24:59","slug":"single-hole-kitchen-sink-faucet-1203","status":"publish","type":"product","link":"https:\/\/sinkwithfaucet.com\/fr\/single-hole-kitchen-sink-faucet-1203\/","title":{"rendered":"Robinet d'\u00e9vier de cuisine monotrou 1203"},"content":{"rendered":"<p data-sourcepos=\"1:1-1:198\">Le robinet d'\u00e9vier de cuisine monotrou est un choix populaire pour les cuisines modernes en raison de son design \u00e9pur\u00e9 et minimaliste. Il est con\u00e7u pour s'ins\u00e9rer dans un seul trou de votre plan de travail, ce qui facilite l'installation.<\/p>\n<h2 data-sourcepos=\"3:1-3:48\">Caract\u00e9ristiques principales des robinets d'\u00e9vier de cuisine \u00e0 trou unique :<\/h2>\n<ul data-sourcepos=\"5:1-10:0\">\n<li data-sourcepos=\"5:1-5:81\"><strong>Design \u00e9pur\u00e9 :<\/strong> La conception \u00e0 trou unique cr\u00e9e un aspect propre et contemporain.<\/li>\n<li data-sourcepos=\"6:1-6:66\"><strong>Installation facile :<\/strong> Simple \u00e0 installer, surtout pour les bricoleurs.<\/li>\n<li data-sourcepos=\"7:1-7:119\"><strong>Vari\u00e9t\u00e9 de styles :<\/strong> Disponible dans diff\u00e9rents styles, du moderne au traditionnel, pour s'adapter aux diff\u00e9rentes esth\u00e9tiques de cuisine.<\/li>\n<li data-sourcepos=\"8:1-8:111\"><strong>Durabilit\u00e9 :<\/strong> Fabriqu\u00e9 \u00e0 partir de mat\u00e9riaux de haute qualit\u00e9 tels que le laiton et l'acier inoxydable pour une performance durable.<\/li>\n<li data-sourcepos=\"9:1-10:0\"><strong>Entretien facile :<\/strong> Facile \u00e0 nettoyer et \u00e0 entretenir.<\/li>\n<\/ul>\n<h2 data-sourcepos=\"11:1-11:41\">Types de robinets d'\u00e9vier de cuisine monotrou :<\/h2>\n<ul data-sourcepos=\"13:1-16:0\">\n<li data-sourcepos=\"13:1-13:108\"><strong>Robinets \u00e0 une poign\u00e9e :<\/strong> Ils permettent de contr\u00f4ler facilement la temp\u00e9rature et le d\u00e9bit de l'eau \u00e0 l'aide d'un seul levier.<\/li>\n<li data-sourcepos=\"14:1-14:106\"><strong>Robinets \u00e0 tirette :<\/strong> Elle est dot\u00e9e d'un bec flexible qui peut \u00eatre tir\u00e9 vers le bas pour une plus grande accessibilit\u00e9 et une plus grande polyvalence.<\/li>\n<li data-sourcepos=\"15:1-16:0\"><strong>Robinets sans contact :<\/strong> Permet d'avoir les mains libres pour une meilleure hygi\u00e8ne.<\/li>\n<\/ul>\n<h2 data-sourcepos=\"17:1-17:59\">Facteurs \u00e0 prendre en compte lors du choix d'un robinet monotrou :<\/h2>\n<ul data-sourcepos=\"19:1-23:0\">\n<li data-sourcepos=\"19:1-19:114\"><strong>Hauteur du bec :<\/strong> Veillez \u00e0 ce que la hauteur du bec soit adapt\u00e9e \u00e0 la profondeur de votre \u00e9vier et \u00e0 la taille des casseroles que vous utilisez.<\/li>\n<li data-sourcepos=\"20:1-20:116\"><strong>Finition :<\/strong> Choisissez une finition qui s'harmonise avec le style de votre cuisine, comme le chrome, le nickel bross\u00e9 ou le noir mat.<\/li>\n<li data-sourcepos=\"21:1-21:78\"><strong>Pression de l'eau :<\/strong> Assurez-vous que le robinet peut supporter la pression d'eau de votre maison.<\/li>\n<li data-sourcepos=\"22:1-23:0\"><strong>Installation :<\/strong> Tenez compte de la m\u00e9thode d'installation et des raccords de plomberie n\u00e9cessaires.<\/li>\n<\/ul>\n<p data-sourcepos=\"24:1-24:147\">En tenant compte de ces facteurs, vous pouvez choisir un robinet de cuisine monotrou qui am\u00e9liore \u00e0 la fois la fonctionnalit\u00e9 et le style de votre cuisine.<\/p>","protected":false},"excerpt":{"rendered":"<table style=\"height: 407px;\" width=\"704\">\n<tbody>\n<tr>\n<td width=\"808\">1 Dimensions du robinet (hors tout)<\/td>\n<td width=\"1177\">380*225mm<\/td>\n<\/tr>\n<tr>\n<td width=\"808\">2 Poids net du robinet<\/td>\n<td width=\"1177\">2kgs<\/td>\n<\/tr>\n<tr>\n<td width=\"808\">3 Robinet avec bo\u00eete Poids brut<\/td>\n<td width=\"1177\">2,5 kg<\/td>\n<\/tr>\n<tr>\n<td width=\"808\">4 Dimensions de la bo\u00eete<\/td>\n<td width=\"1177\">54*32*26mm<\/td>\n<\/tr>\n<tr>\n<td width=\"808\">5 Emballage<\/td>\n<td width=\"1177\">4PCS\/CTN;10PCS\/CTN;12PCS\/CTN<\/td>\n<\/tr>\n<tr>\n<td width=\"808\">6 Longueur du tuyau d'entr\u00e9e<\/td>\n<td width=\"1177\">60 mm<\/td>\n<\/tr>\n<tr>\n<td width=\"808\">7 Taille de l'\u00e9crou de la conduite d'eau<\/td>\n<td width=\"1177\">3\/8\u2033or 1\/2\u2033or 9\/16\u2033<\/td>\n<\/tr>\n<tr>\n<td width=\"808\">8 Trou de montage Taille de coupe<\/td>\n<td width=\"1177\">35 mm<\/td>\n<\/tr>\n<tr>\n<td width=\"808\">9 Mat\u00e9riaux de robinetterie<\/td>\n<td width=\"1177\">Sans plomb Premium 304 America Standard Stainless<br \/>\nacier<\/td>\n<\/tr>\n<\/tbody>\n<\/table>","protected":false},"featured_media":2663,"template":"","meta":[],"product_brand":[],"product_cat":[57],"product_tag":[],"class_list":{"0":"post-2662","1":"product","2":"type-product","3":"status-publish","4":"has-post-thumbnail","6":"product_cat-stainless-steel-faucet","8":"first","9":"instock","10":"shipping-taxable","11":"product-type-simple"},"_links":{"self":[{"href":"https:\/\/sinkwithfaucet.com\/fr\/wp-json\/wp\/v2\/product\/2662","targetHints":{"allow":["GET"]}}],"collection":[{"href":"https:\/\/sinkwithfaucet.com\/fr\/wp-json\/wp\/v2\/product"}],"about":[{"href":"https:\/\/sinkwithfaucet.com\/fr\/wp-json\/wp\/v2\/types\/product"}],"wp:featuredmedia":[{"embeddable":true,"href":"https:\/\/sinkwithfaucet.com\/fr\/wp-json\/wp\/v2\/media\/2663"}],"wp:attachment":[{"href":"https:\/\/sinkwithfaucet.com\/fr\/wp-json\/wp\/v2\/media?parent=2662"}],"wp:term":[{"taxonomy":"product_brand","embeddable":true,"href":"https:\/\/sinkwithfaucet.com\/fr\/wp-json\/wp\/v2\/product_brand?post=2662"},{"taxonomy":"product_cat","embeddable":true,"href":"https:\/\/sinkwithfaucet.com\/fr\/wp-json\/wp\/v2\/product_cat?post=2662"},{"taxonomy":"product_tag","embeddable":true,"href":"https:\/\/sinkwithfaucet.com\/fr\/wp-json\/wp\/v2\/product_tag?post=2662"}],"curies":[{"name":"wp","href":"https:\/\/api.w.org\/{rel}","templated":true}]}}