{"id":2660,"date":"2024-11-11T10:19:02","date_gmt":"2024-11-11T10:19:02","guid":{"rendered":"https:\/\/sinkwithfaucet.com\/?post_type=product&#038;p=2660"},"modified":"2024-12-27T03:10:06","modified_gmt":"2024-12-27T03:10:06","slug":"single-handle-pull-out-sprayer-kitchen-faucet","status":"publish","type":"product","link":"https:\/\/sinkwithfaucet.com\/fr\/single-handle-pull-out-sprayer-kitchen-faucet\/","title":{"rendered":"Robinet de cuisine mono-manche \u00e0 douchette extractible 1107"},"content":{"rendered":"<h2 class=\"a-size-base-plus a-text-bold\"><strong>A propos du robinet de cuisine mono-manche \u00e0 douchette extractible<\/strong><\/h2>\n<ul class=\"a-unordered-list a-vertical a-spacing-mini\">\n<li class=\"a-spacing-mini\"><span class=\"a-list-item\"><strong>LONGUE DUR\u00c9E ET DURABLE : <\/strong>Ce robinet de cuisine extractible est fabriqu\u00e9 en acier inoxydable de haute qualit\u00e9, avec une structure solide, et la surface adopte la technologie de peinture au four \u00e0 haute temp\u00e9rature, qui est r\u00e9sistante \u00e0 l'usure et durable, ne rouille pas facilement et ne se d\u00e9colore pas, et peut \u00eatre utilis\u00e9e pendant une longue p\u00e9riode.<\/span><\/li>\n<li class=\"a-spacing-mini\"><span class=\"a-list-item\"><strong>MODE DOUBLE BEC : <\/strong>Le robinet d'\u00e9vier de cuisine est \u00e9galement \u00e9quip\u00e9 d'une double fonction de bec, qui permet de passer facilement d'une colonne d'eau normale \u00e0 une douche puissante pour r\u00e9pondre \u00e0 vos diff\u00e9rents besoins.<\/span><\/li>\n<li class=\"a-spacing-mini\"><span class=\"a-list-item\"><strong>R\u00c9GLAGE DE LA TEMP\u00c9RATURE : <\/strong>Les <a href=\"https:\/\/kitchensink.us\/stainless-steel-kitchen-faucet\/\" target=\"_blank\" rel=\"noopener\">robinetterie d'\u00e9vier<\/a> est \u00e9galement \u00e9quip\u00e9 d'une fonction de r\u00e9glage de la temp\u00e9rature, ce qui vous permet d'ajuster la temp\u00e9rature souhait\u00e9e \u00e0 volont\u00e9 et vous \u00e9vite de m\u00e9langer manuellement l'eau chaude et l'eau froide.<\/span><\/li>\n<li class=\"a-spacing-mini\"><span class=\"a-list-item\"><strong>ROTATION DE 360 DEGR\u00c9S : <\/strong>La fonction de rotation \u00e0 360 degr\u00e9s offre une gamme compl\u00e8te de mouvements et de flexibilit\u00e9, permettant au flux d'eau d'atteindre tous les coins de l'\u00e9vier en toute souplesse, offrant ainsi un espace suffisant pour nettoyer les casseroles et les bols.<\/span><\/li>\n<li class=\"a-spacing-mini\"><span class=\"a-list-item\"><strong>BUSE DE HAUTE QUALIT\u00c9 : <\/strong>Le mousseur \u00e0 peau douce peut non seulement rendre l'eau riche en mousse, douce et sans \u00e9claboussures, confortable au toucher, mais aussi filtrer les impuret\u00e9s et vous aider \u00e0 \u00e9conomiser de l'eau dans votre vie quotidienne.<\/span><\/li>\n<\/ul>\n<p>&nbsp;<\/p>\n<h2><strong>Types de robinets de cuisine extractibles<\/strong><\/h2>\n<ul>\n<li><strong>Monopoign\u00e9e :<\/strong><\/li>\n<\/ul>\n<p>Il s'agit du type de robinet le plus courant, dot\u00e9 d'un levier unique qui contr\u00f4le \u00e0 la fois la temp\u00e9rature et le d\u00e9bit de l'eau.  Il offre un fonctionnement facile et intuitif.<\/p>\n<ul>\n<li><strong>Style professionnel :<\/strong><\/li>\n<\/ul>\n<p>Ils sont souvent dot\u00e9s d'un bec haut pour un meilleur d\u00e9gagement sous le robinet.  Ils sont g\u00e9n\u00e9ralement dot\u00e9s d'un jet puissant et d'une construction durable, ce qui les rend populaires aupr\u00e8s des chefs cuisiniers et des cuisiniers amateurs.<\/p>\n<ul>\n<li><strong>Pond\u00e9r\u00e9 :<\/strong><\/li>\n<\/ul>\n<p>Incorporez un poids \u00e0 la base de la t\u00eate de pulv\u00e9risation pour l'aider \u00e0 se r\u00e9tracter en douceur et l'emp\u00eacher de pendre, ce qui garantit une exp\u00e9rience plus \u00e9l\u00e9gante et plus conviviale.<\/p>\n<ul>\n<li><strong>Chargement par ressort :<\/strong><\/li>\n<\/ul>\n<p>Un m\u00e9canisme \u00e0 ressort permet de r\u00e9tracter la t\u00eate de pulv\u00e9risation rapidement et sans effort.  Cela permet d'\u00e9conomiser du temps et des efforts lors de l'utilisation.<\/p>\n<p>&nbsp;<\/p>\n<h2 data-sourcepos=\"16:1-16:57\"><strong>Facteurs \u00e0 prendre en compte lors du choix d'un robinet de cuisine \u00e0 douchette extractible \u00e0 une poign\u00e9e<\/strong><\/h2>\n<ul data-sourcepos=\"18:1-22:0\">\n<li data-sourcepos=\"18:1-18:114\"><strong>Hauteur du bec :<\/strong>\u00a0Veillez \u00e0 ce que la hauteur du bec soit adapt\u00e9e \u00e0 la profondeur de votre \u00e9vier et \u00e0 la taille des casseroles que vous utilisez.<\/li>\n<li data-sourcepos=\"19:1-19:116\"><strong>Finition :<\/strong>\u00a0Choisissez une finition qui s'harmonise avec le style de votre cuisine, comme le chrome, le nickel bross\u00e9 ou le noir mat.<\/li>\n<li data-sourcepos=\"20:1-20:91\"><strong>Installation :<\/strong>\u00a0Tenez compte de la m\u00e9thode d'installation et des raccords de plomberie n\u00e9cessaires.<\/li>\n<li data-sourcepos=\"21:1-22:0\"><strong>Pression de l'eau :<\/strong>\u00a0Assurez-vous que le robinet peut supporter la pression d'eau de votre maison.<\/li>\n<\/ul>\n<p>&nbsp;<\/p>\n<h2><strong>Caract\u00e9ristiques et avantages du robinet de cuisine extractible<\/strong><\/h2>\n<ul>\n<li>Installation \u00e0 trou unique - \u00e9paisseur maximale du tablier de 1,75 pouces<\/li>\n<li>Conforme aux normes ADA - La poign\u00e9e \u00e0 levier unique simplifie le contr\u00f4le<\/li>\n<li>Poign\u00e9e verticale sur le corps principal, pivotant de 90\u00b0 vers l'avant, permettant de l'utiliser dans des espaces restreints avec des dosserets.<\/li>\n<li>T\u00eate de pulv\u00e9risation \u00e0 double fonction - le d\u00e9bit d'eau de 1,8 GPM alterne entre une pulv\u00e9risation puissante et un d\u00e9bit a\u00e9r\u00e9 : Parfait pour un lavage puissant, un rin\u00e7age en douceur et le remplissage des casseroles.<\/li>\n<li>Construction en laiton durable, sans plomb, conforme \u00e0 la norme CALGreen de la Californie<\/li>\n<li>Le bec verseur pivotant \u00e0 360\u00b0 assure un fonctionnement r\u00e9gulier de l'action de tirage.<\/li>\n<li>La conception du bec en arc de cercle haut offre un espace suffisant pour remplir les casseroles et nettoyer les ustensiles de cuisine de grande taille.<\/li>\n<li>Cartouche en c\u00e9ramique - pr\u00e9cision \"sans goutte\" de la plus haute qualit\u00e9<\/li>\n<li>A\u00e9rateur \u00e0 haute efficacit\u00e9, pour un \u00e9coulement doux et sans \u00e9claboussures<\/li>\n<li>T\u00eate de pulv\u00e9risation r\u00e9tractable avec tuyau en nylon tress\u00e9 de 60\" vous permettant de rincer votre \u00e9vier dans tous les coins.<\/li>\n<li>Les buses en caoutchouc de la t\u00eate de pulv\u00e9risation sont faciles \u00e0 nettoyer des d\u00e9p\u00f4ts min\u00e9raux pour une performance durable.<\/li>\n<li>Finition multiplaqu\u00e9e, r\u00e9sistante \u00e0 la corrosion, qui ne ternit pas et ne se d\u00e9colore pas au fil du temps.<\/li>\n<li>Quincaillerie de montage pr\u00e9install\u00e9e et conduites d'eau chaude\/froide anti-\u00e9clatement incluses.<\/li>\n<\/ul>\n<p>&nbsp;<\/p>\n<p>Avec son design classique et ses lignes simples, cet \u00e9l\u00e9gant robinet s'int\u00e9grera parfaitement dans n'importe quelle cuisine. Le robinet extractible est disponible en deux finitions durables pour compl\u00e9ter la palette de couleurs de votre cuisine. Sa douchette \u00e0 double action et son tuyau r\u00e9tractable faciliteront le lavage et le rin\u00e7age. Ce robinet de fabrication experte est fabriqu\u00e9 \u00e0 partir de mat\u00e9riaux de la plus haute qualit\u00e9 et vous offrira de nombreuses ann\u00e9es d'utilisation sans souci.<\/p>\n<p>&nbsp;<\/p>\n<p>&nbsp;<\/p>\n<p>&nbsp;<\/p>\n<p>&nbsp;<\/p>\n<p>&nbsp;<\/p>\n<p>&nbsp;<\/p>","protected":false},"excerpt":{"rendered":"<table style=\"height: 407px;\" width=\"704\">\n<tbody>\n<tr>\n<td width=\"808\">1 Dimensions du robinet (hors tout)<\/td>\n<td width=\"1177\">380*225mm<\/td>\n<\/tr>\n<tr>\n<td width=\"808\">2 Poids net du robinet<\/td>\n<td width=\"1177\">2,5 kg<\/td>\n<\/tr>\n<tr>\n<td width=\"808\">3 Robinet avec bo\u00eete Poids brut<\/td>\n<td width=\"1177\">2,8 kg<\/td>\n<\/tr>\n<tr>\n<td width=\"808\">4 Dimensions de la bo\u00eete<\/td>\n<td width=\"1177\">54*32*26mm<\/td>\n<\/tr>\n<tr>\n<td width=\"808\">5 Emballage<\/td>\n<td width=\"1177\">4PCS\/CTN;10PCS\/CTN;12PCS\/CTN<\/td>\n<\/tr>\n<tr>\n<td width=\"808\">6 Longueur du tuyau d'entr\u00e9e<\/td>\n<td width=\"1177\">60 mm<\/td>\n<\/tr>\n<tr>\n<td width=\"808\">7 Taille de l'\u00e9crou de la conduite d'eau<\/td>\n<td width=\"1177\">3\/8\u2033or 1\/2\u2033or 9\/16\u2033<\/td>\n<\/tr>\n<tr>\n<td width=\"808\">8 Trou de montage Taille de coupe<\/td>\n<td width=\"1177\">35 mm<\/td>\n<\/tr>\n<tr>\n<td width=\"808\">9 Mat\u00e9riaux de robinetterie<\/td>\n<td width=\"1177\">Sans plomb Premium 304 America Standard Stainless<br \/>\nacier<\/td>\n<\/tr>\n<\/tbody>\n<\/table>","protected":false},"featured_media":2661,"template":"","meta":[],"product_brand":[],"product_cat":[57],"product_tag":[],"class_list":{"0":"post-2660","1":"product","2":"type-product","3":"status-publish","4":"has-post-thumbnail","6":"product_cat-stainless-steel-faucet","8":"first","9":"instock","10":"shipping-taxable","11":"product-type-simple"},"_links":{"self":[{"href":"https:\/\/sinkwithfaucet.com\/fr\/wp-json\/wp\/v2\/product\/2660","targetHints":{"allow":["GET"]}}],"collection":[{"href":"https:\/\/sinkwithfaucet.com\/fr\/wp-json\/wp\/v2\/product"}],"about":[{"href":"https:\/\/sinkwithfaucet.com\/fr\/wp-json\/wp\/v2\/types\/product"}],"wp:featuredmedia":[{"embeddable":true,"href":"https:\/\/sinkwithfaucet.com\/fr\/wp-json\/wp\/v2\/media\/2661"}],"wp:attachment":[{"href":"https:\/\/sinkwithfaucet.com\/fr\/wp-json\/wp\/v2\/media?parent=2660"}],"wp:term":[{"taxonomy":"product_brand","embeddable":true,"href":"https:\/\/sinkwithfaucet.com\/fr\/wp-json\/wp\/v2\/product_brand?post=2660"},{"taxonomy":"product_cat","embeddable":true,"href":"https:\/\/sinkwithfaucet.com\/fr\/wp-json\/wp\/v2\/product_cat?post=2660"},{"taxonomy":"product_tag","embeddable":true,"href":"https:\/\/sinkwithfaucet.com\/fr\/wp-json\/wp\/v2\/product_tag?post=2660"}],"curies":[{"name":"wp","href":"https:\/\/api.w.org\/{rel}","templated":true}]}}