{"id":2656,"date":"2024-11-11T10:04:28","date_gmt":"2024-11-11T10:04:28","guid":{"rendered":"https:\/\/sinkwithfaucet.com\/?post_type=product&#038;p=2656"},"modified":"2024-11-11T10:10:09","modified_gmt":"2024-11-11T10:10:09","slug":"single-lever-kitchen-faucet-1005","status":"publish","type":"product","link":"https:\/\/sinkwithfaucet.com\/fr\/single-lever-kitchen-faucet-1005\/","title":{"rendered":"Mitigeur de cuisine 1005"},"content":{"rendered":"<h2 data-sourcepos=\"1:1-1:49\">Robinetterie de cuisine \u00e0 levier unique : Un classique moderne<\/h2>\n<p data-sourcepos=\"3:1-3:124\">Les robinets de cuisine \u00e0 levier unique sont devenus un choix populaire en raison de leur design \u00e9l\u00e9gant, de leur facilit\u00e9 d'utilisation et de leur contr\u00f4le efficace de l'eau.<\/p>\n<p data-sourcepos=\"5:1-5:18\"><strong>Comment ils fonctionnent :<\/strong><\/p>\n<p data-sourcepos=\"7:1-7:213\">Un robinet \u00e0 levier unique utilise une seule poign\u00e9e pour contr\u00f4ler \u00e0 la fois la temp\u00e9rature et le d\u00e9bit de l'eau. En d\u00e9pla\u00e7ant la poign\u00e9e de haut en bas, vous r\u00e9glez la temp\u00e9rature de l'eau, tandis qu'en la d\u00e9pla\u00e7ant d'un c\u00f4t\u00e9 \u00e0 l'autre, vous r\u00e9glez le d\u00e9bit de l'eau.<\/p>\n<p data-sourcepos=\"9:1-9:49\"><strong>Principaux avantages des robinets de cuisine \u00e0 levier unique :<\/strong><\/p>\n<ul data-sourcepos=\"11:1-16:0\">\n<li data-sourcepos=\"11:1-11:88\"><strong>Facilit\u00e9 d'utilisation :<\/strong> Une seule poign\u00e9e permet de r\u00e9gler facilement la temp\u00e9rature et le d\u00e9bit de l'eau.<\/li>\n<li data-sourcepos=\"12:1-12:80\"><strong>Design \u00e9pur\u00e9 :<\/strong> Le design minimaliste compl\u00e8te l'esth\u00e9tique des cuisines modernes.<\/li>\n<li data-sourcepos=\"13:1-13:136\"><strong>Efficacit\u00e9 de l'eau :<\/strong> De nombreux robinets \u00e0 levier unique sont certifi\u00e9s WaterSense, ce qui signifie qu'ils consomment moins d'eau sans sacrifier les performances.<\/li>\n<li data-sourcepos=\"14:1-14:117\"><strong>Durabilit\u00e9 :<\/strong> Fabriqu\u00e9 \u00e0 partir de mat\u00e9riaux de haute qualit\u00e9 tels que le laiton et l'acier inoxydable, il garantit des performances durables.<\/li>\n<li data-sourcepos=\"15:1-16:0\"><strong>Vari\u00e9t\u00e9 de styles :<\/strong> Disponible en diff\u00e9rentes finitions, du chrome au noir mat, pour r\u00e9pondre aux diff\u00e9rentes pr\u00e9f\u00e9rences.<\/li>\n<\/ul>\n<p data-sourcepos=\"17:1-17:60\"><strong>Facteurs \u00e0 prendre en compte lors du choix d'un robinet \u00e0 levier unique :<\/strong><\/p>\n<ul data-sourcepos=\"19:1-24:0\">\n<li data-sourcepos=\"19:1-19:102\"><strong>Hauteur du bec :<\/strong> Tenez compte de la hauteur de votre \u00e9vier et de l'espace n\u00e9cessaire pour les grandes casseroles.<\/li>\n<li data-sourcepos=\"20:1-20:88\"><strong>T\u00eate de pulv\u00e9risation :<\/strong> Une t\u00eate de pulv\u00e9risation extractible ou extraite offre flexibilit\u00e9 et commodit\u00e9.<\/li>\n<li data-sourcepos=\"21:1-21:83\"><strong>Finition :<\/strong> Choisissez une finition durable qui s'harmonise avec le style de votre cuisine.<\/li>\n<li data-sourcepos=\"22:1-22:78\"><strong>Pression de l'eau :<\/strong> Assurez-vous que le robinet peut supporter la pression d'eau de votre maison.<\/li>\n<li data-sourcepos=\"23:1-24:0\"><strong>Installation :<\/strong> Tenez compte du type d'installation, qu'il s'agisse d'un robinet \u00e0 monter sur la terrasse ou d'un robinet \u00e0 monter au mur.<\/li>\n<\/ul>\n<p data-sourcepos=\"25:1-25:148\">En tenant compte de ces facteurs, vous pouvez choisir un robinet de cuisine \u00e0 levier unique qui am\u00e9liore \u00e0 la fois la fonctionnalit\u00e9 et le style de votre cuisine.<\/p>","protected":false},"excerpt":{"rendered":"<table style=\"height: 407px;\" width=\"704\">\n<tbody>\n<tr>\n<td width=\"808\">1 Dimensions du robinet (hors tout)<\/td>\n<td width=\"1177\">380*225mm<\/td>\n<\/tr>\n<tr>\n<td width=\"808\">2 Poids net du robinet<\/td>\n<td width=\"1177\">2,5 kg<\/td>\n<\/tr>\n<tr>\n<td width=\"808\">3 Robinet avec bo\u00eete Poids brut<\/td>\n<td width=\"1177\">2,8 kg<\/td>\n<\/tr>\n<tr>\n<td width=\"808\">4 Dimensions de la bo\u00eete<\/td>\n<td width=\"1177\">54*32*26mm<\/td>\n<\/tr>\n<tr>\n<td width=\"808\">5 Emballage<\/td>\n<td width=\"1177\">4PCS\/CTN;10PCS\/CTN;12PCS\/CTN<\/td>\n<\/tr>\n<tr>\n<td width=\"808\">6 Longueur du tuyau d'entr\u00e9e<\/td>\n<td width=\"1177\">60 mm<\/td>\n<\/tr>\n<tr>\n<td width=\"808\">7 Taille de l'\u00e9crou de la conduite d'eau<\/td>\n<td width=\"1177\">3\/8\u2033or 1\/2\u2033or 9\/16\u2033<\/td>\n<\/tr>\n<tr>\n<td width=\"808\">8 Trou de montage Taille de coupe<\/td>\n<td width=\"1177\">35 mm<\/td>\n<\/tr>\n<tr>\n<td width=\"808\">9 Mat\u00e9riaux de robinetterie<\/td>\n<td width=\"1177\">Sans plomb Premium 304 America Standard Stainless<br \/>\nacier<\/td>\n<\/tr>\n<\/tbody>\n<\/table>","protected":false},"featured_media":2657,"template":"","meta":[],"product_brand":[],"product_cat":[57],"product_tag":[],"class_list":{"0":"post-2656","1":"product","2":"type-product","3":"status-publish","4":"has-post-thumbnail","6":"product_cat-stainless-steel-faucet","8":"first","9":"instock","10":"shipping-taxable","11":"product-type-simple"},"_links":{"self":[{"href":"https:\/\/sinkwithfaucet.com\/fr\/wp-json\/wp\/v2\/product\/2656","targetHints":{"allow":["GET"]}}],"collection":[{"href":"https:\/\/sinkwithfaucet.com\/fr\/wp-json\/wp\/v2\/product"}],"about":[{"href":"https:\/\/sinkwithfaucet.com\/fr\/wp-json\/wp\/v2\/types\/product"}],"wp:featuredmedia":[{"embeddable":true,"href":"https:\/\/sinkwithfaucet.com\/fr\/wp-json\/wp\/v2\/media\/2657"}],"wp:attachment":[{"href":"https:\/\/sinkwithfaucet.com\/fr\/wp-json\/wp\/v2\/media?parent=2656"}],"wp:term":[{"taxonomy":"product_brand","embeddable":true,"href":"https:\/\/sinkwithfaucet.com\/fr\/wp-json\/wp\/v2\/product_brand?post=2656"},{"taxonomy":"product_cat","embeddable":true,"href":"https:\/\/sinkwithfaucet.com\/fr\/wp-json\/wp\/v2\/product_cat?post=2656"},{"taxonomy":"product_tag","embeddable":true,"href":"https:\/\/sinkwithfaucet.com\/fr\/wp-json\/wp\/v2\/product_tag?post=2656"}],"curies":[{"name":"wp","href":"https:\/\/api.w.org\/{rel}","templated":true}]}}