{"id":2591,"date":"2024-11-09T06:48:13","date_gmt":"2024-11-09T06:48:13","guid":{"rendered":"https:\/\/sinkwithfaucet.com\/?post_type=product&#038;p=2591"},"modified":"2024-11-09T06:48:13","modified_gmt":"2024-11-09T06:48:13","slug":"single-kitchen-sink-8048l","status":"publish","type":"product","link":"https:\/\/sinkwithfaucet.com\/fr\/single-kitchen-sink-8048l\/","title":{"rendered":"\u00c9vier de cuisine simple 8048L"},"content":{"rendered":"<h2 data-sourcepos=\"1:1-1:46\">\u00c9viers de cuisine simples : Un choix classique<\/h2>\n<p data-sourcepos=\"3:1-3:228\"><strong>Eviers de cuisine simples<\/strong> sont un choix populaire pour de nombreux propri\u00e9taires en raison de leur simplicit\u00e9 et de leur efficacit\u00e9. Ils offrent un aspect propre et \u00e9pur\u00e9 et sont parfaits pour les petites cuisines ou pour ceux qui pr\u00e9f\u00e8rent une esth\u00e9tique minimaliste.<\/p>\n<p data-sourcepos=\"5:1-5:46\"><strong>Caract\u00e9ristiques principales des \u00e9viers de cuisine simples :<\/strong><\/p>\n<ul data-sourcepos=\"7:1-11:0\">\n<li data-sourcepos=\"7:1-7:83\"><strong>Simple et \u00e9l\u00e9gant :<\/strong> Un design classique qui s'harmonise avec diff\u00e9rents styles de cuisine.<\/li>\n<li data-sourcepos=\"8:1-8:70\"><strong>Gain de place :<\/strong> Id\u00e9al pour les petites cuisines o\u00f9 l'espace est limit\u00e9.<\/li>\n<li data-sourcepos=\"9:1-9:91\"><strong>Polyvalent :<\/strong> Peut \u00eatre utilis\u00e9 pour une vari\u00e9t\u00e9 de t\u00e2ches, de la vaisselle \u00e0 la pr\u00e9paration des aliments.<\/li>\n<li data-sourcepos=\"10:1-11:0\"><strong>Facile \u00e0 nettoyer :<\/strong> Un seul grand bassin est facile \u00e0 entretenir.<\/li>\n<\/ul>\n<p data-sourcepos=\"12:1-12:39\"><strong>Types d'\u00e9viers de cuisine \u00e0 cuve unique :<\/strong><\/p>\n<ul data-sourcepos=\"14:1-17:0\">\n<li data-sourcepos=\"14:1-14:85\"><strong>Lavabos sous plan :<\/strong> Install\u00e9 sous le comptoir pour un look \u00e9l\u00e9gant et moderne.<\/li>\n<li data-sourcepos=\"15:1-15:93\"><strong>\u00c9viers \u00e0 montage par le haut :<\/strong> Install\u00e9 sur le dessus du comptoir, il offre un aspect traditionnel.<\/li>\n<li data-sourcepos=\"16:1-17:0\"><strong>\u00c9viers de type Farmhouse :<\/strong> Des \u00e9viers larges et profonds avec une fa\u00e7ade \u00e0 tablier, offrant un design rustique et fonctionnel.<\/li>\n<\/ul>\n<p data-sourcepos=\"18:1-18:60\"><strong>\u00c9l\u00e9ments \u00e0 prendre en compte lors du choix d'un \u00e9vier de cuisine \u00e0 une cuve :<\/strong><\/p>\n<ul data-sourcepos=\"20:1-24:0\">\n<li data-sourcepos=\"20:1-20:71\"><strong>Taille :<\/strong> Choisissez une taille adapt\u00e9e \u00e0 l'agencement de votre cuisine et \u00e0 vos besoins.<\/li>\n<li data-sourcepos=\"21:1-21:109\"><strong>Mat\u00e9riau :<\/strong> Choisissez un mat\u00e9riau durable et facile \u00e0 nettoyer, comme l'acier inoxydable, le composite ou l'argile r\u00e9fractaire.<\/li>\n<li data-sourcepos=\"22:1-22:83\"><strong>Profondeur :<\/strong> Tenez compte de la profondeur de la cuve pour pouvoir y placer des casseroles et des po\u00eales plus grandes.<\/li>\n<li data-sourcepos=\"23:1-24:0\"><strong>Installation :<\/strong> Veillez \u00e0 ce que l'installation soit correcte, qu'il s'agisse d'un montage sous plan ou d'un montage par le dessus.<\/li>\n<\/ul>\n<p data-sourcepos=\"25:1-25:143\">En tenant compte de ces facteurs, vous pouvez choisir l'\u00e9vier de cuisine \u00e0 cuve unique id\u00e9al pour am\u00e9liorer la fonctionnalit\u00e9 et le style de votre cuisine.<\/p>","protected":false},"excerpt":{"rendered":"<p>Taille totale : 720*470*210 mm<\/p>\n<p>Taille de la d\u00e9coupe : 700*450 mm<\/p>\n<p>Mat\u00e9riau : Acier inoxydable<\/p>","protected":false},"featured_media":2592,"template":"","meta":[],"product_brand":[],"product_cat":[56],"product_tag":[],"class_list":{"0":"post-2591","1":"product","2":"type-product","3":"status-publish","4":"has-post-thumbnail","6":"product_cat-pressing-kitchen-sink","8":"first","9":"instock","10":"shipping-taxable","11":"product-type-simple"},"_links":{"self":[{"href":"https:\/\/sinkwithfaucet.com\/fr\/wp-json\/wp\/v2\/product\/2591","targetHints":{"allow":["GET"]}}],"collection":[{"href":"https:\/\/sinkwithfaucet.com\/fr\/wp-json\/wp\/v2\/product"}],"about":[{"href":"https:\/\/sinkwithfaucet.com\/fr\/wp-json\/wp\/v2\/types\/product"}],"wp:featuredmedia":[{"embeddable":true,"href":"https:\/\/sinkwithfaucet.com\/fr\/wp-json\/wp\/v2\/media\/2592"}],"wp:attachment":[{"href":"https:\/\/sinkwithfaucet.com\/fr\/wp-json\/wp\/v2\/media?parent=2591"}],"wp:term":[{"taxonomy":"product_brand","embeddable":true,"href":"https:\/\/sinkwithfaucet.com\/fr\/wp-json\/wp\/v2\/product_brand?post=2591"},{"taxonomy":"product_cat","embeddable":true,"href":"https:\/\/sinkwithfaucet.com\/fr\/wp-json\/wp\/v2\/product_cat?post=2591"},{"taxonomy":"product_tag","embeddable":true,"href":"https:\/\/sinkwithfaucet.com\/fr\/wp-json\/wp\/v2\/product_tag?post=2591"}],"curies":[{"name":"wp","href":"https:\/\/api.w.org\/{rel}","templated":true}]}}