{"id":2580,"date":"2024-11-09T06:33:57","date_gmt":"2024-11-09T06:33:57","guid":{"rendered":"https:\/\/sinkwithfaucet.com\/?post_type=product&#038;p=2580"},"modified":"2024-11-09T06:33:57","modified_gmt":"2024-11-09T06:33:57","slug":"drainboard-kitchen-sink-6844","status":"publish","type":"product","link":"https:\/\/sinkwithfaucet.com\/fr\/drainboard-kitchen-sink-6844\/","title":{"rendered":"Evier de cuisine \u00e0 \u00e9gouttoir 6844"},"content":{"rendered":"<h2 data-sourcepos=\"1:1-1:56\">\u00c9viers de cuisine \u00e0 \u00e9gouttoir double : Un choix pratique<\/h2>\n<p data-sourcepos=\"3:1-3:212\">Un \u00e9vier de cuisine \u00e0 \u00e9gouttoir double est un compl\u00e9ment fonctionnel et \u00e9l\u00e9gant \u00e0 toute cuisine. Il comporte des \u00e9gouttoirs des deux c\u00f4t\u00e9s de l'\u00e9vier, offrant ainsi un espace suffisant pour s\u00e9cher la vaisselle, les ustensiles et les autres ustensiles de cuisine.<\/p>\n<p data-sourcepos=\"5:1-5:54\"><strong>Caract\u00e9ristiques principales :<\/strong><\/p>\n<ul data-sourcepos=\"7:1-11:0\">\n<li data-sourcepos=\"7:1-7:102\"><strong>Fonctionnalit\u00e9 accrue :<\/strong> Les deux \u00e9gouttoirs offrent plus d'espace pour le s\u00e9chage et le rangement de la vaisselle.<\/li>\n<li data-sourcepos=\"8:1-8:109\"><strong>Am\u00e9lioration de l'efficacit\u00e9 :<\/strong> Des \u00e9gouttoirs s\u00e9par\u00e9s pour la vaisselle propre et la vaisselle sale peuvent contribuer \u00e0 rationaliser les t\u00e2ches dans la cuisine.<\/li>\n<li data-sourcepos=\"9:1-9:105\"><strong>Design moderne :<\/strong> Disponible en diff\u00e9rents styles et finitions pour s'adapter aux diff\u00e9rentes esth\u00e9tiques de cuisine.<\/li>\n<li data-sourcepos=\"10:1-11:0\"><strong>Mat\u00e9riaux durables :<\/strong> G\u00e9n\u00e9ralement fabriqu\u00e9s en acier inoxydable, ils garantissent des performances durables.<\/li>\n<\/ul>\n<p data-sourcepos=\"12:1-12:68\"><strong>\u00c9l\u00e9ments \u00e0 prendre en compte lors du choix d'un \u00e9vier de cuisine \u00e0 \u00e9gouttoir double :<\/strong><\/p>\n<ul data-sourcepos=\"14:1-18:0\">\n<li data-sourcepos=\"14:1-14:73\"><strong>Taille :<\/strong> Choisissez une taille adapt\u00e9e \u00e0 l'agencement de votre cuisine et \u00e0 vos besoins.<\/li>\n<li data-sourcepos=\"15:1-15:85\"><strong>Mat\u00e9riau :<\/strong> Choisissez un mat\u00e9riau durable et facile \u00e0 nettoyer, comme l'acier inoxydable.<\/li>\n<li data-sourcepos=\"16:1-16:105\"><strong>Taille de l'\u00e9gouttoir :<\/strong> Tenez compte de la taille des \u00e9gouttoirs pour vous assurer qu'ils peuvent accueillir votre vaisselle.<\/li>\n<li data-sourcepos=\"17:1-18:0\"><strong>Installation :<\/strong> Veillez \u00e0 ce que l'installation soit correcte afin d'\u00e9viter les fuites et les dommages.<\/li>\n<\/ul>\n<p data-sourcepos=\"19:1-19:150\">En tenant compte de ces facteurs, vous pourrez choisir l'\u00e9vier de cuisine \u00e0 \u00e9gouttoir double id\u00e9al pour am\u00e9liorer la fonctionnalit\u00e9 et le style de votre cuisine.<\/p>","protected":false},"excerpt":{"rendered":"<p>Taille totale : 1000*500*150 mm<\/p>\n<p>Taille de la d\u00e9coupe : 980*480 mm<\/p>\n<p>Mat\u00e9riau : Acier inoxydable<\/p>","protected":false},"featured_media":2581,"template":"","meta":[],"product_brand":[],"product_cat":[56],"product_tag":[],"class_list":{"0":"post-2580","1":"product","2":"type-product","3":"status-publish","4":"has-post-thumbnail","6":"product_cat-pressing-kitchen-sink","8":"first","9":"instock","10":"shipping-taxable","11":"product-type-simple"},"_links":{"self":[{"href":"https:\/\/sinkwithfaucet.com\/fr\/wp-json\/wp\/v2\/product\/2580","targetHints":{"allow":["GET"]}}],"collection":[{"href":"https:\/\/sinkwithfaucet.com\/fr\/wp-json\/wp\/v2\/product"}],"about":[{"href":"https:\/\/sinkwithfaucet.com\/fr\/wp-json\/wp\/v2\/types\/product"}],"wp:featuredmedia":[{"embeddable":true,"href":"https:\/\/sinkwithfaucet.com\/fr\/wp-json\/wp\/v2\/media\/2581"}],"wp:attachment":[{"href":"https:\/\/sinkwithfaucet.com\/fr\/wp-json\/wp\/v2\/media?parent=2580"}],"wp:term":[{"taxonomy":"product_brand","embeddable":true,"href":"https:\/\/sinkwithfaucet.com\/fr\/wp-json\/wp\/v2\/product_brand?post=2580"},{"taxonomy":"product_cat","embeddable":true,"href":"https:\/\/sinkwithfaucet.com\/fr\/wp-json\/wp\/v2\/product_cat?post=2580"},{"taxonomy":"product_tag","embeddable":true,"href":"https:\/\/sinkwithfaucet.com\/fr\/wp-json\/wp\/v2\/product_tag?post=2580"}],"curies":[{"name":"wp","href":"https:\/\/api.w.org\/{rel}","templated":true}]}}