{"id":2574,"date":"2024-11-09T06:26:09","date_gmt":"2024-11-09T06:26:09","guid":{"rendered":"https:\/\/sinkwithfaucet.com\/?post_type=product&#038;p=2574"},"modified":"2024-11-09T06:26:09","modified_gmt":"2024-11-09T06:26:09","slug":"overmount-sink-7646d","status":"publish","type":"product","link":"https:\/\/sinkwithfaucet.com\/fr\/overmount-sink-7646d\/","title":{"rendered":"Evier \u00e0 poser 7646D"},"content":{"rendered":"<h2 data-sourcepos=\"1:1-1:50\">\u00c9viers \u00e0 poser : Un choix classique et pratique<\/h2>\n<p data-sourcepos=\"3:1-3:203\"><strong>Eviers \u00e0 encastrer<\/strong>Les \u00e9viers \u00e0 poser, \u00e9galement connus sous le nom d'\u00e9viers \u00e0 montage par le dessus ou d'\u00e9viers \u00e0 encastrer, sont un choix populaire et traditionnel pour les cuisines. Ils sont install\u00e9s sur le dessus du comptoir, ce qui leur conf\u00e8re un aspect simple et facile \u00e0 installer.<\/p>\n<p data-sourcepos=\"5:1-5:36\"><strong>Caract\u00e9ristiques principales :<\/strong><\/p>\n<ul data-sourcepos=\"7:1-11:0\">\n<li data-sourcepos=\"7:1-7:70\"><strong>Installation facile :<\/strong> Facile \u00e0 installer sur n'importe quel mat\u00e9riau de comptoir.<\/li>\n<li data-sourcepos=\"8:1-8:112\"><strong>Large gamme de styles :<\/strong> Disponibles en diff\u00e9rentes formes, tailles et mat\u00e9riaux pour s'adapter aux diff\u00e9rentes conceptions de cuisine.<\/li>\n<li data-sourcepos=\"9:1-9:100\"><strong>Durable et hygi\u00e9nique :<\/strong> Fabriqu\u00e9 \u00e0 partir de mat\u00e9riaux durables tels que l'acier inoxydable, la c\u00e9ramique ou le composite.<\/li>\n<li data-sourcepos=\"10:1-11:0\"><strong>Rentabilit\u00e9 :<\/strong> Souvent plus abordables que les \u00e9viers sous plan.<\/li>\n<\/ul>\n<p data-sourcepos=\"12:1-12:29\"><strong>Types :<\/strong><\/p>\n<ul data-sourcepos=\"14:1-18:0\">\n<li data-sourcepos=\"14:1-14:57\"><strong>Cuvette simple :<\/strong> Un seul grand bassin \u00e0 usage g\u00e9n\u00e9ral.<\/li>\n<li data-sourcepos=\"15:1-15:56\"><strong>Double Bol :<\/strong> Deux lavabos s\u00e9par\u00e9s pour une utilisation polyvalente.<\/li>\n<li data-sourcepos=\"16:1-16:92\"><strong>Triple Bowl :<\/strong> Trois bassins pour plus de fonctionnalit\u00e9, souvent pr\u00e9sents dans les cuisines commerciales.<\/li>\n<li data-sourcepos=\"17:1-18:0\"><strong>\u00c9vier de ferme :<\/strong> Des \u00e9viers larges et profonds avec une fa\u00e7ade \u00e0 tablier, offrant un design rustique et fonctionnel.<\/li>\n<\/ul>\n<p data-sourcepos=\"19:1-19:51\"><strong>\u00c9l\u00e9ments \u00e0 prendre en compte lors du choix d'un \u00e9vier surmont\u00e9 :<\/strong><\/p>\n<ul data-sourcepos=\"21:1-25:0\">\n<li data-sourcepos=\"21:1-21:64\"><strong>Taille :<\/strong> Veillez \u00e0 ce que l'\u00e9vier soit adapt\u00e9 \u00e0 votre plan de travail et \u00e0 vos besoins.<\/li>\n<li data-sourcepos=\"22:1-22:60\"><strong>Mat\u00e9riau :<\/strong> Choisissez un mat\u00e9riau durable et facile \u00e0 nettoyer.<\/li>\n<li data-sourcepos=\"23:1-23:75\"><strong>Style :<\/strong> Choisissez un style qui compl\u00e8te le design g\u00e9n\u00e9ral de votre cuisine.<\/li>\n<li data-sourcepos=\"24:1-25:0\"><strong>Installation :<\/strong> Veillez \u00e0 ce que l'installation soit correcte afin d'\u00e9viter les fuites et les dommages.<\/li>\n<\/ul>\n<p data-sourcepos=\"26:1-26:133\">En tenant compte de ces facteurs, vous pouvez choisir l'\u00e9vier \u00e0 poser id\u00e9al pour am\u00e9liorer la fonctionnalit\u00e9 et le style de votre cuisine.<\/p>","protected":false},"excerpt":{"rendered":"<p>Taille totale : 750*450*150 mm<\/p>\n<p>Taille de la d\u00e9coupe : 730*430 mm<\/p>\n<p>Mat\u00e9riau : Acier inoxydable<\/p>","protected":false},"featured_media":2576,"template":"","meta":[],"product_brand":[],"product_cat":[56],"product_tag":[],"class_list":{"0":"post-2574","1":"product","2":"type-product","3":"status-publish","4":"has-post-thumbnail","6":"product_cat-pressing-kitchen-sink","8":"first","9":"instock","10":"shipping-taxable","11":"product-type-simple"},"_links":{"self":[{"href":"https:\/\/sinkwithfaucet.com\/fr\/wp-json\/wp\/v2\/product\/2574","targetHints":{"allow":["GET"]}}],"collection":[{"href":"https:\/\/sinkwithfaucet.com\/fr\/wp-json\/wp\/v2\/product"}],"about":[{"href":"https:\/\/sinkwithfaucet.com\/fr\/wp-json\/wp\/v2\/types\/product"}],"wp:featuredmedia":[{"embeddable":true,"href":"https:\/\/sinkwithfaucet.com\/fr\/wp-json\/wp\/v2\/media\/2576"}],"wp:attachment":[{"href":"https:\/\/sinkwithfaucet.com\/fr\/wp-json\/wp\/v2\/media?parent=2574"}],"wp:term":[{"taxonomy":"product_brand","embeddable":true,"href":"https:\/\/sinkwithfaucet.com\/fr\/wp-json\/wp\/v2\/product_brand?post=2574"},{"taxonomy":"product_cat","embeddable":true,"href":"https:\/\/sinkwithfaucet.com\/fr\/wp-json\/wp\/v2\/product_cat?post=2574"},{"taxonomy":"product_tag","embeddable":true,"href":"https:\/\/sinkwithfaucet.com\/fr\/wp-json\/wp\/v2\/product_tag?post=2574"}],"curies":[{"name":"wp","href":"https:\/\/api.w.org\/{rel}","templated":true}]}}