{"id":2570,"date":"2024-11-09T06:21:01","date_gmt":"2024-11-09T06:21:01","guid":{"rendered":"https:\/\/sinkwithfaucet.com\/?post_type=product&#038;p=2570"},"modified":"2024-11-09T06:21:01","modified_gmt":"2024-11-09T06:21:01","slug":"large-kitchen-sink-7548d","status":"publish","type":"product","link":"https:\/\/sinkwithfaucet.com\/fr\/large-kitchen-sink-7548d\/","title":{"rendered":"grand \u00e9vier de cuisine 7548D"},"content":{"rendered":"<h2 data-sourcepos=\"1:1-1:56\">Grands \u00e9viers de cuisine : Un choix spacieux et fonctionnel<\/h2>\n<p data-sourcepos=\"3:1-3:253\">Les grands \u00e9viers de cuisine, qui mesurent g\u00e9n\u00e9ralement 36 pouces ou plus, offrent suffisamment d'espace pour effectuer diverses t\u00e2ches, notamment la vaisselle, la pr\u00e9paration des aliments et le trempage d'objets volumineux. Ils constituent un choix populaire pour les propri\u00e9taires qui ont besoin d'un espace de travail spacieux et fonctionnel.<\/p>\n<p data-sourcepos=\"5:1-5:36\"><strong>Avantages des grands \u00e9viers de cuisine :<\/strong><\/p>\n<ul data-sourcepos=\"7:1-10:0\">\n<li data-sourcepos=\"7:1-7:111\"><strong>Fonctionnalit\u00e9 accrue :<\/strong> Les grands \u00e9viers offrent un espace suffisant pour effectuer plusieurs t\u00e2ches \u00e0 la fois et accueillir des objets plus volumineux.<\/li>\n<li data-sourcepos=\"8:1-8:133\"><strong>Polyvalence :<\/strong> Ils peuvent \u00eatre utilis\u00e9s pour toute une s\u00e9rie de t\u00e2ches, de la vaisselle \u00e0 la pr\u00e9paration des aliments en passant par le nettoyage des fruits et l\u00e9gumes.<\/li>\n<li data-sourcepos=\"9:1-10:0\"><strong>Esth\u00e9tique moderne :<\/strong> Les grands \u00e9viers peuvent donner un aspect \u00e9l\u00e9gant et moderne \u00e0 votre cuisine.<\/li>\n<\/ul>\n<p data-sourcepos=\"11:1-11:33\"><strong>Types de grands \u00e9viers de cuisine :<\/strong><\/p>\n<ul data-sourcepos=\"13:1-17:0\">\n<li data-sourcepos=\"13:1-13:110\"><strong>Lavabos sous plan :<\/strong> Ces \u00e9viers sont install\u00e9s sous le plan de travail pour un aspect moderne et sans raccord.<\/li>\n<li data-sourcepos=\"14:1-14:104\"><strong>\u00c9viers \u00e0 montage par le haut :<\/strong> Ces \u00e9viers sont install\u00e9s sur le dessus du comptoir, ce qui leur conf\u00e8re un aspect traditionnel.<\/li>\n<li data-sourcepos=\"15:1-15:109\"><strong>\u00c9viers de type Farmhouse :<\/strong> Des \u00e9viers larges et profonds avec des fa\u00e7ades \u00e0 tablier qui offrent une esth\u00e9tique rustique et de style maison de ferme.<\/li>\n<li data-sourcepos=\"16:1-17:0\"><strong>Eviers commerciaux :<\/strong> \u00c9viers de qualit\u00e9 industrielle con\u00e7us pour un usage intensif, souvent dot\u00e9s de plusieurs bassins et de cuves profondes.<\/li>\n<\/ul>\n<p data-sourcepos=\"18:1-18:54\"><strong>\u00c9l\u00e9ments \u00e0 prendre en compte lors du choix d'un grand \u00e9vier de cuisine :<\/strong><\/p>\n<ul data-sourcepos=\"20:1-24:0\">\n<li data-sourcepos=\"20:1-20:107\"><strong>Taille :<\/strong> Veillez \u00e0 ce que la taille de l'\u00e9vier soit adapt\u00e9e \u00e0 l'espace de votre cuisine et \u00e0 ce qu'il s'harmonise avec les autres appareils \u00e9lectrom\u00e9nagers.<\/li>\n<li data-sourcepos=\"21:1-21:88\"><strong>Mat\u00e9riau :<\/strong> Choisissez un mat\u00e9riau durable comme l'acier inoxydable, le composite ou la fonte.<\/li>\n<li data-sourcepos=\"22:1-22:112\"><strong>Trous de robinet :<\/strong> Tenez compte du nombre et de l'emplacement des trous de robinetterie en fonction de la configuration souhait\u00e9e.<\/li>\n<li data-sourcepos=\"23:1-24:0\"><strong>Installation :<\/strong> Les grands \u00e9viers peuvent n\u00e9cessiter une installation professionnelle en raison de leur taille et de leur poids.<\/li>\n<\/ul>\n<p data-sourcepos=\"25:1-25:202\"><strong>Les grands \u00e9viers de cuisine sont un choix populaire pour les propri\u00e9taires qui souhaitent un espace de travail spacieux et fonctionnel.<\/strong> Ils sont polyvalents et peuvent am\u00e9liorer l'efficacit\u00e9 globale et l'esth\u00e9tique de votre cuisine.<\/p>","protected":false},"excerpt":{"rendered":"<p>Taille totale : 680*450*210 mm<\/p>\n<p>Taille de la d\u00e9coupe : 6600*430 mm<\/p>\n<p>Mat\u00e9riau : Acier inoxydable<\/p>","protected":false},"featured_media":2573,"template":"","meta":[],"product_brand":[],"product_cat":[56],"product_tag":[],"class_list":{"0":"post-2570","1":"product","2":"type-product","3":"status-publish","4":"has-post-thumbnail","6":"product_cat-pressing-kitchen-sink","8":"first","9":"instock","10":"shipping-taxable","11":"product-type-simple"},"_links":{"self":[{"href":"https:\/\/sinkwithfaucet.com\/fr\/wp-json\/wp\/v2\/product\/2570","targetHints":{"allow":["GET"]}}],"collection":[{"href":"https:\/\/sinkwithfaucet.com\/fr\/wp-json\/wp\/v2\/product"}],"about":[{"href":"https:\/\/sinkwithfaucet.com\/fr\/wp-json\/wp\/v2\/types\/product"}],"wp:featuredmedia":[{"embeddable":true,"href":"https:\/\/sinkwithfaucet.com\/fr\/wp-json\/wp\/v2\/media\/2573"}],"wp:attachment":[{"href":"https:\/\/sinkwithfaucet.com\/fr\/wp-json\/wp\/v2\/media?parent=2570"}],"wp:term":[{"taxonomy":"product_brand","embeddable":true,"href":"https:\/\/sinkwithfaucet.com\/fr\/wp-json\/wp\/v2\/product_brand?post=2570"},{"taxonomy":"product_cat","embeddable":true,"href":"https:\/\/sinkwithfaucet.com\/fr\/wp-json\/wp\/v2\/product_cat?post=2570"},{"taxonomy":"product_tag","embeddable":true,"href":"https:\/\/sinkwithfaucet.com\/fr\/wp-json\/wp\/v2\/product_tag?post=2570"}],"curies":[{"name":"wp","href":"https:\/\/api.w.org\/{rel}","templated":true}]}}