{"id":2545,"date":"2024-11-09T03:34:45","date_gmt":"2024-11-09T03:34:45","guid":{"rendered":"https:\/\/sinkwithfaucet.com\/?post_type=product&#038;p=2545"},"modified":"2024-11-09T06:15:09","modified_gmt":"2024-11-09T06:15:09","slug":"countertop-sink-78495","status":"publish","type":"product","link":"https:\/\/sinkwithfaucet.com\/fr\/countertop-sink-78495\/","title":{"rendered":"Evier de comptoir 78495"},"content":{"rendered":"<h2 data-sourcepos=\"1:1-1:51\">\u00c9viers de comptoir : Un choix \u00e9l\u00e9gant et polyvalent<\/h2>\n<p data-sourcepos=\"3:1-3:148\"><strong>Eviers de comptoir<\/strong> sont un choix populaire pour l'am\u00e9nagement des salles de bains et des cuisines. Ils se posent sur le dessus du comptoir, cr\u00e9ant ainsi un aspect propre et moderne.<\/p>\n<p data-sourcepos=\"5:1-5:37\"><strong>Caract\u00e9ristiques principales :<\/strong><\/p>\n<ul data-sourcepos=\"7:1-11:0\">\n<li data-sourcepos=\"7:1-7:99\"><strong>Design \u00e9l\u00e9gant :<\/strong> Disponibles dans une vari\u00e9t\u00e9 de formes, de tailles et de mat\u00e9riaux pour s'adapter \u00e0 toutes les esth\u00e9tiques.<\/li>\n<li data-sourcepos=\"8:1-8:78\"><strong>Installation facile :<\/strong> Facile \u00e0 installer sur votre plan de travail existant.<\/li>\n<li data-sourcepos=\"9:1-9:75\"><strong>Polyvalent :<\/strong> Peut \u00eatre utilis\u00e9 dans les salles de bains, les cuisines ou m\u00eame les buanderies.<\/li>\n<li data-sourcepos=\"10:1-11:0\"><strong>Facile \u00e0 nettoyer :<\/strong> Les surfaces lisses sont faciles \u00e0 entretenir.<\/li>\n<\/ul>\n<p data-sourcepos=\"12:1-12:30\"><strong>Types :<\/strong><\/p>\n<ul data-sourcepos=\"14:1-18:0\">\n<li data-sourcepos=\"14:1-14:58\"><strong>C\u00e9ramique :<\/strong> Un choix classique, offrant un look intemporel.<\/li>\n<li data-sourcepos=\"15:1-15:82\"><strong>Le verre :<\/strong> Une option moderne et \u00e9l\u00e9gante, disponible en plusieurs couleurs et designs.<\/li>\n<li data-sourcepos=\"16:1-16:85\"><strong>Acier inoxydable :<\/strong> Un choix durable et hygi\u00e9nique, souvent utilis\u00e9 dans les cuisines.<\/li>\n<li data-sourcepos=\"17:1-18:0\"><strong>Pierre :<\/strong> Une option naturelle et luxueuse, disponible dans diff\u00e9rents types de granit et de marbre.<\/li>\n<\/ul>\n<p data-sourcepos=\"19:1-19:51\"><strong>\u00c9l\u00e9ments \u00e0 prendre en compte lors du choix d'un \u00e9vier de comptoir :<\/strong><\/p>\n<ul data-sourcepos=\"21:1-26:0\">\n<li data-sourcepos=\"21:1-21:78\"><strong>Taille :<\/strong> Choisissez une taille adapt\u00e9e \u00e0 l'espace dont vous disposez et \u00e0 vos besoins.<\/li>\n<li data-sourcepos=\"22:1-22:81\"><strong>Forme :<\/strong> Tenez compte de la forme de l'\u00e9vier : rond, ovale ou rectangulaire.<\/li>\n<li data-sourcepos=\"23:1-23:68\"><strong>Mat\u00e9riau :<\/strong> Choisissez un mat\u00e9riau durable et facile \u00e0 nettoyer.<\/li>\n<li data-sourcepos=\"24:1-24:102\"><strong>Robinet :<\/strong> Choisissez un robinet qui s'harmonise avec le style de l'\u00e9vier et qui offre un d\u00e9bit d'eau suffisant.<\/li>\n<li data-sourcepos=\"25:1-26:0\"><strong>Installation :<\/strong> Veiller \u00e0 une installation correcte pour \u00e9viter les fuites et les d\u00e9g\u00e2ts des eaux.<\/li>\n<\/ul>\n<p data-sourcepos=\"27:1-27:150\">En tenant compte de ces facteurs, vous pouvez choisir l'\u00e9vier de comptoir id\u00e9al pour rehausser le style et la fonctionnalit\u00e9 de votre salle de bains ou de votre cuisine.<\/p>","protected":false},"excerpt":{"rendered":"<p>Taille totale : 600*450*210 mm<\/p>\n<p>Taille de la d\u00e9coupe : 580*430 mm<\/p>\n<p>Mat\u00e9riau : Acier inoxydable<\/p>","protected":false},"featured_media":2546,"template":"","meta":[],"product_brand":[],"product_cat":[56],"product_tag":[],"class_list":{"0":"post-2545","1":"product","2":"type-product","3":"status-publish","4":"has-post-thumbnail","6":"product_cat-pressing-kitchen-sink","8":"first","9":"instock","10":"shipping-taxable","11":"product-type-simple"},"_links":{"self":[{"href":"https:\/\/sinkwithfaucet.com\/fr\/wp-json\/wp\/v2\/product\/2545","targetHints":{"allow":["GET"]}}],"collection":[{"href":"https:\/\/sinkwithfaucet.com\/fr\/wp-json\/wp\/v2\/product"}],"about":[{"href":"https:\/\/sinkwithfaucet.com\/fr\/wp-json\/wp\/v2\/types\/product"}],"wp:featuredmedia":[{"embeddable":true,"href":"https:\/\/sinkwithfaucet.com\/fr\/wp-json\/wp\/v2\/media\/2546"}],"wp:attachment":[{"href":"https:\/\/sinkwithfaucet.com\/fr\/wp-json\/wp\/v2\/media?parent=2545"}],"wp:term":[{"taxonomy":"product_brand","embeddable":true,"href":"https:\/\/sinkwithfaucet.com\/fr\/wp-json\/wp\/v2\/product_brand?post=2545"},{"taxonomy":"product_cat","embeddable":true,"href":"https:\/\/sinkwithfaucet.com\/fr\/wp-json\/wp\/v2\/product_cat?post=2545"},{"taxonomy":"product_tag","embeddable":true,"href":"https:\/\/sinkwithfaucet.com\/fr\/wp-json\/wp\/v2\/product_tag?post=2545"}],"curies":[{"name":"wp","href":"https:\/\/api.w.org\/{rel}","templated":true}]}}