{"id":2432,"date":"2024-11-04T06:50:40","date_gmt":"2024-11-04T06:50:40","guid":{"rendered":"https:\/\/sinkwithfaucet.com\/?post_type=product&#038;p=2432"},"modified":"2024-11-11T02:44:49","modified_gmt":"2024-11-11T02:44:49","slug":"30-inch-kitchen-sink-3022ssa","status":"publish","type":"product","link":"https:\/\/sinkwithfaucet.com\/fr\/30-inch-kitchen-sink-3022ssa\/","title":{"rendered":"\u00c9vier de cuisine 30 pouces 3022SSA"},"content":{"rendered":"<p data-sourcepos=\"1:1-1:227\">Les \u00e9viers de cuisine de 30 pouces sont un choix populaire pour de nombreux propri\u00e9taires, car ils offrent un \u00e9quilibre entre taille et fonctionnalit\u00e9. Ils sont disponibles dans une grande vari\u00e9t\u00e9 de styles, de mat\u00e9riaux et de configurations pour s'adapter aux diff\u00e9rents designs et besoins des cuisines.<\/p>\n<h3 data-sourcepos=\"3:1-3:42\">Caract\u00e9ristiques principales des \u00e9viers de cuisine de 30 pouces :<\/h3>\n<ul data-sourcepos=\"5:1-9:0\">\n<li data-sourcepos=\"5:1-5:107\"><strong>Beaucoup d'espace :<\/strong> Offre suffisamment d'espace pour laver la vaisselle, pr\u00e9parer les repas et faire tremper les ustensiles de cuisine de grande taille.<\/li>\n<li data-sourcepos=\"6:1-6:94\"><strong>Conception polyvalente :<\/strong> Disponible en configuration simple, double et poste de travail.<\/li>\n<li data-sourcepos=\"7:1-7:80\"><strong>Mat\u00e9riaux durables :<\/strong> Ils sont souvent fabriqu\u00e9s en acier inoxydable, en composite ou en c\u00e9ramique.<\/li>\n<li data-sourcepos=\"8:1-9:0\"><strong>Options \u00e9l\u00e9gantes :<\/strong> Disponible en plusieurs finitions et styles pour s'adapter aux diff\u00e9rentes esth\u00e9tiques de cuisine.<\/li>\n<\/ul>\n<h3 data-sourcepos=\"10:1-10:35\">Types d'\u00e9viers de cuisine de 30 pouces :<\/h3>\n<ul data-sourcepos=\"12:1-15:0\">\n<li data-sourcepos=\"12:1-12:85\"><strong><a href=\"https:\/\/sinkwithfaucet.com\/fr\/undermount-sink-1\/\">\u00c9viers sous plan<\/a>:<\/strong> Install\u00e9 sous le comptoir pour un look \u00e9l\u00e9gant et moderne.<\/li>\n<li data-sourcepos=\"13:1-13:93\"><strong><a href=\"https:\/\/sinkwithfaucet.com\/fr\/topmount-sink-1\/\">\u00c9viers \u00e0 montage par le dessus<\/a>:<\/strong> Install\u00e9 sur le dessus du comptoir, il offre un aspect traditionnel.<\/li>\n<li data-sourcepos=\"14:1-15:0\"><strong><a href=\"https:\/\/sinkwithfaucet.com\/fr\/apron-sink-1\/\">\u00c9viers de ferme<\/a>:<\/strong> Des \u00e9viers larges et profonds avec une fa\u00e7ade \u00e0 tablier, offrant un design rustique et fonctionnel.<\/li>\n<\/ul>\n<h3 data-sourcepos=\"16:1-16:56\">\u00c9l\u00e9ments \u00e0 prendre en compte lors du choix d'un \u00e9vier de cuisine de 30 pouces :<\/h3>\n<ul data-sourcepos=\"18:1-23:0\">\n<li data-sourcepos=\"18:1-18:94\"><strong>Mat\u00e9riau :<\/strong> Choisissez un mat\u00e9riau durable et facile \u00e0 nettoyer, comme l'acier inoxydable ou le composite.<\/li>\n<li data-sourcepos=\"19:1-19:91\"><strong>Configuration du bol :<\/strong> S\u00e9lectionnez une configuration \u00e0 simple ou double cuvette en fonction de vos besoins.<\/li>\n<li data-sourcepos=\"20:1-20:78\"><strong>Profondeur :<\/strong> Tenez compte de la profondeur de la cuve pour accueillir des ustensiles de cuisine plus grands.<\/li>\n<li data-sourcepos=\"21:1-21:105\"><strong>Finition :<\/strong> Choisissez une finition qui s'harmonise avec le style de votre cuisine, par exemple bross\u00e9e, polie ou mate.<\/li>\n<li data-sourcepos=\"22:1-23:0\"><strong>Installation :<\/strong> Veillez \u00e0 ce que l'installation soit correcte, qu'il s'agisse d'un montage sous plan ou d'un montage par le dessus.<\/li>\n<\/ul>\n<p data-sourcepos=\"24:1-24:139\">En tenant compte de ces facteurs, vous pouvez choisir l'\u00e9vier de cuisine de 30 pouces id\u00e9al pour am\u00e9liorer la fonctionnalit\u00e9 et le style de votre cuisine.<\/p>","protected":false},"excerpt":{"rendered":"<p>Taille totale : 30*22*10 pouces \/ 762*559*254 mm<\/p>\n<p>Taille du bol : 712*451 mm<\/p>\n<p>Taille de la d\u00e9coupe : 763*503 mm<\/p>\n<p>Coin radial : R10<\/p>","protected":false},"featured_media":2433,"template":"","meta":[],"product_brand":[],"product_cat":[54],"product_tag":[],"class_list":{"0":"post-2432","1":"product","2":"type-product","3":"status-publish","4":"has-post-thumbnail","6":"product_cat-apron-sink-1","8":"first","9":"instock","10":"shipping-taxable","11":"product-type-simple"},"_links":{"self":[{"href":"https:\/\/sinkwithfaucet.com\/fr\/wp-json\/wp\/v2\/product\/2432","targetHints":{"allow":["GET"]}}],"collection":[{"href":"https:\/\/sinkwithfaucet.com\/fr\/wp-json\/wp\/v2\/product"}],"about":[{"href":"https:\/\/sinkwithfaucet.com\/fr\/wp-json\/wp\/v2\/types\/product"}],"wp:featuredmedia":[{"embeddable":true,"href":"https:\/\/sinkwithfaucet.com\/fr\/wp-json\/wp\/v2\/media\/2433"}],"wp:attachment":[{"href":"https:\/\/sinkwithfaucet.com\/fr\/wp-json\/wp\/v2\/media?parent=2432"}],"wp:term":[{"taxonomy":"product_brand","embeddable":true,"href":"https:\/\/sinkwithfaucet.com\/fr\/wp-json\/wp\/v2\/product_brand?post=2432"},{"taxonomy":"product_cat","embeddable":true,"href":"https:\/\/sinkwithfaucet.com\/fr\/wp-json\/wp\/v2\/product_cat?post=2432"},{"taxonomy":"product_tag","embeddable":true,"href":"https:\/\/sinkwithfaucet.com\/fr\/wp-json\/wp\/v2\/product_tag?post=2432"}],"curies":[{"name":"wp","href":"https:\/\/api.w.org\/{rel}","templated":true}]}}