{"id":2429,"date":"2024-11-04T06:26:45","date_gmt":"2024-11-04T06:26:45","guid":{"rendered":"https:\/\/sinkwithfaucet.com\/?post_type=product&#038;p=2429"},"modified":"2024-11-04T06:27:51","modified_gmt":"2024-11-04T06:27:51","slug":"stainless-apron-sink-3322da","status":"publish","type":"product","link":"https:\/\/sinkwithfaucet.com\/fr\/stainless-apron-sink-3322da\/","title":{"rendered":"Evier \u00e0 tablier en inox 3322DA"},"content":{"rendered":"<h2><strong><b>\u00c9viers \u00e0 tablier en inox : Un classique durable<\/b><\/strong><\/h2>\n<p>Les \u00e9viers \u00e0 tablier en inox sont tr\u00e8s appr\u00e9ci\u00e9s des propri\u00e9taires qui souhaitent une cuisine \u00e0 la fois \u00e9l\u00e9gante et tr\u00e8s fonctionnelle. Ces \u00e9viers de grande taille et profonds, souvent appel\u00e9s \"\u00e9viers de ferme\", sont dot\u00e9s d'un tablier unique qui d\u00e9passe du plan de travail.<\/p>\n<p>&nbsp;<\/p>\n<p><strong>Caract\u00e9ristiques principales des \u00e9viers \u00e0 tablier en acier inoxydable :<\/strong><\/p>\n<ul>\n<li>Cuvette spacieuse : Offre beaucoup d'espace pour laver les grandes casseroles et les po\u00eales.<\/li>\n<li>Design \u00e9l\u00e9gant : Le tablier conf\u00e8re une apparence classique et raffin\u00e9e \u00e0 votre cuisine.<\/li>\n<li>Durabilit\u00e9 : Fabriqu\u00e9 en acier inoxydable de haute qualit\u00e9, il garantit des performances \u00e0 long terme.<\/li>\n<li>Facile \u00e0 nettoyer : La surface lisse est facile \u00e0 entretenir et \u00e0 d\u00e9sinfecter.<\/li>\n<\/ul>\n<p><strong><b>\u00c9l\u00e9ments \u00e0 prendre en compte lors du choix d'un \u00e9vier \u00e0 tablier en acier inoxydable :<\/b><\/strong><\/p>\n<ul>\n<li>La taille : Optez pour une taille adapt\u00e9e \u00e0 l'agencement de votre cuisine et \u00e0 vos besoins sp\u00e9cifiques.<\/li>\n<li>Configuration de la cuvette : Choisissez entre une configuration \u00e0 simple ou double cuve selon vos pr\u00e9f\u00e9rences.<\/li>\n<li>Le calibre : Une \u00e9paisseur plus importante signifie que l'\u00e9vier est plus durable.<\/li>\n<li>Finition : choisissez une finition qui s'harmonise avec le style de votre cuisine, comme l'acier inoxydable bross\u00e9 ou poli.<\/li>\n<\/ul>\n<p><strong><b>Installation :<\/b><\/strong><\/p>\n<p>En pesant m\u00e9ticuleusement ces facteurs, vous pourrez choisir l'\u00e9vier \u00e0 tablier en acier inoxydable id\u00e9al pour rehausser le style et la fonctionnalit\u00e9 de votre cuisine.<\/p>","protected":false},"excerpt":{"rendered":"<p>Taille totale : 33*22*10 pouces \/ 838*559*254 mm<\/p>\n<p>Taille du bol : 788*420\/330*452 mm<\/p>\n<p>Taille de la d\u00e9coupe : 839*503 mm<\/p>\n<p>Coin radial : R10<\/p>","protected":false},"featured_media":2430,"template":"","meta":[],"product_brand":[],"product_cat":[54],"product_tag":[],"class_list":{"0":"post-2429","1":"product","2":"type-product","3":"status-publish","4":"has-post-thumbnail","6":"product_cat-apron-sink-1","8":"first","9":"instock","10":"shipping-taxable","11":"product-type-simple"},"_links":{"self":[{"href":"https:\/\/sinkwithfaucet.com\/fr\/wp-json\/wp\/v2\/product\/2429","targetHints":{"allow":["GET"]}}],"collection":[{"href":"https:\/\/sinkwithfaucet.com\/fr\/wp-json\/wp\/v2\/product"}],"about":[{"href":"https:\/\/sinkwithfaucet.com\/fr\/wp-json\/wp\/v2\/types\/product"}],"wp:featuredmedia":[{"embeddable":true,"href":"https:\/\/sinkwithfaucet.com\/fr\/wp-json\/wp\/v2\/media\/2430"}],"wp:attachment":[{"href":"https:\/\/sinkwithfaucet.com\/fr\/wp-json\/wp\/v2\/media?parent=2429"}],"wp:term":[{"taxonomy":"product_brand","embeddable":true,"href":"https:\/\/sinkwithfaucet.com\/fr\/wp-json\/wp\/v2\/product_brand?post=2429"},{"taxonomy":"product_cat","embeddable":true,"href":"https:\/\/sinkwithfaucet.com\/fr\/wp-json\/wp\/v2\/product_cat?post=2429"},{"taxonomy":"product_tag","embeddable":true,"href":"https:\/\/sinkwithfaucet.com\/fr\/wp-json\/wp\/v2\/product_tag?post=2429"}],"curies":[{"name":"wp","href":"https:\/\/api.w.org\/{rel}","templated":true}]}}