{"id":2425,"date":"2024-11-04T06:09:13","date_gmt":"2024-11-04T06:09:13","guid":{"rendered":"https:\/\/sinkwithfaucet.com\/?post_type=product&#038;p=2425"},"modified":"2024-11-04T06:09:28","modified_gmt":"2024-11-04T06:09:28","slug":"matte-black-kitchen-sink-9246","status":"publish","type":"product","link":"https:\/\/sinkwithfaucet.com\/fr\/matte-black-kitchen-sink-9246\/","title":{"rendered":"\u00c9vier de cuisine noir mat 9246"},"content":{"rendered":"<h2 data-sourcepos=\"1:1-1:55\">\u00c9viers de cuisine noir mat : Un choix moderne et \u00e9l\u00e9gant<\/h2>\n<p data-sourcepos=\"3:1-3:165\">Les \u00e9viers de cuisine noir mat sont de plus en plus populaires en raison de leur aspect \u00e9l\u00e9gant et moderne. Ils peuvent ajouter une touche de sophistication \u00e0 n'importe quelle cuisine.<\/p>\n<p data-sourcepos=\"5:1-5:46\"><strong>Caract\u00e9ristiques principales :<\/strong><\/p>\n<ul data-sourcepos=\"7:1-11:0\">\n<li data-sourcepos=\"7:1-7:100\"><strong>Esth\u00e9tique \u00e9pur\u00e9e et moderne :<\/strong> La finition noire mate cr\u00e9e un look contemporain et minimaliste.<\/li>\n<li data-sourcepos=\"8:1-8:107\"><strong>R\u00e9sistant aux empreintes digitales :<\/strong> La finition mate permet de minimiser la visibilit\u00e9 des empreintes digitales et des taches.<\/li>\n<li data-sourcepos=\"9:1-9:99\"><strong>Durable et de longue dur\u00e9e :<\/strong> Fabriqu\u00e9 \u00e0 partir de mat\u00e9riaux de haute qualit\u00e9 tels que l'acier inoxydable ou le composite.<\/li>\n<li data-sourcepos=\"10:1-11:0\"><strong>Polyvalent :<\/strong> Disponible dans diff\u00e9rents styles, y compris sous le plan de travail, dans le plan de travail et dans le plan de travail de ferme.<\/li>\n<\/ul>\n<p data-sourcepos=\"12:1-12:60\"><strong>\u00c9l\u00e9ments \u00e0 prendre en compte lors du choix d'un \u00e9vier de cuisine noir mat :<\/strong><\/p>\n<ul data-sourcepos=\"14:1-19:0\">\n<li data-sourcepos=\"14:1-14:76\"><strong>Mat\u00e9riau :<\/strong> Choisissez un mat\u00e9riau durable comme l'acier inoxydable ou le composite.<\/li>\n<li data-sourcepos=\"15:1-15:78\"><strong>Finition :<\/strong> Veiller \u00e0 ce que la finition noire mate soit homog\u00e8ne et de haute qualit\u00e9.<\/li>\n<li data-sourcepos=\"16:1-16:86\"><strong>Taille et forme :<\/strong> Choisissez une taille et une forme adapt\u00e9es \u00e0 l'agencement et aux besoins de votre cuisine.<\/li>\n<li data-sourcepos=\"17:1-17:91\"><strong>Installation :<\/strong> Tenez compte de la m\u00e9thode d'installation, qu'il s'agisse d'un montage sous plan ou d'un montage par le dessus.<\/li>\n<li data-sourcepos=\"18:1-19:0\"><strong>Entretien :<\/strong> Bien que les \u00e9viers noirs mats soient durables, il est essentiel de les nettoyer r\u00e9guli\u00e8rement pour pr\u00e9server leur apparence.<\/li>\n<\/ul>\n<p data-sourcepos=\"20:1-20:143\">En tenant compte de ces facteurs, vous pouvez choisir l'\u00e9vier de cuisine noir mat id\u00e9al pour rehausser le style et la fonctionnalit\u00e9 de votre cuisine.<\/p>","protected":false},"excerpt":{"rendered":"<p>Taille totale : 9200*460*230 mm<\/p>\n<p>Taille de la cuvette : 700*363 mm<\/p>\n<p>Taille de la d\u00e9coupe : 896*436 mm<\/p>\n<p>Coin radial : R10<\/p>","protected":false},"featured_media":2426,"template":"","meta":[],"product_brand":[],"product_cat":[53],"product_tag":[],"class_list":{"0":"post-2425","1":"product","2":"type-product","3":"status-publish","4":"has-post-thumbnail","6":"product_cat-topmount-sink-1","8":"first","9":"instock","10":"shipping-taxable","11":"product-type-simple"},"_links":{"self":[{"href":"https:\/\/sinkwithfaucet.com\/fr\/wp-json\/wp\/v2\/product\/2425","targetHints":{"allow":["GET"]}}],"collection":[{"href":"https:\/\/sinkwithfaucet.com\/fr\/wp-json\/wp\/v2\/product"}],"about":[{"href":"https:\/\/sinkwithfaucet.com\/fr\/wp-json\/wp\/v2\/types\/product"}],"wp:featuredmedia":[{"embeddable":true,"href":"https:\/\/sinkwithfaucet.com\/fr\/wp-json\/wp\/v2\/media\/2426"}],"wp:attachment":[{"href":"https:\/\/sinkwithfaucet.com\/fr\/wp-json\/wp\/v2\/media?parent=2425"}],"wp:term":[{"taxonomy":"product_brand","embeddable":true,"href":"https:\/\/sinkwithfaucet.com\/fr\/wp-json\/wp\/v2\/product_brand?post=2425"},{"taxonomy":"product_cat","embeddable":true,"href":"https:\/\/sinkwithfaucet.com\/fr\/wp-json\/wp\/v2\/product_cat?post=2425"},{"taxonomy":"product_tag","embeddable":true,"href":"https:\/\/sinkwithfaucet.com\/fr\/wp-json\/wp\/v2\/product_tag?post=2425"}],"curies":[{"name":"wp","href":"https:\/\/api.w.org\/{rel}","templated":true}]}}