{"id":2423,"date":"2024-11-04T06:01:20","date_gmt":"2024-11-04T06:01:20","guid":{"rendered":"https:\/\/sinkwithfaucet.com\/?post_type=product&#038;p=2423"},"modified":"2024-11-04T06:01:20","modified_gmt":"2024-11-04T06:01:20","slug":"flush-mount-sink-7948","status":"publish","type":"product","link":"https:\/\/sinkwithfaucet.com\/fr\/flush-mount-sink-7948\/","title":{"rendered":"Evier encastr\u00e9 7948"},"content":{"rendered":"<h2 data-sourcepos=\"1:1-1:50\">\u00c9viers encastr\u00e9s : Un choix moderne et hygi\u00e9nique<\/h2>\n<p data-sourcepos=\"3:1-3:186\">Les \u00e9viers encastr\u00e9s sont une option moderne et \u00e9l\u00e9gante pour les cuisines. Ils sont install\u00e9s de mani\u00e8re \u00e0 ce que le bord de l'\u00e9vier affleure le plan de travail, cr\u00e9ant ainsi une surface homog\u00e8ne et hygi\u00e9nique.<\/p>\n<p data-sourcepos=\"5:1-5:38\"><strong>Caract\u00e9ristiques principales :<\/strong><\/p>\n<ul data-sourcepos=\"7:1-11:0\">\n<li data-sourcepos=\"7:1-7:81\"><strong>Design \u00e9pur\u00e9 :<\/strong> Le design encastr\u00e9 cr\u00e9e un look \u00e9pur\u00e9 et minimaliste.<\/li>\n<li data-sourcepos=\"8:1-8:127\"><strong>Facile \u00e0 nettoyer :<\/strong> L'int\u00e9gration parfaite au plan de travail emp\u00eache les d\u00e9bris de rester coinc\u00e9s, ce qui facilite le nettoyage.<\/li>\n<li data-sourcepos=\"9:1-9:72\"><strong>Hygi\u00e9nique :<\/strong> L'absence d'interstices r\u00e9duit le risque de prolif\u00e9ration des bact\u00e9ries.<\/li>\n<li data-sourcepos=\"10:1-11:0\"><strong>Esth\u00e9tique moderne :<\/strong> Compl\u00e8te les cuisines contemporaines.<\/li>\n<\/ul>\n<p data-sourcepos=\"12:1-12:52\"><strong>\u00c9l\u00e9ments \u00e0 prendre en compte lors du choix d'un \u00e9vier encastr\u00e9 :<\/strong><\/p>\n<ul data-sourcepos=\"14:1-18:0\">\n<li data-sourcepos=\"14:1-14:76\"><strong>Mat\u00e9riau :<\/strong> Choisissez un mat\u00e9riau durable comme l'acier inoxydable ou le composite.<\/li>\n<li data-sourcepos=\"15:1-15:86\"><strong>Taille et forme :<\/strong> Choisissez une taille et une forme adapt\u00e9es \u00e0 l'agencement et aux besoins de votre cuisine.<\/li>\n<li data-sourcepos=\"16:1-16:93\"><strong>Installation :<\/strong> Il est recommand\u00e9 de faire appel \u00e0 un professionnel pour l'installation afin de garantir un ajustement et une \u00e9tanch\u00e9it\u00e9 corrects.<\/li>\n<li data-sourcepos=\"17:1-18:0\"><strong>Mat\u00e9riau du comptoir :<\/strong> Le mat\u00e9riau du plan de travail doit \u00eatre compatible avec la m\u00e9thode d'installation de l'\u00e9vier \u00e0 encastrer.<\/li>\n<\/ul>\n<p data-sourcepos=\"19:1-19:135\">En tenant compte de ces facteurs, vous pouvez choisir l'\u00e9vier \u00e0 encastrer id\u00e9al pour rehausser le style et la fonctionnalit\u00e9 de votre cuisine.<\/p>","protected":false},"excerpt":{"rendered":"<p>Taille totale : 787*480*230 mm<\/p>\n<p>Taille de la cuvette : 736*362 mm<\/p>\n<p>Taille de la d\u00e9coupe : 763*456 mm<\/p>\n<p>Coin radial : R10<\/p>","protected":false},"featured_media":2424,"template":"","meta":[],"product_brand":[],"product_cat":[53],"product_tag":[],"class_list":{"0":"post-2423","1":"product","2":"type-product","3":"status-publish","4":"has-post-thumbnail","6":"product_cat-topmount-sink-1","8":"first","9":"instock","10":"shipping-taxable","11":"product-type-simple"},"_links":{"self":[{"href":"https:\/\/sinkwithfaucet.com\/fr\/wp-json\/wp\/v2\/product\/2423","targetHints":{"allow":["GET"]}}],"collection":[{"href":"https:\/\/sinkwithfaucet.com\/fr\/wp-json\/wp\/v2\/product"}],"about":[{"href":"https:\/\/sinkwithfaucet.com\/fr\/wp-json\/wp\/v2\/types\/product"}],"wp:featuredmedia":[{"embeddable":true,"href":"https:\/\/sinkwithfaucet.com\/fr\/wp-json\/wp\/v2\/media\/2424"}],"wp:attachment":[{"href":"https:\/\/sinkwithfaucet.com\/fr\/wp-json\/wp\/v2\/media?parent=2423"}],"wp:term":[{"taxonomy":"product_brand","embeddable":true,"href":"https:\/\/sinkwithfaucet.com\/fr\/wp-json\/wp\/v2\/product_brand?post=2423"},{"taxonomy":"product_cat","embeddable":true,"href":"https:\/\/sinkwithfaucet.com\/fr\/wp-json\/wp\/v2\/product_cat?post=2423"},{"taxonomy":"product_tag","embeddable":true,"href":"https:\/\/sinkwithfaucet.com\/fr\/wp-json\/wp\/v2\/product_tag?post=2423"}],"curies":[{"name":"wp","href":"https:\/\/api.w.org\/{rel}","templated":true}]}}