{"id":2421,"date":"2024-11-04T03:43:55","date_gmt":"2024-11-04T03:43:55","guid":{"rendered":"https:\/\/sinkwithfaucet.com\/?post_type=product&#038;p=2421"},"modified":"2024-11-04T03:43:55","modified_gmt":"2024-11-04T03:43:55","slug":"30-inch-sink-7046-a","status":"publish","type":"product","link":"https:\/\/sinkwithfaucet.com\/fr\/30-inch-sink-7046-a\/","title":{"rendered":"Evier 30 pouces 7046-A"},"content":{"rendered":"<h2 data-sourcepos=\"1:1-1:45\">\u00c9viers de 30 pouces : Un choix polyvalent<\/h2>\n<p data-sourcepos=\"3:1-3:203\">Un \u00e9vier de 30 pouces est une taille populaire qui offre un \u00e9quilibre entre l'espace et la fonctionnalit\u00e9. Ils sont disponibles dans diff\u00e9rents styles, mat\u00e9riaux et configurations pour s'adapter aux diff\u00e9rentes conceptions et besoins de la cuisine.<\/p>\n<p data-sourcepos=\"5:1-5:42\"><strong>Caract\u00e9ristiques principales des \u00e9viers de 30 pouces :<\/strong><\/p>\n<ul data-sourcepos=\"7:1-11:0\">\n<li data-sourcepos=\"7:1-7:107\"><strong>Beaucoup d'espace :<\/strong> Offre suffisamment d'espace pour laver la vaisselle, pr\u00e9parer les repas et faire tremper les ustensiles de cuisine de grande taille.<\/li>\n<li data-sourcepos=\"8:1-8:94\"><strong>Conception polyvalente :<\/strong> Disponible en configuration simple, double et poste de travail.<\/li>\n<li data-sourcepos=\"9:1-9:92\"><strong>Mat\u00e9riaux durables :<\/strong> Ils sont souvent fabriqu\u00e9s en acier inoxydable, en fonte ou en mat\u00e9riaux composites.<\/li>\n<li data-sourcepos=\"10:1-11:0\"><strong>Esth\u00e9tique moderne :<\/strong> Des designs \u00e9l\u00e9gants et contemporains qui s'harmonisent avec les diff\u00e9rents styles de cuisine.<\/li>\n<\/ul>\n<p data-sourcepos=\"12:1-12:35\"><strong>Types d'\u00e9viers de cuisine de 30 pouces :<\/strong><\/p>\n<ul data-sourcepos=\"14:1-17:0\">\n<li data-sourcepos=\"14:1-14:77\"><strong>Lavabos sous plan :<\/strong> Install\u00e9 sous le plan de travail pour un aspect homog\u00e8ne.<\/li>\n<li data-sourcepos=\"15:1-15:93\"><strong>\u00c9viers \u00e0 montage par le haut :<\/strong> Install\u00e9 sur le dessus du comptoir, il offre un aspect traditionnel.<\/li>\n<li data-sourcepos=\"16:1-17:0\"><strong>\u00c9viers de type Farmhouse :<\/strong> Des \u00e9viers larges et profonds avec une fa\u00e7ade \u00e0 tablier, offrant un design rustique et fonctionnel.<\/li>\n<\/ul>\n<p data-sourcepos=\"18:1-18:73\"><strong>Lorsque vous choisissez un \u00e9vier de cuisine de 30 pouces, tenez compte des facteurs suivants :<\/strong><\/p>\n<ul data-sourcepos=\"20:1-25:0\">\n<li data-sourcepos=\"20:1-20:94\"><strong>Mat\u00e9riau :<\/strong> Choisissez un mat\u00e9riau durable et facile \u00e0 nettoyer, comme l'acier inoxydable ou le composite.<\/li>\n<li data-sourcepos=\"21:1-21:100\"><strong>Configuration du bol :<\/strong> S\u00e9lectionnez une configuration de cuve simple, double ou triple en fonction de vos besoins.<\/li>\n<li data-sourcepos=\"22:1-22:64\"><strong>Profondeur :<\/strong> Une cuvette plus profonde permet d'accueillir des casseroles et des po\u00eales plus grandes.<\/li>\n<li data-sourcepos=\"23:1-23:105\"><strong>Finition :<\/strong> Choisissez une finition qui s'harmonise avec le style de votre cuisine, par exemple bross\u00e9e, polie ou satin\u00e9e.<\/li>\n<li data-sourcepos=\"24:1-25:0\"><strong>Installation :<\/strong> Tenez compte de la m\u00e9thode d'installation, qu'il s'agisse d'un montage sous plan ou d'un montage par le dessus.<\/li>\n<\/ul>\n<p data-sourcepos=\"26:1-26:138\">En tenant compte de ces facteurs, vous pouvez choisir l'\u00e9vier de cuisine de 30 pouces id\u00e9al.<\/p>","protected":false},"excerpt":{"rendered":"<p>Taille totale : 700*460*230 mm<\/p>\n<p>Taille de la cuvette : 660*363 mm<\/p>\n<p>Taille de la d\u00e9coupe : 676*436 mm<\/p>\n<p>Coin radial : R10<\/p>","protected":false},"featured_media":2422,"template":"","meta":[],"product_brand":[],"product_cat":[53],"product_tag":[],"class_list":{"0":"post-2421","1":"product","2":"type-product","3":"status-publish","4":"has-post-thumbnail","6":"product_cat-topmount-sink-1","8":"first","9":"instock","10":"shipping-taxable","11":"product-type-simple"},"_links":{"self":[{"href":"https:\/\/sinkwithfaucet.com\/fr\/wp-json\/wp\/v2\/product\/2421","targetHints":{"allow":["GET"]}}],"collection":[{"href":"https:\/\/sinkwithfaucet.com\/fr\/wp-json\/wp\/v2\/product"}],"about":[{"href":"https:\/\/sinkwithfaucet.com\/fr\/wp-json\/wp\/v2\/types\/product"}],"wp:featuredmedia":[{"embeddable":true,"href":"https:\/\/sinkwithfaucet.com\/fr\/wp-json\/wp\/v2\/media\/2422"}],"wp:attachment":[{"href":"https:\/\/sinkwithfaucet.com\/fr\/wp-json\/wp\/v2\/media?parent=2421"}],"wp:term":[{"taxonomy":"product_brand","embeddable":true,"href":"https:\/\/sinkwithfaucet.com\/fr\/wp-json\/wp\/v2\/product_brand?post=2421"},{"taxonomy":"product_cat","embeddable":true,"href":"https:\/\/sinkwithfaucet.com\/fr\/wp-json\/wp\/v2\/product_cat?post=2421"},{"taxonomy":"product_tag","embeddable":true,"href":"https:\/\/sinkwithfaucet.com\/fr\/wp-json\/wp\/v2\/product_tag?post=2421"}],"curies":[{"name":"wp","href":"https:\/\/api.w.org\/{rel}","templated":true}]}}