{"id":2418,"date":"2024-11-04T03:36:44","date_gmt":"2024-11-04T03:36:44","guid":{"rendered":"https:\/\/sinkwithfaucet.com\/?post_type=product&#038;p=2418"},"modified":"2024-11-04T03:36:44","modified_gmt":"2024-11-04T03:36:44","slug":"black-kitchen-sink-7647b","status":"publish","type":"product","link":"https:\/\/sinkwithfaucet.com\/fr\/black-kitchen-sink-7647b\/","title":{"rendered":"\u00c9vier de cuisine noir 7647B"},"content":{"rendered":"<h2 data-sourcepos=\"1:1-1:215\">\u00c9viers de cuisine noirs :<\/h2>\n<p data-sourcepos=\"1:1-1:215\">Les \u00e9viers de cuisine noirs sont devenus de plus en plus populaires ces derni\u00e8res ann\u00e9es, offrant un aspect moderne et sophistiqu\u00e9 qui peut rehausser la conception de n'importe quelle cuisine. Ils sont disponibles dans une grande vari\u00e9t\u00e9 de mat\u00e9riaux et de styles.<\/p>\n<ul data-sourcepos=\"5:1-8:0\">\n<li data-sourcepos=\"5:1-5:89\"><strong>\u00c9l\u00e9gant et moderne :<\/strong> La finition sombre et mate ajoute une touche contemporaine \u00e0 votre cuisine.<\/li>\n<li data-sourcepos=\"6:1-6:84\"><strong>Durable et hygi\u00e9nique :<\/strong> L'acier inoxydable est un mat\u00e9riau durable et facile \u00e0 nettoyer.<\/li>\n<li data-sourcepos=\"7:1-8:0\"><strong>R\u00e9sistant aux empreintes digitales :<\/strong> Des rev\u00eatements sp\u00e9ciaux permettent de minimiser les empreintes digitales et les bavures.<\/li>\n<\/ul>\n<p data-sourcepos=\"21:1-21:71\"><strong>Lorsque vous choisissez un \u00e9vier de cuisine noir, tenez compte des facteurs suivants :<\/strong><\/p>\n<ul data-sourcepos=\"23:1-28:0\">\n<li data-sourcepos=\"23:1-23:67\"><strong>Mat\u00e9riau :<\/strong> Choisissez un mat\u00e9riau adapt\u00e9 \u00e0 votre style et \u00e0 votre budget.<\/li>\n<li data-sourcepos=\"24:1-24:76\"><strong>Taille et forme :<\/strong> Choisissez une taille et une forme adapt\u00e9es \u00e0 l'agencement de votre cuisine.<\/li>\n<li data-sourcepos=\"25:1-25:72\"><strong>Installation :<\/strong> D\u00e9cidez si l'installation doit se faire sous le niveau du sol ou par le haut.<\/li>\n<li data-sourcepos=\"26:1-26:74\"><strong>Finition :<\/strong> Tenez compte de la teinte sp\u00e9cifique du noir et du degr\u00e9 de brillance.<\/li>\n<li data-sourcepos=\"27:1-28:0\"><strong>Entretien :<\/strong> Suivez les instructions d'entretien du fabricant pour que votre \u00e9vier conserve tout son \u00e9clat.<\/li>\n<\/ul>\n<p data-sourcepos=\"29:1-29:142\">En tenant compte de ces facteurs, vous pouvez choisir l'\u00e9vier noir id\u00e9al pour rehausser le style et la fonctionnalit\u00e9 de votre cuisine.<\/p>","protected":false},"excerpt":{"rendered":"<p>Taille totale : 760*470*230 mm<\/p>\n<p>Taille de la cuvette : 720*363 mm<\/p>\n<p>Taille de la d\u00e9coupe : 736*446 mm<\/p>\n<p>Coin radial : R10<\/p>","protected":false},"featured_media":2419,"template":"","meta":[],"product_brand":[],"product_cat":[53],"product_tag":[],"class_list":{"0":"post-2418","1":"product","2":"type-product","3":"status-publish","4":"has-post-thumbnail","6":"product_cat-topmount-sink-1","8":"first","9":"instock","10":"shipping-taxable","11":"product-type-simple"},"_links":{"self":[{"href":"https:\/\/sinkwithfaucet.com\/fr\/wp-json\/wp\/v2\/product\/2418","targetHints":{"allow":["GET"]}}],"collection":[{"href":"https:\/\/sinkwithfaucet.com\/fr\/wp-json\/wp\/v2\/product"}],"about":[{"href":"https:\/\/sinkwithfaucet.com\/fr\/wp-json\/wp\/v2\/types\/product"}],"wp:featuredmedia":[{"embeddable":true,"href":"https:\/\/sinkwithfaucet.com\/fr\/wp-json\/wp\/v2\/media\/2419"}],"wp:attachment":[{"href":"https:\/\/sinkwithfaucet.com\/fr\/wp-json\/wp\/v2\/media?parent=2418"}],"wp:term":[{"taxonomy":"product_brand","embeddable":true,"href":"https:\/\/sinkwithfaucet.com\/fr\/wp-json\/wp\/v2\/product_brand?post=2418"},{"taxonomy":"product_cat","embeddable":true,"href":"https:\/\/sinkwithfaucet.com\/fr\/wp-json\/wp\/v2\/product_cat?post=2418"},{"taxonomy":"product_tag","embeddable":true,"href":"https:\/\/sinkwithfaucet.com\/fr\/wp-json\/wp\/v2\/product_tag?post=2418"}],"curies":[{"name":"wp","href":"https:\/\/api.w.org\/{rel}","templated":true}]}}