{"id":2411,"date":"2024-11-04T03:09:36","date_gmt":"2024-11-04T03:09:36","guid":{"rendered":"https:\/\/sinkwithfaucet.com\/?post_type=product&#038;p=2411"},"modified":"2024-11-04T03:09:36","modified_gmt":"2024-11-04T03:09:36","slug":"deep-sink-3120do","status":"publish","type":"product","link":"https:\/\/sinkwithfaucet.com\/fr\/deep-sink-3120do\/","title":{"rendered":"Evier profond 3120DO"},"content":{"rendered":"<h2 data-sourcepos=\"1:1-1:53\">\u00c9viers profonds : Un choix pratique et \u00e9l\u00e9gant<\/h2>\n<p data-sourcepos=\"3:1-3:266\">Les \u00e9viers profonds offrent de nombreux avantages, notamment une plus grande fonctionnalit\u00e9, une meilleure esth\u00e9tique et de meilleures possibilit\u00e9s de nettoyage. Ils sont particuli\u00e8rement utiles pour accueillir de grandes casseroles, faire tremper des objets encombrants et effectuer d'autres t\u00e2ches dans la cuisine.<\/p>\n<p data-sourcepos=\"5:1-5:39\"><strong>Caract\u00e9ristiques principales des \u00e9viers de cuisine profonds :<\/strong><\/p>\n<ul data-sourcepos=\"7:1-11:0\">\n<li data-sourcepos=\"7:1-7:87\"><strong>Profondeur suffisante :<\/strong> Offre beaucoup d'espace pour laver les grands ustensiles de cuisine et les objets encombrants.<\/li>\n<li data-sourcepos=\"8:1-8:97\"><strong>R\u00e9duction des \u00e9claboussures :<\/strong> La conception plus profonde permet de minimiser les \u00e9claboussures d'eau sur le plan de travail.<\/li>\n<li data-sourcepos=\"9:1-9:112\"><strong>Fonctionnalit\u00e9 am\u00e9lior\u00e9e :<\/strong> Peut s'adapter \u00e0 une vari\u00e9t\u00e9 de t\u00e2ches de cuisine, de la vaisselle \u00e0 la pr\u00e9paration des aliments.<\/li>\n<li data-sourcepos=\"10:1-11:0\"><strong>Design \u00e9l\u00e9gant :<\/strong> Disponible en diff\u00e9rents styles et finitions pour compl\u00e9ter le d\u00e9cor de la cuisine.<\/li>\n<\/ul>\n<p data-sourcepos=\"12:1-12:32\"><strong>Types d'\u00e9viers de cuisine profonds :<\/strong><\/p>\n<ul data-sourcepos=\"14:1-17:0\">\n<li data-sourcepos=\"14:1-14:85\"><strong>Lavabos sous plan :<\/strong> Install\u00e9 sous le comptoir pour un look \u00e9l\u00e9gant et moderne.<\/li>\n<li data-sourcepos=\"15:1-15:105\"><strong>\u00c9viers \u00e0 montage par le haut :<\/strong> Install\u00e9 sur le dessus du comptoir, il offre un aspect classique et traditionnel.<\/li>\n<li data-sourcepos=\"16:1-17:0\"><strong>\u00c9viers de type Farmhouse :<\/strong> Des \u00e9viers larges et profonds avec une fa\u00e7ade \u00e0 tablier, offrant un design rustique et fonctionnel.<\/li>\n<\/ul>\n<p data-sourcepos=\"18:1-18:53\"><strong>\u00c9l\u00e9ments \u00e0 prendre en compte lors du choix d'un \u00e9vier de cuisine profond :<\/strong><\/p>\n<ul data-sourcepos=\"20:1-24:0\">\n<li data-sourcepos=\"20:1-20:94\"><strong>Profondeur :<\/strong> Choisissez une profondeur adapt\u00e9e \u00e0 vos besoins, en tenant compte de la taille de vos casseroles et po\u00eales.<\/li>\n<li data-sourcepos=\"21:1-21:89\"><strong>Mat\u00e9riau :<\/strong> L'acier inoxydable est un choix populaire en raison de sa durabilit\u00e9 et de sa facilit\u00e9 de nettoyage.<\/li>\n<li data-sourcepos=\"22:1-22:78\"><strong>Taille :<\/strong> Choisissez une taille adapt\u00e9e \u00e0 l'agencement de votre cuisine et \u00e0 l'espace disponible.<\/li>\n<li data-sourcepos=\"23:1-24:0\"><strong>Style :<\/strong> Choisissez un style qui compl\u00e8te le design g\u00e9n\u00e9ral de votre cuisine.<\/li>\n<\/ul>\n<p data-sourcepos=\"25:1-25:136\">En tenant compte de ces facteurs, vous pouvez choisir l'\u00e9vier de cuisine profond id\u00e9al pour am\u00e9liorer la fonctionnalit\u00e9 et le style de votre cuisine.<\/p>","protected":false},"excerpt":{"rendered":"<p>Taille totale : 31*20*9 pouces\/810*510*220 mm<\/p>\n<p>Taille de la cuvette : 350*398\/350*398 mm<\/p>\n<p>Taille de la d\u00e9coupe : 767*488 mm<\/p>\n<p>Coin radial : R10<\/p>","protected":false},"featured_media":2412,"template":"","meta":[],"product_brand":[],"product_cat":[53],"product_tag":[],"class_list":{"0":"post-2411","1":"product","2":"type-product","3":"status-publish","4":"has-post-thumbnail","6":"product_cat-topmount-sink-1","8":"first","9":"instock","10":"shipping-taxable","11":"product-type-simple"},"_links":{"self":[{"href":"https:\/\/sinkwithfaucet.com\/fr\/wp-json\/wp\/v2\/product\/2411","targetHints":{"allow":["GET"]}}],"collection":[{"href":"https:\/\/sinkwithfaucet.com\/fr\/wp-json\/wp\/v2\/product"}],"about":[{"href":"https:\/\/sinkwithfaucet.com\/fr\/wp-json\/wp\/v2\/types\/product"}],"wp:featuredmedia":[{"embeddable":true,"href":"https:\/\/sinkwithfaucet.com\/fr\/wp-json\/wp\/v2\/media\/2412"}],"wp:attachment":[{"href":"https:\/\/sinkwithfaucet.com\/fr\/wp-json\/wp\/v2\/media?parent=2411"}],"wp:term":[{"taxonomy":"product_brand","embeddable":true,"href":"https:\/\/sinkwithfaucet.com\/fr\/wp-json\/wp\/v2\/product_brand?post=2411"},{"taxonomy":"product_cat","embeddable":true,"href":"https:\/\/sinkwithfaucet.com\/fr\/wp-json\/wp\/v2\/product_cat?post=2411"},{"taxonomy":"product_tag","embeddable":true,"href":"https:\/\/sinkwithfaucet.com\/fr\/wp-json\/wp\/v2\/product_tag?post=2411"}],"curies":[{"name":"wp","href":"https:\/\/api.w.org\/{rel}","templated":true}]}}