{"id":2409,"date":"2024-11-04T03:03:16","date_gmt":"2024-11-04T03:03:16","guid":{"rendered":"https:\/\/sinkwithfaucet.com\/?post_type=product&#038;p=2409"},"modified":"2024-11-04T03:03:16","modified_gmt":"2024-11-04T03:03:16","slug":"double-kitchen-sink-1160ddo","status":"publish","type":"product","link":"https:\/\/sinkwithfaucet.com\/fr\/double-kitchen-sink-1160ddo\/","title":{"rendered":"Evier double 1160DDO"},"content":{"rendered":"<h2 data-sourcepos=\"1:1-1:48\">Double \u00e9vier de cuisine : Un choix polyvalent<\/h2>\n<p data-sourcepos=\"3:1-3:237\">Les \u00e9viers de cuisine doubles constituent une solution pratique et efficace pour les m\u00e9nages tr\u00e8s occup\u00e9s. Avec deux cuves s\u00e9par\u00e9es, ils offrent suffisamment d'espace pour effectuer diverses t\u00e2ches, telles que la vaisselle, la pr\u00e9paration des aliments et le nettoyage des fruits et l\u00e9gumes.<\/p>\n<p data-sourcepos=\"5:1-5:46\"><strong>Principaux avantages :<\/strong><\/p>\n<ul data-sourcepos=\"7:1-11:0\">\n<li data-sourcepos=\"7:1-7:97\"><strong>Fonctionnalit\u00e9 accrue :<\/strong> Deux bacs vous permettent de faire plusieurs choses \u00e0 la fois et d'organiser votre cuisine.<\/li>\n<li data-sourcepos=\"8:1-8:135\"><strong>Efficacit\u00e9 :<\/strong> Des lavabos s\u00e9par\u00e9s peuvent \u00eatre utilis\u00e9s pour des t\u00e2ches diff\u00e9rentes, par exemple la vaisselle dans un lavabo et la pr\u00e9paration des aliments dans l'autre.<\/li>\n<li data-sourcepos=\"9:1-9:126\"><strong>Flexibilit\u00e9 :<\/strong> Les \u00e9viers doubles offrent une grande souplesse en termes d'agencement et de conception, et s'adaptent \u00e0 diverses configurations de cuisine.<\/li>\n<li data-sourcepos=\"10:1-11:0\"><strong>Style :<\/strong> Les \u00e9viers doubles peuvent ajouter une touche de sophistication et de fonctionnalit\u00e9 \u00e0 votre cuisine.<\/li>\n<\/ul>\n<p data-sourcepos=\"12:1-12:39\"><strong>Types d'\u00e9viers de cuisine \u00e0 double cuve :<\/strong><\/p>\n<ul data-sourcepos=\"14:1-18:0\">\n<li data-sourcepos=\"14:1-14:100\"><strong>C\u00f4te \u00e0 c\u00f4te :<\/strong> Les deux vasques sont plac\u00e9es c\u00f4te \u00e0 c\u00f4te, offrant un aspect classique et traditionnel.<\/li>\n<li data-sourcepos=\"15:1-15:105\"><strong>Des bols de taille in\u00e9gale :<\/strong> Un bassin est plus grand que l'autre, ce qui permet de s'adapter \u00e0 diff\u00e9rentes t\u00e2ches.<\/li>\n<li data-sourcepos=\"16:1-16:95\"><strong>Diviser pour r\u00e9gner :<\/strong> Un seul bassin avec un s\u00e9parateur qui cr\u00e9e deux compartiments s\u00e9par\u00e9s.<\/li>\n<li data-sourcepos=\"17:1-18:0\"><strong>Sous plan :<\/strong> Les \u00e9viers \u00e0 double encastrement offrent un aspect homog\u00e8ne et moderne en s'installant sous le plan de travail.<\/li>\n<\/ul>\n<p data-sourcepos=\"19:1-19:60\"><strong>\u00c9l\u00e9ments \u00e0 prendre en compte lors du choix d'un \u00e9vier de cuisine \u00e0 double cuve :<\/strong><\/p>\n<ul data-sourcepos=\"21:1-25:0\">\n<li data-sourcepos=\"21:1-21:69\"><strong>Taille :<\/strong> Veillez \u00e0 ce que la taille de l'\u00e9vier soit adapt\u00e9e \u00e0 l'espace de votre cuisine.<\/li>\n<li data-sourcepos=\"22:1-22:74\"><strong>Style :<\/strong> Choisissez un \u00e9vier qui s'harmonise avec le design g\u00e9n\u00e9ral de votre cuisine.<\/li>\n<li data-sourcepos=\"23:1-23:76\"><strong>Mat\u00e9riau :<\/strong> Choisissez un mat\u00e9riau durable comme l'acier inoxydable ou le composite.<\/li>\n<li data-sourcepos=\"24:1-25:0\"><strong>Trous de robinet :<\/strong> Tenez compte du nombre et de l'emplacement des trous de robinetterie en fonction de la configuration souhait\u00e9e.<\/li>\n<\/ul>\n<p data-sourcepos=\"26:1-26:185\"><strong>Les \u00e9viers de cuisine doubles sont un choix pratique et polyvalent pour les m\u00e9nages occup\u00e9s.<\/strong> Leur durabilit\u00e9, leur hygi\u00e8ne et leur esth\u00e9tique moderne en font une option populaire pour les cuisines de toutes tailles.<\/p>","protected":false},"excerpt":{"rendered":"<p>Taille totale : 1160*510*220 mm<\/p>\n<p>Taille de la cuve : 400*400\/335*400 mm<\/p>\n<p>Taille de la d\u00e9coupe : 1135*485 mm<\/p>\n<p>Coin radial : R10<\/p>","protected":false},"featured_media":2410,"template":"","meta":[],"product_brand":[],"product_cat":[53],"product_tag":[],"class_list":{"0":"post-2409","1":"product","2":"type-product","3":"status-publish","4":"has-post-thumbnail","6":"product_cat-topmount-sink-1","8":"first","9":"instock","10":"shipping-taxable","11":"product-type-simple"},"_links":{"self":[{"href":"https:\/\/sinkwithfaucet.com\/fr\/wp-json\/wp\/v2\/product\/2409","targetHints":{"allow":["GET"]}}],"collection":[{"href":"https:\/\/sinkwithfaucet.com\/fr\/wp-json\/wp\/v2\/product"}],"about":[{"href":"https:\/\/sinkwithfaucet.com\/fr\/wp-json\/wp\/v2\/types\/product"}],"wp:featuredmedia":[{"embeddable":true,"href":"https:\/\/sinkwithfaucet.com\/fr\/wp-json\/wp\/v2\/media\/2410"}],"wp:attachment":[{"href":"https:\/\/sinkwithfaucet.com\/fr\/wp-json\/wp\/v2\/media?parent=2409"}],"wp:term":[{"taxonomy":"product_brand","embeddable":true,"href":"https:\/\/sinkwithfaucet.com\/fr\/wp-json\/wp\/v2\/product_brand?post=2409"},{"taxonomy":"product_cat","embeddable":true,"href":"https:\/\/sinkwithfaucet.com\/fr\/wp-json\/wp\/v2\/product_cat?post=2409"},{"taxonomy":"product_tag","embeddable":true,"href":"https:\/\/sinkwithfaucet.com\/fr\/wp-json\/wp\/v2\/product_tag?post=2409"}],"curies":[{"name":"wp","href":"https:\/\/api.w.org\/{rel}","templated":true}]}}