{"id":2405,"date":"2024-11-04T02:44:36","date_gmt":"2024-11-04T02:44:36","guid":{"rendered":"https:\/\/sinkwithfaucet.com\/?post_type=product&#038;p=2405"},"modified":"2024-11-04T02:45:56","modified_gmt":"2024-11-04T02:45:56","slug":"above-counter-sink-8151sdo","status":"publish","type":"product","link":"https:\/\/sinkwithfaucet.com\/fr\/above-counter-sink-8151sdo\/","title":{"rendered":"Evier \u00e0 poser 8151SDO"},"content":{"rendered":"<h2 data-sourcepos=\"1:1-1:51\">\u00c9viers au-dessus du comptoir : Un choix \u00e9l\u00e9gant et moderne<\/h2>\n<p data-sourcepos=\"3:1-3:194\"><strong>Lavabos au-dessus du comptoir<\/strong>Les lavabos, \u00e9galement connus sous le nom de cuves, sont un choix populaire pour l'am\u00e9nagement des salles de bains et des cuisines. Ils sont pos\u00e9s sur le dessus du plan de travail, cr\u00e9ant ainsi un point focal unique et accrocheur.<\/p>\n<p data-sourcepos=\"5:1-5:40\"><strong>Principales caract\u00e9ristiques des \u00e9viers \u00e0 poser :<\/strong><\/p>\n<ul data-sourcepos=\"7:1-11:0\">\n<li data-sourcepos=\"7:1-7:88\"><strong>Design \u00e9l\u00e9gant :<\/strong> Disponible dans une large gamme de styles, du classique au contemporain.<\/li>\n<li data-sourcepos=\"8:1-8:78\"><strong>Installation facile :<\/strong> Facile \u00e0 installer sur votre plan de travail existant.<\/li>\n<li data-sourcepos=\"9:1-9:72\"><strong>Vari\u00e9t\u00e9 de mat\u00e9riaux :<\/strong> Choisissez entre la c\u00e9ramique, le verre, la pierre ou le m\u00e9tal.<\/li>\n<li data-sourcepos=\"10:1-11:0\"><strong>Personnalisation :<\/strong> Peut \u00eatre personnalis\u00e9 pour r\u00e9pondre \u00e0 vos besoins et pr\u00e9f\u00e9rences sp\u00e9cifiques.<\/li>\n<\/ul>\n<p data-sourcepos=\"12:1-12:55\"><strong>\u00c9l\u00e9ments \u00e0 prendre en compte lors du choix d'un \u00e9vier \u00e0 poser :<\/strong><\/p>\n<ul data-sourcepos=\"14:1-18:0\">\n<li data-sourcepos=\"14:1-14:144\"><strong>Taille et forme :<\/strong> Tenez compte de la taille et de la forme de l'\u00e9vier pour vous assurer qu'il s'adapte \u00e0 votre plan de travail et qu'il compl\u00e8te le design de votre salle de bains ou de votre cuisine.<\/li>\n<li data-sourcepos=\"15:1-15:82\"><strong>Mat\u00e9riau :<\/strong> Choisissez un mat\u00e9riau durable et facile \u00e0 nettoyer, adapt\u00e9 \u00e0 votre style.<\/li>\n<li data-sourcepos=\"16:1-16:87\"><strong>Robinet :<\/strong> Choisissez un robinet compatible avec la hauteur et le style de l'\u00e9vier.<\/li>\n<li data-sourcepos=\"17:1-18:0\"><strong>Installation :<\/strong> Veillez \u00e0 une installation correcte afin d'\u00e9viter les d\u00e9g\u00e2ts des eaux et de garantir un fonctionnement optimal.<\/li>\n<\/ul>\n<p data-sourcepos=\"19:1-19:143\"><strong>En tenant compte de ces facteurs, vous pouvez choisir l'\u00e9vier au-dessus du comptoir qui rehaussera le style et la fonctionnalit\u00e9 de votre espace.<\/strong><\/p>","protected":false},"excerpt":{"rendered":"<p>Taille totale : 810*510*220 mm<\/p>\n<p>Taille de la cuvette : 400*400 mm<\/p>\n<p>Taille de la d\u00e9coupe : 785*485 mm<\/p>\n<p>Coin radial : R10<\/p>","protected":false},"featured_media":2406,"template":"","meta":[],"product_brand":[],"product_cat":[53],"product_tag":[],"class_list":{"0":"post-2405","1":"product","2":"type-product","3":"status-publish","4":"has-post-thumbnail","6":"product_cat-topmount-sink-1","8":"first","9":"instock","10":"shipping-taxable","11":"product-type-simple"},"_links":{"self":[{"href":"https:\/\/sinkwithfaucet.com\/fr\/wp-json\/wp\/v2\/product\/2405","targetHints":{"allow":["GET"]}}],"collection":[{"href":"https:\/\/sinkwithfaucet.com\/fr\/wp-json\/wp\/v2\/product"}],"about":[{"href":"https:\/\/sinkwithfaucet.com\/fr\/wp-json\/wp\/v2\/types\/product"}],"wp:featuredmedia":[{"embeddable":true,"href":"https:\/\/sinkwithfaucet.com\/fr\/wp-json\/wp\/v2\/media\/2406"}],"wp:attachment":[{"href":"https:\/\/sinkwithfaucet.com\/fr\/wp-json\/wp\/v2\/media?parent=2405"}],"wp:term":[{"taxonomy":"product_brand","embeddable":true,"href":"https:\/\/sinkwithfaucet.com\/fr\/wp-json\/wp\/v2\/product_brand?post=2405"},{"taxonomy":"product_cat","embeddable":true,"href":"https:\/\/sinkwithfaucet.com\/fr\/wp-json\/wp\/v2\/product_cat?post=2405"},{"taxonomy":"product_tag","embeddable":true,"href":"https:\/\/sinkwithfaucet.com\/fr\/wp-json\/wp\/v2\/product_tag?post=2405"}],"curies":[{"name":"wp","href":"https:\/\/api.w.org\/{rel}","templated":true}]}}