{"id":2403,"date":"2024-11-04T02:39:18","date_gmt":"2024-11-04T02:39:18","guid":{"rendered":"https:\/\/sinkwithfaucet.com\/?post_type=product&#038;p=2403"},"modified":"2024-11-04T02:39:18","modified_gmt":"2024-11-04T02:39:18","slug":"black-stainless-steel-kitchen-sink-7843","status":"publish","type":"product","link":"https:\/\/sinkwithfaucet.com\/fr\/black-stainless-steel-kitchen-sink-7843\/","title":{"rendered":"\u00c9vier de cuisine en acier inoxydable noir 7843"},"content":{"rendered":"<h2 data-sourcepos=\"1:1-1:57\">\u00c9viers de cuisine en acier inoxydable noir : Un choix moderne et \u00e9l\u00e9gant<\/h2>\n<p data-sourcepos=\"3:1-3:231\">Les \u00e9viers de cuisine en acier inoxydable noir sont devenus de plus en plus populaires ces derni\u00e8res ann\u00e9es, offrant une alternative \u00e9l\u00e9gante et moderne \u00e0 l'acier inoxydable traditionnel. Cette finition unique ajoute une touche de sophistication et d'\u00e9l\u00e9gance \u00e0 toute cuisine.<\/p>\n<p data-sourcepos=\"5:1-5:48\"><strong>Caract\u00e9ristiques principales des \u00e9viers en acier inoxydable noir :<\/strong><\/p>\n<ul data-sourcepos=\"7:1-11:0\">\n<li data-sourcepos=\"7:1-7:93\"><strong>Esth\u00e9tique moderne :<\/strong> La finition sombre et \u00e9l\u00e9gante cr\u00e9e un look contemporain et sophistiqu\u00e9.<\/li>\n<li data-sourcepos=\"8:1-8:92\"><strong>Durabilit\u00e9 :<\/strong> Fabriqu\u00e9 en acier inoxydable de haute qualit\u00e9, il garantit des performances durables.<\/li>\n<li data-sourcepos=\"9:1-9:113\"><strong>R\u00e9sistance aux empreintes digitales :<\/strong> Des rev\u00eatements sp\u00e9ciaux permettent de minimiser les traces de doigts et les salissures, ce qui facilite le nettoyage.<\/li>\n<li data-sourcepos=\"10:1-11:0\"><strong>Vari\u00e9t\u00e9 de styles :<\/strong> Disponibles dans diff\u00e9rents styles, y compris les \u00e9viers \u00e0 montage sous plan, les \u00e9viers \u00e0 montage par le dessus et les \u00e9viers de ferme.<\/li>\n<\/ul>\n<p data-sourcepos=\"12:1-12:62\"><strong>\u00c9l\u00e9ments \u00e0 prendre en compte lors du choix d'un \u00e9vier en acier inoxydable noir :<\/strong><\/p>\n<ul data-sourcepos=\"14:1-18:0\">\n<li data-sourcepos=\"14:1-14:120\"><strong>Finition :<\/strong> Choisissez une finition qui s'harmonise avec le style g\u00e9n\u00e9ral de votre cuisine, comme le noir mat ou l'acier noir bross\u00e9.<\/li>\n<li data-sourcepos=\"15:1-15:75\"><strong>Taille :<\/strong> Choisissez une taille adapt\u00e9e \u00e0 vos besoins sp\u00e9cifiques et \u00e0 l'agencement de votre cuisine.<\/li>\n<li data-sourcepos=\"16:1-16:91\"><strong>Installation :<\/strong> Tenez compte de la m\u00e9thode d'installation, qu'il s'agisse d'un montage sous plan ou d'un montage par le dessus.<\/li>\n<li data-sourcepos=\"17:1-18:0\"><strong>Entretien :<\/strong> Bien que l'acier inoxydable noir soit durable, il est essentiel de le nettoyer r\u00e9guli\u00e8rement pour en pr\u00e9server l'aspect.<\/li>\n<\/ul>\n<p data-sourcepos=\"19:1-19:149\">En tenant compte de ces facteurs, vous pouvez choisir l'\u00e9vier noir en acier inoxydable id\u00e9al pour rehausser le style et la fonctionnalit\u00e9 de votre cuisine.<\/p>","protected":false},"excerpt":{"rendered":"<p>Taille totale : 780*430*220 mm<\/p>\n<p>Taille de la cuvette : 740*381 mm<\/p>\n<p>Taille de la d\u00e9coupe : 740*381 mm<\/p>\n<p>Coin radial : R10<\/p>","protected":false},"featured_media":2404,"template":"","meta":[],"product_brand":[],"product_cat":[52],"product_tag":[],"class_list":{"0":"post-2403","1":"product","2":"type-product","3":"status-publish","4":"has-post-thumbnail","6":"product_cat-undermount-sink-1","8":"first","9":"instock","10":"shipping-taxable","11":"product-type-simple"},"_links":{"self":[{"href":"https:\/\/sinkwithfaucet.com\/fr\/wp-json\/wp\/v2\/product\/2403","targetHints":{"allow":["GET"]}}],"collection":[{"href":"https:\/\/sinkwithfaucet.com\/fr\/wp-json\/wp\/v2\/product"}],"about":[{"href":"https:\/\/sinkwithfaucet.com\/fr\/wp-json\/wp\/v2\/types\/product"}],"wp:featuredmedia":[{"embeddable":true,"href":"https:\/\/sinkwithfaucet.com\/fr\/wp-json\/wp\/v2\/media\/2404"}],"wp:attachment":[{"href":"https:\/\/sinkwithfaucet.com\/fr\/wp-json\/wp\/v2\/media?parent=2403"}],"wp:term":[{"taxonomy":"product_brand","embeddable":true,"href":"https:\/\/sinkwithfaucet.com\/fr\/wp-json\/wp\/v2\/product_brand?post=2403"},{"taxonomy":"product_cat","embeddable":true,"href":"https:\/\/sinkwithfaucet.com\/fr\/wp-json\/wp\/v2\/product_cat?post=2403"},{"taxonomy":"product_tag","embeddable":true,"href":"https:\/\/sinkwithfaucet.com\/fr\/wp-json\/wp\/v2\/product_tag?post=2403"}],"curies":[{"name":"wp","href":"https:\/\/api.w.org\/{rel}","templated":true}]}}