{"id":2394,"date":"2024-11-04T01:54:04","date_gmt":"2024-11-04T01:54:04","guid":{"rendered":"https:\/\/sinkwithfaucet.com\/?post_type=product&#038;p=2394"},"modified":"2024-11-04T01:55:37","modified_gmt":"2024-11-04T01:55:37","slug":"undermount-bar-sink-1144ddu","status":"publish","type":"product","link":"https:\/\/sinkwithfaucet.com\/fr\/undermount-bar-sink-1144ddu\/","title":{"rendered":"Evier de bar sous plan 1144DDU"},"content":{"rendered":"<h2 data-sourcepos=\"1:1-1:50\">\u00c9viers de bar \u00e0 encastrer : Un choix \u00e9l\u00e9gant et moderne<\/h2>\n<p data-sourcepos=\"3:1-3:193\"><strong>Eviers de bar sous plan<\/strong> sont un choix populaire pour les bars domestiques, les bars humides et les petites cuisines. Ils sont con\u00e7us pour \u00eatre install\u00e9s sous le comptoir, ce qui leur conf\u00e8re un aspect homog\u00e8ne et moderne.<\/p>\n<p data-sourcepos=\"5:1-5:41\"><strong>Caract\u00e9ristiques principales :<\/strong><\/p>\n<ul data-sourcepos=\"7:1-11:0\">\n<li data-sourcepos=\"7:1-7:92\"><strong>Design \u00e9pur\u00e9 :<\/strong> L'installation sous le plan de travail permet d'obtenir une esth\u00e9tique propre et contemporaine.<\/li>\n<li data-sourcepos=\"8:1-8:119\"><strong>Facile \u00e0 nettoyer :<\/strong> L'int\u00e9gration parfaite avec le plan de travail \u00e9limine les interstices o\u00f9 la salet\u00e9 et les d\u00e9bris peuvent s'accumuler.<\/li>\n<li data-sourcepos=\"9:1-9:58\"><strong>Gain de place :<\/strong> Taille compacte id\u00e9ale pour les petits espaces.<\/li>\n<li data-sourcepos=\"10:1-11:0\"><strong>Durabilit\u00e9 :<\/strong> G\u00e9n\u00e9ralement fabriqu\u00e9s en acier inoxydable de haute qualit\u00e9, ils garantissent des performances durables.<\/li>\n<\/ul>\n<p data-sourcepos=\"12:1-12:56\"><strong>\u00c9l\u00e9ments \u00e0 prendre en compte lors du choix d'un \u00e9vier de bar sous plan :<\/strong><\/p>\n<ul data-sourcepos=\"14:1-18:0\">\n<li data-sourcepos=\"14:1-14:66\"><strong>Taille :<\/strong> Choisissez une taille adapt\u00e9e \u00e0 votre espace et \u00e0 vos besoins.<\/li>\n<li data-sourcepos=\"15:1-15:109\"><strong>Profondeur :<\/strong> Tenez compte de la profondeur de l'\u00e9vier pour les diff\u00e9rentes t\u00e2ches, telles que le lavage des verres ou la pr\u00e9paration des boissons.<\/li>\n<li data-sourcepos=\"16:1-16:92\"><strong>Mat\u00e9riau :<\/strong> L'acier inoxydable est un choix populaire en raison de sa durabilit\u00e9 et de sa facilit\u00e9 d'entretien.<\/li>\n<li data-sourcepos=\"17:1-18:0\"><strong>Trous de robinet :<\/strong> Assurez-vous que l'\u00e9vier comporte le nombre appropri\u00e9 de trous de robinetterie pour la configuration souhait\u00e9e.<\/li>\n<\/ul>\n<p data-sourcepos=\"19:1-20:30\">En examinant attentivement ces facteurs, vous pourrez choisir l'\u00e9vier de bar sous plan parfait pour compl\u00e9ter votre cuisine ou votre espace bar.<\/p>","protected":false},"excerpt":{"rendered":"<p>Taille totale \uff1a 1150*440*220 mm<\/p>\n<p>Taille de la cuvette \uff1a400*400\/300*400 mm<\/p>\n<p>Taille de la d\u00e9coupe \uff1a1110*400 mm<\/p>\n<p>Coin radial \uff1aR10<\/p>","protected":false},"featured_media":2397,"template":"","meta":[],"product_brand":[],"product_cat":[52],"product_tag":[],"class_list":{"0":"post-2394","1":"product","2":"type-product","3":"status-publish","4":"has-post-thumbnail","6":"product_cat-undermount-sink-1","8":"first","9":"instock","10":"shipping-taxable","11":"product-type-simple"},"_links":{"self":[{"href":"https:\/\/sinkwithfaucet.com\/fr\/wp-json\/wp\/v2\/product\/2394","targetHints":{"allow":["GET"]}}],"collection":[{"href":"https:\/\/sinkwithfaucet.com\/fr\/wp-json\/wp\/v2\/product"}],"about":[{"href":"https:\/\/sinkwithfaucet.com\/fr\/wp-json\/wp\/v2\/types\/product"}],"wp:featuredmedia":[{"embeddable":true,"href":"https:\/\/sinkwithfaucet.com\/fr\/wp-json\/wp\/v2\/media\/2397"}],"wp:attachment":[{"href":"https:\/\/sinkwithfaucet.com\/fr\/wp-json\/wp\/v2\/media?parent=2394"}],"wp:term":[{"taxonomy":"product_brand","embeddable":true,"href":"https:\/\/sinkwithfaucet.com\/fr\/wp-json\/wp\/v2\/product_brand?post=2394"},{"taxonomy":"product_cat","embeddable":true,"href":"https:\/\/sinkwithfaucet.com\/fr\/wp-json\/wp\/v2\/product_cat?post=2394"},{"taxonomy":"product_tag","embeddable":true,"href":"https:\/\/sinkwithfaucet.com\/fr\/wp-json\/wp\/v2\/product_tag?post=2394"}],"curies":[{"name":"wp","href":"https:\/\/api.w.org\/{rel}","templated":true}]}}