{"id":2389,"date":"2024-11-04T01:38:16","date_gmt":"2024-11-04T01:38:16","guid":{"rendered":"https:\/\/sinkwithfaucet.com\/?post_type=product&#038;p=2389"},"modified":"2024-11-04T01:38:17","modified_gmt":"2024-11-04T01:38:17","slug":"free-standing-sink-7544du","status":"publish","type":"product","link":"https:\/\/sinkwithfaucet.com\/fr\/free-standing-sink-7544du\/","title":{"rendered":"Evier \u00e0 poser 7544DU"},"content":{"rendered":"<h2 data-sourcepos=\"1:1-1:54\">\u00c9viers sur pied : Un choix \u00e9l\u00e9gant et fonctionnel<\/h2>\n<p data-sourcepos=\"3:1-3:226\">Les lavabos sur pied constituent un compl\u00e9ment polyvalent et attrayant pour les salles de bains et les cuisines. Contrairement aux \u00e9viers de comptoir traditionnels, les \u00e9viers autoportants sont install\u00e9s sur le sol, ajoutant une touche unique et \u00e9l\u00e9gante \u00e0 votre espace.<\/p>\n<p data-sourcepos=\"5:1-5:39\"><strong>Caract\u00e9ristiques principales des \u00e9viers \u00e0 poser :<\/strong><\/p>\n<ul data-sourcepos=\"7:1-11:0\">\n<li data-sourcepos=\"7:1-7:90\"><strong>Conception polyvalente :<\/strong> Disponible dans une large gamme de styles, du classique au contemporain.<\/li>\n<li data-sourcepos=\"8:1-8:90\"><strong>Installation facile :<\/strong> L'installation est simple et ne n\u00e9cessite pas de travaux importants sur le plan de travail.<\/li>\n<li data-sourcepos=\"9:1-9:74\"><strong>Une esth\u00e9tique unique :<\/strong> Cr\u00e9e un point de mire dans votre salle de bains ou votre cuisine.<\/li>\n<li data-sourcepos=\"10:1-11:0\"><strong>Facile \u00e0 nettoyer :<\/strong> Les surfaces lisses et la conception ouverte facilitent le nettoyage.<\/li>\n<li data-sourcepos=\"10:1-11:0\"><strong>Eviers de cuisine :<\/strong>\n<ul data-sourcepos=\"19:5-21:0\">\n<li data-sourcepos=\"19:5-19:126\"><strong>\u00c9viers de type Farmhouse :<\/strong> Grands \u00e9viers profonds \u00e0 tablier, offrant un large espace pour la vaisselle et la pr\u00e9paration des aliments.<\/li>\n<li data-sourcepos=\"20:5-21:0\"><strong>Utilit\u00e9 Eviers :<\/strong> Parfait pour les buanderies, les garages ou les cuisines ext\u00e9rieures.<\/li>\n<\/ul>\n<\/li>\n<\/ul>\n<ul data-sourcepos=\"14:1-21:0\">\n<li style=\"list-style-type: none;\" data-sourcepos=\"14:1-17:100\"><\/li>\n<\/ul>\n<p data-sourcepos=\"22:1-22:53\"><strong>\u00c9l\u00e9ments \u00e0 prendre en compte lors du choix d'un \u00e9vier autoportant :<\/strong><\/p>\n<ul data-sourcepos=\"24:1-28:0\">\n<li data-sourcepos=\"24:1-24:74\"><strong>Style :<\/strong> Choisissez un \u00e9vier qui s'harmonise avec votre esth\u00e9tique g\u00e9n\u00e9rale.<\/li>\n<li data-sourcepos=\"25:1-25:78\"><strong>Taille :<\/strong> Choisissez une taille adapt\u00e9e \u00e0 l'espace dont vous disposez et \u00e0 vos besoins.<\/li>\n<li data-sourcepos=\"26:1-26:129\"><strong>Mat\u00e9riau :<\/strong> Tenez compte du mat\u00e9riau, tel que la c\u00e9ramique, la porcelaine ou l'acier inoxydable, en fonction de sa durabilit\u00e9 et de vos pr\u00e9f\u00e9rences en mati\u00e8re de style.<\/li>\n<li data-sourcepos=\"27:1-28:0\"><strong>Plomberie :<\/strong> Veillez \u00e0 ce que les raccordements de plomberie soient corrects et tenez compte des difficult\u00e9s \u00e9ventuelles, en particulier pour les \u00e9viers de cuisine autoportants.<\/li>\n<\/ul>","protected":false},"excerpt":{"rendered":"<p>Taille totale : 750*440*220 mm<\/p>\n<p>Taille de la cuve : 340*400\/340*400 mm<\/p>\n<p>Taille de la d\u00e9coupe : 710*400 mm<\/p>\n<p>Coin radial : R10<\/p>","protected":false},"featured_media":2390,"template":"","meta":[],"product_brand":[],"product_cat":[52],"product_tag":[],"class_list":{"0":"post-2389","1":"product","2":"type-product","3":"status-publish","4":"has-post-thumbnail","6":"product_cat-undermount-sink-1","8":"first","9":"instock","10":"shipping-taxable","11":"product-type-simple"},"_links":{"self":[{"href":"https:\/\/sinkwithfaucet.com\/fr\/wp-json\/wp\/v2\/product\/2389","targetHints":{"allow":["GET"]}}],"collection":[{"href":"https:\/\/sinkwithfaucet.com\/fr\/wp-json\/wp\/v2\/product"}],"about":[{"href":"https:\/\/sinkwithfaucet.com\/fr\/wp-json\/wp\/v2\/types\/product"}],"wp:featuredmedia":[{"embeddable":true,"href":"https:\/\/sinkwithfaucet.com\/fr\/wp-json\/wp\/v2\/media\/2390"}],"wp:attachment":[{"href":"https:\/\/sinkwithfaucet.com\/fr\/wp-json\/wp\/v2\/media?parent=2389"}],"wp:term":[{"taxonomy":"product_brand","embeddable":true,"href":"https:\/\/sinkwithfaucet.com\/fr\/wp-json\/wp\/v2\/product_brand?post=2389"},{"taxonomy":"product_cat","embeddable":true,"href":"https:\/\/sinkwithfaucet.com\/fr\/wp-json\/wp\/v2\/product_cat?post=2389"},{"taxonomy":"product_tag","embeddable":true,"href":"https:\/\/sinkwithfaucet.com\/fr\/wp-json\/wp\/v2\/product_tag?post=2389"}],"curies":[{"name":"wp","href":"https:\/\/api.w.org\/{rel}","templated":true}]}}