{"id":2342,"date":"2024-11-01T07:21:34","date_gmt":"2024-11-01T07:21:34","guid":{"rendered":"https:\/\/sinkwithfaucet.com\/?post_type=product&#038;p=2342"},"modified":"2024-11-01T07:23:29","modified_gmt":"2024-11-01T07:23:29","slug":"small-stainless-steel-sink-2344su","status":"publish","type":"product","link":"https:\/\/sinkwithfaucet.com\/fr\/small-stainless-steel-sink-2344su\/","title":{"rendered":"Petit \u00e9vier en acier inoxydable 2344SU"},"content":{"rendered":"<h2 data-sourcepos=\"1:1-1:50\">Petits \u00e9viers en acier inoxydable : Une solution compacte<\/h2>\n<p data-sourcepos=\"3:1-3:87\">Les petits \u00e9viers en acier inoxydable constituent un choix pratique pour diverses applications.<\/p>\n<p data-sourcepos=\"10:1-10:44\"><strong>Avantages :<\/strong><\/p>\n<ul data-sourcepos=\"12:1-16:0\">\n<li data-sourcepos=\"12:1-12:58\"><strong>Gain de place :<\/strong> Le design compact s'adapte aux petits espaces.<\/li>\n<li data-sourcepos=\"13:1-13:88\"><strong>Durabilit\u00e9 :<\/strong> L'acier inoxydable est un mat\u00e9riau durable qui r\u00e9siste \u00e0 la rouille et \u00e0 la corrosion.<\/li>\n<li data-sourcepos=\"14:1-14:66\"><strong>Facile \u00e0 nettoyer :<\/strong> La surface lisse est facile \u00e0 entretenir et \u00e0 nettoyer.<\/li>\n<li data-sourcepos=\"15:1-16:0\"><strong>Esth\u00e9tique moderne :<\/strong> Le design \u00e9pur\u00e9 et \u00e9l\u00e9gant s'harmonise avec diff\u00e9rents styles de cuisine.<\/li>\n<\/ul>\n<p data-sourcepos=\"17:1-17:41\"><strong>Types :<\/strong><\/p>\n<ul data-sourcepos=\"19:1-23:0\">\n<li data-sourcepos=\"19:1-19:77\"><strong>Lavabos sous plan :<\/strong> Install\u00e9 sous le plan de travail pour un aspect homog\u00e8ne.<\/li>\n<li data-sourcepos=\"20:1-20:93\"><strong>\u00c9viers \u00e0 montage par le haut :<\/strong> Install\u00e9 sur le dessus du comptoir, il offre un aspect traditionnel.<\/li>\n<li data-sourcepos=\"21:1-21:65\"><strong>\u00c9viers \u00e0 cuve unique :<\/strong> Une seule cuvette pour les t\u00e2ches de nettoyage de base.<\/li>\n<li data-sourcepos=\"22:1-23:0\"><strong>Eviers \u00e0 deux bacs :<\/strong> Deux lavabos s\u00e9par\u00e9s pour une utilisation polyvalente.<\/li>\n<\/ul>\n<p data-sourcepos=\"24:1-24:78\"><strong>Tenez compte des facteurs suivants lors du choix d'un petit \u00e9vier en acier inoxydable :<\/strong><\/p>\n<ul data-sourcepos=\"26:1-30:0\">\n<li data-sourcepos=\"26:1-26:76\"><strong>Taille :<\/strong> Choisissez une taille adapt\u00e9e \u00e0 vos besoins sp\u00e9cifiques et \u00e0 l'espace disponible.<\/li>\n<li data-sourcepos=\"27:1-27:64\"><strong>Profondeur :<\/strong> Un \u00e9vier plus profond peut accueillir des casseroles plus grandes.<\/li>\n<li data-sourcepos=\"28:1-28:93\"><strong>Jauge :<\/strong> L'\u00e9paisseur de l'acier inoxydable peut influer sur la durabilit\u00e9 et la sonorit\u00e9 de l'\u00e9vier.<\/li>\n<li data-sourcepos=\"29:1-30:0\"><strong>Finition :<\/strong> Choisissez une finition qui s'harmonise avec le style de votre cuisine, comme l'acier inoxydable bross\u00e9 ou poli.<\/li>\n<\/ul>\n<p data-sourcepos=\"31:1-31:109\">En tenant compte de ces facteurs, vous pouvez choisir le petit \u00e9vier en acier inoxydable qui r\u00e9pondra parfaitement \u00e0 vos besoins.<\/p>","protected":false},"excerpt":{"rendered":"<p>Taille totale \uff1a 230*440*200 mm<\/p>\n<p>Taille de la cuvette \uff1a190*400 mm<\/p>\n<p>Taille de la d\u00e9coupe \uff1a190*400 mm<\/p>\n<p>Coin radial \uff1aR10<\/p>","protected":false},"featured_media":2343,"template":"","meta":[],"product_brand":[],"product_cat":[52],"product_tag":[],"class_list":{"0":"post-2342","1":"product","2":"type-product","3":"status-publish","4":"has-post-thumbnail","6":"product_cat-undermount-sink-1","8":"first","9":"instock","10":"shipping-taxable","11":"product-type-simple"},"_links":{"self":[{"href":"https:\/\/sinkwithfaucet.com\/fr\/wp-json\/wp\/v2\/product\/2342","targetHints":{"allow":["GET"]}}],"collection":[{"href":"https:\/\/sinkwithfaucet.com\/fr\/wp-json\/wp\/v2\/product"}],"about":[{"href":"https:\/\/sinkwithfaucet.com\/fr\/wp-json\/wp\/v2\/types\/product"}],"wp:featuredmedia":[{"embeddable":true,"href":"https:\/\/sinkwithfaucet.com\/fr\/wp-json\/wp\/v2\/media\/2343"}],"wp:attachment":[{"href":"https:\/\/sinkwithfaucet.com\/fr\/wp-json\/wp\/v2\/media?parent=2342"}],"wp:term":[{"taxonomy":"product_brand","embeddable":true,"href":"https:\/\/sinkwithfaucet.com\/fr\/wp-json\/wp\/v2\/product_brand?post=2342"},{"taxonomy":"product_cat","embeddable":true,"href":"https:\/\/sinkwithfaucet.com\/fr\/wp-json\/wp\/v2\/product_cat?post=2342"},{"taxonomy":"product_tag","embeddable":true,"href":"https:\/\/sinkwithfaucet.com\/fr\/wp-json\/wp\/v2\/product_tag?post=2342"}],"curies":[{"name":"wp","href":"https:\/\/api.w.org\/{rel}","templated":true}]}}