{"id":2665,"date":"2024-11-11T10:29:22","date_gmt":"2024-11-11T10:29:22","guid":{"rendered":"https:\/\/sinkwithfaucet.com\/?post_type=product&#038;p=2665"},"modified":"2024-11-11T10:29:22","modified_gmt":"2024-11-11T10:29:22","slug":"modern-sink-faucet-1008","status":"publish","type":"product","link":"https:\/\/sinkwithfaucet.com\/fi\/modern-sink-faucet-1008\/","title":{"rendered":"Moderni pesuallashana 1008"},"content":{"rendered":"<h2 data-sourcepos=\"1:1-1:52\">Nykyaikaiset pesuallashanat: Muodon ja toiminnan sekoitus<\/h2>\n<p data-sourcepos=\"3:1-3:211\">Nykyaikainen pesuallashana on enemm\u00e4n kuin vain toimiva vesikaluste. Se on muotoilullinen kannanotto, joka voi kohottaa keitti\u00f6n tai kylpyhuoneen esteettist\u00e4 ilmett\u00e4. Seuraavassa on joitakin modernien lavuaarihanojen keskeisi\u00e4 ominaisuuksia:<\/p>\n<h3 data-sourcepos=\"5:1-5:40\">Modernien pesuallashanojen t\u00e4rkeimm\u00e4t ominaisuudet:<\/h3>\n<ul data-sourcepos=\"7:1-13:0\">\n<li data-sourcepos=\"7:1-7:87\"><strong>Minimalistinen muotoilu:<\/strong> Puhtaat linjat, yksinkertaiset muodot ja keskittyminen olennaisiin elementteihin.<\/li>\n<li data-sourcepos=\"8:1-8:87\"><strong>Tyylik\u00e4s viimeistely:<\/strong> Suosittuja pintak\u00e4sittelyj\u00e4 ovat mattamusta, harjattu nikkeli ja kromi.<\/li>\n<li data-sourcepos=\"9:1-9:65\"><strong>Korkean kaaren nokka:<\/strong> Mahdollistaa korkeiden astioiden helpon t\u00e4ytt\u00e4misen.<\/li>\n<li data-sourcepos=\"10:1-10:72\"><strong>Vedett\u00e4v\u00e4t tai vedett\u00e4v\u00e4t sumuttimet:<\/strong> Tarjoaa joustavuutta ja mukavuutta.<\/li>\n<li data-sourcepos=\"11:1-11:70\"><strong>Kosketukseton teknologia:<\/strong> K\u00e4det\u00f6n k\u00e4ytt\u00f6 parantaa hygieniaa.<\/li>\n<li data-sourcepos=\"12:1-13:0\"><strong>Vesitehokas suunnittelu:<\/strong> V\u00e4henn\u00e4 vedenkulutusta suorituskyvyst\u00e4 tinkim\u00e4tt\u00e4.<\/li>\n<\/ul>\n<h3 data-sourcepos=\"14:1-14:33\">Modernien pesuallashanojen tyypit:<\/h3>\n<ul data-sourcepos=\"16:1-20:0\">\n<li data-sourcepos=\"16:1-16:104\"><strong>Yksivartiset hanat:<\/strong> Helppok\u00e4ytt\u00f6inen, sill\u00e4 yhdell\u00e4 vivulla voidaan s\u00e4\u00e4t\u00e4\u00e4 sek\u00e4 veden l\u00e4mp\u00f6tilaa ett\u00e4 virtausta.<\/li>\n<li data-sourcepos=\"17:1-17:70\"><strong>Kaksivartiset hanat:<\/strong> Tarjoaa tarkan s\u00e4\u00e4d\u00f6n kuumalle ja kylm\u00e4lle vedelle.<\/li>\n<li data-sourcepos=\"18:1-18:86\"><strong>Bridge Faucets:<\/strong> Klassinen tyyli, jossa on kaksi erillist\u00e4 kahvaa, jotka on yhdistetty sillalla.<\/li>\n<li data-sourcepos=\"19:1-20:0\"><strong>Sein\u00e4\u00e4n asennettavat hanat:<\/strong> Luo minimalistinen ja nykyaikainen ilme.<\/li>\n<\/ul>\n<h3 data-sourcepos=\"21:1-21:59\">Tekij\u00e4t, jotka on otettava huomioon valittaessa modernia pesuallashanaa:<\/h3>\n<ul data-sourcepos=\"23:1-29:0\">\n<li data-sourcepos=\"23:1-23:85\"><strong>Tyyli:<\/strong> Valitse tyyli, joka t\u00e4ydent\u00e4\u00e4 keitti\u00f6n tai kylpyhuoneen yleist\u00e4 suunnittelua.<\/li>\n<li data-sourcepos=\"24:1-24:72\"><strong>Viimeistely:<\/strong> Valitse maalipinta, joka on kest\u00e4v\u00e4 ja sopii laitteistoihisi.<\/li>\n<li data-sourcepos=\"25:1-25:88\"><strong>Toiminnallisuus:<\/strong> Harkitse ominaisuuksia, kuten alas vedett\u00e4v\u00e4\u00e4 ruiskua tai kosketuksetonta tekniikkaa.<\/li>\n<li data-sourcepos=\"26:1-26:78\"><strong>Vedenpaine:<\/strong> Varmista, ett\u00e4 hana kest\u00e4\u00e4 kotisi vedenpaineen.<\/li>\n<li data-sourcepos=\"27:1-27:99\"><strong>Asennus:<\/strong> Valitse hana, joka on helppo asentaa, tai ota yhteytt\u00e4 ammattitaitoiseen putkimieheen.<\/li>\n<li data-sourcepos=\"28:1-29:0\"><strong>Talousarvio:<\/strong> Aseta budjetti ja tutki hintaluokassa olevia vaihtoehtoja.<\/li>\n<\/ul>\n<p data-sourcepos=\"30:1-30:137\">Harkitsemalla n\u00e4it\u00e4 tekij\u00f6it\u00e4 huolellisesti voit valita modernin pesuallashanan, joka parantaa tilasi tyyli\u00e4 ja toiminnallisuutta.<\/p>","protected":false},"excerpt":{"rendered":"<table style=\"height: 407px;\" width=\"704\">\n<tbody>\n<tr>\n<td width=\"808\">1 Hanan mitat Kokonaismitat<\/td>\n<td width=\"1177\">300*225mm<\/td>\n<\/tr>\n<tr>\n<td width=\"808\">2 Hanan nettopaino<\/td>\n<td width=\"1177\">2kg<\/td>\n<\/tr>\n<tr>\n<td width=\"808\">3 Hana laatikolla Bruttopaino<\/td>\n<td width=\"1177\">2.5kgs<\/td>\n<\/tr>\n<tr>\n<td width=\"808\">4 Laatikon ulottuvuus<\/td>\n<td width=\"1177\">54*32*26mm<\/td>\n<\/tr>\n<tr>\n<td width=\"808\">5 Pakkaus<\/td>\n<td width=\"1177\">4KPL\/CTN;10KPL\/CTN;12KPL\/CTN<\/td>\n<\/tr>\n<tr>\n<td width=\"808\">6 Tuloletkun pituus<\/td>\n<td width=\"1177\">60mm<\/td>\n<\/tr>\n<tr>\n<td width=\"808\">7 Vesilinjan mutterin koko<\/td>\n<td width=\"1177\">3\/8\u2033tai 1\/2\u2033tai 9\/16\u2033.<\/td>\n<\/tr>\n<tr>\n<td width=\"808\">8 Asennusrei\u00e4n leikkauskoko<\/td>\n<td width=\"1177\">35mm<\/td>\n<\/tr>\n<tr>\n<td width=\"808\">9 Hanan materiaalit<\/td>\n<td width=\"1177\">Lyijyt\u00f6n Premium 304 America Standard Stainless<br \/>\nter\u00e4s<\/td>\n<\/tr>\n<\/tbody>\n<\/table>","protected":false},"featured_media":2666,"template":"","meta":[],"product_brand":[],"product_cat":[57],"product_tag":[],"class_list":{"0":"post-2665","1":"product","2":"type-product","3":"status-publish","4":"has-post-thumbnail","6":"product_cat-stainless-steel-faucet","8":"first","9":"instock","10":"shipping-taxable","11":"product-type-simple"},"_links":{"self":[{"href":"https:\/\/sinkwithfaucet.com\/fi\/wp-json\/wp\/v2\/product\/2665","targetHints":{"allow":["GET"]}}],"collection":[{"href":"https:\/\/sinkwithfaucet.com\/fi\/wp-json\/wp\/v2\/product"}],"about":[{"href":"https:\/\/sinkwithfaucet.com\/fi\/wp-json\/wp\/v2\/types\/product"}],"wp:featuredmedia":[{"embeddable":true,"href":"https:\/\/sinkwithfaucet.com\/fi\/wp-json\/wp\/v2\/media\/2666"}],"wp:attachment":[{"href":"https:\/\/sinkwithfaucet.com\/fi\/wp-json\/wp\/v2\/media?parent=2665"}],"wp:term":[{"taxonomy":"product_brand","embeddable":true,"href":"https:\/\/sinkwithfaucet.com\/fi\/wp-json\/wp\/v2\/product_brand?post=2665"},{"taxonomy":"product_cat","embeddable":true,"href":"https:\/\/sinkwithfaucet.com\/fi\/wp-json\/wp\/v2\/product_cat?post=2665"},{"taxonomy":"product_tag","embeddable":true,"href":"https:\/\/sinkwithfaucet.com\/fi\/wp-json\/wp\/v2\/product_tag?post=2665"}],"curies":[{"name":"wp","href":"https:\/\/api.w.org\/{rel}","templated":true}]}}