{"id":2662,"date":"2024-11-11T10:24:59","date_gmt":"2024-11-11T10:24:59","guid":{"rendered":"https:\/\/sinkwithfaucet.com\/?post_type=product&#038;p=2662"},"modified":"2024-11-11T10:24:59","modified_gmt":"2024-11-11T10:24:59","slug":"single-hole-kitchen-sink-faucet-1203","status":"publish","type":"product","link":"https:\/\/sinkwithfaucet.com\/fi\/single-hole-kitchen-sink-faucet-1203\/","title":{"rendered":"Yhden rei\u00e4n keitti\u00f6n pesuallashana 1203"},"content":{"rendered":"<p data-sourcepos=\"1:1-1:198\">Yksireik\u00e4inen tiskialtaan hana on suosittu valinta moderniin keitti\u00f6\u00f6n sen tyylikk\u00e4\u00e4n ja minimalistisen muotoilun ansiosta. Se on suunniteltu sopimaan yhteen reik\u00e4\u00e4n ty\u00f6tasossasi, mik\u00e4 tekee asennuksesta helppoa.<\/p>\n<h2 data-sourcepos=\"3:1-3:48\">T\u00e4rkeimm\u00e4t ominaisuudet yhden rei\u00e4n keitti\u00f6allas hanat:<\/h2>\n<ul data-sourcepos=\"5:1-10:0\">\n<li data-sourcepos=\"5:1-5:81\"><strong>Tyylik\u00e4s muotoilu:<\/strong> Yhden rei\u00e4n muotoilu luo selke\u00e4n ja nykyaikaisen ilmeen.<\/li>\n<li data-sourcepos=\"6:1-6:66\"><strong>Helppo asennus:<\/strong> Helppo asentaa, erityisesti tee-se-itse.<\/li>\n<li data-sourcepos=\"7:1-7:119\"><strong>Erilaisia tyylej\u00e4:<\/strong> Saatavana eri tyylej\u00e4 modernista perinteiseen, jotta ne sopivat erilaisiin keitti\u00f6estetiikoihin.<\/li>\n<li data-sourcepos=\"8:1-8:111\"><strong>Kest\u00e4vyys:<\/strong> Valmistettu korkealaatuisista materiaaleista, kuten messingist\u00e4 ja ruostumattomasta ter\u00e4ksest\u00e4, mik\u00e4 takaa pitk\u00e4aikaisen suorituskyvyn.<\/li>\n<li data-sourcepos=\"9:1-10:0\"><strong>Helppo huolto:<\/strong> Helppo puhdistaa ja huoltaa.<\/li>\n<\/ul>\n<h2 data-sourcepos=\"11:1-11:41\">Tyypit yhden rei\u00e4n keitti\u00f6allas hanat:<\/h2>\n<ul data-sourcepos=\"13:1-16:0\">\n<li data-sourcepos=\"13:1-13:108\"><strong>Yksivartiset hanat:<\/strong> Veden l\u00e4mp\u00f6tilan ja virtausnopeuden helppo s\u00e4\u00e4t\u00f6 yhdell\u00e4 vivulla.<\/li>\n<li data-sourcepos=\"14:1-14:106\"><strong>Vedett\u00e4v\u00e4t hanat:<\/strong> Joustava nokka, joka voidaan vet\u00e4\u00e4 alasp\u00e4in, lis\u00e4\u00e4 ulottuvuutta ja monipuolisuutta.<\/li>\n<li data-sourcepos=\"15:1-16:0\"><strong>Kosketusvapaat hanat:<\/strong> K\u00e4det vapaana - parantaa hygieniaa.<\/li>\n<\/ul>\n<h2 data-sourcepos=\"17:1-17:59\">Yhden rei\u00e4n hanan valinnassa huomioon otettavat tekij\u00e4t:<\/h2>\n<ul data-sourcepos=\"19:1-23:0\">\n<li data-sourcepos=\"19:1-19:114\"><strong>Suihkun korkeus:<\/strong> Varmista, ett\u00e4 nokan korkeus on riitt\u00e4v\u00e4 pesualtaan syvyyteen ja k\u00e4ytt\u00e4miesi kattiloiden ja pannujen kokoon n\u00e4hden.<\/li>\n<li data-sourcepos=\"20:1-20:116\"><strong>Viimeistely:<\/strong> Valitse keitti\u00f6si tyyliin sopiva viimeistely, kuten kromi, harjattu nikkeli tai mattamusta.<\/li>\n<li data-sourcepos=\"21:1-21:78\"><strong>Vedenpaine:<\/strong> Varmista, ett\u00e4 hana kest\u00e4\u00e4 kotisi vedenpaineen.<\/li>\n<li data-sourcepos=\"22:1-23:0\"><strong>Asennus:<\/strong> Harkitse asennustapaa ja tarvittavia LVI-liit\u00e4nt\u00f6j\u00e4.<\/li>\n<\/ul>\n<p data-sourcepos=\"24:1-24:147\">Harkitsemalla n\u00e4it\u00e4 tekij\u00f6it\u00e4 huolellisesti voit valita keitti\u00f6hanan, joka parantaa sek\u00e4 keitti\u00f6nne toiminnallisuutta ett\u00e4 tyyli\u00e4.<\/p>","protected":false},"excerpt":{"rendered":"<table style=\"height: 407px;\" width=\"704\">\n<tbody>\n<tr>\n<td width=\"808\">1 Hanan mitat Kokonaismitat<\/td>\n<td width=\"1177\">380*225mm<\/td>\n<\/tr>\n<tr>\n<td width=\"808\">2 Hanan nettopaino<\/td>\n<td width=\"1177\">2kg<\/td>\n<\/tr>\n<tr>\n<td width=\"808\">3 Hana laatikolla Bruttopaino<\/td>\n<td width=\"1177\">2.5kgs<\/td>\n<\/tr>\n<tr>\n<td width=\"808\">4 Laatikon ulottuvuus<\/td>\n<td width=\"1177\">54*32*26mm<\/td>\n<\/tr>\n<tr>\n<td width=\"808\">5 Pakkaus<\/td>\n<td width=\"1177\">4KPL\/CTN;10KPL\/CTN;12KPL\/CTN<\/td>\n<\/tr>\n<tr>\n<td width=\"808\">6 Tuloletkun pituus<\/td>\n<td width=\"1177\">60mm<\/td>\n<\/tr>\n<tr>\n<td width=\"808\">7 Vesilinjan mutterin koko<\/td>\n<td width=\"1177\">3\/8\u2033tai 1\/2\u2033tai 9\/16\u2033.<\/td>\n<\/tr>\n<tr>\n<td width=\"808\">8 Asennusrei\u00e4n leikkauskoko<\/td>\n<td width=\"1177\">35mm<\/td>\n<\/tr>\n<tr>\n<td width=\"808\">9 Hanan materiaalit<\/td>\n<td width=\"1177\">Lyijyt\u00f6n Premium 304 America Standard Stainless<br \/>\nter\u00e4s<\/td>\n<\/tr>\n<\/tbody>\n<\/table>","protected":false},"featured_media":2663,"template":"","meta":[],"product_brand":[],"product_cat":[57],"product_tag":[],"class_list":{"0":"post-2662","1":"product","2":"type-product","3":"status-publish","4":"has-post-thumbnail","6":"product_cat-stainless-steel-faucet","8":"first","9":"instock","10":"shipping-taxable","11":"product-type-simple"},"_links":{"self":[{"href":"https:\/\/sinkwithfaucet.com\/fi\/wp-json\/wp\/v2\/product\/2662","targetHints":{"allow":["GET"]}}],"collection":[{"href":"https:\/\/sinkwithfaucet.com\/fi\/wp-json\/wp\/v2\/product"}],"about":[{"href":"https:\/\/sinkwithfaucet.com\/fi\/wp-json\/wp\/v2\/types\/product"}],"wp:featuredmedia":[{"embeddable":true,"href":"https:\/\/sinkwithfaucet.com\/fi\/wp-json\/wp\/v2\/media\/2663"}],"wp:attachment":[{"href":"https:\/\/sinkwithfaucet.com\/fi\/wp-json\/wp\/v2\/media?parent=2662"}],"wp:term":[{"taxonomy":"product_brand","embeddable":true,"href":"https:\/\/sinkwithfaucet.com\/fi\/wp-json\/wp\/v2\/product_brand?post=2662"},{"taxonomy":"product_cat","embeddable":true,"href":"https:\/\/sinkwithfaucet.com\/fi\/wp-json\/wp\/v2\/product_cat?post=2662"},{"taxonomy":"product_tag","embeddable":true,"href":"https:\/\/sinkwithfaucet.com\/fi\/wp-json\/wp\/v2\/product_tag?post=2662"}],"curies":[{"name":"wp","href":"https:\/\/api.w.org\/{rel}","templated":true}]}}